{"id":22576,"date":"2023-08-14T09:40:02","date_gmt":"2023-08-14T09:40:02","guid":{"rendered":"https:\/\/cascoo.ee\/product\/pyora-bih9osc200n2u6q0n\/"},"modified":"2023-08-14T09:40:02","modified_gmt":"2023-08-14T09:40:02","slug":"pyora-bih9osc200n2u6q0n","status":"publish","type":"product","link":"https:\/\/cascoo.ee\/fi\/tuote\/pyora-bih9osc200n2u6q0n\/","title":{"rendered":"Py\u00f6r\u00e4 BIH9OSC200N2U6Q0N"},"content":{"rendered":"<p>Ruostumattomasta ter\u00e4ksest\u00e4 valmistettu haarukka kuulalaakerilla, pulttikiinnitys, reik\u00e4 \u00f813 mm, haarukan materiaalin paksuus 2,75 mm (kiinnitys) ja 2,50 mm (haarukka), py\u00f6r\u00e4n sis\u00e4osa polyamidia, kulutuspinta termoplastista polyuretaania 95\u00b0 Shore A, py\u00f6r\u00e4n keskiosan leveys 59 mm, rullalaakeri ilman erillist\u00e4 laakerisuojaa.<\/p>\n","protected":false},"excerpt":{"rendered":"[product_table id=\"1417\" skus=\"BIH9OSC200N2U6Q0N\"]\n","protected":false},"featured_media":22574,"template":"","meta":{"_acf_changed":false},"product_brand":[],"product_cat":[8801,8866,8754,8764],"product_tag":[],"class_list":{"0":"post-22576","1":"product","2":"type-product","3":"status-publish","4":"has-post-thumbnail","6":"product_cat-kantavuus-300kg","7":"product_cat-pyoran-halkaisija-200mm","8":"product_cat-pyorat","9":"product_cat-sarja-n2u6-polyamidi-pa","10":"pa_castor-fastening-keskireika","11":"pa_material-of-the-wheel-polyamidi","12":"pa_tread-polyuretaani","14":"first","15":"onbackorder","16":"taxable","17":"shipping-taxable","18":"purchasable","19":"product-type-simple"},"acf":[],"ct_brands":[],"yoast_head":"<!-- This site is optimized with the Yoast SEO plugin v27.5 - https:\/\/yoast.com\/product\/yoast-seo-wordpress\/ -->\n<title>Py\u00f6r\u00e4 BIH9OSC200N2U6Q0N - Cascoo<\/title>\n<meta name=\"description\" content=\"200 mm, Pulttikiinnitteinen py\u00f6r\u00e4 jarrulla, py\u00f6r\u00e4n sis\u00e4osa polyamidia, kulutuspinta termoplastista polyuretaania 95\u00b0 Shore A, Kantavuus: 300 kg\" \/>\n<meta name=\"robots\" content=\"index, follow, max-snippet:-1, max-image-preview:large, max-video-preview:-1\" \/>\n<link rel=\"canonical\" href=\"https:\/\/cascoo.ee\/fi\/tuote\/pyora-bih9osc200n2u6q0n\/\" \/>\n<meta property=\"og:locale\" content=\"fi_FI\" \/>\n<meta property=\"og:type\" content=\"article\" \/>\n<meta property=\"og:title\" content=\"Py\u00f6r\u00e4 BIH9OSC200N2U6Q0N - Cascoo\" \/>\n<meta property=\"og:description\" content=\"200 mm, Pulttikiinnitteinen py\u00f6r\u00e4 jarrulla, py\u00f6r\u00e4n sis\u00e4osa polyamidia, kulutuspinta termoplastista polyuretaania 95\u00b0 Shore A, Kantavuus: 300 kg\" \/>\n<meta property=\"og:url\" content=\"https:\/\/cascoo.ee\/fi\/tuote\/pyora-bih9osc200n2u6q0n\/\" \/>\n<meta property=\"og:site_name\" content=\"Cascoo\" \/>\n<meta property=\"og:image\" content=\"https:\/\/cascoo.ee\/wp-content\/uploads\/2023\/08\/BIH9OSC200N2U6L0N.jpg\" \/>\n\t<meta property=\"og:image:width\" content=\"800\" \/>\n\t<meta property=\"og:image:height\" content=\"800\" \/>\n\t<meta property=\"og:image:type\" content=\"image\/jpeg\" \/>\n<meta name=\"twitter:card\" content=\"summary_large_image\" \/>\n<script type=\"application\/ld+json\" class=\"yoast-schema-graph\">{\"@context\":\"https:\\\/\\\/schema.org\",\"@graph\":[{\"@type\":\"WebPage\",\"@id\":\"https:\\\/\\\/cascoo.ee\\\/fi\\\/tuote\\\/pyora-bih9osc200n2u6q0n\\\/\",\"url\":\"https:\\\/\\\/cascoo.ee\\\/fi\\\/tuote\\\/pyora-bih9osc200n2u6q0n\\\/\",\"name\":\"Py\u00f6r\u00e4 BIH9OSC200N2U6Q0N - Cascoo\",\"isPartOf\":{\"@id\":\"https:\\\/\\\/cascoo.ee\\\/fi\\\/#website\"},\"primaryImageOfPage\":{\"@id\":\"https:\\\/\\\/cascoo.ee\\\/fi\\\/tuote\\\/pyora-bih9osc200n2u6q0n\\\/#primaryimage\"},\"image\":{\"@id\":\"https:\\\/\\\/cascoo.ee\\\/fi\\\/tuote\\\/pyora-bih9osc200n2u6q0n\\\/#primaryimage\"},\"thumbnailUrl\":\"https:\\\/\\\/cascoo.ee\\\/wp-content\\\/uploads\\\/2023\\\/08\\\/BIH9OSC200N2U6L0N.jpg\",\"datePublished\":\"2023-08-14T09:40:02+00:00\",\"description\":\"200 mm, Pulttikiinnitteinen py\u00f6r\u00e4 jarrulla, py\u00f6r\u00e4n sis\u00e4osa polyamidia, kulutuspinta termoplastista polyuretaania 95\u00b0 Shore A, Kantavuus: 300 kg\",\"breadcrumb\":{\"@id\":\"https:\\\/\\\/cascoo.ee\\\/fi\\\/tuote\\\/pyora-bih9osc200n2u6q0n\\\/#breadcrumb\"},\"inLanguage\":\"fi\",\"potentialAction\":[{\"@type\":\"ReadAction\",\"target\":[\"https:\\\/\\\/cascoo.ee\\\/fi\\\/tuote\\\/pyora-bih9osc200n2u6q0n\\\/\"]}]},{\"@type\":\"ImageObject\",\"inLanguage\":\"fi\",\"@id\":\"https:\\\/\\\/cascoo.ee\\\/fi\\\/tuote\\\/pyora-bih9osc200n2u6q0n\\\/#primaryimage\",\"url\":\"https:\\\/\\\/cascoo.ee\\\/wp-content\\\/uploads\\\/2023\\\/08\\\/BIH9OSC200N2U6L0N.jpg\",\"contentUrl\":\"https:\\\/\\\/cascoo.ee\\\/wp-content\\\/uploads\\\/2023\\\/08\\\/BIH9OSC200N2U6L0N.jpg\",\"width\":800,\"height\":800,\"caption\":\"BIH9OSC200N2U6Q0N\"},{\"@type\":\"BreadcrumbList\",\"@id\":\"https:\\\/\\\/cascoo.ee\\\/fi\\\/tuote\\\/pyora-bih9osc200n2u6q0n\\\/#breadcrumb\",\"itemListElement\":[{\"@type\":\"ListItem\",\"position\":1,\"name\":\"Etusivu\",\"item\":\"https:\\\/\\\/cascoo.ee\\\/fi\\\/teollisuuspyorat-ja-rullat\\\/\"},{\"@type\":\"ListItem\",\"position\":2,\"name\":\"Teollisuuspy\u00f6r\u00e4t ja -rullat\",\"item\":\"https:\\\/\\\/cascoo.ee\\\/fi\\\/teollisuuspyorat-ja-rullat\\\/\"},{\"@type\":\"ListItem\",\"position\":3,\"name\":\"Py\u00f6r\u00e4 BIH9OSC200N2U6Q0N\"}]},{\"@type\":\"WebSite\",\"@id\":\"https:\\\/\\\/cascoo.ee\\\/fi\\\/#website\",\"url\":\"https:\\\/\\\/cascoo.ee\\\/fi\\\/\",\"name\":\"Cascoo\",\"description\":\"Industrial Wheels and Castors\",\"publisher\":{\"@id\":\"https:\\\/\\\/cascoo.ee\\\/fi\\\/#organization\"},\"potentialAction\":[{\"@type\":\"SearchAction\",\"target\":{\"@type\":\"EntryPoint\",\"urlTemplate\":\"https:\\\/\\\/cascoo.ee\\\/fi\\\/?s={search_term_string}\"},\"query-input\":{\"@type\":\"PropertyValueSpecification\",\"valueRequired\":true,\"valueName\":\"search_term_string\"}}],\"inLanguage\":\"fi\"},{\"@type\":\"Organization\",\"@id\":\"https:\\\/\\\/cascoo.ee\\\/fi\\\/#organization\",\"name\":\"Cascoo\",\"url\":\"https:\\\/\\\/cascoo.ee\\\/fi\\\/\",\"logo\":{\"@type\":\"ImageObject\",\"inLanguage\":\"fi\",\"@id\":\"https:\\\/\\\/cascoo.ee\\\/fi\\\/#\\\/schema\\\/logo\\\/image\\\/\",\"url\":\"https:\\\/\\\/cascoo.ee\\\/wp-content\\\/uploads\\\/2023\\\/07\\\/Cascoo.png\",\"contentUrl\":\"https:\\\/\\\/cascoo.ee\\\/wp-content\\\/uploads\\\/2023\\\/07\\\/Cascoo.png\",\"width\":130,\"height\":51,\"caption\":\"Cascoo\"},\"image\":{\"@id\":\"https:\\\/\\\/cascoo.ee\\\/fi\\\/#\\\/schema\\\/logo\\\/image\\\/\"}}]}<\/script>\n<!-- \/ Yoast SEO plugin. -->","yoast_head_json":{"title":"Py\u00f6r\u00e4 BIH9OSC200N2U6Q0N - Cascoo","description":"200 mm, Pulttikiinnitteinen py\u00f6r\u00e4 jarrulla, py\u00f6r\u00e4n sis\u00e4osa polyamidia, kulutuspinta termoplastista polyuretaania 95\u00b0 Shore A, Kantavuus: 300 kg","robots":{"index":"index","follow":"follow","max-snippet":"max-snippet:-1","max-image-preview":"max-image-preview:large","max-video-preview":"max-video-preview:-1"},"canonical":"https:\/\/cascoo.ee\/fi\/tuote\/pyora-bih9osc200n2u6q0n\/","og_locale":"fi_FI","og_type":"article","og_title":"Py\u00f6r\u00e4 BIH9OSC200N2U6Q0N - Cascoo","og_description":"200 mm, Pulttikiinnitteinen py\u00f6r\u00e4 jarrulla, py\u00f6r\u00e4n sis\u00e4osa polyamidia, kulutuspinta termoplastista polyuretaania 95\u00b0 Shore A, Kantavuus: 300 kg","og_url":"https:\/\/cascoo.ee\/fi\/tuote\/pyora-bih9osc200n2u6q0n\/","og_site_name":"Cascoo","og_image":[{"width":800,"height":800,"url":"https:\/\/cascoo.ee\/wp-content\/uploads\/2023\/08\/BIH9OSC200N2U6L0N.jpg","type":"image\/jpeg"}],"twitter_card":"summary_large_image","schema":{"@context":"https:\/\/schema.org","@graph":[{"@type":"WebPage","@id":"https:\/\/cascoo.ee\/fi\/tuote\/pyora-bih9osc200n2u6q0n\/","url":"https:\/\/cascoo.ee\/fi\/tuote\/pyora-bih9osc200n2u6q0n\/","name":"Py\u00f6r\u00e4 BIH9OSC200N2U6Q0N - Cascoo","isPartOf":{"@id":"https:\/\/cascoo.ee\/fi\/#website"},"primaryImageOfPage":{"@id":"https:\/\/cascoo.ee\/fi\/tuote\/pyora-bih9osc200n2u6q0n\/#primaryimage"},"image":{"@id":"https:\/\/cascoo.ee\/fi\/tuote\/pyora-bih9osc200n2u6q0n\/#primaryimage"},"thumbnailUrl":"https:\/\/cascoo.ee\/wp-content\/uploads\/2023\/08\/BIH9OSC200N2U6L0N.jpg","datePublished":"2023-08-14T09:40:02+00:00","description":"200 mm, Pulttikiinnitteinen py\u00f6r\u00e4 jarrulla, py\u00f6r\u00e4n sis\u00e4osa polyamidia, kulutuspinta termoplastista polyuretaania 95\u00b0 Shore A, Kantavuus: 300 kg","breadcrumb":{"@id":"https:\/\/cascoo.ee\/fi\/tuote\/pyora-bih9osc200n2u6q0n\/#breadcrumb"},"inLanguage":"fi","potentialAction":[{"@type":"ReadAction","target":["https:\/\/cascoo.ee\/fi\/tuote\/pyora-bih9osc200n2u6q0n\/"]}]},{"@type":"ImageObject","inLanguage":"fi","@id":"https:\/\/cascoo.ee\/fi\/tuote\/pyora-bih9osc200n2u6q0n\/#primaryimage","url":"https:\/\/cascoo.ee\/wp-content\/uploads\/2023\/08\/BIH9OSC200N2U6L0N.jpg","contentUrl":"https:\/\/cascoo.ee\/wp-content\/uploads\/2023\/08\/BIH9OSC200N2U6L0N.jpg","width":800,"height":800,"caption":"BIH9OSC200N2U6Q0N"},{"@type":"BreadcrumbList","@id":"https:\/\/cascoo.ee\/fi\/tuote\/pyora-bih9osc200n2u6q0n\/#breadcrumb","itemListElement":[{"@type":"ListItem","position":1,"name":"Etusivu","item":"https:\/\/cascoo.ee\/fi\/teollisuuspyorat-ja-rullat\/"},{"@type":"ListItem","position":2,"name":"Teollisuuspy\u00f6r\u00e4t ja -rullat","item":"https:\/\/cascoo.ee\/fi\/teollisuuspyorat-ja-rullat\/"},{"@type":"ListItem","position":3,"name":"Py\u00f6r\u00e4 BIH9OSC200N2U6Q0N"}]},{"@type":"WebSite","@id":"https:\/\/cascoo.ee\/fi\/#website","url":"https:\/\/cascoo.ee\/fi\/","name":"Cascoo","description":"Industrial Wheels and Castors","publisher":{"@id":"https:\/\/cascoo.ee\/fi\/#organization"},"potentialAction":[{"@type":"SearchAction","target":{"@type":"EntryPoint","urlTemplate":"https:\/\/cascoo.ee\/fi\/?s={search_term_string}"},"query-input":{"@type":"PropertyValueSpecification","valueRequired":true,"valueName":"search_term_string"}}],"inLanguage":"fi"},{"@type":"Organization","@id":"https:\/\/cascoo.ee\/fi\/#organization","name":"Cascoo","url":"https:\/\/cascoo.ee\/fi\/","logo":{"@type":"ImageObject","inLanguage":"fi","@id":"https:\/\/cascoo.ee\/fi\/#\/schema\/logo\/image\/","url":"https:\/\/cascoo.ee\/wp-content\/uploads\/2023\/07\/Cascoo.png","contentUrl":"https:\/\/cascoo.ee\/wp-content\/uploads\/2023\/07\/Cascoo.png","width":130,"height":51,"caption":"Cascoo"},"image":{"@id":"https:\/\/cascoo.ee\/fi\/#\/schema\/logo\/image\/"}}]}},"jetpack-related-posts":[{"id":22575,"url":"https:\/\/cascoo.ee\/fi\/tuote\/pyora-bih9osc200n2u6l0n\/","url_meta":{"origin":22576,"position":0},"title":"Py\u00f6r\u00e4 BIH9OSC200N2U6L0N","author":"admin","date":"14.8.2023","format":false,"excerpt":"","rel":"","context":"Samankaltainen artikkeli","block_context":{"text":"Samankaltainen artikkeli","link":""},"img":{"alt_text":"BIH9OSC200N2U6Q0N","src":"https:\/\/i0.wp.com\/cascoo.ee\/wp-content\/uploads\/2023\/08\/BIH9OSC200N2U6L0N.jpg?resize=350%2C200&ssl=1","width":350,"height":200,"srcset":"https:\/\/i0.wp.com\/cascoo.ee\/wp-content\/uploads\/2023\/08\/BIH9OSC200N2U6L0N.jpg?resize=350%2C200&ssl=1 1x, https:\/\/i0.wp.com\/cascoo.ee\/wp-content\/uploads\/2023\/08\/BIH9OSC200N2U6L0N.jpg?resize=525%2C300&ssl=1 1.5x, https:\/\/i0.wp.com\/cascoo.ee\/wp-content\/uploads\/2023\/08\/BIH9OSC200N2U6L0N.jpg?resize=700%2C400&ssl=1 2x"},"classes":[]},{"id":22344,"url":"https:\/\/cascoo.ee\/fi\/tuote\/pyora-spp37wc125aau5d0n\/","url_meta":{"origin":22576,"position":1},"title":"Py\u00f6r\u00e4 SPP37WC125AAU5D0N","author":"admin","date":"14.8.2023","format":false,"excerpt":"","rel":"","context":"Samankaltainen artikkeli","block_context":{"text":"Samankaltainen artikkeli","link":""},"img":{"alt_text":"","src":"https:\/\/i0.wp.com\/cascoo.ee\/wp-content\/uploads\/2023\/08\/SPP37WC125AAU5D0N.jpg?resize=350%2C200&ssl=1","width":350,"height":200,"srcset":"https:\/\/i0.wp.com\/cascoo.ee\/wp-content\/uploads\/2023\/08\/SPP37WC125AAU5D0N.jpg?resize=350%2C200&ssl=1 1x, https:\/\/i0.wp.com\/cascoo.ee\/wp-content\/uploads\/2023\/08\/SPP37WC125AAU5D0N.jpg?resize=525%2C300&ssl=1 1.5x, https:\/\/i0.wp.com\/cascoo.ee\/wp-content\/uploads\/2023\/08\/SPP37WC125AAU5D0N.jpg?resize=700%2C400&ssl=1 2x, https:\/\/i0.wp.com\/cascoo.ee\/wp-content\/uploads\/2023\/08\/SPP37WC125AAU5D0N.jpg?resize=1050%2C600&ssl=1 3x"},"classes":[]},{"id":22294,"url":"https:\/\/cascoo.ee\/fi\/tuote\/pyora-fpp43kc100aau4d0n\/","url_meta":{"origin":22576,"position":2},"title":"Py\u00f6r\u00e4 FPP43KC100AAU4D0N","author":"admin","date":"14.8.2023","format":false,"excerpt":"","rel":"","context":"Samankaltainen artikkeli","block_context":{"text":"Samankaltainen artikkeli","link":""},"img":{"alt_text":"FPP43KC100AAU4D0N","src":"https:\/\/i0.wp.com\/cascoo.ee\/wp-content\/uploads\/2023\/08\/FPP43KC100AAU4D0N.jpg?resize=350%2C200&ssl=1","width":350,"height":200,"srcset":"https:\/\/i0.wp.com\/cascoo.ee\/wp-content\/uploads\/2023\/08\/FPP43KC100AAU4D0N.jpg?resize=350%2C200&ssl=1 1x, https:\/\/i0.wp.com\/cascoo.ee\/wp-content\/uploads\/2023\/08\/FPP43KC100AAU4D0N.jpg?resize=525%2C300&ssl=1 1.5x, https:\/\/i0.wp.com\/cascoo.ee\/wp-content\/uploads\/2023\/08\/FPP43KC100AAU4D0N.jpg?resize=700%2C400&ssl=1 2x, https:\/\/i0.wp.com\/cascoo.ee\/wp-content\/uploads\/2023\/08\/FPP43KC100AAU4D0N.jpg?resize=1050%2C600&ssl=1 3x"},"classes":[]},{"id":22290,"url":"https:\/\/cascoo.ee\/fi\/tuote\/pyora-spp47kc100aau4d0n\/","url_meta":{"origin":22576,"position":3},"title":"Py\u00f6r\u00e4 SPP47KC100AAU4D0N","author":"admin","date":"14.8.2023","format":false,"excerpt":"","rel":"","context":"Samankaltainen artikkeli","block_context":{"text":"Samankaltainen artikkeli","link":""},"img":{"alt_text":"SPP47KC100AAU4D0N","src":"https:\/\/i0.wp.com\/cascoo.ee\/wp-content\/uploads\/2023\/08\/SPP47KC100AAU4D0N.jpg?resize=350%2C200&ssl=1","width":350,"height":200,"srcset":"https:\/\/i0.wp.com\/cascoo.ee\/wp-content\/uploads\/2023\/08\/SPP47KC100AAU4D0N.jpg?resize=350%2C200&ssl=1 1x, https:\/\/i0.wp.com\/cascoo.ee\/wp-content\/uploads\/2023\/08\/SPP47KC100AAU4D0N.jpg?resize=525%2C300&ssl=1 1.5x, https:\/\/i0.wp.com\/cascoo.ee\/wp-content\/uploads\/2023\/08\/SPP47KC100AAU4D0N.jpg?resize=700%2C400&ssl=1 2x, https:\/\/i0.wp.com\/cascoo.ee\/wp-content\/uploads\/2023\/08\/SPP47KC100AAU4D0N.jpg?resize=1050%2C600&ssl=1 3x"},"classes":[]},{"id":22292,"url":"https:\/\/cascoo.ee\/fi\/tuote\/pyora-fpp43kc125aau4d0n\/","url_meta":{"origin":22576,"position":4},"title":"Py\u00f6r\u00e4 FPP43KC125AAU4D0N","author":"admin","date":"14.8.2023","format":false,"excerpt":"","rel":"","context":"Samankaltainen artikkeli","block_context":{"text":"Samankaltainen artikkeli","link":""},"img":{"alt_text":"FPP43KC125AAU4D0N","src":"https:\/\/i0.wp.com\/cascoo.ee\/wp-content\/uploads\/2023\/07\/FPP43KC100AAU4D0N.jpg?resize=350%2C200&ssl=1","width":350,"height":200,"srcset":"https:\/\/i0.wp.com\/cascoo.ee\/wp-content\/uploads\/2023\/07\/FPP43KC100AAU4D0N.jpg?resize=350%2C200&ssl=1 1x, https:\/\/i0.wp.com\/cascoo.ee\/wp-content\/uploads\/2023\/07\/FPP43KC100AAU4D0N.jpg?resize=525%2C300&ssl=1 1.5x, https:\/\/i0.wp.com\/cascoo.ee\/wp-content\/uploads\/2023\/07\/FPP43KC100AAU4D0N.jpg?resize=700%2C400&ssl=1 2x, https:\/\/i0.wp.com\/cascoo.ee\/wp-content\/uploads\/2023\/07\/FPP43KC100AAU4D0N.jpg?resize=1050%2C600&ssl=1 3x"},"classes":[]},{"id":20736,"url":"https:\/\/cascoo.ee\/fi\/tuote\/pyora-bah1qs0050p2t2l0n\/","url_meta":{"origin":22576,"position":5},"title":"Py\u00f6r\u00e4 BAH1QS0050P2T2L0N","author":"admin","date":"14.8.2023","format":false,"excerpt":"","rel":"","context":"Samankaltainen artikkeli","block_context":{"text":"Samankaltainen artikkeli","link":""},"img":{"alt_text":"","src":"https:\/\/i0.wp.com\/cascoo.ee\/wp-content\/uploads\/2023\/08\/BAH1QS0050P2T2L0N.jpg?resize=350%2C200&ssl=1","width":350,"height":200,"srcset":"https:\/\/i0.wp.com\/cascoo.ee\/wp-content\/uploads\/2023\/08\/BAH1QS0050P2T2L0N.jpg?resize=350%2C200&ssl=1 1x, https:\/\/i0.wp.com\/cascoo.ee\/wp-content\/uploads\/2023\/08\/BAH1QS0050P2T2L0N.jpg?resize=525%2C300&ssl=1 1.5x, https:\/\/i0.wp.com\/cascoo.ee\/wp-content\/uploads\/2023\/08\/BAH1QS0050P2T2L0N.jpg?resize=700%2C400&ssl=1 2x, https:\/\/i0.wp.com\/cascoo.ee\/wp-content\/uploads\/2023\/08\/BAH1QS0050P2T2L0N.jpg?resize=1050%2C600&ssl=1 3x"},"classes":[]}],"jetpack_sharing_enabled":true,"_links":{"self":[{"href":"https:\/\/cascoo.ee\/fi\/wp-json\/wp\/v2\/product\/22576","targetHints":{"allow":["GET"]}}],"collection":[{"href":"https:\/\/cascoo.ee\/fi\/wp-json\/wp\/v2\/product"}],"about":[{"href":"https:\/\/cascoo.ee\/fi\/wp-json\/wp\/v2\/types\/product"}],"wp:featuredmedia":[{"embeddable":true,"href":"https:\/\/cascoo.ee\/fi\/wp-json\/wp\/v2\/media\/22574"}],"wp:attachment":[{"href":"https:\/\/cascoo.ee\/fi\/wp-json\/wp\/v2\/media?parent=22576"}],"wp:term":[{"taxonomy":"product_brand","embeddable":true,"href":"https:\/\/cascoo.ee\/fi\/wp-json\/wp\/v2\/product_brand?post=22576"},{"taxonomy":"product_cat","embeddable":true,"href":"https:\/\/cascoo.ee\/fi\/wp-json\/wp\/v2\/product_cat?post=22576"},{"taxonomy":"product_tag","embeddable":true,"href":"https:\/\/cascoo.ee\/fi\/wp-json\/wp\/v2\/product_tag?post=22576"}],"curies":[{"name":"wp","href":"https:\/\/api.w.org\/{rel}","templated":true}]}}