{"id":22174,"date":"2023-08-14T09:30:36","date_gmt":"2023-08-14T09:30:36","guid":{"rendered":"https:\/\/cascoo.ee\/product\/pyora-bph35wc100t6p2b36\/"},"modified":"2026-01-14T09:17:42","modified_gmt":"2026-01-14T09:17:42","slug":"pyora-bph35wc100t6p2b36","status":"publish","type":"product","link":"https:\/\/cascoo.ee\/fi\/tuote\/pyora-bph35wc100t6p2b36\/","title":{"rendered":"Py\u00f6r\u00e4 BPH35WC100T6P2B36"},"content":{"rendered":"<p>Sinkitty ter\u00e4slevyhaarukka kuulalaakerilla, pulttikiinnitys, reik\u00e4 \u00f813 mm, haarukan materiaalin paksuus 2,50 mm (kiinnitys) ja 2,50 mm (haarukka), py\u00f6r\u00e4n sis\u00e4osa polypropeenia TPE-renkaalla ja kulutuspinta polypropeenia, py\u00f6r\u00e4n keskiosan leveys 46 mm, kuulalaakeri, nailoninen laakerisuoja.<\/p>\n","protected":false},"excerpt":{"rendered":"[product_table id=\"1417\" skus=\"BPH35WC100T6P2B36\"]\n","protected":false},"featured_media":22176,"template":"","meta":{"_acf_changed":false},"product_brand":[],"product_cat":[8791,8860,8754,8775],"product_tag":[],"class_list":{"0":"post-22174","1":"product","2":"type-product","3":"status-publish","4":"has-post-thumbnail","6":"product_cat-kantavuus-160kg","7":"product_cat-pyoran-halkaisija-100mm","8":"product_cat-pyorat","9":"product_cat-sarja-t6p2-polypropeeni-pp","10":"pa_castor-fastening-keskireika","11":"pa_material-of-the-wheel-polypropeeni","12":"pa_tread-polypropeeni","14":"first","15":"onbackorder","16":"taxable","17":"shipping-taxable","18":"product-type-simple"},"acf":[],"ct_brands":[],"yoast_head":"<!-- This site is optimized with the Yoast SEO plugin v27.5 - https:\/\/yoast.com\/product\/yoast-seo-wordpress\/ -->\n<title>Py\u00f6r\u00e4 BPH35WC100T6P2B36 - Cascoo<\/title>\n<meta name=\"description\" content=\"100 mm, pulttikiinnitteinen py\u00f6r\u00e4 jarrulla, py\u00f6r\u00e4n sis\u00e4osa polypropeenia TPE-renkaalla, kulutuspinta polypropeenia, kantavuus: 160 kg\" \/>\n<meta name=\"robots\" content=\"index, follow, max-snippet:-1, max-image-preview:large, max-video-preview:-1\" \/>\n<link rel=\"canonical\" href=\"https:\/\/cascoo.ee\/fi\/tuote\/pyora-bph35wc100t6p2b36\/\" \/>\n<meta property=\"og:locale\" content=\"fi_FI\" \/>\n<meta property=\"og:type\" content=\"article\" \/>\n<meta property=\"og:title\" content=\"Py\u00f6r\u00e4 BPH35WC100T6P2B36 - Cascoo\" \/>\n<meta property=\"og:description\" content=\"100 mm, pulttikiinnitteinen py\u00f6r\u00e4 jarrulla, py\u00f6r\u00e4n sis\u00e4osa polypropeenia TPE-renkaalla, kulutuspinta polypropeenia, kantavuus: 160 kg\" \/>\n<meta property=\"og:url\" content=\"https:\/\/cascoo.ee\/fi\/tuote\/pyora-bph35wc100t6p2b36\/\" \/>\n<meta property=\"og:site_name\" content=\"Cascoo\" \/>\n<meta property=\"article:modified_time\" content=\"2026-01-14T09:17:42+00:00\" \/>\n<meta property=\"og:image\" content=\"https:\/\/cascoo.ee\/wp-content\/uploads\/2023\/07\/BPH35WC100T6P2R1W.jpg\" \/>\n\t<meta property=\"og:image:width\" content=\"1200\" \/>\n\t<meta property=\"og:image:height\" content=\"1200\" \/>\n\t<meta property=\"og:image:type\" content=\"image\/jpeg\" \/>\n<meta name=\"twitter:card\" content=\"summary_large_image\" \/>\n<script type=\"application\/ld+json\" class=\"yoast-schema-graph\">{\"@context\":\"https:\\\/\\\/schema.org\",\"@graph\":[{\"@type\":\"WebPage\",\"@id\":\"https:\\\/\\\/cascoo.ee\\\/fi\\\/tuote\\\/pyora-bph35wc100t6p2b36\\\/\",\"url\":\"https:\\\/\\\/cascoo.ee\\\/fi\\\/tuote\\\/pyora-bph35wc100t6p2b36\\\/\",\"name\":\"Py\u00f6r\u00e4 BPH35WC100T6P2B36 - Cascoo\",\"isPartOf\":{\"@id\":\"https:\\\/\\\/cascoo.ee\\\/fi\\\/#website\"},\"primaryImageOfPage\":{\"@id\":\"https:\\\/\\\/cascoo.ee\\\/fi\\\/tuote\\\/pyora-bph35wc100t6p2b36\\\/#primaryimage\"},\"image\":{\"@id\":\"https:\\\/\\\/cascoo.ee\\\/fi\\\/tuote\\\/pyora-bph35wc100t6p2b36\\\/#primaryimage\"},\"thumbnailUrl\":\"https:\\\/\\\/cascoo.ee\\\/wp-content\\\/uploads\\\/2023\\\/07\\\/BPH35WC100T6P2R1W.jpg\",\"datePublished\":\"2023-08-14T09:30:36+00:00\",\"dateModified\":\"2026-01-14T09:17:42+00:00\",\"description\":\"100 mm, pulttikiinnitteinen py\u00f6r\u00e4 jarrulla, py\u00f6r\u00e4n sis\u00e4osa polypropeenia TPE-renkaalla, kulutuspinta polypropeenia, kantavuus: 160 kg\",\"breadcrumb\":{\"@id\":\"https:\\\/\\\/cascoo.ee\\\/fi\\\/tuote\\\/pyora-bph35wc100t6p2b36\\\/#breadcrumb\"},\"inLanguage\":\"fi\",\"potentialAction\":[{\"@type\":\"ReadAction\",\"target\":[\"https:\\\/\\\/cascoo.ee\\\/fi\\\/tuote\\\/pyora-bph35wc100t6p2b36\\\/\"]}]},{\"@type\":\"ImageObject\",\"inLanguage\":\"fi\",\"@id\":\"https:\\\/\\\/cascoo.ee\\\/fi\\\/tuote\\\/pyora-bph35wc100t6p2b36\\\/#primaryimage\",\"url\":\"https:\\\/\\\/cascoo.ee\\\/wp-content\\\/uploads\\\/2023\\\/07\\\/BPH35WC100T6P2R1W.jpg\",\"contentUrl\":\"https:\\\/\\\/cascoo.ee\\\/wp-content\\\/uploads\\\/2023\\\/07\\\/BPH35WC100T6P2R1W.jpg\",\"width\":1200,\"height\":1200,\"caption\":\"BPH95WC100T6P2B36\"},{\"@type\":\"BreadcrumbList\",\"@id\":\"https:\\\/\\\/cascoo.ee\\\/fi\\\/tuote\\\/pyora-bph35wc100t6p2b36\\\/#breadcrumb\",\"itemListElement\":[{\"@type\":\"ListItem\",\"position\":1,\"name\":\"Etusivu\",\"item\":\"https:\\\/\\\/cascoo.ee\\\/fi\\\/teollisuuspyorat-ja-rullat\\\/\"},{\"@type\":\"ListItem\",\"position\":2,\"name\":\"Teollisuuspy\u00f6r\u00e4t ja -rullat\",\"item\":\"https:\\\/\\\/cascoo.ee\\\/fi\\\/teollisuuspyorat-ja-rullat\\\/\"},{\"@type\":\"ListItem\",\"position\":3,\"name\":\"Py\u00f6r\u00e4 BPH35WC100T6P2B36\"}]},{\"@type\":\"WebSite\",\"@id\":\"https:\\\/\\\/cascoo.ee\\\/fi\\\/#website\",\"url\":\"https:\\\/\\\/cascoo.ee\\\/fi\\\/\",\"name\":\"Cascoo\",\"description\":\"Industrial Wheels and Castors\",\"publisher\":{\"@id\":\"https:\\\/\\\/cascoo.ee\\\/fi\\\/#organization\"},\"potentialAction\":[{\"@type\":\"SearchAction\",\"target\":{\"@type\":\"EntryPoint\",\"urlTemplate\":\"https:\\\/\\\/cascoo.ee\\\/fi\\\/?s={search_term_string}\"},\"query-input\":{\"@type\":\"PropertyValueSpecification\",\"valueRequired\":true,\"valueName\":\"search_term_string\"}}],\"inLanguage\":\"fi\"},{\"@type\":\"Organization\",\"@id\":\"https:\\\/\\\/cascoo.ee\\\/fi\\\/#organization\",\"name\":\"Cascoo\",\"url\":\"https:\\\/\\\/cascoo.ee\\\/fi\\\/\",\"logo\":{\"@type\":\"ImageObject\",\"inLanguage\":\"fi\",\"@id\":\"https:\\\/\\\/cascoo.ee\\\/fi\\\/#\\\/schema\\\/logo\\\/image\\\/\",\"url\":\"https:\\\/\\\/cascoo.ee\\\/wp-content\\\/uploads\\\/2023\\\/07\\\/Cascoo.png\",\"contentUrl\":\"https:\\\/\\\/cascoo.ee\\\/wp-content\\\/uploads\\\/2023\\\/07\\\/Cascoo.png\",\"width\":130,\"height\":51,\"caption\":\"Cascoo\"},\"image\":{\"@id\":\"https:\\\/\\\/cascoo.ee\\\/fi\\\/#\\\/schema\\\/logo\\\/image\\\/\"}}]}<\/script>\n<!-- \/ Yoast SEO plugin. -->","yoast_head_json":{"title":"Py\u00f6r\u00e4 BPH35WC100T6P2B36 - Cascoo","description":"100 mm, pulttikiinnitteinen py\u00f6r\u00e4 jarrulla, py\u00f6r\u00e4n sis\u00e4osa polypropeenia TPE-renkaalla, kulutuspinta polypropeenia, kantavuus: 160 kg","robots":{"index":"index","follow":"follow","max-snippet":"max-snippet:-1","max-image-preview":"max-image-preview:large","max-video-preview":"max-video-preview:-1"},"canonical":"https:\/\/cascoo.ee\/fi\/tuote\/pyora-bph35wc100t6p2b36\/","og_locale":"fi_FI","og_type":"article","og_title":"Py\u00f6r\u00e4 BPH35WC100T6P2B36 - Cascoo","og_description":"100 mm, pulttikiinnitteinen py\u00f6r\u00e4 jarrulla, py\u00f6r\u00e4n sis\u00e4osa polypropeenia TPE-renkaalla, kulutuspinta polypropeenia, kantavuus: 160 kg","og_url":"https:\/\/cascoo.ee\/fi\/tuote\/pyora-bph35wc100t6p2b36\/","og_site_name":"Cascoo","article_modified_time":"2026-01-14T09:17:42+00:00","og_image":[{"width":1200,"height":1200,"url":"https:\/\/cascoo.ee\/wp-content\/uploads\/2023\/07\/BPH35WC100T6P2R1W.jpg","type":"image\/jpeg"}],"twitter_card":"summary_large_image","schema":{"@context":"https:\/\/schema.org","@graph":[{"@type":"WebPage","@id":"https:\/\/cascoo.ee\/fi\/tuote\/pyora-bph35wc100t6p2b36\/","url":"https:\/\/cascoo.ee\/fi\/tuote\/pyora-bph35wc100t6p2b36\/","name":"Py\u00f6r\u00e4 BPH35WC100T6P2B36 - Cascoo","isPartOf":{"@id":"https:\/\/cascoo.ee\/fi\/#website"},"primaryImageOfPage":{"@id":"https:\/\/cascoo.ee\/fi\/tuote\/pyora-bph35wc100t6p2b36\/#primaryimage"},"image":{"@id":"https:\/\/cascoo.ee\/fi\/tuote\/pyora-bph35wc100t6p2b36\/#primaryimage"},"thumbnailUrl":"https:\/\/cascoo.ee\/wp-content\/uploads\/2023\/07\/BPH35WC100T6P2R1W.jpg","datePublished":"2023-08-14T09:30:36+00:00","dateModified":"2026-01-14T09:17:42+00:00","description":"100 mm, pulttikiinnitteinen py\u00f6r\u00e4 jarrulla, py\u00f6r\u00e4n sis\u00e4osa polypropeenia TPE-renkaalla, kulutuspinta polypropeenia, kantavuus: 160 kg","breadcrumb":{"@id":"https:\/\/cascoo.ee\/fi\/tuote\/pyora-bph35wc100t6p2b36\/#breadcrumb"},"inLanguage":"fi","potentialAction":[{"@type":"ReadAction","target":["https:\/\/cascoo.ee\/fi\/tuote\/pyora-bph35wc100t6p2b36\/"]}]},{"@type":"ImageObject","inLanguage":"fi","@id":"https:\/\/cascoo.ee\/fi\/tuote\/pyora-bph35wc100t6p2b36\/#primaryimage","url":"https:\/\/cascoo.ee\/wp-content\/uploads\/2023\/07\/BPH35WC100T6P2R1W.jpg","contentUrl":"https:\/\/cascoo.ee\/wp-content\/uploads\/2023\/07\/BPH35WC100T6P2R1W.jpg","width":1200,"height":1200,"caption":"BPH95WC100T6P2B36"},{"@type":"BreadcrumbList","@id":"https:\/\/cascoo.ee\/fi\/tuote\/pyora-bph35wc100t6p2b36\/#breadcrumb","itemListElement":[{"@type":"ListItem","position":1,"name":"Etusivu","item":"https:\/\/cascoo.ee\/fi\/teollisuuspyorat-ja-rullat\/"},{"@type":"ListItem","position":2,"name":"Teollisuuspy\u00f6r\u00e4t ja -rullat","item":"https:\/\/cascoo.ee\/fi\/teollisuuspyorat-ja-rullat\/"},{"@type":"ListItem","position":3,"name":"Py\u00f6r\u00e4 BPH35WC100T6P2B36"}]},{"@type":"WebSite","@id":"https:\/\/cascoo.ee\/fi\/#website","url":"https:\/\/cascoo.ee\/fi\/","name":"Cascoo","description":"Industrial Wheels and Castors","publisher":{"@id":"https:\/\/cascoo.ee\/fi\/#organization"},"potentialAction":[{"@type":"SearchAction","target":{"@type":"EntryPoint","urlTemplate":"https:\/\/cascoo.ee\/fi\/?s={search_term_string}"},"query-input":{"@type":"PropertyValueSpecification","valueRequired":true,"valueName":"search_term_string"}}],"inLanguage":"fi"},{"@type":"Organization","@id":"https:\/\/cascoo.ee\/fi\/#organization","name":"Cascoo","url":"https:\/\/cascoo.ee\/fi\/","logo":{"@type":"ImageObject","inLanguage":"fi","@id":"https:\/\/cascoo.ee\/fi\/#\/schema\/logo\/image\/","url":"https:\/\/cascoo.ee\/wp-content\/uploads\/2023\/07\/Cascoo.png","contentUrl":"https:\/\/cascoo.ee\/wp-content\/uploads\/2023\/07\/Cascoo.png","width":130,"height":51,"caption":"Cascoo"},"image":{"@id":"https:\/\/cascoo.ee\/fi\/#\/schema\/logo\/image\/"}}]}},"jetpack-related-posts":[{"id":22161,"url":"https:\/\/cascoo.ee\/fi\/tuote\/pyora-hph35wc100t6p2r1w\/","url_meta":{"origin":22174,"position":0},"title":"Py\u00f6r\u00e4 HPH35WC100T6P2R1W","author":"admin","date":"14.8.2023","format":false,"excerpt":"","rel":"","context":"Samankaltainen artikkeli","block_context":{"text":"Samankaltainen artikkeli","link":""},"img":{"alt_text":"","src":"https:\/\/i0.wp.com\/cascoo.ee\/wp-content\/uploads\/2023\/08\/HPH35WC100T6P2R1W.jpg?resize=350%2C200&ssl=1","width":350,"height":200,"srcset":"https:\/\/i0.wp.com\/cascoo.ee\/wp-content\/uploads\/2023\/08\/HPH35WC100T6P2R1W.jpg?resize=350%2C200&ssl=1 1x, https:\/\/i0.wp.com\/cascoo.ee\/wp-content\/uploads\/2023\/08\/HPH35WC100T6P2R1W.jpg?resize=525%2C300&ssl=1 1.5x, https:\/\/i0.wp.com\/cascoo.ee\/wp-content\/uploads\/2023\/08\/HPH35WC100T6P2R1W.jpg?resize=700%2C400&ssl=1 2x, https:\/\/i0.wp.com\/cascoo.ee\/wp-content\/uploads\/2023\/08\/HPH35WC100T6P2R1W.jpg?resize=1050%2C600&ssl=1 3x"},"classes":[]},{"id":22179,"url":"https:\/\/cascoo.ee\/fi\/tuote\/kaantopyora-hph85wc125t6p2r1w\/","url_meta":{"origin":22174,"position":1},"title":"Py\u00f6r\u00e4 HPH85WC125T6P2R1W","author":"admin","date":"14.8.2023","format":false,"excerpt":"","rel":"","context":"Samankaltainen artikkeli","block_context":{"text":"Samankaltainen artikkeli","link":""},"img":{"alt_text":"","src":"https:\/\/i0.wp.com\/cascoo.ee\/wp-content\/uploads\/2023\/08\/HPH85WC125T6P2R1W.jpg?resize=350%2C200&ssl=1","width":350,"height":200,"srcset":"https:\/\/i0.wp.com\/cascoo.ee\/wp-content\/uploads\/2023\/08\/HPH85WC125T6P2R1W.jpg?resize=350%2C200&ssl=1 1x, https:\/\/i0.wp.com\/cascoo.ee\/wp-content\/uploads\/2023\/08\/HPH85WC125T6P2R1W.jpg?resize=525%2C300&ssl=1 1.5x, https:\/\/i0.wp.com\/cascoo.ee\/wp-content\/uploads\/2023\/08\/HPH85WC125T6P2R1W.jpg?resize=700%2C400&ssl=1 2x, https:\/\/i0.wp.com\/cascoo.ee\/wp-content\/uploads\/2023\/08\/HPH85WC125T6P2R1W.jpg?resize=1050%2C600&ssl=1 3x"},"classes":[]},{"id":22180,"url":"https:\/\/cascoo.ee\/fi\/tuote\/pyora-bph85wc125t6p2r1w\/","url_meta":{"origin":22174,"position":2},"title":"Py\u00f6r\u00e4 BPH85WC125T6P2R1W","author":"admin","date":"14.8.2023","format":false,"excerpt":"","rel":"","context":"Samankaltainen artikkeli","block_context":{"text":"Samankaltainen artikkeli","link":""},"img":{"alt_text":"","src":"https:\/\/i0.wp.com\/cascoo.ee\/wp-content\/uploads\/2023\/08\/BPH85WC125T6P2R1W.jpg?resize=350%2C200&ssl=1","width":350,"height":200,"srcset":"https:\/\/i0.wp.com\/cascoo.ee\/wp-content\/uploads\/2023\/08\/BPH85WC125T6P2R1W.jpg?resize=350%2C200&ssl=1 1x, https:\/\/i0.wp.com\/cascoo.ee\/wp-content\/uploads\/2023\/08\/BPH85WC125T6P2R1W.jpg?resize=525%2C300&ssl=1 1.5x, https:\/\/i0.wp.com\/cascoo.ee\/wp-content\/uploads\/2023\/08\/BPH85WC125T6P2R1W.jpg?resize=700%2C400&ssl=1 2x, https:\/\/i0.wp.com\/cascoo.ee\/wp-content\/uploads\/2023\/08\/BPH85WC125T6P2R1W.jpg?resize=1050%2C600&ssl=1 3x"},"classes":[]},{"id":22188,"url":"https:\/\/cascoo.ee\/fi\/tuote\/pyora-fpp35wc125t6p2r1w\/","url_meta":{"origin":22174,"position":3},"title":"Py\u00f6r\u00e4 FPP35WC125T6P2R1W","author":"admin","date":"14.8.2023","format":false,"excerpt":"","rel":"","context":"Samankaltainen artikkeli","block_context":{"text":"Samankaltainen artikkeli","link":""},"img":{"alt_text":"","src":"https:\/\/i0.wp.com\/cascoo.ee\/wp-content\/uploads\/2023\/08\/FPP35WC125T6P2R1W.jpg?resize=350%2C200&ssl=1","width":350,"height":200,"srcset":"https:\/\/i0.wp.com\/cascoo.ee\/wp-content\/uploads\/2023\/08\/FPP35WC125T6P2R1W.jpg?resize=350%2C200&ssl=1 1x, https:\/\/i0.wp.com\/cascoo.ee\/wp-content\/uploads\/2023\/08\/FPP35WC125T6P2R1W.jpg?resize=525%2C300&ssl=1 1.5x, https:\/\/i0.wp.com\/cascoo.ee\/wp-content\/uploads\/2023\/08\/FPP35WC125T6P2R1W.jpg?resize=700%2C400&ssl=1 2x, https:\/\/i0.wp.com\/cascoo.ee\/wp-content\/uploads\/2023\/08\/FPP35WC125T6P2R1W.jpg?resize=1050%2C600&ssl=1 3x"},"classes":[]},{"id":22190,"url":"https:\/\/cascoo.ee\/fi\/tuote\/pyora-bph35wc100t6p2r1w\/","url_meta":{"origin":22174,"position":4},"title":"Py\u00f6r\u00e4 BPH35WC100T6P2R1W","author":"admin","date":"14.8.2023","format":false,"excerpt":"","rel":"","context":"Samankaltainen artikkeli","block_context":{"text":"Samankaltainen artikkeli","link":""},"img":{"alt_text":"","src":"https:\/\/i0.wp.com\/cascoo.ee\/wp-content\/uploads\/2023\/08\/BPH35WC100T6P2R1W.jpg?resize=350%2C200&ssl=1","width":350,"height":200,"srcset":"https:\/\/i0.wp.com\/cascoo.ee\/wp-content\/uploads\/2023\/08\/BPH35WC100T6P2R1W.jpg?resize=350%2C200&ssl=1 1x, https:\/\/i0.wp.com\/cascoo.ee\/wp-content\/uploads\/2023\/08\/BPH35WC100T6P2R1W.jpg?resize=525%2C300&ssl=1 1.5x, https:\/\/i0.wp.com\/cascoo.ee\/wp-content\/uploads\/2023\/08\/BPH35WC100T6P2R1W.jpg?resize=700%2C400&ssl=1 2x, https:\/\/i0.wp.com\/cascoo.ee\/wp-content\/uploads\/2023\/08\/BPH35WC100T6P2R1W.jpg?resize=1050%2C600&ssl=1 3x"},"classes":[]},{"id":22169,"url":"https:\/\/cascoo.ee\/fi\/tuote\/pyora-hph35wc125t6p2b36\/","url_meta":{"origin":22174,"position":5},"title":"Py\u00f6r\u00e4 HPH35WC125T6P2B36","author":"admin","date":"14.8.2023","format":false,"excerpt":"","rel":"","context":"Samankaltainen artikkeli","block_context":{"text":"Samankaltainen artikkeli","link":""},"img":{"alt_text":"HPH95WC125T6P2B36","src":"https:\/\/i0.wp.com\/cascoo.ee\/wp-content\/uploads\/2023\/07\/HPH85WC125T6P2R1W.jpg?resize=350%2C200&ssl=1","width":350,"height":200,"srcset":"https:\/\/i0.wp.com\/cascoo.ee\/wp-content\/uploads\/2023\/07\/HPH85WC125T6P2R1W.jpg?resize=350%2C200&ssl=1 1x, https:\/\/i0.wp.com\/cascoo.ee\/wp-content\/uploads\/2023\/07\/HPH85WC125T6P2R1W.jpg?resize=525%2C300&ssl=1 1.5x, https:\/\/i0.wp.com\/cascoo.ee\/wp-content\/uploads\/2023\/07\/HPH85WC125T6P2R1W.jpg?resize=700%2C400&ssl=1 2x, https:\/\/i0.wp.com\/cascoo.ee\/wp-content\/uploads\/2023\/07\/HPH85WC125T6P2R1W.jpg?resize=1050%2C600&ssl=1 3x"},"classes":[]}],"jetpack_sharing_enabled":true,"_links":{"self":[{"href":"https:\/\/cascoo.ee\/fi\/wp-json\/wp\/v2\/product\/22174","targetHints":{"allow":["GET"]}}],"collection":[{"href":"https:\/\/cascoo.ee\/fi\/wp-json\/wp\/v2\/product"}],"about":[{"href":"https:\/\/cascoo.ee\/fi\/wp-json\/wp\/v2\/types\/product"}],"wp:featuredmedia":[{"embeddable":true,"href":"https:\/\/cascoo.ee\/fi\/wp-json\/wp\/v2\/media\/22176"}],"wp:attachment":[{"href":"https:\/\/cascoo.ee\/fi\/wp-json\/wp\/v2\/media?parent=22174"}],"wp:term":[{"taxonomy":"product_brand","embeddable":true,"href":"https:\/\/cascoo.ee\/fi\/wp-json\/wp\/v2\/product_brand?post=22174"},{"taxonomy":"product_cat","embeddable":true,"href":"https:\/\/cascoo.ee\/fi\/wp-json\/wp\/v2\/product_cat?post=22174"},{"taxonomy":"product_tag","embeddable":true,"href":"https:\/\/cascoo.ee\/fi\/wp-json\/wp\/v2\/product_tag?post=22174"}],"curies":[{"name":"wp","href":"https:\/\/api.w.org\/{rel}","templated":true}]}}