{"id":22098,"date":"2023-08-14T09:31:28","date_gmt":"2023-08-14T09:31:28","guid":{"rendered":"https:\/\/cascoo.ee\/product\/pyora-hbh35wc100r4f1r0n\/"},"modified":"2026-01-14T09:17:52","modified_gmt":"2026-01-14T09:17:52","slug":"pyora-hbh35wc100r4f1r0n","status":"publish","type":"product","link":"https:\/\/cascoo.ee\/fi\/tuote\/pyora-hbh35wc100r4f1r0n\/","title":{"rendered":"Py\u00f6r\u00e4 HBH35WC100R4F1R0N"},"content":{"rendered":"<p>Sinkitty ter\u00e4slevyhaarukka kuulalaakeroitu, pulttikiinnitys, reik\u00e4 \u00f813 mm, haarukan materiaalin paksuus 2,50 mm (kiinnitys) ja 2,50 mm (haarukka), py\u00f6r\u00e4n sis\u00e4osa polyamidia ja kulutuspinta elastista 75\u00b0 Shore A, py\u00f6r\u00e4n keski\u00f6n leveys 40 mm, rullalaakeri.<\/p>\n","protected":false},"excerpt":{"rendered":"[product_table id=\"1417\" skus=\"HBH35WC100R4F1R0N\"]\n","protected":false},"featured_media":22101,"template":"","meta":{"_acf_changed":false},"product_brand":[],"product_cat":[8790,8860,8754,8774],"product_tag":[],"class_list":{"0":"post-22098","1":"product","2":"type-product","3":"status-publish","4":"has-post-thumbnail","6":"product_cat-kantavuus-150kg","7":"product_cat-pyoran-halkaisija-100mm","8":"product_cat-pyorat","9":"product_cat-sarja-r4f1-polyamidi-pa","10":"pa_castor-fastening-keskireika","11":"pa_material-of-the-wheel-polyamidi","12":"pa_tread-elastinen-kumi","14":"first","15":"onbackorder","16":"taxable","17":"shipping-taxable","18":"purchasable","19":"product-type-simple"},"acf":[],"ct_brands":[],"yoast_head":"<!-- This site is optimized with the Yoast SEO plugin v27.5 - https:\/\/yoast.com\/product\/yoast-seo-wordpress\/ -->\n<title>Py\u00f6r\u00e4 HBH35WC100R4F1R0N - Cascoo<\/title>\n<meta name=\"description\" content=\"100 mm, pulttikiinnitteinen py\u00f6r\u00e4, py\u00f6r\u00e4n sis\u00e4osa polyamidia, kulutuspinta elastista 75\u00b0 Shore A, kantavuus: 150 kg\" \/>\n<meta name=\"robots\" content=\"index, follow, max-snippet:-1, max-image-preview:large, max-video-preview:-1\" \/>\n<link rel=\"canonical\" href=\"https:\/\/cascoo.ee\/fi\/tuote\/pyora-hbh35wc100r4f1r0n\/\" \/>\n<meta property=\"og:locale\" content=\"fi_FI\" \/>\n<meta property=\"og:type\" content=\"article\" \/>\n<meta property=\"og:title\" content=\"Py\u00f6r\u00e4 HBH35WC100R4F1R0N - Cascoo\" \/>\n<meta property=\"og:description\" content=\"100 mm, pulttikiinnitteinen py\u00f6r\u00e4, py\u00f6r\u00e4n sis\u00e4osa polyamidia, kulutuspinta elastista 75\u00b0 Shore A, kantavuus: 150 kg\" \/>\n<meta property=\"og:url\" content=\"https:\/\/cascoo.ee\/fi\/tuote\/pyora-hbh35wc100r4f1r0n\/\" \/>\n<meta property=\"og:site_name\" content=\"Cascoo\" \/>\n<meta property=\"article:modified_time\" content=\"2026-01-14T09:17:52+00:00\" \/>\n<meta property=\"og:image\" content=\"https:\/\/cascoo.ee\/wp-content\/uploads\/2023\/08\/HBH35WC100R4F1R0N.jpg\" \/>\n\t<meta property=\"og:image:width\" content=\"1200\" \/>\n\t<meta property=\"og:image:height\" content=\"1200\" \/>\n\t<meta property=\"og:image:type\" content=\"image\/jpeg\" \/>\n<meta name=\"twitter:card\" content=\"summary_large_image\" \/>\n<script type=\"application\/ld+json\" class=\"yoast-schema-graph\">{\"@context\":\"https:\\\/\\\/schema.org\",\"@graph\":[{\"@type\":\"WebPage\",\"@id\":\"https:\\\/\\\/cascoo.ee\\\/fi\\\/tuote\\\/pyora-hbh35wc100r4f1r0n\\\/\",\"url\":\"https:\\\/\\\/cascoo.ee\\\/fi\\\/tuote\\\/pyora-hbh35wc100r4f1r0n\\\/\",\"name\":\"Py\u00f6r\u00e4 HBH35WC100R4F1R0N - Cascoo\",\"isPartOf\":{\"@id\":\"https:\\\/\\\/cascoo.ee\\\/fi\\\/#website\"},\"primaryImageOfPage\":{\"@id\":\"https:\\\/\\\/cascoo.ee\\\/fi\\\/tuote\\\/pyora-hbh35wc100r4f1r0n\\\/#primaryimage\"},\"image\":{\"@id\":\"https:\\\/\\\/cascoo.ee\\\/fi\\\/tuote\\\/pyora-hbh35wc100r4f1r0n\\\/#primaryimage\"},\"thumbnailUrl\":\"https:\\\/\\\/cascoo.ee\\\/wp-content\\\/uploads\\\/2023\\\/08\\\/HBH35WC100R4F1R0N.jpg\",\"datePublished\":\"2023-08-14T09:31:28+00:00\",\"dateModified\":\"2026-01-14T09:17:52+00:00\",\"description\":\"100 mm, pulttikiinnitteinen py\u00f6r\u00e4, py\u00f6r\u00e4n sis\u00e4osa polyamidia, kulutuspinta elastista 75\u00b0 Shore A, kantavuus: 150 kg\",\"breadcrumb\":{\"@id\":\"https:\\\/\\\/cascoo.ee\\\/fi\\\/tuote\\\/pyora-hbh35wc100r4f1r0n\\\/#breadcrumb\"},\"inLanguage\":\"fi\",\"potentialAction\":[{\"@type\":\"ReadAction\",\"target\":[\"https:\\\/\\\/cascoo.ee\\\/fi\\\/tuote\\\/pyora-hbh35wc100r4f1r0n\\\/\"]}]},{\"@type\":\"ImageObject\",\"inLanguage\":\"fi\",\"@id\":\"https:\\\/\\\/cascoo.ee\\\/fi\\\/tuote\\\/pyora-hbh35wc100r4f1r0n\\\/#primaryimage\",\"url\":\"https:\\\/\\\/cascoo.ee\\\/wp-content\\\/uploads\\\/2023\\\/08\\\/HBH35WC100R4F1R0N.jpg\",\"contentUrl\":\"https:\\\/\\\/cascoo.ee\\\/wp-content\\\/uploads\\\/2023\\\/08\\\/HBH35WC100R4F1R0N.jpg\",\"width\":1200,\"height\":1200},{\"@type\":\"BreadcrumbList\",\"@id\":\"https:\\\/\\\/cascoo.ee\\\/fi\\\/tuote\\\/pyora-hbh35wc100r4f1r0n\\\/#breadcrumb\",\"itemListElement\":[{\"@type\":\"ListItem\",\"position\":1,\"name\":\"Etusivu\",\"item\":\"https:\\\/\\\/cascoo.ee\\\/fi\\\/teollisuuspyorat-ja-rullat\\\/\"},{\"@type\":\"ListItem\",\"position\":2,\"name\":\"Teollisuuspy\u00f6r\u00e4t ja -rullat\",\"item\":\"https:\\\/\\\/cascoo.ee\\\/fi\\\/teollisuuspyorat-ja-rullat\\\/\"},{\"@type\":\"ListItem\",\"position\":3,\"name\":\"Py\u00f6r\u00e4 HBH35WC100R4F1R0N\"}]},{\"@type\":\"WebSite\",\"@id\":\"https:\\\/\\\/cascoo.ee\\\/fi\\\/#website\",\"url\":\"https:\\\/\\\/cascoo.ee\\\/fi\\\/\",\"name\":\"Cascoo\",\"description\":\"Industrial Wheels and Castors\",\"publisher\":{\"@id\":\"https:\\\/\\\/cascoo.ee\\\/fi\\\/#organization\"},\"potentialAction\":[{\"@type\":\"SearchAction\",\"target\":{\"@type\":\"EntryPoint\",\"urlTemplate\":\"https:\\\/\\\/cascoo.ee\\\/fi\\\/?s={search_term_string}\"},\"query-input\":{\"@type\":\"PropertyValueSpecification\",\"valueRequired\":true,\"valueName\":\"search_term_string\"}}],\"inLanguage\":\"fi\"},{\"@type\":\"Organization\",\"@id\":\"https:\\\/\\\/cascoo.ee\\\/fi\\\/#organization\",\"name\":\"Cascoo\",\"url\":\"https:\\\/\\\/cascoo.ee\\\/fi\\\/\",\"logo\":{\"@type\":\"ImageObject\",\"inLanguage\":\"fi\",\"@id\":\"https:\\\/\\\/cascoo.ee\\\/fi\\\/#\\\/schema\\\/logo\\\/image\\\/\",\"url\":\"https:\\\/\\\/cascoo.ee\\\/wp-content\\\/uploads\\\/2023\\\/07\\\/Cascoo.png\",\"contentUrl\":\"https:\\\/\\\/cascoo.ee\\\/wp-content\\\/uploads\\\/2023\\\/07\\\/Cascoo.png\",\"width\":130,\"height\":51,\"caption\":\"Cascoo\"},\"image\":{\"@id\":\"https:\\\/\\\/cascoo.ee\\\/fi\\\/#\\\/schema\\\/logo\\\/image\\\/\"}}]}<\/script>\n<!-- \/ Yoast SEO plugin. -->","yoast_head_json":{"title":"Py\u00f6r\u00e4 HBH35WC100R4F1R0N - Cascoo","description":"100 mm, pulttikiinnitteinen py\u00f6r\u00e4, py\u00f6r\u00e4n sis\u00e4osa polyamidia, kulutuspinta elastista 75\u00b0 Shore A, kantavuus: 150 kg","robots":{"index":"index","follow":"follow","max-snippet":"max-snippet:-1","max-image-preview":"max-image-preview:large","max-video-preview":"max-video-preview:-1"},"canonical":"https:\/\/cascoo.ee\/fi\/tuote\/pyora-hbh35wc100r4f1r0n\/","og_locale":"fi_FI","og_type":"article","og_title":"Py\u00f6r\u00e4 HBH35WC100R4F1R0N - Cascoo","og_description":"100 mm, pulttikiinnitteinen py\u00f6r\u00e4, py\u00f6r\u00e4n sis\u00e4osa polyamidia, kulutuspinta elastista 75\u00b0 Shore A, kantavuus: 150 kg","og_url":"https:\/\/cascoo.ee\/fi\/tuote\/pyora-hbh35wc100r4f1r0n\/","og_site_name":"Cascoo","article_modified_time":"2026-01-14T09:17:52+00:00","og_image":[{"width":1200,"height":1200,"url":"https:\/\/cascoo.ee\/wp-content\/uploads\/2023\/08\/HBH35WC100R4F1R0N.jpg","type":"image\/jpeg"}],"twitter_card":"summary_large_image","schema":{"@context":"https:\/\/schema.org","@graph":[{"@type":"WebPage","@id":"https:\/\/cascoo.ee\/fi\/tuote\/pyora-hbh35wc100r4f1r0n\/","url":"https:\/\/cascoo.ee\/fi\/tuote\/pyora-hbh35wc100r4f1r0n\/","name":"Py\u00f6r\u00e4 HBH35WC100R4F1R0N - Cascoo","isPartOf":{"@id":"https:\/\/cascoo.ee\/fi\/#website"},"primaryImageOfPage":{"@id":"https:\/\/cascoo.ee\/fi\/tuote\/pyora-hbh35wc100r4f1r0n\/#primaryimage"},"image":{"@id":"https:\/\/cascoo.ee\/fi\/tuote\/pyora-hbh35wc100r4f1r0n\/#primaryimage"},"thumbnailUrl":"https:\/\/cascoo.ee\/wp-content\/uploads\/2023\/08\/HBH35WC100R4F1R0N.jpg","datePublished":"2023-08-14T09:31:28+00:00","dateModified":"2026-01-14T09:17:52+00:00","description":"100 mm, pulttikiinnitteinen py\u00f6r\u00e4, py\u00f6r\u00e4n sis\u00e4osa polyamidia, kulutuspinta elastista 75\u00b0 Shore A, kantavuus: 150 kg","breadcrumb":{"@id":"https:\/\/cascoo.ee\/fi\/tuote\/pyora-hbh35wc100r4f1r0n\/#breadcrumb"},"inLanguage":"fi","potentialAction":[{"@type":"ReadAction","target":["https:\/\/cascoo.ee\/fi\/tuote\/pyora-hbh35wc100r4f1r0n\/"]}]},{"@type":"ImageObject","inLanguage":"fi","@id":"https:\/\/cascoo.ee\/fi\/tuote\/pyora-hbh35wc100r4f1r0n\/#primaryimage","url":"https:\/\/cascoo.ee\/wp-content\/uploads\/2023\/08\/HBH35WC100R4F1R0N.jpg","contentUrl":"https:\/\/cascoo.ee\/wp-content\/uploads\/2023\/08\/HBH35WC100R4F1R0N.jpg","width":1200,"height":1200},{"@type":"BreadcrumbList","@id":"https:\/\/cascoo.ee\/fi\/tuote\/pyora-hbh35wc100r4f1r0n\/#breadcrumb","itemListElement":[{"@type":"ListItem","position":1,"name":"Etusivu","item":"https:\/\/cascoo.ee\/fi\/teollisuuspyorat-ja-rullat\/"},{"@type":"ListItem","position":2,"name":"Teollisuuspy\u00f6r\u00e4t ja -rullat","item":"https:\/\/cascoo.ee\/fi\/teollisuuspyorat-ja-rullat\/"},{"@type":"ListItem","position":3,"name":"Py\u00f6r\u00e4 HBH35WC100R4F1R0N"}]},{"@type":"WebSite","@id":"https:\/\/cascoo.ee\/fi\/#website","url":"https:\/\/cascoo.ee\/fi\/","name":"Cascoo","description":"Industrial Wheels and Castors","publisher":{"@id":"https:\/\/cascoo.ee\/fi\/#organization"},"potentialAction":[{"@type":"SearchAction","target":{"@type":"EntryPoint","urlTemplate":"https:\/\/cascoo.ee\/fi\/?s={search_term_string}"},"query-input":{"@type":"PropertyValueSpecification","valueRequired":true,"valueName":"search_term_string"}}],"inLanguage":"fi"},{"@type":"Organization","@id":"https:\/\/cascoo.ee\/fi\/#organization","name":"Cascoo","url":"https:\/\/cascoo.ee\/fi\/","logo":{"@type":"ImageObject","inLanguage":"fi","@id":"https:\/\/cascoo.ee\/fi\/#\/schema\/logo\/image\/","url":"https:\/\/cascoo.ee\/wp-content\/uploads\/2023\/07\/Cascoo.png","contentUrl":"https:\/\/cascoo.ee\/wp-content\/uploads\/2023\/07\/Cascoo.png","width":130,"height":51,"caption":"Cascoo"},"image":{"@id":"https:\/\/cascoo.ee\/fi\/#\/schema\/logo\/image\/"}}]}},"jetpack-related-posts":[{"id":22669,"url":"https:\/\/cascoo.ee\/fi\/tuote\/pyora-bzh35wc050swu5d0n\/","url_meta":{"origin":22098,"position":0},"title":"Py\u00f6r\u00e4 BZH35WC050SWU5D0N","author":"admin","date":"14.8.2023","format":false,"excerpt":"","rel":"","context":"Samankaltainen artikkeli","block_context":{"text":"Samankaltainen artikkeli","link":""},"img":{"alt_text":"BZH35WC050SWU5D0N","src":"https:\/\/i0.wp.com\/cascoo.ee\/wp-content\/uploads\/2023\/08\/BZH35WC050SWU5D0N.jpg?resize=350%2C200&ssl=1","width":350,"height":200,"srcset":"https:\/\/i0.wp.com\/cascoo.ee\/wp-content\/uploads\/2023\/08\/BZH35WC050SWU5D0N.jpg?resize=350%2C200&ssl=1 1x, https:\/\/i0.wp.com\/cascoo.ee\/wp-content\/uploads\/2023\/08\/BZH35WC050SWU5D0N.jpg?resize=525%2C300&ssl=1 1.5x, https:\/\/i0.wp.com\/cascoo.ee\/wp-content\/uploads\/2023\/08\/BZH35WC050SWU5D0N.jpg?resize=700%2C400&ssl=1 2x, https:\/\/i0.wp.com\/cascoo.ee\/wp-content\/uploads\/2023\/08\/BZH35WC050SWU5D0N.jpg?resize=1050%2C600&ssl=1 3x"},"classes":[]},{"id":22024,"url":"https:\/\/cascoo.ee\/fi\/tuote\/pyora-hph35wc080r4e2b34\/","url_meta":{"origin":22098,"position":1},"title":"Py\u00f6r\u00e4 HPH35WC080R4E2B34","author":"admin","date":"14.8.2023","format":false,"excerpt":"","rel":"","context":"Samankaltainen artikkeli","block_context":{"text":"Samankaltainen artikkeli","link":""},"img":{"alt_text":"","src":"https:\/\/i0.wp.com\/cascoo.ee\/wp-content\/uploads\/2023\/08\/HPH35WC080R4E2B34.jpg?resize=350%2C200&ssl=1","width":350,"height":200,"srcset":"https:\/\/i0.wp.com\/cascoo.ee\/wp-content\/uploads\/2023\/08\/HPH35WC080R4E2B34.jpg?resize=350%2C200&ssl=1 1x, https:\/\/i0.wp.com\/cascoo.ee\/wp-content\/uploads\/2023\/08\/HPH35WC080R4E2B34.jpg?resize=525%2C300&ssl=1 1.5x, https:\/\/i0.wp.com\/cascoo.ee\/wp-content\/uploads\/2023\/08\/HPH35WC080R4E2B34.jpg?resize=700%2C400&ssl=1 2x, https:\/\/i0.wp.com\/cascoo.ee\/wp-content\/uploads\/2023\/08\/HPH35WC080R4E2B34.jpg?resize=1050%2C600&ssl=1 3x"},"classes":[]},{"id":21817,"url":"https:\/\/cascoo.ee\/fi\/tuote\/pyora-hph35wc080r4e1b34\/","url_meta":{"origin":22098,"position":2},"title":"Py\u00f6r\u00e4 HPH35WC080R4E1B34","author":"admin","date":"14.8.2023","format":false,"excerpt":"","rel":"","context":"Samankaltainen artikkeli","block_context":{"text":"Samankaltainen artikkeli","link":""},"img":{"alt_text":"","src":"https:\/\/i0.wp.com\/cascoo.ee\/wp-content\/uploads\/2023\/08\/HPH35WC080R4E1B34.jpg?resize=350%2C200&ssl=1","width":350,"height":200,"srcset":"https:\/\/i0.wp.com\/cascoo.ee\/wp-content\/uploads\/2023\/08\/HPH35WC080R4E1B34.jpg?resize=350%2C200&ssl=1 1x, https:\/\/i0.wp.com\/cascoo.ee\/wp-content\/uploads\/2023\/08\/HPH35WC080R4E1B34.jpg?resize=525%2C300&ssl=1 1.5x, https:\/\/i0.wp.com\/cascoo.ee\/wp-content\/uploads\/2023\/08\/HPH35WC080R4E1B34.jpg?resize=700%2C400&ssl=1 2x, https:\/\/i0.wp.com\/cascoo.ee\/wp-content\/uploads\/2023\/08\/HPH35WC080R4E1B34.jpg?resize=1050%2C600&ssl=1 3x"},"classes":[]},{"id":22016,"url":"https:\/\/cascoo.ee\/fi\/tuote\/kaantopyora-hph35wc100r4e2b34\/","url_meta":{"origin":22098,"position":3},"title":"Py\u00f6r\u00e4 HPH35WC100R4E2B34","author":"admin","date":"14.8.2023","format":false,"excerpt":"","rel":"","context":"Samankaltainen artikkeli","block_context":{"text":"Samankaltainen artikkeli","link":""},"img":{"alt_text":"","src":"https:\/\/i0.wp.com\/cascoo.ee\/wp-content\/uploads\/2023\/08\/HPH35WC100R4E2B34.jpg?resize=350%2C200&ssl=1","width":350,"height":200,"srcset":"https:\/\/i0.wp.com\/cascoo.ee\/wp-content\/uploads\/2023\/08\/HPH35WC100R4E2B34.jpg?resize=350%2C200&ssl=1 1x, https:\/\/i0.wp.com\/cascoo.ee\/wp-content\/uploads\/2023\/08\/HPH35WC100R4E2B34.jpg?resize=525%2C300&ssl=1 1.5x, https:\/\/i0.wp.com\/cascoo.ee\/wp-content\/uploads\/2023\/08\/HPH35WC100R4E2B34.jpg?resize=700%2C400&ssl=1 2x, https:\/\/i0.wp.com\/cascoo.ee\/wp-content\/uploads\/2023\/08\/HPH35WC100R4E2B34.jpg?resize=1050%2C600&ssl=1 3x"},"classes":[]},{"id":21942,"url":"https:\/\/cascoo.ee\/fi\/tuote\/pyora-bph35wc080r4e2b34\/","url_meta":{"origin":22098,"position":4},"title":"Py\u00f6r\u00e4 BPH35WC080R4E2B34","author":"admin","date":"14.8.2023","format":false,"excerpt":"","rel":"","context":"Samankaltainen artikkeli","block_context":{"text":"Samankaltainen artikkeli","link":""},"img":{"alt_text":"","src":"https:\/\/i0.wp.com\/cascoo.ee\/wp-content\/uploads\/2023\/08\/BPH35WC080R4E2B34.jpg?resize=350%2C200&ssl=1","width":350,"height":200,"srcset":"https:\/\/i0.wp.com\/cascoo.ee\/wp-content\/uploads\/2023\/08\/BPH35WC080R4E2B34.jpg?resize=350%2C200&ssl=1 1x, https:\/\/i0.wp.com\/cascoo.ee\/wp-content\/uploads\/2023\/08\/BPH35WC080R4E2B34.jpg?resize=525%2C300&ssl=1 1.5x, https:\/\/i0.wp.com\/cascoo.ee\/wp-content\/uploads\/2023\/08\/BPH35WC080R4E2B34.jpg?resize=700%2C400&ssl=1 2x, https:\/\/i0.wp.com\/cascoo.ee\/wp-content\/uploads\/2023\/08\/BPH35WC080R4E2B34.jpg?resize=1050%2C600&ssl=1 3x"},"classes":[]},{"id":22034,"url":"https:\/\/cascoo.ee\/fi\/tuote\/pyora-bph35wc100r4e2b34\/","url_meta":{"origin":22098,"position":5},"title":"Py\u00f6r\u00e4 BPH35WC100R4E2B34","author":"admin","date":"14.8.2023","format":false,"excerpt":"","rel":"","context":"Samankaltainen artikkeli","block_context":{"text":"Samankaltainen artikkeli","link":""},"img":{"alt_text":"","src":"https:\/\/i0.wp.com\/cascoo.ee\/wp-content\/uploads\/2023\/08\/BPH35WC100R4E2B34.jpg?resize=350%2C200&ssl=1","width":350,"height":200,"srcset":"https:\/\/i0.wp.com\/cascoo.ee\/wp-content\/uploads\/2023\/08\/BPH35WC100R4E2B34.jpg?resize=350%2C200&ssl=1 1x, https:\/\/i0.wp.com\/cascoo.ee\/wp-content\/uploads\/2023\/08\/BPH35WC100R4E2B34.jpg?resize=525%2C300&ssl=1 1.5x, https:\/\/i0.wp.com\/cascoo.ee\/wp-content\/uploads\/2023\/08\/BPH35WC100R4E2B34.jpg?resize=700%2C400&ssl=1 2x, https:\/\/i0.wp.com\/cascoo.ee\/wp-content\/uploads\/2023\/08\/BPH35WC100R4E2B34.jpg?resize=1050%2C600&ssl=1 3x"},"classes":[]}],"jetpack_sharing_enabled":true,"_links":{"self":[{"href":"https:\/\/cascoo.ee\/fi\/wp-json\/wp\/v2\/product\/22098","targetHints":{"allow":["GET"]}}],"collection":[{"href":"https:\/\/cascoo.ee\/fi\/wp-json\/wp\/v2\/product"}],"about":[{"href":"https:\/\/cascoo.ee\/fi\/wp-json\/wp\/v2\/types\/product"}],"wp:featuredmedia":[{"embeddable":true,"href":"https:\/\/cascoo.ee\/fi\/wp-json\/wp\/v2\/media\/22101"}],"wp:attachment":[{"href":"https:\/\/cascoo.ee\/fi\/wp-json\/wp\/v2\/media?parent=22098"}],"wp:term":[{"taxonomy":"product_brand","embeddable":true,"href":"https:\/\/cascoo.ee\/fi\/wp-json\/wp\/v2\/product_brand?post=22098"},{"taxonomy":"product_cat","embeddable":true,"href":"https:\/\/cascoo.ee\/fi\/wp-json\/wp\/v2\/product_cat?post=22098"},{"taxonomy":"product_tag","embeddable":true,"href":"https:\/\/cascoo.ee\/fi\/wp-json\/wp\/v2\/product_tag?post=22098"}],"curies":[{"name":"wp","href":"https:\/\/api.w.org\/{rel}","templated":true}]}}