{"id":22025,"date":"2023-08-14T09:40:03","date_gmt":"2023-08-14T09:40:03","guid":{"rendered":"https:\/\/cascoo.ee\/product\/kaantopyora-hih36sc100r4e2q0n\/"},"modified":"2026-01-14T09:18:24","modified_gmt":"2026-01-14T09:18:24","slug":"kaantopyora-hih36sc100r4e2q0n","status":"publish","type":"product","link":"https:\/\/cascoo.ee\/fi\/tuote\/kaantopyora-hih36sc100r4e2q0n\/","title":{"rendered":"Py\u00f6r\u00e4 HIH36SC100R4E2Q0N"},"content":{"rendered":"<p>Ruostumaton ter\u00e4shaarukka kuulalaakerilla, pulttikiinnitys, reik\u00e4 \u00f813 mm. Haarukan materiaalin paksuus 2,50 mm (kiinnitys) ja 2,00 mm (haarukka). Py\u00f6r\u00e4n sis\u00e4osa polyamidia, kulutuspinta elastista 65\u00b0 Shore A. Py\u00f6r\u00e4n keski\u00f6n leveys 40 mm. Rullalaakeri ilman erillist\u00e4 laakerisuojaa.<\/p>\n","protected":false},"excerpt":{"rendered":"[product_table id=\"1417\" skus=\"HIH36SC100R4E2Q0N\"]\n","protected":false},"featured_media":22028,"template":"","meta":{"_acf_changed":false},"product_brand":[],"product_cat":[8790,8860,8754,8773],"product_tag":[],"class_list":{"0":"post-22025","1":"product","2":"type-product","3":"status-publish","4":"has-post-thumbnail","6":"product_cat-kantavuus-150kg","7":"product_cat-pyoran-halkaisija-100mm","8":"product_cat-pyorat","9":"product_cat-sarja-r4e2-polyamidi-pa","10":"pa_castor-fastening-keskireika","11":"pa_material-of-the-wheel-polyamidi","12":"pa_tread-elastinen-kumi","14":"first","15":"onbackorder","16":"taxable","17":"shipping-taxable","18":"purchasable","19":"product-type-simple"},"acf":[],"ct_brands":[],"yoast_head":"<!-- This site is optimized with the Yoast SEO plugin v27.5 - https:\/\/yoast.com\/product\/yoast-seo-wordpress\/ -->\n<title>Py\u00f6r\u00e4 HIH36SC100R4E2Q0N - Cascoo<\/title>\n<meta name=\"description\" content=\"100 mm, pulttikiinnitteinen siirtopy\u00f6r\u00e4, py\u00f6r\u00e4n sis\u00e4osa polyamidia, kulutuspinta elastista 65\u00b0 Shore A, kantavuus: 150 kg\" \/>\n<meta name=\"robots\" content=\"index, follow, max-snippet:-1, max-image-preview:large, max-video-preview:-1\" \/>\n<link rel=\"canonical\" href=\"https:\/\/cascoo.ee\/fi\/tuote\/kaantopyora-hih36sc100r4e2q0n\/\" \/>\n<meta property=\"og:locale\" content=\"fi_FI\" \/>\n<meta property=\"og:type\" content=\"article\" \/>\n<meta property=\"og:title\" content=\"Py\u00f6r\u00e4 HIH36SC100R4E2Q0N - Cascoo\" \/>\n<meta property=\"og:description\" content=\"100 mm, pulttikiinnitteinen siirtopy\u00f6r\u00e4, py\u00f6r\u00e4n sis\u00e4osa polyamidia, kulutuspinta elastista 65\u00b0 Shore A, kantavuus: 150 kg\" \/>\n<meta property=\"og:url\" content=\"https:\/\/cascoo.ee\/fi\/tuote\/kaantopyora-hih36sc100r4e2q0n\/\" \/>\n<meta property=\"og:site_name\" content=\"Cascoo\" \/>\n<meta property=\"article:modified_time\" content=\"2026-01-14T09:18:24+00:00\" \/>\n<meta property=\"og:image\" content=\"https:\/\/cascoo.ee\/wp-content\/uploads\/2023\/08\/HIH36SC100R4E2Q0N.jpg\" \/>\n\t<meta property=\"og:image:width\" content=\"1200\" \/>\n\t<meta property=\"og:image:height\" content=\"1200\" \/>\n\t<meta property=\"og:image:type\" content=\"image\/jpeg\" \/>\n<meta name=\"twitter:card\" content=\"summary_large_image\" \/>\n<script type=\"application\/ld+json\" class=\"yoast-schema-graph\">{\"@context\":\"https:\\\/\\\/schema.org\",\"@graph\":[{\"@type\":\"WebPage\",\"@id\":\"https:\\\/\\\/cascoo.ee\\\/fi\\\/tuote\\\/kaantopyora-hih36sc100r4e2q0n\\\/\",\"url\":\"https:\\\/\\\/cascoo.ee\\\/fi\\\/tuote\\\/kaantopyora-hih36sc100r4e2q0n\\\/\",\"name\":\"Py\u00f6r\u00e4 HIH36SC100R4E2Q0N - Cascoo\",\"isPartOf\":{\"@id\":\"https:\\\/\\\/cascoo.ee\\\/fi\\\/#website\"},\"primaryImageOfPage\":{\"@id\":\"https:\\\/\\\/cascoo.ee\\\/fi\\\/tuote\\\/kaantopyora-hih36sc100r4e2q0n\\\/#primaryimage\"},\"image\":{\"@id\":\"https:\\\/\\\/cascoo.ee\\\/fi\\\/tuote\\\/kaantopyora-hih36sc100r4e2q0n\\\/#primaryimage\"},\"thumbnailUrl\":\"https:\\\/\\\/cascoo.ee\\\/wp-content\\\/uploads\\\/2023\\\/08\\\/HIH36SC100R4E2Q0N.jpg\",\"datePublished\":\"2023-08-14T09:40:03+00:00\",\"dateModified\":\"2026-01-14T09:18:24+00:00\",\"description\":\"100 mm, pulttikiinnitteinen siirtopy\u00f6r\u00e4, py\u00f6r\u00e4n sis\u00e4osa polyamidia, kulutuspinta elastista 65\u00b0 Shore A, kantavuus: 150 kg\",\"breadcrumb\":{\"@id\":\"https:\\\/\\\/cascoo.ee\\\/fi\\\/tuote\\\/kaantopyora-hih36sc100r4e2q0n\\\/#breadcrumb\"},\"inLanguage\":\"fi\",\"potentialAction\":[{\"@type\":\"ReadAction\",\"target\":[\"https:\\\/\\\/cascoo.ee\\\/fi\\\/tuote\\\/kaantopyora-hih36sc100r4e2q0n\\\/\"]}]},{\"@type\":\"ImageObject\",\"inLanguage\":\"fi\",\"@id\":\"https:\\\/\\\/cascoo.ee\\\/fi\\\/tuote\\\/kaantopyora-hih36sc100r4e2q0n\\\/#primaryimage\",\"url\":\"https:\\\/\\\/cascoo.ee\\\/wp-content\\\/uploads\\\/2023\\\/08\\\/HIH36SC100R4E2Q0N.jpg\",\"contentUrl\":\"https:\\\/\\\/cascoo.ee\\\/wp-content\\\/uploads\\\/2023\\\/08\\\/HIH36SC100R4E2Q0N.jpg\",\"width\":1200,\"height\":1200},{\"@type\":\"BreadcrumbList\",\"@id\":\"https:\\\/\\\/cascoo.ee\\\/fi\\\/tuote\\\/kaantopyora-hih36sc100r4e2q0n\\\/#breadcrumb\",\"itemListElement\":[{\"@type\":\"ListItem\",\"position\":1,\"name\":\"Etusivu\",\"item\":\"https:\\\/\\\/cascoo.ee\\\/fi\\\/teollisuuspyorat-ja-rullat\\\/\"},{\"@type\":\"ListItem\",\"position\":2,\"name\":\"Teollisuuspy\u00f6r\u00e4t ja -rullat\",\"item\":\"https:\\\/\\\/cascoo.ee\\\/fi\\\/teollisuuspyorat-ja-rullat\\\/\"},{\"@type\":\"ListItem\",\"position\":3,\"name\":\"Py\u00f6r\u00e4 HIH36SC100R4E2Q0N\"}]},{\"@type\":\"WebSite\",\"@id\":\"https:\\\/\\\/cascoo.ee\\\/fi\\\/#website\",\"url\":\"https:\\\/\\\/cascoo.ee\\\/fi\\\/\",\"name\":\"Cascoo\",\"description\":\"Industrial Wheels and Castors\",\"publisher\":{\"@id\":\"https:\\\/\\\/cascoo.ee\\\/fi\\\/#organization\"},\"potentialAction\":[{\"@type\":\"SearchAction\",\"target\":{\"@type\":\"EntryPoint\",\"urlTemplate\":\"https:\\\/\\\/cascoo.ee\\\/fi\\\/?s={search_term_string}\"},\"query-input\":{\"@type\":\"PropertyValueSpecification\",\"valueRequired\":true,\"valueName\":\"search_term_string\"}}],\"inLanguage\":\"fi\"},{\"@type\":\"Organization\",\"@id\":\"https:\\\/\\\/cascoo.ee\\\/fi\\\/#organization\",\"name\":\"Cascoo\",\"url\":\"https:\\\/\\\/cascoo.ee\\\/fi\\\/\",\"logo\":{\"@type\":\"ImageObject\",\"inLanguage\":\"fi\",\"@id\":\"https:\\\/\\\/cascoo.ee\\\/fi\\\/#\\\/schema\\\/logo\\\/image\\\/\",\"url\":\"https:\\\/\\\/cascoo.ee\\\/wp-content\\\/uploads\\\/2023\\\/07\\\/Cascoo.png\",\"contentUrl\":\"https:\\\/\\\/cascoo.ee\\\/wp-content\\\/uploads\\\/2023\\\/07\\\/Cascoo.png\",\"width\":130,\"height\":51,\"caption\":\"Cascoo\"},\"image\":{\"@id\":\"https:\\\/\\\/cascoo.ee\\\/fi\\\/#\\\/schema\\\/logo\\\/image\\\/\"}}]}<\/script>\n<!-- \/ Yoast SEO plugin. -->","yoast_head_json":{"title":"Py\u00f6r\u00e4 HIH36SC100R4E2Q0N - Cascoo","description":"100 mm, pulttikiinnitteinen siirtopy\u00f6r\u00e4, py\u00f6r\u00e4n sis\u00e4osa polyamidia, kulutuspinta elastista 65\u00b0 Shore A, kantavuus: 150 kg","robots":{"index":"index","follow":"follow","max-snippet":"max-snippet:-1","max-image-preview":"max-image-preview:large","max-video-preview":"max-video-preview:-1"},"canonical":"https:\/\/cascoo.ee\/fi\/tuote\/kaantopyora-hih36sc100r4e2q0n\/","og_locale":"fi_FI","og_type":"article","og_title":"Py\u00f6r\u00e4 HIH36SC100R4E2Q0N - Cascoo","og_description":"100 mm, pulttikiinnitteinen siirtopy\u00f6r\u00e4, py\u00f6r\u00e4n sis\u00e4osa polyamidia, kulutuspinta elastista 65\u00b0 Shore A, kantavuus: 150 kg","og_url":"https:\/\/cascoo.ee\/fi\/tuote\/kaantopyora-hih36sc100r4e2q0n\/","og_site_name":"Cascoo","article_modified_time":"2026-01-14T09:18:24+00:00","og_image":[{"width":1200,"height":1200,"url":"https:\/\/cascoo.ee\/wp-content\/uploads\/2023\/08\/HIH36SC100R4E2Q0N.jpg","type":"image\/jpeg"}],"twitter_card":"summary_large_image","schema":{"@context":"https:\/\/schema.org","@graph":[{"@type":"WebPage","@id":"https:\/\/cascoo.ee\/fi\/tuote\/kaantopyora-hih36sc100r4e2q0n\/","url":"https:\/\/cascoo.ee\/fi\/tuote\/kaantopyora-hih36sc100r4e2q0n\/","name":"Py\u00f6r\u00e4 HIH36SC100R4E2Q0N - Cascoo","isPartOf":{"@id":"https:\/\/cascoo.ee\/fi\/#website"},"primaryImageOfPage":{"@id":"https:\/\/cascoo.ee\/fi\/tuote\/kaantopyora-hih36sc100r4e2q0n\/#primaryimage"},"image":{"@id":"https:\/\/cascoo.ee\/fi\/tuote\/kaantopyora-hih36sc100r4e2q0n\/#primaryimage"},"thumbnailUrl":"https:\/\/cascoo.ee\/wp-content\/uploads\/2023\/08\/HIH36SC100R4E2Q0N.jpg","datePublished":"2023-08-14T09:40:03+00:00","dateModified":"2026-01-14T09:18:24+00:00","description":"100 mm, pulttikiinnitteinen siirtopy\u00f6r\u00e4, py\u00f6r\u00e4n sis\u00e4osa polyamidia, kulutuspinta elastista 65\u00b0 Shore A, kantavuus: 150 kg","breadcrumb":{"@id":"https:\/\/cascoo.ee\/fi\/tuote\/kaantopyora-hih36sc100r4e2q0n\/#breadcrumb"},"inLanguage":"fi","potentialAction":[{"@type":"ReadAction","target":["https:\/\/cascoo.ee\/fi\/tuote\/kaantopyora-hih36sc100r4e2q0n\/"]}]},{"@type":"ImageObject","inLanguage":"fi","@id":"https:\/\/cascoo.ee\/fi\/tuote\/kaantopyora-hih36sc100r4e2q0n\/#primaryimage","url":"https:\/\/cascoo.ee\/wp-content\/uploads\/2023\/08\/HIH36SC100R4E2Q0N.jpg","contentUrl":"https:\/\/cascoo.ee\/wp-content\/uploads\/2023\/08\/HIH36SC100R4E2Q0N.jpg","width":1200,"height":1200},{"@type":"BreadcrumbList","@id":"https:\/\/cascoo.ee\/fi\/tuote\/kaantopyora-hih36sc100r4e2q0n\/#breadcrumb","itemListElement":[{"@type":"ListItem","position":1,"name":"Etusivu","item":"https:\/\/cascoo.ee\/fi\/teollisuuspyorat-ja-rullat\/"},{"@type":"ListItem","position":2,"name":"Teollisuuspy\u00f6r\u00e4t ja -rullat","item":"https:\/\/cascoo.ee\/fi\/teollisuuspyorat-ja-rullat\/"},{"@type":"ListItem","position":3,"name":"Py\u00f6r\u00e4 HIH36SC100R4E2Q0N"}]},{"@type":"WebSite","@id":"https:\/\/cascoo.ee\/fi\/#website","url":"https:\/\/cascoo.ee\/fi\/","name":"Cascoo","description":"Industrial Wheels and Castors","publisher":{"@id":"https:\/\/cascoo.ee\/fi\/#organization"},"potentialAction":[{"@type":"SearchAction","target":{"@type":"EntryPoint","urlTemplate":"https:\/\/cascoo.ee\/fi\/?s={search_term_string}"},"query-input":{"@type":"PropertyValueSpecification","valueRequired":true,"valueName":"search_term_string"}}],"inLanguage":"fi"},{"@type":"Organization","@id":"https:\/\/cascoo.ee\/fi\/#organization","name":"Cascoo","url":"https:\/\/cascoo.ee\/fi\/","logo":{"@type":"ImageObject","inLanguage":"fi","@id":"https:\/\/cascoo.ee\/fi\/#\/schema\/logo\/image\/","url":"https:\/\/cascoo.ee\/wp-content\/uploads\/2023\/07\/Cascoo.png","contentUrl":"https:\/\/cascoo.ee\/wp-content\/uploads\/2023\/07\/Cascoo.png","width":130,"height":51,"caption":"Cascoo"},"image":{"@id":"https:\/\/cascoo.ee\/fi\/#\/schema\/logo\/image\/"}}]}},"jetpack-related-posts":[{"id":22669,"url":"https:\/\/cascoo.ee\/fi\/tuote\/pyora-bzh35wc050swu5d0n\/","url_meta":{"origin":22025,"position":0},"title":"Py\u00f6r\u00e4 BZH35WC050SWU5D0N","author":"admin","date":"14.8.2023","format":false,"excerpt":"","rel":"","context":"Samankaltainen artikkeli","block_context":{"text":"Samankaltainen artikkeli","link":""},"img":{"alt_text":"BZH35WC050SWU5D0N","src":"https:\/\/i0.wp.com\/cascoo.ee\/wp-content\/uploads\/2023\/08\/BZH35WC050SWU5D0N.jpg?resize=350%2C200&ssl=1","width":350,"height":200,"srcset":"https:\/\/i0.wp.com\/cascoo.ee\/wp-content\/uploads\/2023\/08\/BZH35WC050SWU5D0N.jpg?resize=350%2C200&ssl=1 1x, https:\/\/i0.wp.com\/cascoo.ee\/wp-content\/uploads\/2023\/08\/BZH35WC050SWU5D0N.jpg?resize=525%2C300&ssl=1 1.5x, https:\/\/i0.wp.com\/cascoo.ee\/wp-content\/uploads\/2023\/08\/BZH35WC050SWU5D0N.jpg?resize=700%2C400&ssl=1 2x, https:\/\/i0.wp.com\/cascoo.ee\/wp-content\/uploads\/2023\/08\/BZH35WC050SWU5D0N.jpg?resize=1050%2C600&ssl=1 3x"},"classes":[]},{"id":22682,"url":"https:\/\/cascoo.ee\/fi\/tuote\/pyora-hzh12wc035swu5d0n\/","url_meta":{"origin":22025,"position":1},"title":"Py\u00f6r\u00e4 HZH12WC035SWU5D0N","author":"admin","date":"14.8.2023","format":false,"excerpt":"","rel":"","context":"Samankaltainen artikkeli","block_context":{"text":"Samankaltainen artikkeli","link":""},"img":{"alt_text":"HZH12WC035SWU5D0N","src":"https:\/\/i0.wp.com\/cascoo.ee\/wp-content\/uploads\/2023\/08\/HZH12WC035SWU5D0N.jpg?resize=350%2C200&ssl=1","width":350,"height":200,"srcset":"https:\/\/i0.wp.com\/cascoo.ee\/wp-content\/uploads\/2023\/08\/HZH12WC035SWU5D0N.jpg?resize=350%2C200&ssl=1 1x, https:\/\/i0.wp.com\/cascoo.ee\/wp-content\/uploads\/2023\/08\/HZH12WC035SWU5D0N.jpg?resize=525%2C300&ssl=1 1.5x, https:\/\/i0.wp.com\/cascoo.ee\/wp-content\/uploads\/2023\/08\/HZH12WC035SWU5D0N.jpg?resize=700%2C400&ssl=1 2x, https:\/\/i0.wp.com\/cascoo.ee\/wp-content\/uploads\/2023\/08\/HZH12WC035SWU5D0N.jpg?resize=1050%2C600&ssl=1 3x"},"classes":[]},{"id":22685,"url":"https:\/\/cascoo.ee\/fi\/tuote\/pyora-bzh12wc035swu5d0n\/","url_meta":{"origin":22025,"position":2},"title":"Py\u00f6r\u00e4 BZH12WC035SWU5D0N","author":"admin","date":"14.8.2023","format":false,"excerpt":"","rel":"","context":"Samankaltainen artikkeli","block_context":{"text":"Samankaltainen artikkeli","link":""},"img":{"alt_text":"BZH12WC035SWU5D0N","src":"https:\/\/i0.wp.com\/cascoo.ee\/wp-content\/uploads\/2023\/08\/BZH12WC035SWU5D0N.jpg?resize=350%2C200&ssl=1","width":350,"height":200,"srcset":"https:\/\/i0.wp.com\/cascoo.ee\/wp-content\/uploads\/2023\/08\/BZH12WC035SWU5D0N.jpg?resize=350%2C200&ssl=1 1x, https:\/\/i0.wp.com\/cascoo.ee\/wp-content\/uploads\/2023\/08\/BZH12WC035SWU5D0N.jpg?resize=525%2C300&ssl=1 1.5x, https:\/\/i0.wp.com\/cascoo.ee\/wp-content\/uploads\/2023\/08\/BZH12WC035SWU5D0N.jpg?resize=700%2C400&ssl=1 2x, https:\/\/i0.wp.com\/cascoo.ee\/wp-content\/uploads\/2023\/08\/BZH12WC035SWU5D0N.jpg?resize=1050%2C600&ssl=1 3x"},"classes":[]},{"id":20459,"url":"https:\/\/cascoo.ee\/fi\/tuote\/pyora-hah19c0050p2t2p0n\/","url_meta":{"origin":22025,"position":3},"title":"Py\u00f6r\u00e4 HAH19C0050P2T2P0N","author":"admin","date":"14.8.2023","format":false,"excerpt":"","rel":"","context":"Samankaltainen artikkeli","block_context":{"text":"Samankaltainen artikkeli","link":""},"img":{"alt_text":"","src":"https:\/\/i0.wp.com\/cascoo.ee\/wp-content\/uploads\/2023\/08\/HAH19C0050P2T2P0N.jpg?resize=350%2C200&ssl=1","width":350,"height":200,"srcset":"https:\/\/i0.wp.com\/cascoo.ee\/wp-content\/uploads\/2023\/08\/HAH19C0050P2T2P0N.jpg?resize=350%2C200&ssl=1 1x, https:\/\/i0.wp.com\/cascoo.ee\/wp-content\/uploads\/2023\/08\/HAH19C0050P2T2P0N.jpg?resize=525%2C300&ssl=1 1.5x, https:\/\/i0.wp.com\/cascoo.ee\/wp-content\/uploads\/2023\/08\/HAH19C0050P2T2P0N.jpg?resize=700%2C400&ssl=1 2x, https:\/\/i0.wp.com\/cascoo.ee\/wp-content\/uploads\/2023\/08\/HAH19C0050P2T2P0N.jpg?resize=1050%2C600&ssl=1 3x"},"classes":[]},{"id":20864,"url":"https:\/\/cascoo.ee\/fi\/tuote\/pyora-hdhhhc0050p2t2p0n\/","url_meta":{"origin":22025,"position":4},"title":"Py\u00f6r\u00e4 HDHHHC0050P2T2P0N","author":"admin","date":"14.8.2023","format":false,"excerpt":"","rel":"","context":"Samankaltainen artikkeli","block_context":{"text":"Samankaltainen artikkeli","link":""},"img":{"alt_text":"","src":"https:\/\/i0.wp.com\/cascoo.ee\/wp-content\/uploads\/2023\/08\/HDHHHC0050P2T2P0N.jpg?resize=350%2C200&ssl=1","width":350,"height":200,"srcset":"https:\/\/i0.wp.com\/cascoo.ee\/wp-content\/uploads\/2023\/08\/HDHHHC0050P2T2P0N.jpg?resize=350%2C200&ssl=1 1x, https:\/\/i0.wp.com\/cascoo.ee\/wp-content\/uploads\/2023\/08\/HDHHHC0050P2T2P0N.jpg?resize=525%2C300&ssl=1 1.5x, https:\/\/i0.wp.com\/cascoo.ee\/wp-content\/uploads\/2023\/08\/HDHHHC0050P2T2P0N.jpg?resize=700%2C400&ssl=1 2x"},"classes":[]},{"id":20813,"url":"https:\/\/cascoo.ee\/fi\/tuote\/pyora-bdxhhc0050p2t2b42\/","url_meta":{"origin":22025,"position":5},"title":"Py\u00f6r\u00e4 BDXHHC0050P2T2B42","author":"admin","date":"14.8.2023","format":false,"excerpt":"","rel":"","context":"Samankaltainen artikkeli","block_context":{"text":"Samankaltainen artikkeli","link":""},"img":{"alt_text":"Pulttikiinnitteinen py\u00f6r\u00e4 jarrulla, galvanoitu ter\u00e4slevyhaarukka kaksoiskuulalaakerilla, py\u00f6r\u00e4n runko polypropeenia ja kulutuspinta termoplastista kumia BDXHHC0050P2T2B42","src":"https:\/\/i0.wp.com\/cascoo.ee\/wp-content\/uploads\/2023\/08\/BDXHHC0050P2T2B42.jpg?resize=350%2C200&ssl=1","width":350,"height":200,"srcset":"https:\/\/i0.wp.com\/cascoo.ee\/wp-content\/uploads\/2023\/08\/BDXHHC0050P2T2B42.jpg?resize=350%2C200&ssl=1 1x, https:\/\/i0.wp.com\/cascoo.ee\/wp-content\/uploads\/2023\/08\/BDXHHC0050P2T2B42.jpg?resize=525%2C300&ssl=1 1.5x, https:\/\/i0.wp.com\/cascoo.ee\/wp-content\/uploads\/2023\/08\/BDXHHC0050P2T2B42.jpg?resize=700%2C400&ssl=1 2x, https:\/\/i0.wp.com\/cascoo.ee\/wp-content\/uploads\/2023\/08\/BDXHHC0050P2T2B42.jpg?resize=1050%2C600&ssl=1 3x"},"classes":[]}],"jetpack_sharing_enabled":true,"_links":{"self":[{"href":"https:\/\/cascoo.ee\/fi\/wp-json\/wp\/v2\/product\/22025","targetHints":{"allow":["GET"]}}],"collection":[{"href":"https:\/\/cascoo.ee\/fi\/wp-json\/wp\/v2\/product"}],"about":[{"href":"https:\/\/cascoo.ee\/fi\/wp-json\/wp\/v2\/types\/product"}],"wp:featuredmedia":[{"embeddable":true,"href":"https:\/\/cascoo.ee\/fi\/wp-json\/wp\/v2\/media\/22028"}],"wp:attachment":[{"href":"https:\/\/cascoo.ee\/fi\/wp-json\/wp\/v2\/media?parent=22025"}],"wp:term":[{"taxonomy":"product_brand","embeddable":true,"href":"https:\/\/cascoo.ee\/fi\/wp-json\/wp\/v2\/product_brand?post=22025"},{"taxonomy":"product_cat","embeddable":true,"href":"https:\/\/cascoo.ee\/fi\/wp-json\/wp\/v2\/product_cat?post=22025"},{"taxonomy":"product_tag","embeddable":true,"href":"https:\/\/cascoo.ee\/fi\/wp-json\/wp\/v2\/product_tag?post=22025"}],"curies":[{"name":"wp","href":"https:\/\/api.w.org\/{rel}","templated":true}]}}