{"id":21444,"date":"2023-08-14T09:33:00","date_gmt":"2023-08-14T09:33:00","guid":{"rendered":"https:\/\/cascoo.ee\/product\/kaantopyora-bbh35wc080p2v2b32\/"},"modified":"2026-01-14T09:14:53","modified_gmt":"2026-01-14T09:14:53","slug":"kaantopyora-bbh35wc080p2v2b32","status":"publish","type":"product","link":"https:\/\/cascoo.ee\/fi\/tuote\/kaantopyora-bbh35wc080p2v2b32\/","title":{"rendered":"Py\u00f6r\u00e4 BBH35WC080P2V2B32"},"content":{"rendered":"<p>Sinkitty ter\u00e4slevyhaarukka kuulalaakerilla, pulttikiinnitys, reik\u00e4 \u00f813 mm. Haarukan materiaalin paksuus 2,50 mm (kiinnitys) ja 2,50 mm (haarukka). Py\u00f6r\u00e4n sis\u00e4osa polypropeenia, kulutuspinta termoplastista kumia 85\u00b0 Shore A. Py\u00f6r\u00e4n keskiosan leveys 40 mm. Kuulalaakeri, nailoninen laakerinsuoja.<\/p>\n","protected":false},"excerpt":{"rendered":"[product_table id=\"1417\" skus=\"BBH35WC080P2V2B32\"]\n","protected":false},"featured_media":21445,"template":"","meta":{"_acf_changed":false},"product_brand":[],"product_cat":[8781,8859,8754,8768],"product_tag":[],"class_list":{"0":"post-21444","1":"product","2":"type-product","3":"status-publish","4":"has-post-thumbnail","6":"product_cat-kantavuus-80kg","7":"product_cat-pyoran-halkaisija-80mm","8":"product_cat-pyorat","9":"product_cat-sarja-p2v2-polypropeeni-pp","10":"pa_castor-fastening-keskireika","11":"pa_material-of-the-wheel-polypropeeni","12":"pa_tread-termoplastinen-kumi","14":"first","15":"onbackorder","16":"taxable","17":"shipping-taxable","18":"product-type-simple"},"acf":[],"ct_brands":[],"yoast_head":"<!-- This site is optimized with the Yoast SEO plugin v27.5 - https:\/\/yoast.com\/product\/yoast-seo-wordpress\/ -->\n<title>Py\u00f6r\u00e4 BBH35WC080P2V2B32 - Cascoo<\/title>\n<meta name=\"description\" content=\"80 mm, pulttikiinnitteinen k\u00e4\u00e4nt\u00f6py\u00f6r\u00e4 jarrulla, py\u00f6r\u00e4n sis\u00e4osa polypropeenia, kulutuspinta termoplastista kumia 85\u00b0 Shore A. Kantavuus: 80 kg.\" \/>\n<meta name=\"robots\" content=\"index, follow, max-snippet:-1, max-image-preview:large, max-video-preview:-1\" \/>\n<link rel=\"canonical\" href=\"https:\/\/cascoo.ee\/fi\/tuote\/kaantopyora-bbh35wc080p2v2b32\/\" \/>\n<meta property=\"og:locale\" content=\"fi_FI\" \/>\n<meta property=\"og:type\" content=\"article\" \/>\n<meta property=\"og:title\" content=\"Py\u00f6r\u00e4 BBH35WC080P2V2B32 - Cascoo\" \/>\n<meta property=\"og:description\" content=\"80 mm, pulttikiinnitteinen k\u00e4\u00e4nt\u00f6py\u00f6r\u00e4 jarrulla, py\u00f6r\u00e4n sis\u00e4osa polypropeenia, kulutuspinta termoplastista kumia 85\u00b0 Shore A. Kantavuus: 80 kg.\" \/>\n<meta property=\"og:url\" content=\"https:\/\/cascoo.ee\/fi\/tuote\/kaantopyora-bbh35wc080p2v2b32\/\" \/>\n<meta property=\"og:site_name\" content=\"Cascoo\" \/>\n<meta property=\"article:modified_time\" content=\"2026-01-14T09:14:53+00:00\" \/>\n<meta property=\"og:image\" content=\"https:\/\/cascoo.ee\/wp-content\/uploads\/2023\/08\/BBH35WC080P2V2B32.jpg\" \/>\n\t<meta property=\"og:image:width\" content=\"1200\" \/>\n\t<meta property=\"og:image:height\" content=\"1200\" \/>\n\t<meta property=\"og:image:type\" content=\"image\/jpeg\" \/>\n<meta name=\"twitter:card\" content=\"summary_large_image\" \/>\n<script type=\"application\/ld+json\" class=\"yoast-schema-graph\">{\"@context\":\"https:\\\/\\\/schema.org\",\"@graph\":[{\"@type\":\"WebPage\",\"@id\":\"https:\\\/\\\/cascoo.ee\\\/fi\\\/tuote\\\/kaantopyora-bbh35wc080p2v2b32\\\/\",\"url\":\"https:\\\/\\\/cascoo.ee\\\/fi\\\/tuote\\\/kaantopyora-bbh35wc080p2v2b32\\\/\",\"name\":\"Py\u00f6r\u00e4 BBH35WC080P2V2B32 - Cascoo\",\"isPartOf\":{\"@id\":\"https:\\\/\\\/cascoo.ee\\\/fi\\\/#website\"},\"primaryImageOfPage\":{\"@id\":\"https:\\\/\\\/cascoo.ee\\\/fi\\\/tuote\\\/kaantopyora-bbh35wc080p2v2b32\\\/#primaryimage\"},\"image\":{\"@id\":\"https:\\\/\\\/cascoo.ee\\\/fi\\\/tuote\\\/kaantopyora-bbh35wc080p2v2b32\\\/#primaryimage\"},\"thumbnailUrl\":\"https:\\\/\\\/cascoo.ee\\\/wp-content\\\/uploads\\\/2023\\\/08\\\/BBH35WC080P2V2B32.jpg\",\"datePublished\":\"2023-08-14T09:33:00+00:00\",\"dateModified\":\"2026-01-14T09:14:53+00:00\",\"description\":\"80 mm, pulttikiinnitteinen k\u00e4\u00e4nt\u00f6py\u00f6r\u00e4 jarrulla, py\u00f6r\u00e4n sis\u00e4osa polypropeenia, kulutuspinta termoplastista kumia 85\u00b0 Shore A. Kantavuus: 80 kg.\",\"breadcrumb\":{\"@id\":\"https:\\\/\\\/cascoo.ee\\\/fi\\\/tuote\\\/kaantopyora-bbh35wc080p2v2b32\\\/#breadcrumb\"},\"inLanguage\":\"fi\",\"potentialAction\":[{\"@type\":\"ReadAction\",\"target\":[\"https:\\\/\\\/cascoo.ee\\\/fi\\\/tuote\\\/kaantopyora-bbh35wc080p2v2b32\\\/\"]}]},{\"@type\":\"ImageObject\",\"inLanguage\":\"fi\",\"@id\":\"https:\\\/\\\/cascoo.ee\\\/fi\\\/tuote\\\/kaantopyora-bbh35wc080p2v2b32\\\/#primaryimage\",\"url\":\"https:\\\/\\\/cascoo.ee\\\/wp-content\\\/uploads\\\/2023\\\/08\\\/BBH35WC080P2V2B32.jpg\",\"contentUrl\":\"https:\\\/\\\/cascoo.ee\\\/wp-content\\\/uploads\\\/2023\\\/08\\\/BBH35WC080P2V2B32.jpg\",\"width\":1200,\"height\":1200},{\"@type\":\"BreadcrumbList\",\"@id\":\"https:\\\/\\\/cascoo.ee\\\/fi\\\/tuote\\\/kaantopyora-bbh35wc080p2v2b32\\\/#breadcrumb\",\"itemListElement\":[{\"@type\":\"ListItem\",\"position\":1,\"name\":\"Etusivu\",\"item\":\"https:\\\/\\\/cascoo.ee\\\/fi\\\/teollisuuspyorat-ja-rullat\\\/\"},{\"@type\":\"ListItem\",\"position\":2,\"name\":\"Teollisuuspy\u00f6r\u00e4t ja -rullat\",\"item\":\"https:\\\/\\\/cascoo.ee\\\/fi\\\/teollisuuspyorat-ja-rullat\\\/\"},{\"@type\":\"ListItem\",\"position\":3,\"name\":\"Py\u00f6r\u00e4 BBH35WC080P2V2B32\"}]},{\"@type\":\"WebSite\",\"@id\":\"https:\\\/\\\/cascoo.ee\\\/fi\\\/#website\",\"url\":\"https:\\\/\\\/cascoo.ee\\\/fi\\\/\",\"name\":\"Cascoo\",\"description\":\"Industrial Wheels and Castors\",\"publisher\":{\"@id\":\"https:\\\/\\\/cascoo.ee\\\/fi\\\/#organization\"},\"potentialAction\":[{\"@type\":\"SearchAction\",\"target\":{\"@type\":\"EntryPoint\",\"urlTemplate\":\"https:\\\/\\\/cascoo.ee\\\/fi\\\/?s={search_term_string}\"},\"query-input\":{\"@type\":\"PropertyValueSpecification\",\"valueRequired\":true,\"valueName\":\"search_term_string\"}}],\"inLanguage\":\"fi\"},{\"@type\":\"Organization\",\"@id\":\"https:\\\/\\\/cascoo.ee\\\/fi\\\/#organization\",\"name\":\"Cascoo\",\"url\":\"https:\\\/\\\/cascoo.ee\\\/fi\\\/\",\"logo\":{\"@type\":\"ImageObject\",\"inLanguage\":\"fi\",\"@id\":\"https:\\\/\\\/cascoo.ee\\\/fi\\\/#\\\/schema\\\/logo\\\/image\\\/\",\"url\":\"https:\\\/\\\/cascoo.ee\\\/wp-content\\\/uploads\\\/2023\\\/07\\\/Cascoo.png\",\"contentUrl\":\"https:\\\/\\\/cascoo.ee\\\/wp-content\\\/uploads\\\/2023\\\/07\\\/Cascoo.png\",\"width\":130,\"height\":51,\"caption\":\"Cascoo\"},\"image\":{\"@id\":\"https:\\\/\\\/cascoo.ee\\\/fi\\\/#\\\/schema\\\/logo\\\/image\\\/\"}}]}<\/script>\n<!-- \/ Yoast SEO plugin. -->","yoast_head_json":{"title":"Py\u00f6r\u00e4 BBH35WC080P2V2B32 - Cascoo","description":"80 mm, pulttikiinnitteinen k\u00e4\u00e4nt\u00f6py\u00f6r\u00e4 jarrulla, py\u00f6r\u00e4n sis\u00e4osa polypropeenia, kulutuspinta termoplastista kumia 85\u00b0 Shore A. Kantavuus: 80 kg.","robots":{"index":"index","follow":"follow","max-snippet":"max-snippet:-1","max-image-preview":"max-image-preview:large","max-video-preview":"max-video-preview:-1"},"canonical":"https:\/\/cascoo.ee\/fi\/tuote\/kaantopyora-bbh35wc080p2v2b32\/","og_locale":"fi_FI","og_type":"article","og_title":"Py\u00f6r\u00e4 BBH35WC080P2V2B32 - Cascoo","og_description":"80 mm, pulttikiinnitteinen k\u00e4\u00e4nt\u00f6py\u00f6r\u00e4 jarrulla, py\u00f6r\u00e4n sis\u00e4osa polypropeenia, kulutuspinta termoplastista kumia 85\u00b0 Shore A. Kantavuus: 80 kg.","og_url":"https:\/\/cascoo.ee\/fi\/tuote\/kaantopyora-bbh35wc080p2v2b32\/","og_site_name":"Cascoo","article_modified_time":"2026-01-14T09:14:53+00:00","og_image":[{"width":1200,"height":1200,"url":"https:\/\/cascoo.ee\/wp-content\/uploads\/2023\/08\/BBH35WC080P2V2B32.jpg","type":"image\/jpeg"}],"twitter_card":"summary_large_image","schema":{"@context":"https:\/\/schema.org","@graph":[{"@type":"WebPage","@id":"https:\/\/cascoo.ee\/fi\/tuote\/kaantopyora-bbh35wc080p2v2b32\/","url":"https:\/\/cascoo.ee\/fi\/tuote\/kaantopyora-bbh35wc080p2v2b32\/","name":"Py\u00f6r\u00e4 BBH35WC080P2V2B32 - Cascoo","isPartOf":{"@id":"https:\/\/cascoo.ee\/fi\/#website"},"primaryImageOfPage":{"@id":"https:\/\/cascoo.ee\/fi\/tuote\/kaantopyora-bbh35wc080p2v2b32\/#primaryimage"},"image":{"@id":"https:\/\/cascoo.ee\/fi\/tuote\/kaantopyora-bbh35wc080p2v2b32\/#primaryimage"},"thumbnailUrl":"https:\/\/cascoo.ee\/wp-content\/uploads\/2023\/08\/BBH35WC080P2V2B32.jpg","datePublished":"2023-08-14T09:33:00+00:00","dateModified":"2026-01-14T09:14:53+00:00","description":"80 mm, pulttikiinnitteinen k\u00e4\u00e4nt\u00f6py\u00f6r\u00e4 jarrulla, py\u00f6r\u00e4n sis\u00e4osa polypropeenia, kulutuspinta termoplastista kumia 85\u00b0 Shore A. Kantavuus: 80 kg.","breadcrumb":{"@id":"https:\/\/cascoo.ee\/fi\/tuote\/kaantopyora-bbh35wc080p2v2b32\/#breadcrumb"},"inLanguage":"fi","potentialAction":[{"@type":"ReadAction","target":["https:\/\/cascoo.ee\/fi\/tuote\/kaantopyora-bbh35wc080p2v2b32\/"]}]},{"@type":"ImageObject","inLanguage":"fi","@id":"https:\/\/cascoo.ee\/fi\/tuote\/kaantopyora-bbh35wc080p2v2b32\/#primaryimage","url":"https:\/\/cascoo.ee\/wp-content\/uploads\/2023\/08\/BBH35WC080P2V2B32.jpg","contentUrl":"https:\/\/cascoo.ee\/wp-content\/uploads\/2023\/08\/BBH35WC080P2V2B32.jpg","width":1200,"height":1200},{"@type":"BreadcrumbList","@id":"https:\/\/cascoo.ee\/fi\/tuote\/kaantopyora-bbh35wc080p2v2b32\/#breadcrumb","itemListElement":[{"@type":"ListItem","position":1,"name":"Etusivu","item":"https:\/\/cascoo.ee\/fi\/teollisuuspyorat-ja-rullat\/"},{"@type":"ListItem","position":2,"name":"Teollisuuspy\u00f6r\u00e4t ja -rullat","item":"https:\/\/cascoo.ee\/fi\/teollisuuspyorat-ja-rullat\/"},{"@type":"ListItem","position":3,"name":"Py\u00f6r\u00e4 BBH35WC080P2V2B32"}]},{"@type":"WebSite","@id":"https:\/\/cascoo.ee\/fi\/#website","url":"https:\/\/cascoo.ee\/fi\/","name":"Cascoo","description":"Industrial Wheels and Castors","publisher":{"@id":"https:\/\/cascoo.ee\/fi\/#organization"},"potentialAction":[{"@type":"SearchAction","target":{"@type":"EntryPoint","urlTemplate":"https:\/\/cascoo.ee\/fi\/?s={search_term_string}"},"query-input":{"@type":"PropertyValueSpecification","valueRequired":true,"valueName":"search_term_string"}}],"inLanguage":"fi"},{"@type":"Organization","@id":"https:\/\/cascoo.ee\/fi\/#organization","name":"Cascoo","url":"https:\/\/cascoo.ee\/fi\/","logo":{"@type":"ImageObject","inLanguage":"fi","@id":"https:\/\/cascoo.ee\/fi\/#\/schema\/logo\/image\/","url":"https:\/\/cascoo.ee\/wp-content\/uploads\/2023\/07\/Cascoo.png","contentUrl":"https:\/\/cascoo.ee\/wp-content\/uploads\/2023\/07\/Cascoo.png","width":130,"height":51,"caption":"Cascoo"},"image":{"@id":"https:\/\/cascoo.ee\/fi\/#\/schema\/logo\/image\/"}}]}},"jetpack-related-posts":[{"id":22669,"url":"https:\/\/cascoo.ee\/fi\/tuote\/pyora-bzh35wc050swu5d0n\/","url_meta":{"origin":21444,"position":0},"title":"Py\u00f6r\u00e4 BZH35WC050SWU5D0N","author":"admin","date":"14.8.2023","format":false,"excerpt":"","rel":"","context":"Samankaltainen artikkeli","block_context":{"text":"Samankaltainen artikkeli","link":""},"img":{"alt_text":"BZH35WC050SWU5D0N","src":"https:\/\/i0.wp.com\/cascoo.ee\/wp-content\/uploads\/2023\/08\/BZH35WC050SWU5D0N.jpg?resize=350%2C200&ssl=1","width":350,"height":200,"srcset":"https:\/\/i0.wp.com\/cascoo.ee\/wp-content\/uploads\/2023\/08\/BZH35WC050SWU5D0N.jpg?resize=350%2C200&ssl=1 1x, https:\/\/i0.wp.com\/cascoo.ee\/wp-content\/uploads\/2023\/08\/BZH35WC050SWU5D0N.jpg?resize=525%2C300&ssl=1 1.5x, https:\/\/i0.wp.com\/cascoo.ee\/wp-content\/uploads\/2023\/08\/BZH35WC050SWU5D0N.jpg?resize=700%2C400&ssl=1 2x, https:\/\/i0.wp.com\/cascoo.ee\/wp-content\/uploads\/2023\/08\/BZH35WC050SWU5D0N.jpg?resize=1050%2C600&ssl=1 3x"},"classes":[]},{"id":22666,"url":"https:\/\/cascoo.ee\/fi\/tuote\/pyora-hzh35wc050swu5d0n\/","url_meta":{"origin":21444,"position":1},"title":"Py\u00f6r\u00e4 HZH35WC050SWU5D0N","author":"admin","date":"14.8.2023","format":false,"excerpt":"","rel":"","context":"Samankaltainen artikkeli","block_context":{"text":"Samankaltainen artikkeli","link":""},"img":{"alt_text":"HZH35WC050SWU5D0N","src":"https:\/\/i0.wp.com\/cascoo.ee\/wp-content\/uploads\/2023\/08\/HZH35WC050SWU5D0N.jpg?resize=350%2C200&ssl=1","width":350,"height":200,"srcset":"https:\/\/i0.wp.com\/cascoo.ee\/wp-content\/uploads\/2023\/08\/HZH35WC050SWU5D0N.jpg?resize=350%2C200&ssl=1 1x, https:\/\/i0.wp.com\/cascoo.ee\/wp-content\/uploads\/2023\/08\/HZH35WC050SWU5D0N.jpg?resize=525%2C300&ssl=1 1.5x, https:\/\/i0.wp.com\/cascoo.ee\/wp-content\/uploads\/2023\/08\/HZH35WC050SWU5D0N.jpg?resize=700%2C400&ssl=1 2x, https:\/\/i0.wp.com\/cascoo.ee\/wp-content\/uploads\/2023\/08\/HZH35WC050SWU5D0N.jpg?resize=1050%2C600&ssl=1 3x"},"classes":[]},{"id":22671,"url":"https:\/\/cascoo.ee\/fi\/tuote\/pyora-hzh35wc060swu5d0n\/","url_meta":{"origin":21444,"position":2},"title":"Py\u00f6r\u00e4 HZH35WC060SWU5D0N","author":"admin","date":"14.8.2023","format":false,"excerpt":"","rel":"","context":"Samankaltainen artikkeli","block_context":{"text":"Samankaltainen artikkeli","link":""},"img":{"alt_text":"HZH35WC060SWU5D0N","src":"https:\/\/i0.wp.com\/cascoo.ee\/wp-content\/uploads\/2023\/07\/HZH35WC050SWU5D0N.jpg?resize=350%2C200&ssl=1","width":350,"height":200,"srcset":"https:\/\/i0.wp.com\/cascoo.ee\/wp-content\/uploads\/2023\/07\/HZH35WC050SWU5D0N.jpg?resize=350%2C200&ssl=1 1x, https:\/\/i0.wp.com\/cascoo.ee\/wp-content\/uploads\/2023\/07\/HZH35WC050SWU5D0N.jpg?resize=525%2C300&ssl=1 1.5x, https:\/\/i0.wp.com\/cascoo.ee\/wp-content\/uploads\/2023\/07\/HZH35WC050SWU5D0N.jpg?resize=700%2C400&ssl=1 2x, https:\/\/i0.wp.com\/cascoo.ee\/wp-content\/uploads\/2023\/07\/HZH35WC050SWU5D0N.jpg?resize=1050%2C600&ssl=1 3x"},"classes":[]},{"id":22673,"url":"https:\/\/cascoo.ee\/fi\/tuote\/pyora-bzh35wc060swu5d0n\/","url_meta":{"origin":21444,"position":3},"title":"Py\u00f6r\u00e4 BZH35WC060SWU5D0N","author":"admin","date":"14.8.2023","format":false,"excerpt":"","rel":"","context":"Samankaltainen artikkeli","block_context":{"text":"Samankaltainen artikkeli","link":""},"img":{"alt_text":"BZH35WC060SWU5D0N","src":"https:\/\/i0.wp.com\/cascoo.ee\/wp-content\/uploads\/2023\/07\/BZH35WC050SWU5D0N.jpg?resize=350%2C200&ssl=1","width":350,"height":200,"srcset":"https:\/\/i0.wp.com\/cascoo.ee\/wp-content\/uploads\/2023\/07\/BZH35WC050SWU5D0N.jpg?resize=350%2C200&ssl=1 1x, https:\/\/i0.wp.com\/cascoo.ee\/wp-content\/uploads\/2023\/07\/BZH35WC050SWU5D0N.jpg?resize=525%2C300&ssl=1 1.5x, https:\/\/i0.wp.com\/cascoo.ee\/wp-content\/uploads\/2023\/07\/BZH35WC050SWU5D0N.jpg?resize=700%2C400&ssl=1 2x, https:\/\/i0.wp.com\/cascoo.ee\/wp-content\/uploads\/2023\/07\/BZH35WC050SWU5D0N.jpg?resize=1050%2C600&ssl=1 3x"},"classes":[]},{"id":22705,"url":"https:\/\/cascoo.ee\/fi\/tuote\/pyora-tbp25wc100r4m1r0n\/","url_meta":{"origin":21444,"position":4},"title":"Py\u00f6r\u00e4 TBP25WC100R4M1R0N","author":"admin","date":"14.8.2023","format":false,"excerpt":"","rel":"","context":"Samankaltainen artikkeli","block_context":{"text":"Samankaltainen artikkeli","link":""},"img":{"alt_text":"TBP25WC100R4M1R0N.","src":"https:\/\/i0.wp.com\/cascoo.ee\/wp-content\/uploads\/2023\/08\/TBP25WC100R4M1R0N.jpg?resize=350%2C200&ssl=1","width":350,"height":200,"srcset":"https:\/\/i0.wp.com\/cascoo.ee\/wp-content\/uploads\/2023\/08\/TBP25WC100R4M1R0N.jpg?resize=350%2C200&ssl=1 1x, https:\/\/i0.wp.com\/cascoo.ee\/wp-content\/uploads\/2023\/08\/TBP25WC100R4M1R0N.jpg?resize=525%2C300&ssl=1 1.5x, https:\/\/i0.wp.com\/cascoo.ee\/wp-content\/uploads\/2023\/08\/TBP25WC100R4M1R0N.jpg?resize=700%2C400&ssl=1 2x"},"classes":[]},{"id":22715,"url":"https:\/\/cascoo.ee\/fi\/tuote\/pyora-sbp25wc100r4m1r0n\/","url_meta":{"origin":21444,"position":5},"title":"Py\u00f6r\u00e4 SBP25WC100R4M1R0N","author":"admin","date":"14.8.2023","format":false,"excerpt":"","rel":"","context":"Samankaltainen artikkeli","block_context":{"text":"Samankaltainen artikkeli","link":""},"img":{"alt_text":"SBP25WC100R4M1R0N","src":"https:\/\/i0.wp.com\/cascoo.ee\/wp-content\/uploads\/2023\/08\/SBP25WC100R4M1R0N.jpg?resize=350%2C200&ssl=1","width":350,"height":200,"srcset":"https:\/\/i0.wp.com\/cascoo.ee\/wp-content\/uploads\/2023\/08\/SBP25WC100R4M1R0N.jpg?resize=350%2C200&ssl=1 1x, https:\/\/i0.wp.com\/cascoo.ee\/wp-content\/uploads\/2023\/08\/SBP25WC100R4M1R0N.jpg?resize=525%2C300&ssl=1 1.5x, https:\/\/i0.wp.com\/cascoo.ee\/wp-content\/uploads\/2023\/08\/SBP25WC100R4M1R0N.jpg?resize=700%2C400&ssl=1 2x, https:\/\/i0.wp.com\/cascoo.ee\/wp-content\/uploads\/2023\/08\/SBP25WC100R4M1R0N.jpg?resize=1050%2C600&ssl=1 3x"},"classes":[]}],"jetpack_sharing_enabled":true,"_links":{"self":[{"href":"https:\/\/cascoo.ee\/fi\/wp-json\/wp\/v2\/product\/21444","targetHints":{"allow":["GET"]}}],"collection":[{"href":"https:\/\/cascoo.ee\/fi\/wp-json\/wp\/v2\/product"}],"about":[{"href":"https:\/\/cascoo.ee\/fi\/wp-json\/wp\/v2\/types\/product"}],"wp:featuredmedia":[{"embeddable":true,"href":"https:\/\/cascoo.ee\/fi\/wp-json\/wp\/v2\/media\/21445"}],"wp:attachment":[{"href":"https:\/\/cascoo.ee\/fi\/wp-json\/wp\/v2\/media?parent=21444"}],"wp:term":[{"taxonomy":"product_brand","embeddable":true,"href":"https:\/\/cascoo.ee\/fi\/wp-json\/wp\/v2\/product_brand?post=21444"},{"taxonomy":"product_cat","embeddable":true,"href":"https:\/\/cascoo.ee\/fi\/wp-json\/wp\/v2\/product_cat?post=21444"},{"taxonomy":"product_tag","embeddable":true,"href":"https:\/\/cascoo.ee\/fi\/wp-json\/wp\/v2\/product_tag?post=21444"}],"curies":[{"name":"wp","href":"https:\/\/api.w.org\/{rel}","templated":true}]}}