{"id":21069,"date":"2023-08-14T09:30:39","date_gmt":"2023-08-14T09:30:39","guid":{"rendered":"https:\/\/cascoo.ee\/product\/pyora-hph85wc125m6n2r32\/"},"modified":"2026-01-14T09:10:32","modified_gmt":"2026-01-14T09:10:32","slug":"pyora-hph85wc125m6n2r32","status":"publish","type":"product","link":"https:\/\/cascoo.ee\/fi\/tuote\/pyora-hph85wc125m6n2r32\/","title":{"rendered":"Py\u00f6r\u00e4 HPH85WC125M6N2R32"},"content":{"rendered":"<p>Sinkitty ter\u00e4slevyhaarukka kuulalaakerilla, pulttikiinnitys, reik\u00e4 \u00f813 mm, haarukan materiaalin paksuus 2,50 mm (kiinnitys) ja 2,50 mm (haarukka), py\u00f6r\u00e4n sis\u00e4osa polyamidia joustavalla renkaalla ja kulutuspinta polyamidia, py\u00f6r\u00e4n keskiosan leveys 40 mm, rullalaakeri, nailoninen laakerisuoja.<\/p>\n","protected":false},"excerpt":{"rendered":"[product_table id=\"1417\" skus=\"HPH85WC125M6N2R32\"]\n","protected":false},"featured_media":21070,"template":"","meta":{"_acf_changed":false},"product_brand":[],"product_cat":[8795,8862,8754,8761],"product_tag":[],"class_list":{"0":"post-21069","1":"product","2":"type-product","3":"status-publish","4":"has-post-thumbnail","6":"product_cat-kantavuus-200kg","7":"product_cat-pyoran-halkaisija-125mm","8":"product_cat-pyorat","9":"product_cat-sarja-m6n2-polyamidi-pa","10":"pa_castor-fastening-keskireika","11":"pa_material-of-the-wheel-polyamidi","12":"pa_tread-polyamidi","14":"first","15":"onbackorder","16":"taxable","17":"shipping-taxable","18":"product-type-simple"},"acf":[],"ct_brands":[],"yoast_head":"<!-- This site is optimized with the Yoast SEO plugin v27.5 - https:\/\/yoast.com\/product\/yoast-seo-wordpress\/ -->\n<title>Py\u00f6r\u00e4 HPH85WC125M6N2R32 - Cascoo<\/title>\n<meta name=\"description\" content=\"125 mm, pulttikiinnitteinen py\u00f6r\u00e4, py\u00f6r\u00e4n sis\u00e4osa polyamidia joustavalla renkaalla, kulutuspinta polyamidia, kantavuus: 200 kg\" \/>\n<meta name=\"robots\" content=\"index, follow, max-snippet:-1, max-image-preview:large, max-video-preview:-1\" \/>\n<link rel=\"canonical\" href=\"https:\/\/cascoo.ee\/fi\/tuote\/pyora-hph85wc125m6n2r32\/\" \/>\n<meta property=\"og:locale\" content=\"fi_FI\" \/>\n<meta property=\"og:type\" content=\"article\" \/>\n<meta property=\"og:title\" content=\"Py\u00f6r\u00e4 HPH85WC125M6N2R32 - Cascoo\" \/>\n<meta property=\"og:description\" content=\"125 mm, pulttikiinnitteinen py\u00f6r\u00e4, py\u00f6r\u00e4n sis\u00e4osa polyamidia joustavalla renkaalla, kulutuspinta polyamidia, kantavuus: 200 kg\" \/>\n<meta property=\"og:url\" content=\"https:\/\/cascoo.ee\/fi\/tuote\/pyora-hph85wc125m6n2r32\/\" \/>\n<meta property=\"og:site_name\" content=\"Cascoo\" \/>\n<meta property=\"article:modified_time\" content=\"2026-01-14T09:10:32+00:00\" \/>\n<meta property=\"og:image\" content=\"https:\/\/cascoo.ee\/wp-content\/uploads\/2023\/08\/HPH85WC125M6N2R32.jpg\" \/>\n\t<meta property=\"og:image:width\" content=\"1200\" \/>\n\t<meta property=\"og:image:height\" content=\"1200\" \/>\n\t<meta property=\"og:image:type\" content=\"image\/jpeg\" \/>\n<meta name=\"twitter:card\" content=\"summary_large_image\" \/>\n<script type=\"application\/ld+json\" class=\"yoast-schema-graph\">{\"@context\":\"https:\\\/\\\/schema.org\",\"@graph\":[{\"@type\":\"WebPage\",\"@id\":\"https:\\\/\\\/cascoo.ee\\\/fi\\\/tuote\\\/pyora-hph85wc125m6n2r32\\\/\",\"url\":\"https:\\\/\\\/cascoo.ee\\\/fi\\\/tuote\\\/pyora-hph85wc125m6n2r32\\\/\",\"name\":\"Py\u00f6r\u00e4 HPH85WC125M6N2R32 - Cascoo\",\"isPartOf\":{\"@id\":\"https:\\\/\\\/cascoo.ee\\\/fi\\\/#website\"},\"primaryImageOfPage\":{\"@id\":\"https:\\\/\\\/cascoo.ee\\\/fi\\\/tuote\\\/pyora-hph85wc125m6n2r32\\\/#primaryimage\"},\"image\":{\"@id\":\"https:\\\/\\\/cascoo.ee\\\/fi\\\/tuote\\\/pyora-hph85wc125m6n2r32\\\/#primaryimage\"},\"thumbnailUrl\":\"https:\\\/\\\/cascoo.ee\\\/wp-content\\\/uploads\\\/2023\\\/08\\\/HPH85WC125M6N2R32.jpg\",\"datePublished\":\"2023-08-14T09:30:39+00:00\",\"dateModified\":\"2026-01-14T09:10:32+00:00\",\"description\":\"125 mm, pulttikiinnitteinen py\u00f6r\u00e4, py\u00f6r\u00e4n sis\u00e4osa polyamidia joustavalla renkaalla, kulutuspinta polyamidia, kantavuus: 200 kg\",\"breadcrumb\":{\"@id\":\"https:\\\/\\\/cascoo.ee\\\/fi\\\/tuote\\\/pyora-hph85wc125m6n2r32\\\/#breadcrumb\"},\"inLanguage\":\"fi\",\"potentialAction\":[{\"@type\":\"ReadAction\",\"target\":[\"https:\\\/\\\/cascoo.ee\\\/fi\\\/tuote\\\/pyora-hph85wc125m6n2r32\\\/\"]}]},{\"@type\":\"ImageObject\",\"inLanguage\":\"fi\",\"@id\":\"https:\\\/\\\/cascoo.ee\\\/fi\\\/tuote\\\/pyora-hph85wc125m6n2r32\\\/#primaryimage\",\"url\":\"https:\\\/\\\/cascoo.ee\\\/wp-content\\\/uploads\\\/2023\\\/08\\\/HPH85WC125M6N2R32.jpg\",\"contentUrl\":\"https:\\\/\\\/cascoo.ee\\\/wp-content\\\/uploads\\\/2023\\\/08\\\/HPH85WC125M6N2R32.jpg\",\"width\":1200,\"height\":1200,\"caption\":\"HPH85WC125M6N2R32\"},{\"@type\":\"BreadcrumbList\",\"@id\":\"https:\\\/\\\/cascoo.ee\\\/fi\\\/tuote\\\/pyora-hph85wc125m6n2r32\\\/#breadcrumb\",\"itemListElement\":[{\"@type\":\"ListItem\",\"position\":1,\"name\":\"Etusivu\",\"item\":\"https:\\\/\\\/cascoo.ee\\\/fi\\\/teollisuuspyorat-ja-rullat\\\/\"},{\"@type\":\"ListItem\",\"position\":2,\"name\":\"Teollisuuspy\u00f6r\u00e4t ja -rullat\",\"item\":\"https:\\\/\\\/cascoo.ee\\\/fi\\\/teollisuuspyorat-ja-rullat\\\/\"},{\"@type\":\"ListItem\",\"position\":3,\"name\":\"Py\u00f6r\u00e4 HPH85WC125M6N2R32\"}]},{\"@type\":\"WebSite\",\"@id\":\"https:\\\/\\\/cascoo.ee\\\/fi\\\/#website\",\"url\":\"https:\\\/\\\/cascoo.ee\\\/fi\\\/\",\"name\":\"Cascoo\",\"description\":\"Industrial Wheels and Castors\",\"publisher\":{\"@id\":\"https:\\\/\\\/cascoo.ee\\\/fi\\\/#organization\"},\"potentialAction\":[{\"@type\":\"SearchAction\",\"target\":{\"@type\":\"EntryPoint\",\"urlTemplate\":\"https:\\\/\\\/cascoo.ee\\\/fi\\\/?s={search_term_string}\"},\"query-input\":{\"@type\":\"PropertyValueSpecification\",\"valueRequired\":true,\"valueName\":\"search_term_string\"}}],\"inLanguage\":\"fi\"},{\"@type\":\"Organization\",\"@id\":\"https:\\\/\\\/cascoo.ee\\\/fi\\\/#organization\",\"name\":\"Cascoo\",\"url\":\"https:\\\/\\\/cascoo.ee\\\/fi\\\/\",\"logo\":{\"@type\":\"ImageObject\",\"inLanguage\":\"fi\",\"@id\":\"https:\\\/\\\/cascoo.ee\\\/fi\\\/#\\\/schema\\\/logo\\\/image\\\/\",\"url\":\"https:\\\/\\\/cascoo.ee\\\/wp-content\\\/uploads\\\/2023\\\/07\\\/Cascoo.png\",\"contentUrl\":\"https:\\\/\\\/cascoo.ee\\\/wp-content\\\/uploads\\\/2023\\\/07\\\/Cascoo.png\",\"width\":130,\"height\":51,\"caption\":\"Cascoo\"},\"image\":{\"@id\":\"https:\\\/\\\/cascoo.ee\\\/fi\\\/#\\\/schema\\\/logo\\\/image\\\/\"}}]}<\/script>\n<!-- \/ Yoast SEO plugin. -->","yoast_head_json":{"title":"Py\u00f6r\u00e4 HPH85WC125M6N2R32 - Cascoo","description":"125 mm, pulttikiinnitteinen py\u00f6r\u00e4, py\u00f6r\u00e4n sis\u00e4osa polyamidia joustavalla renkaalla, kulutuspinta polyamidia, kantavuus: 200 kg","robots":{"index":"index","follow":"follow","max-snippet":"max-snippet:-1","max-image-preview":"max-image-preview:large","max-video-preview":"max-video-preview:-1"},"canonical":"https:\/\/cascoo.ee\/fi\/tuote\/pyora-hph85wc125m6n2r32\/","og_locale":"fi_FI","og_type":"article","og_title":"Py\u00f6r\u00e4 HPH85WC125M6N2R32 - Cascoo","og_description":"125 mm, pulttikiinnitteinen py\u00f6r\u00e4, py\u00f6r\u00e4n sis\u00e4osa polyamidia joustavalla renkaalla, kulutuspinta polyamidia, kantavuus: 200 kg","og_url":"https:\/\/cascoo.ee\/fi\/tuote\/pyora-hph85wc125m6n2r32\/","og_site_name":"Cascoo","article_modified_time":"2026-01-14T09:10:32+00:00","og_image":[{"width":1200,"height":1200,"url":"https:\/\/cascoo.ee\/wp-content\/uploads\/2023\/08\/HPH85WC125M6N2R32.jpg","type":"image\/jpeg"}],"twitter_card":"summary_large_image","schema":{"@context":"https:\/\/schema.org","@graph":[{"@type":"WebPage","@id":"https:\/\/cascoo.ee\/fi\/tuote\/pyora-hph85wc125m6n2r32\/","url":"https:\/\/cascoo.ee\/fi\/tuote\/pyora-hph85wc125m6n2r32\/","name":"Py\u00f6r\u00e4 HPH85WC125M6N2R32 - Cascoo","isPartOf":{"@id":"https:\/\/cascoo.ee\/fi\/#website"},"primaryImageOfPage":{"@id":"https:\/\/cascoo.ee\/fi\/tuote\/pyora-hph85wc125m6n2r32\/#primaryimage"},"image":{"@id":"https:\/\/cascoo.ee\/fi\/tuote\/pyora-hph85wc125m6n2r32\/#primaryimage"},"thumbnailUrl":"https:\/\/cascoo.ee\/wp-content\/uploads\/2023\/08\/HPH85WC125M6N2R32.jpg","datePublished":"2023-08-14T09:30:39+00:00","dateModified":"2026-01-14T09:10:32+00:00","description":"125 mm, pulttikiinnitteinen py\u00f6r\u00e4, py\u00f6r\u00e4n sis\u00e4osa polyamidia joustavalla renkaalla, kulutuspinta polyamidia, kantavuus: 200 kg","breadcrumb":{"@id":"https:\/\/cascoo.ee\/fi\/tuote\/pyora-hph85wc125m6n2r32\/#breadcrumb"},"inLanguage":"fi","potentialAction":[{"@type":"ReadAction","target":["https:\/\/cascoo.ee\/fi\/tuote\/pyora-hph85wc125m6n2r32\/"]}]},{"@type":"ImageObject","inLanguage":"fi","@id":"https:\/\/cascoo.ee\/fi\/tuote\/pyora-hph85wc125m6n2r32\/#primaryimage","url":"https:\/\/cascoo.ee\/wp-content\/uploads\/2023\/08\/HPH85WC125M6N2R32.jpg","contentUrl":"https:\/\/cascoo.ee\/wp-content\/uploads\/2023\/08\/HPH85WC125M6N2R32.jpg","width":1200,"height":1200,"caption":"HPH85WC125M6N2R32"},{"@type":"BreadcrumbList","@id":"https:\/\/cascoo.ee\/fi\/tuote\/pyora-hph85wc125m6n2r32\/#breadcrumb","itemListElement":[{"@type":"ListItem","position":1,"name":"Etusivu","item":"https:\/\/cascoo.ee\/fi\/teollisuuspyorat-ja-rullat\/"},{"@type":"ListItem","position":2,"name":"Teollisuuspy\u00f6r\u00e4t ja -rullat","item":"https:\/\/cascoo.ee\/fi\/teollisuuspyorat-ja-rullat\/"},{"@type":"ListItem","position":3,"name":"Py\u00f6r\u00e4 HPH85WC125M6N2R32"}]},{"@type":"WebSite","@id":"https:\/\/cascoo.ee\/fi\/#website","url":"https:\/\/cascoo.ee\/fi\/","name":"Cascoo","description":"Industrial Wheels and Castors","publisher":{"@id":"https:\/\/cascoo.ee\/fi\/#organization"},"potentialAction":[{"@type":"SearchAction","target":{"@type":"EntryPoint","urlTemplate":"https:\/\/cascoo.ee\/fi\/?s={search_term_string}"},"query-input":{"@type":"PropertyValueSpecification","valueRequired":true,"valueName":"search_term_string"}}],"inLanguage":"fi"},{"@type":"Organization","@id":"https:\/\/cascoo.ee\/fi\/#organization","name":"Cascoo","url":"https:\/\/cascoo.ee\/fi\/","logo":{"@type":"ImageObject","inLanguage":"fi","@id":"https:\/\/cascoo.ee\/fi\/#\/schema\/logo\/image\/","url":"https:\/\/cascoo.ee\/wp-content\/uploads\/2023\/07\/Cascoo.png","contentUrl":"https:\/\/cascoo.ee\/wp-content\/uploads\/2023\/07\/Cascoo.png","width":130,"height":51,"caption":"Cascoo"},"image":{"@id":"https:\/\/cascoo.ee\/fi\/#\/schema\/logo\/image\/"}}]}},"jetpack-related-posts":[{"id":21087,"url":"https:\/\/cascoo.ee\/fi\/tuote\/pyora-fpp25wc100m6n2b32\/","url_meta":{"origin":21069,"position":0},"title":"Py\u00f6r\u00e4 FPP25WC100M6N2B32","author":"admin","date":"14.8.2023","format":false,"excerpt":"","rel":"","context":"Samankaltainen artikkeli","block_context":{"text":"Samankaltainen artikkeli","link":""},"img":{"alt_text":"FPP25WC100M6N2B32","src":"https:\/\/i0.wp.com\/cascoo.ee\/wp-content\/uploads\/2023\/07\/FPP25WC100M6N2R32.jpg?resize=350%2C200&ssl=1","width":350,"height":200,"srcset":"https:\/\/i0.wp.com\/cascoo.ee\/wp-content\/uploads\/2023\/07\/FPP25WC100M6N2R32.jpg?resize=350%2C200&ssl=1 1x, https:\/\/i0.wp.com\/cascoo.ee\/wp-content\/uploads\/2023\/07\/FPP25WC100M6N2R32.jpg?resize=525%2C300&ssl=1 1.5x, https:\/\/i0.wp.com\/cascoo.ee\/wp-content\/uploads\/2023\/07\/FPP25WC100M6N2R32.jpg?resize=700%2C400&ssl=1 2x, https:\/\/i0.wp.com\/cascoo.ee\/wp-content\/uploads\/2023\/07\/FPP25WC100M6N2R32.jpg?resize=1050%2C600&ssl=1 3x"},"classes":[]},{"id":21089,"url":"https:\/\/cascoo.ee\/fi\/tuote\/pyora-fpp25wc100m6n2r32\/","url_meta":{"origin":21069,"position":1},"title":"Py\u00f6r\u00e4 FPP25WC100M6N2R32","author":"admin","date":"14.8.2023","format":false,"excerpt":"","rel":"","context":"Samankaltainen artikkeli","block_context":{"text":"Samankaltainen artikkeli","link":""},"img":{"alt_text":"","src":"https:\/\/i0.wp.com\/cascoo.ee\/wp-content\/uploads\/2023\/08\/FPP25WC100M6N2R32.jpg?resize=350%2C200&ssl=1","width":350,"height":200,"srcset":"https:\/\/i0.wp.com\/cascoo.ee\/wp-content\/uploads\/2023\/08\/FPP25WC100M6N2R32.jpg?resize=350%2C200&ssl=1 1x, https:\/\/i0.wp.com\/cascoo.ee\/wp-content\/uploads\/2023\/08\/FPP25WC100M6N2R32.jpg?resize=525%2C300&ssl=1 1.5x, https:\/\/i0.wp.com\/cascoo.ee\/wp-content\/uploads\/2023\/08\/FPP25WC100M6N2R32.jpg?resize=700%2C400&ssl=1 2x, https:\/\/i0.wp.com\/cascoo.ee\/wp-content\/uploads\/2023\/08\/FPP25WC100M6N2R32.jpg?resize=1050%2C600&ssl=1 3x"},"classes":[]},{"id":21071,"url":"https:\/\/cascoo.ee\/fi\/tuote\/pyora-bph85wc125m6n2b32\/","url_meta":{"origin":21069,"position":2},"title":"Py\u00f6r\u00e4 BPH85WC125M6N2B32","author":"admin","date":"14.8.2023","format":false,"excerpt":"","rel":"","context":"Samankaltainen artikkeli","block_context":{"text":"Samankaltainen artikkeli","link":""},"img":{"alt_text":"BPH85WC125M6N2B32","src":"https:\/\/i0.wp.com\/cascoo.ee\/wp-content\/uploads\/2023\/07\/BPH85WC125M6N2R32.jpg?resize=350%2C200&ssl=1","width":350,"height":200,"srcset":"https:\/\/i0.wp.com\/cascoo.ee\/wp-content\/uploads\/2023\/07\/BPH85WC125M6N2R32.jpg?resize=350%2C200&ssl=1 1x, https:\/\/i0.wp.com\/cascoo.ee\/wp-content\/uploads\/2023\/07\/BPH85WC125M6N2R32.jpg?resize=525%2C300&ssl=1 1.5x, https:\/\/i0.wp.com\/cascoo.ee\/wp-content\/uploads\/2023\/07\/BPH85WC125M6N2R32.jpg?resize=700%2C400&ssl=1 2x, https:\/\/i0.wp.com\/cascoo.ee\/wp-content\/uploads\/2023\/07\/BPH85WC125M6N2R32.jpg?resize=1050%2C600&ssl=1 3x"},"classes":[]},{"id":21079,"url":"https:\/\/cascoo.ee\/fi\/tuote\/pyora-bph35wc100m6n2r32\/","url_meta":{"origin":21069,"position":3},"title":"Py\u00f6r\u00e4 BPH35WC100M6N2R32","author":"admin","date":"14.8.2023","format":false,"excerpt":"","rel":"","context":"Samankaltainen artikkeli","block_context":{"text":"Samankaltainen artikkeli","link":""},"img":{"alt_text":"","src":"https:\/\/i0.wp.com\/cascoo.ee\/wp-content\/uploads\/2023\/08\/BPH35WC100M6N2R32.jpg?resize=350%2C200&ssl=1","width":350,"height":200,"srcset":"https:\/\/i0.wp.com\/cascoo.ee\/wp-content\/uploads\/2023\/08\/BPH35WC100M6N2R32.jpg?resize=350%2C200&ssl=1 1x, https:\/\/i0.wp.com\/cascoo.ee\/wp-content\/uploads\/2023\/08\/BPH35WC100M6N2R32.jpg?resize=525%2C300&ssl=1 1.5x, https:\/\/i0.wp.com\/cascoo.ee\/wp-content\/uploads\/2023\/08\/BPH35WC100M6N2R32.jpg?resize=700%2C400&ssl=1 2x, https:\/\/i0.wp.com\/cascoo.ee\/wp-content\/uploads\/2023\/08\/BPH35WC100M6N2R32.jpg?resize=1050%2C600&ssl=1 3x"},"classes":[]},{"id":21083,"url":"https:\/\/cascoo.ee\/fi\/tuote\/pyora-bph35wc100m6n2b32\/","url_meta":{"origin":21069,"position":4},"title":"Py\u00f6r\u00e4 BPH35WC100M6N2B32","author":"admin","date":"14.8.2023","format":false,"excerpt":"","rel":"","context":"Samankaltainen artikkeli","block_context":{"text":"Samankaltainen artikkeli","link":""},"img":{"alt_text":"BPH35WC100M6N2B32","src":"https:\/\/i0.wp.com\/cascoo.ee\/wp-content\/uploads\/2023\/07\/BPH35WC100M6N2R32.jpg?resize=350%2C200&ssl=1","width":350,"height":200,"srcset":"https:\/\/i0.wp.com\/cascoo.ee\/wp-content\/uploads\/2023\/07\/BPH35WC100M6N2R32.jpg?resize=350%2C200&ssl=1 1x, https:\/\/i0.wp.com\/cascoo.ee\/wp-content\/uploads\/2023\/07\/BPH35WC100M6N2R32.jpg?resize=525%2C300&ssl=1 1.5x, https:\/\/i0.wp.com\/cascoo.ee\/wp-content\/uploads\/2023\/07\/BPH35WC100M6N2R32.jpg?resize=700%2C400&ssl=1 2x, https:\/\/i0.wp.com\/cascoo.ee\/wp-content\/uploads\/2023\/07\/BPH35WC100M6N2R32.jpg?resize=1050%2C600&ssl=1 3x"},"classes":[]},{"id":21085,"url":"https:\/\/cascoo.ee\/fi\/tuote\/pyora-hph35wc100m6n2r32\/","url_meta":{"origin":21069,"position":5},"title":"Py\u00f6r\u00e4 HPH35WC100M6N2R32","author":"admin","date":"14.8.2023","format":false,"excerpt":"","rel":"","context":"Samankaltainen artikkeli","block_context":{"text":"Samankaltainen artikkeli","link":""},"img":{"alt_text":"HPH35WC100M6N2R32","src":"https:\/\/i0.wp.com\/cascoo.ee\/wp-content\/uploads\/2023\/08\/HPH35WC100M6N2R32.jpg?resize=350%2C200&ssl=1","width":350,"height":200,"srcset":"https:\/\/i0.wp.com\/cascoo.ee\/wp-content\/uploads\/2023\/08\/HPH35WC100M6N2R32.jpg?resize=350%2C200&ssl=1 1x, https:\/\/i0.wp.com\/cascoo.ee\/wp-content\/uploads\/2023\/08\/HPH35WC100M6N2R32.jpg?resize=525%2C300&ssl=1 1.5x, https:\/\/i0.wp.com\/cascoo.ee\/wp-content\/uploads\/2023\/08\/HPH35WC100M6N2R32.jpg?resize=700%2C400&ssl=1 2x, https:\/\/i0.wp.com\/cascoo.ee\/wp-content\/uploads\/2023\/08\/HPH35WC100M6N2R32.jpg?resize=1050%2C600&ssl=1 3x"},"classes":[]}],"jetpack_sharing_enabled":true,"_links":{"self":[{"href":"https:\/\/cascoo.ee\/fi\/wp-json\/wp\/v2\/product\/21069","targetHints":{"allow":["GET"]}}],"collection":[{"href":"https:\/\/cascoo.ee\/fi\/wp-json\/wp\/v2\/product"}],"about":[{"href":"https:\/\/cascoo.ee\/fi\/wp-json\/wp\/v2\/types\/product"}],"wp:featuredmedia":[{"embeddable":true,"href":"https:\/\/cascoo.ee\/fi\/wp-json\/wp\/v2\/media\/21070"}],"wp:attachment":[{"href":"https:\/\/cascoo.ee\/fi\/wp-json\/wp\/v2\/media?parent=21069"}],"wp:term":[{"taxonomy":"product_brand","embeddable":true,"href":"https:\/\/cascoo.ee\/fi\/wp-json\/wp\/v2\/product_brand?post=21069"},{"taxonomy":"product_cat","embeddable":true,"href":"https:\/\/cascoo.ee\/fi\/wp-json\/wp\/v2\/product_cat?post=21069"},{"taxonomy":"product_tag","embeddable":true,"href":"https:\/\/cascoo.ee\/fi\/wp-json\/wp\/v2\/product_tag?post=21069"}],"curies":[{"name":"wp","href":"https:\/\/api.w.org\/{rel}","templated":true}]}}