{"id":20575,"date":"2025-10-28T12:58:49","date_gmt":"2025-10-28T12:58:49","guid":{"rendered":"https:\/\/cascoo.ee\/product\/pyora-080swu5d0n-70\/"},"modified":"2026-01-14T09:08:54","modified_gmt":"2026-01-14T09:08:54","slug":"pyora-080swu5d0n-70","status":"publish","type":"product","link":"https:\/\/cascoo.ee\/fi\/tuote\/pyora-080swu5d0n-70\/","title":{"rendered":"Py\u00f6r\u00e4 080SWU5D0N-70"},"content":{"rendered":"<p>T\u00e4m\u00e4 k\u00e4sipumppuk\u00e4rryn py\u00f6r\u00e4 on valmistettu ruskeasta polyuretaanista (PU), ja sen halkaisija on 80 mm sek\u00e4 kantavuus 500 kg.<br \/>\nPolyuretaani on kest\u00e4v\u00e4, pitk\u00e4ik\u00e4inen muovi, joka takaa erinomaisen kulutuskest\u00e4vyyden. Py\u00f6r\u00e4 on lattiayst\u00e4v\u00e4llinen, vaimentaa t\u00e4rin\u00e4\u00e4 ja kest\u00e4\u00e4 monia kemikaaleja sek\u00e4 ulkoisia iskuja. Se toimii luotettavasti -20\u00b0C:sta +60\u00b0C:een.  <\/p>\n<p>Tarkan ohjauksen ja kaksoiskuulalaakereiden ansiosta se kulkee sujuvasti ja on ihanteellinen pitkille, suorille reiteille.<br \/>\nT\u00e4ydellinen valinta, kun tarvitset vahvan, kest\u00e4v\u00e4n ja v\u00e4h\u00e4huoltoisen py\u00f6r\u00e4n k\u00e4sik\u00e4rryyn.<\/p>\n","protected":false},"excerpt":{"rendered":"<p>K\u00e4sipumppuk\u00e4rryn py\u00f6r\u00e4, 80 x 70 mm, ter\u00e4svanne CPU-kulutuspinnalla.<\/p>\n","protected":false},"featured_media":20576,"template":"","meta":{"_acf_changed":false},"product_brand":[],"product_cat":[8868,8755,8859],"product_tag":[],"class_list":{"0":"post-20575","1":"product","2":"type-product","3":"status-publish","4":"has-post-thumbnail","6":"product_cat-haarukkavaunun-pyorat","7":"product_cat-irtopyorat","8":"product_cat-pyoran-halkaisija-80mm","9":"pa_material-of-the-wheel-teras","10":"pa_tread-valu-uretaani","12":"first","13":"onbackorder","14":"taxable","15":"shipping-taxable","16":"purchasable","17":"product-type-simple"},"acf":[],"ct_brands":[],"yoast_head":"<!-- This site is optimized with the Yoast SEO plugin v27.5 - https:\/\/yoast.com\/product\/yoast-seo-wordpress\/ -->\n<title>K\u00e4sipumppuk\u00e4rryn py\u00f6r\u00e4, 80x70 mm, ter\u00e4svanne CPU-kulutuspinnalla - Cascoo<\/title>\n<meta name=\"description\" content=\"K\u00e4sipumppuk\u00e4rryn py\u00f6r\u00e4, valmistettu ruskeasta polyuretaanista (PU), halkaisijaltaan 80 mm ja kantavuus 500 kg. Polyuretaanipy\u00f6r\u00e4 on lattiayst\u00e4v\u00e4llinen, vaimentaa t\u00e4rin\u00e4\u00e4 ja kest\u00e4\u00e4 monia kemikaaleja sek\u00e4 ulkoisia iskuja.\" \/>\n<meta name=\"robots\" content=\"index, follow, max-snippet:-1, max-image-preview:large, max-video-preview:-1\" \/>\n<link rel=\"canonical\" href=\"https:\/\/cascoo.ee\/fi\/tuote\/pyora-080swu5d0n-70\/\" \/>\n<meta property=\"og:locale\" content=\"fi_FI\" \/>\n<meta property=\"og:type\" content=\"article\" \/>\n<meta property=\"og:title\" content=\"K\u00e4sipumppuk\u00e4rryn py\u00f6r\u00e4, 80x70 mm, ter\u00e4svanne CPU-kulutuspinnalla - Cascoo\" \/>\n<meta property=\"og:description\" content=\"K\u00e4sipumppuk\u00e4rryn py\u00f6r\u00e4, valmistettu ruskeasta polyuretaanista (PU), halkaisijaltaan 80 mm ja kantavuus 500 kg. Polyuretaanipy\u00f6r\u00e4 on lattiayst\u00e4v\u00e4llinen, vaimentaa t\u00e4rin\u00e4\u00e4 ja kest\u00e4\u00e4 monia kemikaaleja sek\u00e4 ulkoisia iskuja.\" \/>\n<meta property=\"og:url\" content=\"https:\/\/cascoo.ee\/fi\/tuote\/pyora-080swu5d0n-70\/\" \/>\n<meta property=\"og:site_name\" content=\"Cascoo\" \/>\n<meta property=\"article:modified_time\" content=\"2026-01-14T09:08:54+00:00\" \/>\n<meta property=\"og:image\" content=\"https:\/\/cascoo.ee\/wp-content\/uploads\/2025\/10\/080SWU5D0N-70-1.jpg\" \/>\n\t<meta property=\"og:image:width\" content=\"1200\" \/>\n\t<meta property=\"og:image:height\" content=\"1200\" \/>\n\t<meta property=\"og:image:type\" content=\"image\/jpeg\" \/>\n<meta name=\"twitter:card\" content=\"summary_large_image\" \/>\n<script type=\"application\/ld+json\" class=\"yoast-schema-graph\">{\"@context\":\"https:\\\/\\\/schema.org\",\"@graph\":[{\"@type\":\"WebPage\",\"@id\":\"https:\\\/\\\/cascoo.ee\\\/fi\\\/tuote\\\/pyora-080swu5d0n-70\\\/\",\"url\":\"https:\\\/\\\/cascoo.ee\\\/fi\\\/tuote\\\/pyora-080swu5d0n-70\\\/\",\"name\":\"K\u00e4sipumppuk\u00e4rryn py\u00f6r\u00e4, 80x70 mm, ter\u00e4svanne CPU-kulutuspinnalla - Cascoo\",\"isPartOf\":{\"@id\":\"https:\\\/\\\/cascoo.ee\\\/fi\\\/#website\"},\"primaryImageOfPage\":{\"@id\":\"https:\\\/\\\/cascoo.ee\\\/fi\\\/tuote\\\/pyora-080swu5d0n-70\\\/#primaryimage\"},\"image\":{\"@id\":\"https:\\\/\\\/cascoo.ee\\\/fi\\\/tuote\\\/pyora-080swu5d0n-70\\\/#primaryimage\"},\"thumbnailUrl\":\"https:\\\/\\\/cascoo.ee\\\/wp-content\\\/uploads\\\/2025\\\/10\\\/080SWU5D0N-70-1.jpg\",\"datePublished\":\"2025-10-28T12:58:49+00:00\",\"dateModified\":\"2026-01-14T09:08:54+00:00\",\"description\":\"K\u00e4sipumppuk\u00e4rryn py\u00f6r\u00e4, valmistettu ruskeasta polyuretaanista (PU), halkaisijaltaan 80 mm ja kantavuus 500 kg. Polyuretaanipy\u00f6r\u00e4 on lattiayst\u00e4v\u00e4llinen, vaimentaa t\u00e4rin\u00e4\u00e4 ja kest\u00e4\u00e4 monia kemikaaleja sek\u00e4 ulkoisia iskuja.\",\"breadcrumb\":{\"@id\":\"https:\\\/\\\/cascoo.ee\\\/fi\\\/tuote\\\/pyora-080swu5d0n-70\\\/#breadcrumb\"},\"inLanguage\":\"fi\",\"potentialAction\":[{\"@type\":\"ReadAction\",\"target\":[\"https:\\\/\\\/cascoo.ee\\\/fi\\\/tuote\\\/pyora-080swu5d0n-70\\\/\"]}]},{\"@type\":\"ImageObject\",\"inLanguage\":\"fi\",\"@id\":\"https:\\\/\\\/cascoo.ee\\\/fi\\\/tuote\\\/pyora-080swu5d0n-70\\\/#primaryimage\",\"url\":\"https:\\\/\\\/cascoo.ee\\\/wp-content\\\/uploads\\\/2025\\\/10\\\/080SWU5D0N-70-1.jpg\",\"contentUrl\":\"https:\\\/\\\/cascoo.ee\\\/wp-content\\\/uploads\\\/2025\\\/10\\\/080SWU5D0N-70-1.jpg\",\"width\":1200,\"height\":1200,\"caption\":\"K\u00e4sipumppuk\u00e4rryn py\u00f6r\u00e4, 80 x 70 mm, CPU-kulutuspinnalla\"},{\"@type\":\"BreadcrumbList\",\"@id\":\"https:\\\/\\\/cascoo.ee\\\/fi\\\/tuote\\\/pyora-080swu5d0n-70\\\/#breadcrumb\",\"itemListElement\":[{\"@type\":\"ListItem\",\"position\":1,\"name\":\"Etusivu\",\"item\":\"https:\\\/\\\/cascoo.ee\\\/fi\\\/teollisuuspyorat-ja-rullat\\\/\"},{\"@type\":\"ListItem\",\"position\":2,\"name\":\"Teollisuuspy\u00f6r\u00e4t ja -rullat\",\"item\":\"https:\\\/\\\/cascoo.ee\\\/fi\\\/teollisuuspyorat-ja-rullat\\\/\"},{\"@type\":\"ListItem\",\"position\":3,\"name\":\"Py\u00f6r\u00e4 080SWU5D0N-70\"}]},{\"@type\":\"WebSite\",\"@id\":\"https:\\\/\\\/cascoo.ee\\\/fi\\\/#website\",\"url\":\"https:\\\/\\\/cascoo.ee\\\/fi\\\/\",\"name\":\"Cascoo\",\"description\":\"Industrial Wheels and Castors\",\"publisher\":{\"@id\":\"https:\\\/\\\/cascoo.ee\\\/fi\\\/#organization\"},\"potentialAction\":[{\"@type\":\"SearchAction\",\"target\":{\"@type\":\"EntryPoint\",\"urlTemplate\":\"https:\\\/\\\/cascoo.ee\\\/fi\\\/?s={search_term_string}\"},\"query-input\":{\"@type\":\"PropertyValueSpecification\",\"valueRequired\":true,\"valueName\":\"search_term_string\"}}],\"inLanguage\":\"fi\"},{\"@type\":\"Organization\",\"@id\":\"https:\\\/\\\/cascoo.ee\\\/fi\\\/#organization\",\"name\":\"Cascoo\",\"url\":\"https:\\\/\\\/cascoo.ee\\\/fi\\\/\",\"logo\":{\"@type\":\"ImageObject\",\"inLanguage\":\"fi\",\"@id\":\"https:\\\/\\\/cascoo.ee\\\/fi\\\/#\\\/schema\\\/logo\\\/image\\\/\",\"url\":\"https:\\\/\\\/cascoo.ee\\\/wp-content\\\/uploads\\\/2023\\\/07\\\/Cascoo.png\",\"contentUrl\":\"https:\\\/\\\/cascoo.ee\\\/wp-content\\\/uploads\\\/2023\\\/07\\\/Cascoo.png\",\"width\":130,\"height\":51,\"caption\":\"Cascoo\"},\"image\":{\"@id\":\"https:\\\/\\\/cascoo.ee\\\/fi\\\/#\\\/schema\\\/logo\\\/image\\\/\"}}]}<\/script>\n<!-- \/ Yoast SEO plugin. -->","yoast_head_json":{"title":"K\u00e4sipumppuk\u00e4rryn py\u00f6r\u00e4, 80x70 mm, ter\u00e4svanne CPU-kulutuspinnalla - Cascoo","description":"K\u00e4sipumppuk\u00e4rryn py\u00f6r\u00e4, valmistettu ruskeasta polyuretaanista (PU), halkaisijaltaan 80 mm ja kantavuus 500 kg. Polyuretaanipy\u00f6r\u00e4 on lattiayst\u00e4v\u00e4llinen, vaimentaa t\u00e4rin\u00e4\u00e4 ja kest\u00e4\u00e4 monia kemikaaleja sek\u00e4 ulkoisia iskuja.","robots":{"index":"index","follow":"follow","max-snippet":"max-snippet:-1","max-image-preview":"max-image-preview:large","max-video-preview":"max-video-preview:-1"},"canonical":"https:\/\/cascoo.ee\/fi\/tuote\/pyora-080swu5d0n-70\/","og_locale":"fi_FI","og_type":"article","og_title":"K\u00e4sipumppuk\u00e4rryn py\u00f6r\u00e4, 80x70 mm, ter\u00e4svanne CPU-kulutuspinnalla - Cascoo","og_description":"K\u00e4sipumppuk\u00e4rryn py\u00f6r\u00e4, valmistettu ruskeasta polyuretaanista (PU), halkaisijaltaan 80 mm ja kantavuus 500 kg. Polyuretaanipy\u00f6r\u00e4 on lattiayst\u00e4v\u00e4llinen, vaimentaa t\u00e4rin\u00e4\u00e4 ja kest\u00e4\u00e4 monia kemikaaleja sek\u00e4 ulkoisia iskuja.","og_url":"https:\/\/cascoo.ee\/fi\/tuote\/pyora-080swu5d0n-70\/","og_site_name":"Cascoo","article_modified_time":"2026-01-14T09:08:54+00:00","og_image":[{"width":1200,"height":1200,"url":"https:\/\/cascoo.ee\/wp-content\/uploads\/2025\/10\/080SWU5D0N-70-1.jpg","type":"image\/jpeg"}],"twitter_card":"summary_large_image","schema":{"@context":"https:\/\/schema.org","@graph":[{"@type":"WebPage","@id":"https:\/\/cascoo.ee\/fi\/tuote\/pyora-080swu5d0n-70\/","url":"https:\/\/cascoo.ee\/fi\/tuote\/pyora-080swu5d0n-70\/","name":"K\u00e4sipumppuk\u00e4rryn py\u00f6r\u00e4, 80x70 mm, ter\u00e4svanne CPU-kulutuspinnalla - Cascoo","isPartOf":{"@id":"https:\/\/cascoo.ee\/fi\/#website"},"primaryImageOfPage":{"@id":"https:\/\/cascoo.ee\/fi\/tuote\/pyora-080swu5d0n-70\/#primaryimage"},"image":{"@id":"https:\/\/cascoo.ee\/fi\/tuote\/pyora-080swu5d0n-70\/#primaryimage"},"thumbnailUrl":"https:\/\/cascoo.ee\/wp-content\/uploads\/2025\/10\/080SWU5D0N-70-1.jpg","datePublished":"2025-10-28T12:58:49+00:00","dateModified":"2026-01-14T09:08:54+00:00","description":"K\u00e4sipumppuk\u00e4rryn py\u00f6r\u00e4, valmistettu ruskeasta polyuretaanista (PU), halkaisijaltaan 80 mm ja kantavuus 500 kg. Polyuretaanipy\u00f6r\u00e4 on lattiayst\u00e4v\u00e4llinen, vaimentaa t\u00e4rin\u00e4\u00e4 ja kest\u00e4\u00e4 monia kemikaaleja sek\u00e4 ulkoisia iskuja.","breadcrumb":{"@id":"https:\/\/cascoo.ee\/fi\/tuote\/pyora-080swu5d0n-70\/#breadcrumb"},"inLanguage":"fi","potentialAction":[{"@type":"ReadAction","target":["https:\/\/cascoo.ee\/fi\/tuote\/pyora-080swu5d0n-70\/"]}]},{"@type":"ImageObject","inLanguage":"fi","@id":"https:\/\/cascoo.ee\/fi\/tuote\/pyora-080swu5d0n-70\/#primaryimage","url":"https:\/\/cascoo.ee\/wp-content\/uploads\/2025\/10\/080SWU5D0N-70-1.jpg","contentUrl":"https:\/\/cascoo.ee\/wp-content\/uploads\/2025\/10\/080SWU5D0N-70-1.jpg","width":1200,"height":1200,"caption":"K\u00e4sipumppuk\u00e4rryn py\u00f6r\u00e4, 80 x 70 mm, CPU-kulutuspinnalla"},{"@type":"BreadcrumbList","@id":"https:\/\/cascoo.ee\/fi\/tuote\/pyora-080swu5d0n-70\/#breadcrumb","itemListElement":[{"@type":"ListItem","position":1,"name":"Etusivu","item":"https:\/\/cascoo.ee\/fi\/teollisuuspyorat-ja-rullat\/"},{"@type":"ListItem","position":2,"name":"Teollisuuspy\u00f6r\u00e4t ja -rullat","item":"https:\/\/cascoo.ee\/fi\/teollisuuspyorat-ja-rullat\/"},{"@type":"ListItem","position":3,"name":"Py\u00f6r\u00e4 080SWU5D0N-70"}]},{"@type":"WebSite","@id":"https:\/\/cascoo.ee\/fi\/#website","url":"https:\/\/cascoo.ee\/fi\/","name":"Cascoo","description":"Industrial Wheels and Castors","publisher":{"@id":"https:\/\/cascoo.ee\/fi\/#organization"},"potentialAction":[{"@type":"SearchAction","target":{"@type":"EntryPoint","urlTemplate":"https:\/\/cascoo.ee\/fi\/?s={search_term_string}"},"query-input":{"@type":"PropertyValueSpecification","valueRequired":true,"valueName":"search_term_string"}}],"inLanguage":"fi"},{"@type":"Organization","@id":"https:\/\/cascoo.ee\/fi\/#organization","name":"Cascoo","url":"https:\/\/cascoo.ee\/fi\/","logo":{"@type":"ImageObject","inLanguage":"fi","@id":"https:\/\/cascoo.ee\/fi\/#\/schema\/logo\/image\/","url":"https:\/\/cascoo.ee\/wp-content\/uploads\/2023\/07\/Cascoo.png","contentUrl":"https:\/\/cascoo.ee\/wp-content\/uploads\/2023\/07\/Cascoo.png","width":130,"height":51,"caption":"Cascoo"},"image":{"@id":"https:\/\/cascoo.ee\/fi\/#\/schema\/logo\/image\/"}}]}},"jetpack-related-posts":[{"id":20584,"url":"https:\/\/cascoo.ee\/fi\/tuote\/pyora-082swu5d0n-80\/","url_meta":{"origin":20575,"position":0},"title":"Py\u00f6r\u00e4 082SWU5D0N-80","author":"admin","date":"29.10.2025","format":false,"excerpt":"K\u00e4sipumppuk\u00e4rryn py\u00f6r\u00e4, 82 x 80 mm, ter\u00e4svanne CPU-kulutuspinnalla.","rel":"","context":"Samankaltainen artikkeli","block_context":{"text":"Samankaltainen artikkeli","link":""},"img":{"alt_text":"k\u00e4sipumppuk\u00e4rryn py\u00f6r\u00e4, 82 x 80 mm, CPU-kulutuspinnalla","src":"https:\/\/i0.wp.com\/cascoo.ee\/wp-content\/uploads\/2025\/10\/082SWU5D0N-80-1.jpg?resize=350%2C200&ssl=1","width":350,"height":200,"srcset":"https:\/\/i0.wp.com\/cascoo.ee\/wp-content\/uploads\/2025\/10\/082SWU5D0N-80-1.jpg?resize=350%2C200&ssl=1 1x, https:\/\/i0.wp.com\/cascoo.ee\/wp-content\/uploads\/2025\/10\/082SWU5D0N-80-1.jpg?resize=525%2C300&ssl=1 1.5x, https:\/\/i0.wp.com\/cascoo.ee\/wp-content\/uploads\/2025\/10\/082SWU5D0N-80-1.jpg?resize=700%2C400&ssl=1 2x"},"classes":[]},{"id":20640,"url":"https:\/\/cascoo.ee\/fi\/tuote\/pyora-070swu5d0n-60\/","url_meta":{"origin":20575,"position":1},"title":"Py\u00f6r\u00e4 070SWU5D0N-60","author":"admin","date":"24.10.2025","format":false,"excerpt":"K\u00e4sipumppuk\u00e4rryn py\u00f6r\u00e4, 70 x 60 mm, ter\u00e4svanne CPU-kulutuspinnalla.","rel":"","context":"Samankaltainen artikkeli","block_context":{"text":"Samankaltainen artikkeli","link":""},"img":{"alt_text":"k\u00e4sipumppuk\u00e4rryn py\u00f6r\u00e4, 70 x 60 mm, CPU-kulutuspinnalla","src":"https:\/\/i0.wp.com\/cascoo.ee\/wp-content\/uploads\/2025\/10\/070SWU5D0N-60-1.jpg?resize=350%2C200&ssl=1","width":350,"height":200,"srcset":"https:\/\/i0.wp.com\/cascoo.ee\/wp-content\/uploads\/2025\/10\/070SWU5D0N-60-1.jpg?resize=350%2C200&ssl=1 1x, https:\/\/i0.wp.com\/cascoo.ee\/wp-content\/uploads\/2025\/10\/070SWU5D0N-60-1.jpg?resize=525%2C300&ssl=1 1.5x, https:\/\/i0.wp.com\/cascoo.ee\/wp-content\/uploads\/2025\/10\/070SWU5D0N-60-1.jpg?resize=700%2C400&ssl=1 2x"},"classes":[]},{"id":20602,"url":"https:\/\/cascoo.ee\/fi\/tuote\/pyora-080swu5d0n-90\/","url_meta":{"origin":20575,"position":2},"title":"Py\u00f6r\u00e4 080SWU5D0N-90","author":"admin","date":"29.10.2025","format":false,"excerpt":"K\u00e4sipumppuk\u00e4rryn py\u00f6r\u00e4, 80 x 90 mm, ter\u00e4svanteella ja CPU-kulutuspinnalla.","rel":"","context":"Samankaltainen artikkeli","block_context":{"text":"Samankaltainen artikkeli","link":""},"img":{"alt_text":"k\u00e4sipumppuk\u00e4rryn py\u00f6r\u00e4, 80 x 90 mm, CPU-kulutuspinnalla","src":"https:\/\/i0.wp.com\/cascoo.ee\/wp-content\/uploads\/2025\/10\/080SWU5D0N-90-1.jpg?resize=350%2C200&ssl=1","width":350,"height":200,"srcset":"https:\/\/i0.wp.com\/cascoo.ee\/wp-content\/uploads\/2025\/10\/080SWU5D0N-90-1.jpg?resize=350%2C200&ssl=1 1x, https:\/\/i0.wp.com\/cascoo.ee\/wp-content\/uploads\/2025\/10\/080SWU5D0N-90-1.jpg?resize=525%2C300&ssl=1 1.5x, https:\/\/i0.wp.com\/cascoo.ee\/wp-content\/uploads\/2025\/10\/080SWU5D0N-90-1.jpg?resize=700%2C400&ssl=1 2x, https:\/\/i0.wp.com\/cascoo.ee\/wp-content\/uploads\/2025\/10\/080SWU5D0N-90-1.jpg?resize=1050%2C600&ssl=1 3x"},"classes":[]},{"id":20541,"url":"https:\/\/cascoo.ee\/fi\/tuote\/pyora-080swu5d0n-40\/","url_meta":{"origin":20575,"position":3},"title":"Py\u00f6r\u00e4 080SWU5D0N-40","author":"admin","date":"28.10.2025","format":false,"excerpt":"K\u00e4sipumppuk\u00e4rryn py\u00f6r\u00e4, 80 x 40 mm, ter\u00e4svanne CPU-pintakuvioinnilla.","rel":"","context":"Samankaltainen artikkeli","block_context":{"text":"Samankaltainen artikkeli","link":""},"img":{"alt_text":"k\u00e4sipumppuk\u00e4rryn py\u00f6r\u00e4, 80 x 40 mm, CPU-pintakuvioinnilla","src":"https:\/\/i0.wp.com\/cascoo.ee\/wp-content\/uploads\/2025\/10\/080SWU5D0N-40-1.jpg?resize=350%2C200&ssl=1","width":350,"height":200,"srcset":"https:\/\/i0.wp.com\/cascoo.ee\/wp-content\/uploads\/2025\/10\/080SWU5D0N-40-1.jpg?resize=350%2C200&ssl=1 1x, https:\/\/i0.wp.com\/cascoo.ee\/wp-content\/uploads\/2025\/10\/080SWU5D0N-40-1.jpg?resize=525%2C300&ssl=1 1.5x, https:\/\/i0.wp.com\/cascoo.ee\/wp-content\/uploads\/2025\/10\/080SWU5D0N-40-1.jpg?resize=700%2C400&ssl=1 2x"},"classes":[]},{"id":20535,"url":"https:\/\/cascoo.ee\/fi\/tuote\/pyora-080swu6d0n-100\/","url_meta":{"origin":20575,"position":4},"title":"Py\u00f6r\u00e4 080SWU6D0N-100","author":"admin","date":"30.10.2025","format":false,"excerpt":"K\u00e4sipumppuk\u00e4rryn py\u00f6r\u00e4, 80 x 100 mm, ter\u00e4svanne CPU-kulutuspinnalla, punainen.","rel":"","context":"Samankaltainen artikkeli","block_context":{"text":"Samankaltainen artikkeli","link":""},"img":{"alt_text":"punainen k\u00e4sipumppuk\u00e4rryn py\u00f6r\u00e4, 80 x 100 mm, CPU-kulutuspinnalla","src":"https:\/\/i0.wp.com\/cascoo.ee\/wp-content\/uploads\/2025\/10\/080SWU6D0N-100.jpg?resize=350%2C200&ssl=1","width":350,"height":200,"srcset":"https:\/\/i0.wp.com\/cascoo.ee\/wp-content\/uploads\/2025\/10\/080SWU6D0N-100.jpg?resize=350%2C200&ssl=1 1x, https:\/\/i0.wp.com\/cascoo.ee\/wp-content\/uploads\/2025\/10\/080SWU6D0N-100.jpg?resize=525%2C300&ssl=1 1.5x, https:\/\/i0.wp.com\/cascoo.ee\/wp-content\/uploads\/2025\/10\/080SWU6D0N-100.jpg?resize=700%2C400&ssl=1 2x, https:\/\/i0.wp.com\/cascoo.ee\/wp-content\/uploads\/2025\/10\/080SWU6D0N-100.jpg?resize=1050%2C600&ssl=1 3x"},"classes":[]},{"id":20597,"url":"https:\/\/cascoo.ee\/fi\/tuote\/pyora-070swu5d0n-70\/","url_meta":{"origin":20575,"position":5},"title":"Py\u00f6r\u00e4 070SWU5D0N-70","author":"admin","date":"24.10.2025","format":false,"excerpt":"K\u00e4sipumppuk\u00e4rryn py\u00f6r\u00e4, 70 x 70 mm, ter\u00e4svanne CPU-pinnalla","rel":"","context":"Samankaltainen artikkeli","block_context":{"text":"Samankaltainen artikkeli","link":""},"img":{"alt_text":"k\u00e4sik\u00e4rryn py\u00f6r\u00e4, 70 x 70 mm, CPU-pinnalla","src":"https:\/\/i0.wp.com\/cascoo.ee\/wp-content\/uploads\/2025\/10\/070SWU5D0N-70-1.jpg?resize=350%2C200&ssl=1","width":350,"height":200,"srcset":"https:\/\/i0.wp.com\/cascoo.ee\/wp-content\/uploads\/2025\/10\/070SWU5D0N-70-1.jpg?resize=350%2C200&ssl=1 1x, https:\/\/i0.wp.com\/cascoo.ee\/wp-content\/uploads\/2025\/10\/070SWU5D0N-70-1.jpg?resize=525%2C300&ssl=1 1.5x, https:\/\/i0.wp.com\/cascoo.ee\/wp-content\/uploads\/2025\/10\/070SWU5D0N-70-1.jpg?resize=700%2C400&ssl=1 2x"},"classes":[]}],"jetpack_sharing_enabled":true,"_links":{"self":[{"href":"https:\/\/cascoo.ee\/fi\/wp-json\/wp\/v2\/product\/20575","targetHints":{"allow":["GET"]}}],"collection":[{"href":"https:\/\/cascoo.ee\/fi\/wp-json\/wp\/v2\/product"}],"about":[{"href":"https:\/\/cascoo.ee\/fi\/wp-json\/wp\/v2\/types\/product"}],"wp:featuredmedia":[{"embeddable":true,"href":"https:\/\/cascoo.ee\/fi\/wp-json\/wp\/v2\/media\/20576"}],"wp:attachment":[{"href":"https:\/\/cascoo.ee\/fi\/wp-json\/wp\/v2\/media?parent=20575"}],"wp:term":[{"taxonomy":"product_brand","embeddable":true,"href":"https:\/\/cascoo.ee\/fi\/wp-json\/wp\/v2\/product_brand?post=20575"},{"taxonomy":"product_cat","embeddable":true,"href":"https:\/\/cascoo.ee\/fi\/wp-json\/wp\/v2\/product_cat?post=20575"},{"taxonomy":"product_tag","embeddable":true,"href":"https:\/\/cascoo.ee\/fi\/wp-json\/wp\/v2\/product_tag?post=20575"}],"curies":[{"name":"wp","href":"https:\/\/api.w.org\/{rel}","templated":true}]}}