{"id":20481,"date":"2023-07-06T15:49:22","date_gmt":"2023-07-06T15:49:22","guid":{"rendered":"https:\/\/cascoo.ee\/tietosuojakaytanto\/"},"modified":"2025-11-13T12:12:02","modified_gmt":"2025-11-13T12:12:02","slug":"tietosuojakaytanto","status":"publish","type":"page","link":"https:\/\/cascoo.ee\/fi\/tietosuojakaytanto\/","title":{"rendered":"Tietosuojak\u00e4yt\u00e4nt\u00f6"},"content":{"rendered":"\t\t<div data-elementor-type=\"wp-page\" data-elementor-id=\"20481\" class=\"elementor elementor-20481 elementor-3\" wpc-filter-elementor-widget=\"1\">\n\t\t\t\t<div class=\"elementor-element elementor-element-26f99b27 e-flex e-con-boxed e-con e-parent\" data-id=\"26f99b27\" data-element_type=\"container\" data-e-type=\"container\">\n\t\t\t\t\t<div class=\"e-con-inner\">\n\t\t\t\t<div class=\"elementor-element elementor-element-d7b7666 elementor-widget elementor-widget-text-editor\" data-id=\"d7b7666\" data-element_type=\"widget\" data-e-type=\"widget\" data-widget_type=\"text-editor.default\">\n\t\t\t\t<div class=\"elementor-widget-container\">\n\t\t\t\t\t\t\t\t\t<p><strong>Tietosuojak\u00e4yt\u00e4nt\u00f6<\/strong><\/p><p>Verkkosivustomme osoite on <a href=\"https:\/\/cascoo.ee\/fi\/\">https:\/\/cascoo.ee<\/a>.<\/p><p>Henkil\u00f6tietojen k\u00e4sittely on mit\u00e4 tahansa toimintaa, joka suoritetaan verkkosivuston k\u00e4ytt\u00e4j\u00e4n (j\u00e4ljemp\u00e4n\u00e4 k\u00e4ytt\u00e4j\u00e4) henkil\u00f6tiedoilla &#8211; tietojen ker\u00e4\u00e4minen, k\u00e4sittely, s\u00e4ilytt\u00e4minen, korjaaminen tai poistaminen.<\/p><p>K\u00e4ytt\u00e4ji\u00e4 ovat kaikki henkil\u00f6t, jotka vierailevat verkkosivustolla, k\u00e4ytt\u00e4v\u00e4t palveluja tai antavat tietoja Tootmisdetail O\u00dc:lle. Esimerkiksi artikkeleiden lukeminen, palvelujen tilaaminen tai yhteydenotto Tootmisdetail O\u00dc:hen s\u00e4hk\u00f6postitse. <\/p><p>K\u00e4ytt\u00e4m\u00e4ll\u00e4 verkkosivustoa k\u00e4ytt\u00e4j\u00e4 suostuu tietojensa k\u00e4sittelyyn n\u00e4iden tietosuojan ehtojen mukaisesti.<\/p><p><span style=\"text-align: var(--text-align); background-color: var(--theme-palette-color-8); color: var(--theme-text-color); font-family: var(--theme-font-family); font-size: var(--theme-font-size); font-style: var(--theme-font-style, inherit); font-weight: var(--theme-font-weight); letter-spacing: var(--theme-letter-spacing); text-transform: var(--theme-text-transform);\">Tootmisdetail<\/span> O\u00dc ker\u00e4\u00e4 k\u00e4ytt\u00e4jien seuraavat henkil\u00f6tiedot verkkosivuston kautta alla kuvatulla tavalla:<\/p><ul><li>k\u00e4ytt\u00e4j\u00e4n nimi, puhelinnumero ja s\u00e4hk\u00f6postiosoite \u2013 k\u00e4ytt\u00e4j\u00e4n antamat tiedot tehdess\u00e4\u00e4n tietopyynn\u00f6n;<\/li><li>verkkosivuston k\u00e4yntitilastot \u2013 Google Analyticsin avulla.<\/li><\/ul><p><span style=\"text-align: var(--text-align); background-color: var(--theme-palette-color-8); color: var(--theme-text-color); font-family: var(--theme-font-family); font-size: var(--theme-font-size); font-style: var(--theme-font-style, inherit); font-weight: var(--theme-font-weight); letter-spacing: var(--theme-letter-spacing); text-transform: var(--theme-text-transform);\">Tootmisdetail<\/span> O\u00dc k\u00e4ytt\u00e4\u00e4 henkil\u00f6tietoja:<\/p><ul><li>palvelujen tarjoamiseen k\u00e4ytt\u00e4j\u00e4lle, kuten sopimusten tekemiseen ja t\u00e4ytt\u00e4miseen, k\u00e4ytt\u00e4j\u00e4n kanssa viestimiseen ja laskujen l\u00e4hett\u00e4miseen;<\/li><li>tarjousten l\u00e4hett\u00e4miseen k\u00e4ytt\u00e4j\u00e4n s\u00e4hk\u00f6postiosoitteeseen, mutta vain k\u00e4ytt\u00e4j\u00e4n etuk\u00e4teissuostumuksella;<\/li><li>verkkosivuston k\u00e4yntitilastojen analysointiin k\u00e4ytt\u00e4j\u00e4kokemuksen parantamiseksi ja tehokkaamman markkinoinnin mahdollistamiseksi.<\/li><\/ul><p>K\u00e4ytt\u00e4j\u00e4ll\u00e4 on oikeus kielt\u00e4\u00e4 henkil\u00f6tietojensa k\u00e4sittely milloin tahansa, paitsi silloin, kun se on tarpeen sopimuksesta johtuvan vaatimuksen t\u00e4ytt\u00e4miseksi, mukaan lukien palvelujen tarjoaminen.<\/p><p>Kolmas osapuoli on Tootmisdetail O\u00dc:n sopimuskumppani, joka k\u00e4sittelee henkil\u00f6tietoja ja tarjoaa palveluja verkkosivuston k\u00e4ytt\u00e4j\u00e4lle tuotteensa tai palvelunsa kautta.<\/p><p><span style=\"text-align: var(--text-align); background-color: var(--theme-palette-color-8); color: var(--theme-text-color); font-family: var(--theme-font-family); font-size: var(--theme-font-size); font-style: var(--theme-font-style, inherit); font-weight: var(--theme-font-weight); letter-spacing: var(--theme-letter-spacing); text-transform: var(--theme-text-transform);\">Tootmisdetail<\/span> O\u00dc k\u00e4ytt\u00e4\u00e4 kolmansia osapuolia p\u00e4ivitt\u00e4isiin toimintoihin, jotka tarjoavat:<\/p><ul><li>s\u00e4hk\u00f6postin l\u00e4hetys- ja hallintaj\u00e4rjestelm\u00e4;<\/li><li>verkkosivuston hosting-palvelu;<\/li><li>verkkosivuston k\u00e4ytt\u00f6tilastojen analysointi.<\/li><\/ul><p><span style=\"text-align: var(--text-align); background-color: var(--theme-palette-color-8); color: var(--theme-text-color); font-family: var(--theme-font-family); font-size: var(--theme-font-size); font-style: var(--theme-font-style, inherit); font-weight: var(--theme-font-weight); letter-spacing: var(--theme-letter-spacing); text-transform: var(--theme-text-transform);\">Tootmisdetail<\/span> O\u00dc:n artikkelit voivat sis\u00e4lt\u00e4\u00e4 lis\u00e4tty\u00e4 sis\u00e4lt\u00f6\u00e4 muista l\u00e4hteist\u00e4 (videot, kuvat, artikkelit jne.). N\u00e4m\u00e4 k\u00e4ytt\u00e4ytyv\u00e4t samalla tavalla kuin vierailemalla alkuper\u00e4isell\u00e4 l\u00e4hdesivulla. <\/p><p><span style=\"text-align: var(--text-align); background-color: var(--theme-palette-color-8); color: var(--theme-text-color); font-family: var(--theme-font-family); font-size: var(--theme-font-size); font-style: var(--theme-font-style, inherit); font-weight: var(--theme-font-weight); letter-spacing: var(--theme-letter-spacing); text-transform: var(--theme-text-transform);\">Tootmisdetail<\/span> O\u00dc:n verkkosivusto k\u00e4ytt\u00e4\u00e4 ev\u00e4steit\u00e4 paremman k\u00e4ytt\u00e4j\u00e4kokemuksen varmistamiseksi, tehokkaampien markkinointitoimien mahdollistamiseksi ja k\u00e4ytt\u00f6tilastojen ker\u00e4\u00e4miseksi.<\/p><p>K\u00e4ytt\u00e4m\u00e4ll\u00e4 Tootmisdetail O\u00dc:n verkkosivustoa k\u00e4ytt\u00e4j\u00e4 suostuu ev\u00e4steiden k\u00e4ytt\u00f6\u00f6n t\u00e4ss\u00e4 kuvatulla tavalla.<\/p><p>Ev\u00e4ste on pieni tekstitiedosto, jonka verkkoselain tallentaa automaattisesti k\u00e4ytt\u00e4j\u00e4n laitteelle. Ev\u00e4steit\u00e4 voivat luoda eri palveluntarjoajat, kuten Google tai YouTube. Ev\u00e4stetiedostot eiv\u00e4t ole haitallisia tietokoneelle.  <\/p><p>Ev\u00e4steit\u00e4 on kahdenlaisia:<\/p><ul><li>Pysyv\u00e4t ev\u00e4steet, jotka j\u00e4\u00e4v\u00e4t pysyv\u00e4sti k\u00e4ytt\u00e4j\u00e4n tietokoneen ev\u00e4stetiedostoon. Niit\u00e4 voidaan k\u00e4ytt\u00e4\u00e4 esimerkiksi tunnistamaan k\u00e4ytt\u00e4j\u00e4 verkkosivuston toistuvana k\u00e4vij\u00e4n\u00e4 ja mukauttamaan verkkosivuston sis\u00e4lt\u00f6\u00e4 k\u00e4ytt\u00e4j\u00e4n tarpeiden mukaan tai ker\u00e4\u00e4m\u00e4\u00e4n tilastotietoja. <\/li><li>Istuntoev\u00e4steet ovat v\u00e4liaikaisia ja katoavat, kun k\u00e4ytt\u00e4j\u00e4 poistuu verkkosivustolta tai sulkee verkkoselaimen. Istuntoev\u00e4steit\u00e4 voidaan k\u00e4ytt\u00e4\u00e4 tiettyihin verkkosivuston toimintoihin, kuten palvelun tai tuotteen pyyt\u00e4miseen. <\/li><\/ul><p>Ev\u00e4steit\u00e4 k\u00e4ytet\u00e4\u00e4n ker\u00e4\u00e4m\u00e4\u00e4n tietoa siit\u00e4, miten verkkosivustoa k\u00e4ytet\u00e4\u00e4n, jotta se olisi henkil\u00f6kohtaisempi ja k\u00e4ytt\u00e4j\u00e4yst\u00e4v\u00e4llisempi. Lis\u00e4ksi ev\u00e4steet auttavat ker\u00e4\u00e4m\u00e4\u00e4n k\u00e4ytt\u00e4j\u00e4tilastoja, mik\u00e4 mahdollistaa verkkosivuston suorituskyvyn mittaamisen ja parantamisen sek\u00e4 tarjoaa perustan tehokkaille markkinointitoimille. <\/p><p>K\u00e4ytt\u00e4j\u00e4n katsotaan hyv\u00e4ksyneen ev\u00e4steet, jos ev\u00e4steet ovat sallittuja verkkoselaimen asetuksissa. Usein verkkoselaimet sallivat ev\u00e4steiden tallentamisen laitteelle oletuksena. K\u00e4ytt\u00e4j\u00e4 voi poistaa tai poistaa ev\u00e4steet laitteeltaan muuttamalla verkkoselaimen asetuksia. Ev\u00e4steiden poistaminen k\u00e4yt\u00f6st\u00e4 voi johtaa siihen, ett\u00e4 verkkosivusto ei toimi oikein.   <\/p><p>K\u00e4yt\u00e4mme Google Analyticsia ker\u00e4\u00e4m\u00e4\u00e4n k\u00e4ytt\u00f6tilastoja, ker\u00e4\u00e4m\u00e4ll\u00e4 tietoa vierailluista alasivuista, vierailun kestosta, vierailujen m\u00e4\u00e4r\u00e4st\u00e4, k\u00e4ytetyist\u00e4 laitteista, sis\u00e4\u00e4ntulokanavista ja muista tilastoista.<\/p><p>Google Analytics voi kuitenkin ker\u00e4t\u00e4 tietoa k\u00e4ytt\u00e4j\u00e4n toiminnasta my\u00f6s ilman ev\u00e4stetiedostoja. Est\u00e4\u00e4kseen Google Analyticsin tietojen k\u00e4yt\u00f6n k\u00e4ytt\u00e4j\u00e4 voi asentaa Google Analyticsin est\u00e4v\u00e4n sovelluksen laitteelleen. <\/p><p><span style=\"text-align: var(--text-align); background-color: var(--theme-palette-color-8); color: var(--theme-text-color); font-family: var(--theme-font-family); font-size: var(--theme-font-size); font-style: var(--theme-font-style, inherit); font-weight: var(--theme-font-weight); letter-spacing: var(--theme-letter-spacing); text-transform: var(--theme-text-transform);\">Tootmisdetail<\/span> O\u00dc pid\u00e4tt\u00e4\u00e4 oikeuden yksipuolisesti muuttaa tietosuojan ehtoja ilman ennakkoilmoitusta varmistaakseen niiden lainmukaisuuden. Tietosuojan ehtojen uusin versio on aina saatavilla verkkosivustolla. <\/p>\t\t\t\t\t\t\t\t<\/div>\n\t\t\t\t<\/div>\n\t\t\t\t\t<\/div>\n\t\t\t\t<\/div>\n\t\t\t\t<\/div>\n\t\t","protected":false},"excerpt":{"rendered":"<p>Tietosuojak\u00e4yt\u00e4nt\u00f6 Verkkosivustomme osoite on https:\/\/cascoo.ee. Henkil\u00f6tietojen k\u00e4sittely on mit\u00e4 tahansa toimintaa, joka suoritetaan verkkosivuston k\u00e4ytt\u00e4j\u00e4n (j\u00e4ljemp\u00e4n\u00e4 k\u00e4ytt\u00e4j\u00e4) henkil\u00f6tiedoilla &#8211; tietojen ker\u00e4\u00e4minen, k\u00e4sittely, s\u00e4ilytt\u00e4minen, korjaaminen tai poistaminen. K\u00e4ytt\u00e4ji\u00e4 ovat kaikki henkil\u00f6t, jotka vierailevat verkkosivustolla, k\u00e4ytt\u00e4v\u00e4t palveluja tai antavat tietoja Tootmisdetail O\u00dc:lle. Esimerkiksi artikkeleiden lukeminen, palvelujen tilaaminen tai yhteydenotto Tootmisdetail O\u00dc:hen s\u00e4hk\u00f6postitse. K\u00e4ytt\u00e4m\u00e4ll\u00e4 verkkosivustoa k\u00e4ytt\u00e4j\u00e4 suostuu tietojensa [&hellip;]<\/p>\n","protected":false},"author":1,"featured_media":0,"parent":0,"menu_order":0,"comment_status":"closed","ping_status":"closed","template":"","meta":{"_acf_changed":false,"footnotes":""},"class_list":["post-20481","page","type-page","status-publish","hentry"],"blocksy_meta":[],"acf":[],"yoast_head":"<!-- This site is optimized with the Yoast SEO plugin v27.5 - https:\/\/yoast.com\/product\/yoast-seo-wordpress\/ -->\n<title>Tietosuojak\u00e4yt\u00e4nt\u00f6 - Cascoo<\/title>\n<meta name=\"description\" content=\"Rollest Group O\u00dc pid\u00e4tt\u00e4\u00e4 oikeuden yksipuolisesti muuttaa tietosuojan ehtoja ilman ennakkoilmoitusta varmistaakseen niiden lainmukaisuuden. Tietosuojan ehtojen uusin versio on aina saatavilla verkkosivustolla.\" \/>\n<meta name=\"robots\" content=\"index, follow, max-snippet:-1, max-image-preview:large, max-video-preview:-1\" \/>\n<link rel=\"canonical\" href=\"https:\/\/cascoo.ee\/fi\/tietosuojakaytanto\/\" \/>\n<meta property=\"og:locale\" content=\"fi_FI\" \/>\n<meta property=\"og:type\" content=\"article\" \/>\n<meta property=\"og:title\" content=\"Tietosuojak\u00e4yt\u00e4nt\u00f6 - Cascoo\" \/>\n<meta property=\"og:description\" content=\"Rollest Group O\u00dc pid\u00e4tt\u00e4\u00e4 oikeuden yksipuolisesti muuttaa tietosuojan ehtoja ilman ennakkoilmoitusta varmistaakseen niiden lainmukaisuuden. Tietosuojan ehtojen uusin versio on aina saatavilla verkkosivustolla.\" \/>\n<meta property=\"og:url\" content=\"https:\/\/cascoo.ee\/fi\/tietosuojakaytanto\/\" \/>\n<meta property=\"og:site_name\" content=\"Cascoo\" \/>\n<meta property=\"article:modified_time\" content=\"2025-11-13T12:12:02+00:00\" \/>\n<meta name=\"twitter:card\" content=\"summary_large_image\" \/>\n<meta name=\"twitter:label1\" content=\"Arvioitu lukuaika\" \/>\n\t<meta name=\"twitter:data1\" content=\"3 minuuttia\" \/>\n<script type=\"application\/ld+json\" class=\"yoast-schema-graph\">{\"@context\":\"https:\\\/\\\/schema.org\",\"@graph\":[{\"@type\":\"WebPage\",\"@id\":\"https:\\\/\\\/cascoo.ee\\\/fi\\\/tietosuojakaytanto\\\/\",\"url\":\"https:\\\/\\\/cascoo.ee\\\/fi\\\/tietosuojakaytanto\\\/\",\"name\":\"Tietosuojak\u00e4yt\u00e4nt\u00f6 - Cascoo\",\"isPartOf\":{\"@id\":\"https:\\\/\\\/cascoo.ee\\\/fi\\\/#website\"},\"datePublished\":\"2023-07-06T15:49:22+00:00\",\"dateModified\":\"2025-11-13T12:12:02+00:00\",\"description\":\"Rollest Group O\u00dc pid\u00e4tt\u00e4\u00e4 oikeuden yksipuolisesti muuttaa tietosuojan ehtoja ilman ennakkoilmoitusta varmistaakseen niiden lainmukaisuuden. Tietosuojan ehtojen uusin versio on aina saatavilla verkkosivustolla.\",\"breadcrumb\":{\"@id\":\"https:\\\/\\\/cascoo.ee\\\/fi\\\/tietosuojakaytanto\\\/#breadcrumb\"},\"inLanguage\":\"fi\",\"potentialAction\":[{\"@type\":\"ReadAction\",\"target\":[\"https:\\\/\\\/cascoo.ee\\\/fi\\\/tietosuojakaytanto\\\/\"]}]},{\"@type\":\"BreadcrumbList\",\"@id\":\"https:\\\/\\\/cascoo.ee\\\/fi\\\/tietosuojakaytanto\\\/#breadcrumb\",\"itemListElement\":[{\"@type\":\"ListItem\",\"position\":1,\"name\":\"Etusivu\",\"item\":\"https:\\\/\\\/cascoo.ee\\\/fi\\\/teollisuuspyorat-ja-rullat\\\/\"},{\"@type\":\"ListItem\",\"position\":2,\"name\":\"Tietosuojak\u00e4yt\u00e4nt\u00f6\"}]},{\"@type\":\"WebSite\",\"@id\":\"https:\\\/\\\/cascoo.ee\\\/fi\\\/#website\",\"url\":\"https:\\\/\\\/cascoo.ee\\\/fi\\\/\",\"name\":\"Cascoo\",\"description\":\"Industrial Wheels and Castors\",\"publisher\":{\"@id\":\"https:\\\/\\\/cascoo.ee\\\/fi\\\/#organization\"},\"potentialAction\":[{\"@type\":\"SearchAction\",\"target\":{\"@type\":\"EntryPoint\",\"urlTemplate\":\"https:\\\/\\\/cascoo.ee\\\/fi\\\/?s={search_term_string}\"},\"query-input\":{\"@type\":\"PropertyValueSpecification\",\"valueRequired\":true,\"valueName\":\"search_term_string\"}}],\"inLanguage\":\"fi\"},{\"@type\":\"Organization\",\"@id\":\"https:\\\/\\\/cascoo.ee\\\/fi\\\/#organization\",\"name\":\"Cascoo\",\"url\":\"https:\\\/\\\/cascoo.ee\\\/fi\\\/\",\"logo\":{\"@type\":\"ImageObject\",\"inLanguage\":\"fi\",\"@id\":\"https:\\\/\\\/cascoo.ee\\\/fi\\\/#\\\/schema\\\/logo\\\/image\\\/\",\"url\":\"https:\\\/\\\/cascoo.ee\\\/wp-content\\\/uploads\\\/2023\\\/07\\\/Cascoo.png\",\"contentUrl\":\"https:\\\/\\\/cascoo.ee\\\/wp-content\\\/uploads\\\/2023\\\/07\\\/Cascoo.png\",\"width\":130,\"height\":51,\"caption\":\"Cascoo\"},\"image\":{\"@id\":\"https:\\\/\\\/cascoo.ee\\\/fi\\\/#\\\/schema\\\/logo\\\/image\\\/\"}}]}<\/script>\n<!-- \/ Yoast SEO plugin. -->","yoast_head_json":{"title":"Tietosuojak\u00e4yt\u00e4nt\u00f6 - Cascoo","description":"Rollest Group O\u00dc pid\u00e4tt\u00e4\u00e4 oikeuden yksipuolisesti muuttaa tietosuojan ehtoja ilman ennakkoilmoitusta varmistaakseen niiden lainmukaisuuden. Tietosuojan ehtojen uusin versio on aina saatavilla verkkosivustolla.","robots":{"index":"index","follow":"follow","max-snippet":"max-snippet:-1","max-image-preview":"max-image-preview:large","max-video-preview":"max-video-preview:-1"},"canonical":"https:\/\/cascoo.ee\/fi\/tietosuojakaytanto\/","og_locale":"fi_FI","og_type":"article","og_title":"Tietosuojak\u00e4yt\u00e4nt\u00f6 - Cascoo","og_description":"Rollest Group O\u00dc pid\u00e4tt\u00e4\u00e4 oikeuden yksipuolisesti muuttaa tietosuojan ehtoja ilman ennakkoilmoitusta varmistaakseen niiden lainmukaisuuden. Tietosuojan ehtojen uusin versio on aina saatavilla verkkosivustolla.","og_url":"https:\/\/cascoo.ee\/fi\/tietosuojakaytanto\/","og_site_name":"Cascoo","article_modified_time":"2025-11-13T12:12:02+00:00","twitter_card":"summary_large_image","twitter_misc":{"Arvioitu lukuaika":"3 minuuttia"},"schema":{"@context":"https:\/\/schema.org","@graph":[{"@type":"WebPage","@id":"https:\/\/cascoo.ee\/fi\/tietosuojakaytanto\/","url":"https:\/\/cascoo.ee\/fi\/tietosuojakaytanto\/","name":"Tietosuojak\u00e4yt\u00e4nt\u00f6 - Cascoo","isPartOf":{"@id":"https:\/\/cascoo.ee\/fi\/#website"},"datePublished":"2023-07-06T15:49:22+00:00","dateModified":"2025-11-13T12:12:02+00:00","description":"Rollest Group O\u00dc pid\u00e4tt\u00e4\u00e4 oikeuden yksipuolisesti muuttaa tietosuojan ehtoja ilman ennakkoilmoitusta varmistaakseen niiden lainmukaisuuden. Tietosuojan ehtojen uusin versio on aina saatavilla verkkosivustolla.","breadcrumb":{"@id":"https:\/\/cascoo.ee\/fi\/tietosuojakaytanto\/#breadcrumb"},"inLanguage":"fi","potentialAction":[{"@type":"ReadAction","target":["https:\/\/cascoo.ee\/fi\/tietosuojakaytanto\/"]}]},{"@type":"BreadcrumbList","@id":"https:\/\/cascoo.ee\/fi\/tietosuojakaytanto\/#breadcrumb","itemListElement":[{"@type":"ListItem","position":1,"name":"Etusivu","item":"https:\/\/cascoo.ee\/fi\/teollisuuspyorat-ja-rullat\/"},{"@type":"ListItem","position":2,"name":"Tietosuojak\u00e4yt\u00e4nt\u00f6"}]},{"@type":"WebSite","@id":"https:\/\/cascoo.ee\/fi\/#website","url":"https:\/\/cascoo.ee\/fi\/","name":"Cascoo","description":"Industrial Wheels and Castors","publisher":{"@id":"https:\/\/cascoo.ee\/fi\/#organization"},"potentialAction":[{"@type":"SearchAction","target":{"@type":"EntryPoint","urlTemplate":"https:\/\/cascoo.ee\/fi\/?s={search_term_string}"},"query-input":{"@type":"PropertyValueSpecification","valueRequired":true,"valueName":"search_term_string"}}],"inLanguage":"fi"},{"@type":"Organization","@id":"https:\/\/cascoo.ee\/fi\/#organization","name":"Cascoo","url":"https:\/\/cascoo.ee\/fi\/","logo":{"@type":"ImageObject","inLanguage":"fi","@id":"https:\/\/cascoo.ee\/fi\/#\/schema\/logo\/image\/","url":"https:\/\/cascoo.ee\/wp-content\/uploads\/2023\/07\/Cascoo.png","contentUrl":"https:\/\/cascoo.ee\/wp-content\/uploads\/2023\/07\/Cascoo.png","width":130,"height":51,"caption":"Cascoo"},"image":{"@id":"https:\/\/cascoo.ee\/fi\/#\/schema\/logo\/image\/"}}]}},"jetpack-related-posts":[{"id":3731,"url":"https:\/\/cascoo.ee\/contact\/","url_meta":{"origin":20481,"position":0},"title":"Contact &amp; About Us","author":"admin","date":"21.7.2023","format":false,"excerpt":"About Tootmisdetail O\u00dc Tootmisdetail O\u00dc is the official representative of Cascoo Group in Estonia, bringing over 10 years of expertise in the production and sale of wheels and castors to the local market. Our strategic approach focuses on innovation, teamwork, and customer satisfaction. We offer a wide range of standard\u2026","rel":"","context":"Samankaltainen artikkeli","block_context":{"text":"Samankaltainen artikkeli","link":""},"img":{"alt_text":"","src":"https:\/\/i0.wp.com\/img.youtube.com\/vi\/-zolESTyNz8\/0.jpg?resize=350%2C200","width":350,"height":200},"classes":[]},{"id":3,"url":"https:\/\/cascoo.ee\/privacy-policy\/","url_meta":{"origin":20481,"position":1},"title":"Privacy Policy","author":"admin","date":"6.7.2023","format":false,"excerpt":"Privacy PolicyOur website address is https:\/\/cascoo.ee.Processing of personal data is any activity carried out with the personal data of a website user (hereinafter referred to as the user) - collection, processing, storage, correction, or deletion of data.Users are all individuals who visit the website, consume services, or provide information to\u2026","rel":"","context":"Samankaltainen artikkeli","block_context":{"text":"Samankaltainen artikkeli","link":""},"img":{"alt_text":"","src":"","width":0,"height":0},"classes":[]},{"id":9849,"url":"https:\/\/cascoo.ee\/et\/privaatsuspoliitika\/","url_meta":{"origin":20481,"position":2},"title":"Privaatsuspoliitika","author":"admin","date":"6.7.2023","format":false,"excerpt":"Privaatsuspoliitika Meie veebilehe aadress on https:\/\/cascoo.ee. Isikuandmete t\u00f6\u00f6tlemine on igasugune tegevus, mida tehakse veebilehe kasutaja (edaspidi \"kasutaja\") isikuandmetega - andmete kogumine, t\u00f6\u00f6tlemine, s\u00e4ilitamine, parandamine v\u00f5i kustutamine. Kasutajad on k\u00f5ik isikud, kes k\u00fclastavad veebilehte, tarbivad teenuseid v\u00f5i annavad Tootmisdetail O\u00dc-le teavet. N\u00e4iteks artiklite lugemine, teenuste tellimine v\u00f5i kontakteerumine Tootmisdetail O\u00dc-ga e-posti\u2026","rel":"","context":"Samankaltainen artikkeli","block_context":{"text":"Samankaltainen artikkeli","link":""},"img":{"alt_text":"","src":"","width":0,"height":0},"classes":[]},{"id":9868,"url":"https:\/\/cascoo.ee\/et\/kontakt\/","url_meta":{"origin":20481,"position":3},"title":"Kontakt ja meist","author":"admin","date":"21.7.2023","format":false,"excerpt":"About Tootmisdetail O\u00dc Tootmisdetail O\u00dc is the official representative of Cascoo Group in Estonia, bringing over 10 years of expertise in the production and sale of wheels and castors to the local market. Our strategic approach focuses on innovation, teamwork, and customer satisfaction. We offer a wide range of standard\u2026","rel":"","context":"Samankaltainen artikkeli","block_context":{"text":"Samankaltainen artikkeli","link":""},"img":{"alt_text":"","src":"","width":0,"height":0},"classes":[]},{"id":20416,"url":"https:\/\/cascoo.ee\/fi\/yhteystiedot-meista\/","url_meta":{"origin":20481,"position":4},"title":"Yhteystiedot &amp; meist\u00e4","author":"admin","date":"21.7.2023","format":false,"excerpt":"Tietoja Tootmisdetail O\u00dc:sta Tootmisdetail O\u00dc on Cascoo-konsernin virallinen edustaja Virossa, ja se tuo paikallisille markkinoille yli 10 vuoden kokemuksen py\u00f6rien ja rullien tuotannosta ja myynnist\u00e4. Strateginen l\u00e4hestymistapamme keskittyy innovaatioon, tiimity\u00f6h\u00f6n ja asiakastyytyv\u00e4isyyteen. Tarjoamme laajan valikoiman vakio- ja r\u00e4\u00e4t\u00e4l\u00f6ityj\u00e4 ratkaisuja, ja suurikapasiteettinen varastomme takaa suurten tilausten oikea-aikaisen toimituksen my\u00f6s lyhyell\u00e4 varoitusajalla.\u2026","rel":"","context":"Samankaltainen artikkeli","block_context":{"text":"Samankaltainen artikkeli","link":""},"img":{"alt_text":"","src":"","width":0,"height":0},"classes":[]},{"id":20418,"url":"https:\/\/cascoo.ee\/fi\/myyntiehdot\/","url_meta":{"origin":20481,"position":5},"title":"Myyntiehdot","author":"admin","date":"21.7.2023","format":false,"excerpt":"MyyntiehdotVerkkokaupan cascoo.ee (j\u00e4ljemp\u00e4n\u00e4 verkkokauppa) omistaja on Tootmisdetail O\u00dc (rekisterikoodi 12809994), jonka osoite on Riia tn 130b\/3, Tartu linn. Puhelin +372 53 895 969 ja s\u00e4hk\u00f6posti info@cascoo.ee.Myyntisopimuksen ehdot ja tiedot tavaroista ja hinnoistaMyyntiehdot koskevat tavaroiden ostamista verkkokaupasta.Verkkokaupassa myyt\u00e4vien tuotteiden hinnat on ilmoitettu tuotteiden yhteydess\u00e4. Hintaan lis\u00e4t\u00e4\u00e4n tavaroiden toimitusmaksu.Tavaroiden toimitusmaksu riippuu ostajan\u2026","rel":"","context":"Samankaltainen artikkeli","block_context":{"text":"Samankaltainen artikkeli","link":""},"img":{"alt_text":"","src":"","width":0,"height":0},"classes":[]}],"jetpack_sharing_enabled":true,"_links":{"self":[{"href":"https:\/\/cascoo.ee\/fi\/wp-json\/wp\/v2\/pages\/20481","targetHints":{"allow":["GET"]}}],"collection":[{"href":"https:\/\/cascoo.ee\/fi\/wp-json\/wp\/v2\/pages"}],"about":[{"href":"https:\/\/cascoo.ee\/fi\/wp-json\/wp\/v2\/types\/page"}],"author":[{"embeddable":true,"href":"https:\/\/cascoo.ee\/fi\/wp-json\/wp\/v2\/users\/1"}],"replies":[{"embeddable":true,"href":"https:\/\/cascoo.ee\/fi\/wp-json\/wp\/v2\/comments?post=20481"}],"version-history":[{"count":1,"href":"https:\/\/cascoo.ee\/fi\/wp-json\/wp\/v2\/pages\/20481\/revisions"}],"predecessor-version":[{"id":20482,"href":"https:\/\/cascoo.ee\/fi\/wp-json\/wp\/v2\/pages\/20481\/revisions\/20482"}],"wp:attachment":[{"href":"https:\/\/cascoo.ee\/fi\/wp-json\/wp\/v2\/media?parent=20481"}],"curies":[{"name":"wp","href":"https:\/\/api.w.org\/{rel}","templated":true}]}}