{"id":20418,"date":"2023-07-21T13:07:59","date_gmt":"2023-07-21T13:07:59","guid":{"rendered":"https:\/\/cascoo.ee\/myyntiehdot\/"},"modified":"2025-11-10T08:20:35","modified_gmt":"2025-11-10T08:20:35","slug":"myyntiehdot","status":"publish","type":"page","link":"https:\/\/cascoo.ee\/fi\/myyntiehdot\/","title":{"rendered":"Myyntiehdot"},"content":{"rendered":"\t\t<div data-elementor-type=\"wp-page\" data-elementor-id=\"20418\" class=\"elementor elementor-20418 elementor-15\" wpc-filter-elementor-widget=\"1\">\n\t\t\t\t<div class=\"elementor-element elementor-element-1b6628bb e-flex e-con-boxed e-con e-parent\" data-id=\"1b6628bb\" data-element_type=\"container\" data-e-type=\"container\">\n\t\t\t\t\t<div class=\"e-con-inner\">\n\t\t\t\t<div class=\"elementor-element elementor-element-559e2544 elementor-widget elementor-widget-text-editor\" data-id=\"559e2544\" data-element_type=\"widget\" data-e-type=\"widget\" data-widget_type=\"text-editor.default\">\n\t\t\t\t<div class=\"elementor-widget-container\">\n\t\t\t\t\t\t\t\t\t<strong>Myyntiehdot<\/strong><br><br>Verkkokaupan cascoo.ee (j\u00e4ljemp\u00e4n\u00e4 verkkokauppa) omistaja on Tootmisdetail O\u00dc (rekisterikoodi 12809994), jonka osoite on Riia tn 130b\/3, Tartu linn. Puhelin +372 53 895 969 ja s\u00e4hk\u00f6posti info@cascoo.ee.<br><br>Myyntisopimuksen ehdot ja tiedot tavaroista ja hinnoista<br><br>Myyntiehdot koskevat tavaroiden ostamista verkkokaupasta.<br><br>Verkkokaupassa myyt\u00e4vien tuotteiden hinnat on ilmoitettu tuotteiden yhteydess\u00e4. Hintaan lis\u00e4t\u00e4\u00e4n tavaroiden toimitusmaksu.<br><br>Tavaroiden toimitusmaksu riippuu ostajan sijainnista ja toimitustavasta. Toimitusmaksu n\u00e4ytet\u00e4\u00e4n ostajalle tilausta teht\u00e4ess\u00e4.<br><br>Tiedot tavaroista annetaan verkkokaupassa tavaroiden yhteydess\u00e4.<br><br>Tilauksen tekeminen<br><br>Tavaroiden tilaamiseksi halutut tavarat tulee lis\u00e4t\u00e4 ostoskoriin. Tilauksen viimeistelemiseksi vaaditut tietokent\u00e4t tulee t\u00e4ytt\u00e4\u00e4 ja sopiva toimitustapa valita. T\u00e4m\u00e4n j\u00e4lkeen ruudulla n\u00e4ytet\u00e4\u00e4n kokonaishinta, joka voidaan maksaa pankkilinkin kautta tai muulla maksuratkaisulla. Korttimaksut v\u00e4litt\u00e4\u00e4 Maksekeskus AS.<br><br>Sopimus astuu voimaan, kun maksettava summa on hyvitetty verkkokaupan pankkitilille.<br><br>Jos tilattuja tavaroita ei ole mahdollista toimittaa varaston puutteen tai muun syyn vuoksi, ostajalle ilmoitetaan asiasta mahdollisimman pian ja maksettu summa (sis\u00e4lt\u00e4en toimituskulut) palautetaan yleens\u00e4 1-2 ty\u00f6p\u00e4iv\u00e4n kuluessa. Maksutavasta riippuen palautus voi kest\u00e4\u00e4 jopa seitsem\u00e4n ty\u00f6p\u00e4iv\u00e4\u00e4.<br><br>Toimitus<br><br>Tavaroita toimitetaan seuraaviin maihin: Viro, Latvia, Liettua.<br><br>Tavaroiden toimituskulut maksaa ostaja, ja vastaavat hintatiedot n\u00e4ytet\u00e4\u00e4n toimitustavan yhteydess\u00e4.<br><br>Virossa paketit saapuvat normaalisti ostajan ilmoittamaan paikkaan 2-4 ty\u00f6p\u00e4iv\u00e4n kuluessa myyntisopimuksen voimaantulosta.<br><br>Poikkeustapauksissa tavarat voidaan toimittaa jopa 30 kalenterip\u00e4iv\u00e4n kuluessa.<br><br>Jos verkkokauppa on ilmoittanut ostajalle toimitusongelmista ja yli 30 kalenterip\u00e4iv\u00e4n toimitusajasta verkkosivustollaan tai tilausvahvistuksessa, sovelletaan verkkokaupan ilmoittamaa toimitusaikaa.<br><br>Peruuttamisoikeus<br><br>Tilauksen vastaanottamisen j\u00e4lkeen ostajalla on oikeus peruuttaa verkkokaupan kanssa tehty sopimus 14 p\u00e4iv\u00e4n kuluessa.<br><br>Peruuttamisoikeus ei koske, jos ostaja on oikeushenkil\u00f6.<br><br>14 p\u00e4iv\u00e4n peruuttamisoikeuden k\u00e4ytt\u00e4miseksi ostaja ei saa k\u00e4ytt\u00e4\u00e4 tilattuja tavaroita muulla tavoin kuin on tarpeen tavaroiden luonteen, ominaisuuksien ja toimivuuden tarkastamiseksi samalla tavoin kuin ostaja saisi kokeilla tavaroita fyysisess\u00e4 myym\u00e4l\u00e4ss\u00e4.<br><br>Jos tuotteita on k\u00e4ytetty muulla tavoin kuin on tarpeen tavaroiden luonteen, ominaisuuksien tai toimivuuden kannalta tai niiss\u00e4 on kulumisen merkkej\u00e4, verkkokaupalla on oikeus v\u00e4hent\u00e4\u00e4 palautettavaa summaa tavaroiden arvon alenemisen mukaisesti.<br><br>Tavaroiden palauttamiseksi ostajan tulee j\u00e4tt\u00e4\u00e4 peruuttamishakemus, jonka lomakkeen voi l\u00e4hett\u00e4\u00e4 s\u00e4hk\u00f6postitse viimeist\u00e4\u00e4n 14 p\u00e4iv\u00e4n kuluessa tavaroiden vastaanottamisesta.<br><br>Tavaroiden palautuskustannukset maksaa ostaja, ellei palautuksen syyn\u00e4 ole se, ett\u00e4 palautettava tuote ei vastaa tilattua (esim. virheellinen tai viallinen tuote).<br><br>Ostajan tulee palauttaa tavarat 14 p\u00e4iv\u00e4n kuluessa hakemuksen j\u00e4tt\u00e4misest\u00e4 tai esitt\u00e4\u00e4 todiste siit\u00e4, ett\u00e4 tavarat on luovutettu kuljetusliikkeelle kyseisen ajan kuluessa.<br><br>Palautetut tavarat vastaanotettuaan verkkokauppa palauttaa ostajalle kaikki sopimuksen perusteella ostajalta saadut summat v\u00e4litt\u00f6m\u00e4sti, mutta viimeist\u00e4\u00e4n 14 p\u00e4iv\u00e4n kuluessa peruuttamishakemuksen vastaanottamisesta.<br><br>Verkkokauppa voi kielt\u00e4yty\u00e4 k\u00e4sittelem\u00e4st\u00e4 palautusta, kunnes se on vastaanottanut sopimuksen kohteena olevan tuotteen tai kunnes ostaja esitt\u00e4\u00e4 todisteen siit\u00e4, ett\u00e4 tuote on l\u00e4hetetty takaisin, riippuen siit\u00e4 kumpi tapahtuu ensin.<br><br>Jos ostaja on nimenomaisesti valinnut toimitustavan, joka poikkeaa verkkokaupan tarjoamasta edullisimmasta normaalista toimitustavasta, verkkokaupan ei tarvitse palauttaa kuluttajalle summaa, joka ylitt\u00e4\u00e4 normaalin toimituksen kustannukset.<br><br>Verkkokaupalla on oikeus peruuttaa kauppa ja vaatia tavaroiden palauttamista ostajalta, jos tavaroiden merkitty hinta verkkokaupassa on virheen vuoksi huomattavasti alhaisempi kuin tavaroiden markkinahinta.<br><br>Valitusoikeus<br><br>Verkkokauppa vastaa ostajalle myytyjen tavaroiden sopimusehtojen vastaisuudesta tai virheist\u00e4, jotka olivat olemassa tavaran luovutushetkell\u00e4 ja jotka ilmenev\u00e4t kahden vuoden kuluessa tavaroiden luovutuksesta ostajalle. Ensimm\u00e4isen vuoden kuluessa tavaran luovutuksesta ostajalle oletetaan, ett\u00e4<br><br>virhe oli jo olemassa luovutushetkell\u00e4. Verkkokaupan vastuulla on kumota t\u00e4m\u00e4 oletus.<br><br>Virheen ilmetess\u00e4 ostajalla on oikeus ottaa yhteytt\u00e4 verkkokauppaan viimeist\u00e4\u00e4n kahden kuukauden kuluessa l\u00e4hett\u00e4m\u00e4ll\u00e4 s\u00e4hk\u00f6postia osoitteeseen info@cascoo.ee tai soittamalla numeroon +372 53 895 969.<br><br>Verkkokauppa ei vastaa virheist\u00e4, jotka ovat aiheutuneet kuluttajan toiminnasta tai laiminly\u00f6nnist\u00e4 (virheellinen k\u00e4ytt\u00f6, onnettomuus jne.) tavaroiden luovutuksen j\u00e4lkeen tai tavaran normaalin k\u00e4yt\u00f6n aiheuttamasta tavanomaisesta kulumisesta.<br><br>Jos verkkokaupasta ostetuissa tavaroissa on virheit\u00e4, joista verkkokauppa on vastuussa, verkkokauppa korjaa tai vaihtaa vialliset tavarat. Jos tavaroita ei voida korjata tai vaihtaa, verkkokauppa palauttaa ostajalle kaikki myyntisopimuksen mukaiset maksut.<br><br>Verkkokauppa vastaa kuluttajan valitukseen 15 p\u00e4iv\u00e4n kuluessa kirjallisesti tai kirjallisesti toisinnettavassa muodossa.\t\t\t\t\t\t\t\t<\/div>\n\t\t\t\t<\/div>\n\t\t\t\t\t<\/div>\n\t\t\t\t<\/div>\n\t\t\t\t<\/div>\n\t\t","protected":false},"excerpt":{"rendered":"<p>Myyntiehdot Verkkokaupan cascoo.ee (j\u00e4ljemp\u00e4n\u00e4 verkkokauppa) omistaja on Tootmisdetail O\u00dc (rekisterikoodi 12809994), jonka osoite on Riia tn 130b\/3, Tartu linn. Puhelin +372 53 895 969 ja s\u00e4hk\u00f6posti info@cascoo.ee. Myyntisopimuksen ehdot ja tiedot tavaroista ja hinnoista Myyntiehdot koskevat tavaroiden ostamista verkkokaupasta. Verkkokaupassa myyt\u00e4vien tuotteiden hinnat on ilmoitettu tuotteiden yhteydess\u00e4. Hintaan lis\u00e4t\u00e4\u00e4n tavaroiden toimitusmaksu. Tavaroiden toimitusmaksu riippuu ostajan [&hellip;]<\/p>\n","protected":false},"author":1,"featured_media":0,"parent":0,"menu_order":0,"comment_status":"closed","ping_status":"closed","template":"","meta":{"_acf_changed":false,"footnotes":""},"class_list":["post-20418","page","type-page","status-publish","hentry"],"blocksy_meta":[],"acf":[],"yoast_head":"<!-- This site is optimized with the Yoast SEO plugin v27.5 - https:\/\/yoast.com\/product\/yoast-seo-wordpress\/ -->\n<title>Myyntiehdot - Cascoo<\/title>\n<meta name=\"robots\" content=\"index, follow, max-snippet:-1, max-image-preview:large, max-video-preview:-1\" \/>\n<link rel=\"canonical\" href=\"https:\/\/cascoo.ee\/fi\/myyntiehdot\/\" \/>\n<meta property=\"og:locale\" content=\"fi_FI\" \/>\n<meta property=\"og:type\" content=\"article\" \/>\n<meta property=\"og:title\" content=\"Myyntiehdot - Cascoo\" \/>\n<meta property=\"og:description\" content=\"Myyntiehdot Verkkokaupan cascoo.ee (j\u00e4ljemp\u00e4n\u00e4 verkkokauppa) omistaja on Tootmisdetail O\u00dc (rekisterikoodi 12809994), jonka osoite on Riia tn 130b\/3, Tartu linn. Puhelin +372 53 895 969 ja s\u00e4hk\u00f6posti info@cascoo.ee. Myyntisopimuksen ehdot ja tiedot tavaroista ja hinnoista Myyntiehdot koskevat tavaroiden ostamista verkkokaupasta. Verkkokaupassa myyt\u00e4vien tuotteiden hinnat on ilmoitettu tuotteiden yhteydess\u00e4. Hintaan lis\u00e4t\u00e4\u00e4n tavaroiden toimitusmaksu. Tavaroiden toimitusmaksu riippuu ostajan [&hellip;]\" \/>\n<meta property=\"og:url\" content=\"https:\/\/cascoo.ee\/fi\/myyntiehdot\/\" \/>\n<meta property=\"og:site_name\" content=\"Cascoo\" \/>\n<meta property=\"article:modified_time\" content=\"2025-11-10T08:20:35+00:00\" \/>\n<meta name=\"twitter:card\" content=\"summary_large_image\" \/>\n<meta name=\"twitter:label1\" content=\"Arvioitu lukuaika\" \/>\n\t<meta name=\"twitter:data1\" content=\"3 minuuttia\" \/>\n<script type=\"application\/ld+json\" class=\"yoast-schema-graph\">{\"@context\":\"https:\\\/\\\/schema.org\",\"@graph\":[{\"@type\":\"WebPage\",\"@id\":\"https:\\\/\\\/cascoo.ee\\\/fi\\\/myyntiehdot\\\/\",\"url\":\"https:\\\/\\\/cascoo.ee\\\/fi\\\/myyntiehdot\\\/\",\"name\":\"Myyntiehdot - Cascoo\",\"isPartOf\":{\"@id\":\"https:\\\/\\\/cascoo.ee\\\/fi\\\/#website\"},\"datePublished\":\"2023-07-21T13:07:59+00:00\",\"dateModified\":\"2025-11-10T08:20:35+00:00\",\"breadcrumb\":{\"@id\":\"https:\\\/\\\/cascoo.ee\\\/fi\\\/myyntiehdot\\\/#breadcrumb\"},\"inLanguage\":\"fi\",\"potentialAction\":[{\"@type\":\"ReadAction\",\"target\":[\"https:\\\/\\\/cascoo.ee\\\/fi\\\/myyntiehdot\\\/\"]}]},{\"@type\":\"BreadcrumbList\",\"@id\":\"https:\\\/\\\/cascoo.ee\\\/fi\\\/myyntiehdot\\\/#breadcrumb\",\"itemListElement\":[{\"@type\":\"ListItem\",\"position\":1,\"name\":\"Etusivu\",\"item\":\"https:\\\/\\\/cascoo.ee\\\/fi\\\/teollisuuspyorat-ja-rullat\\\/\"},{\"@type\":\"ListItem\",\"position\":2,\"name\":\"Myyntiehdot\"}]},{\"@type\":\"WebSite\",\"@id\":\"https:\\\/\\\/cascoo.ee\\\/fi\\\/#website\",\"url\":\"https:\\\/\\\/cascoo.ee\\\/fi\\\/\",\"name\":\"Cascoo\",\"description\":\"Industrial Wheels and Castors\",\"publisher\":{\"@id\":\"https:\\\/\\\/cascoo.ee\\\/fi\\\/#organization\"},\"potentialAction\":[{\"@type\":\"SearchAction\",\"target\":{\"@type\":\"EntryPoint\",\"urlTemplate\":\"https:\\\/\\\/cascoo.ee\\\/fi\\\/?s={search_term_string}\"},\"query-input\":{\"@type\":\"PropertyValueSpecification\",\"valueRequired\":true,\"valueName\":\"search_term_string\"}}],\"inLanguage\":\"fi\"},{\"@type\":\"Organization\",\"@id\":\"https:\\\/\\\/cascoo.ee\\\/fi\\\/#organization\",\"name\":\"Cascoo\",\"url\":\"https:\\\/\\\/cascoo.ee\\\/fi\\\/\",\"logo\":{\"@type\":\"ImageObject\",\"inLanguage\":\"fi\",\"@id\":\"https:\\\/\\\/cascoo.ee\\\/fi\\\/#\\\/schema\\\/logo\\\/image\\\/\",\"url\":\"https:\\\/\\\/cascoo.ee\\\/wp-content\\\/uploads\\\/2023\\\/07\\\/Cascoo.png\",\"contentUrl\":\"https:\\\/\\\/cascoo.ee\\\/wp-content\\\/uploads\\\/2023\\\/07\\\/Cascoo.png\",\"width\":130,\"height\":51,\"caption\":\"Cascoo\"},\"image\":{\"@id\":\"https:\\\/\\\/cascoo.ee\\\/fi\\\/#\\\/schema\\\/logo\\\/image\\\/\"}}]}<\/script>\n<!-- \/ Yoast SEO plugin. -->","yoast_head_json":{"title":"Myyntiehdot - Cascoo","robots":{"index":"index","follow":"follow","max-snippet":"max-snippet:-1","max-image-preview":"max-image-preview:large","max-video-preview":"max-video-preview:-1"},"canonical":"https:\/\/cascoo.ee\/fi\/myyntiehdot\/","og_locale":"fi_FI","og_type":"article","og_title":"Myyntiehdot - Cascoo","og_description":"Myyntiehdot Verkkokaupan cascoo.ee (j\u00e4ljemp\u00e4n\u00e4 verkkokauppa) omistaja on Tootmisdetail O\u00dc (rekisterikoodi 12809994), jonka osoite on Riia tn 130b\/3, Tartu linn. Puhelin +372 53 895 969 ja s\u00e4hk\u00f6posti info@cascoo.ee. Myyntisopimuksen ehdot ja tiedot tavaroista ja hinnoista Myyntiehdot koskevat tavaroiden ostamista verkkokaupasta. Verkkokaupassa myyt\u00e4vien tuotteiden hinnat on ilmoitettu tuotteiden yhteydess\u00e4. Hintaan lis\u00e4t\u00e4\u00e4n tavaroiden toimitusmaksu. Tavaroiden toimitusmaksu riippuu ostajan [&hellip;]","og_url":"https:\/\/cascoo.ee\/fi\/myyntiehdot\/","og_site_name":"Cascoo","article_modified_time":"2025-11-10T08:20:35+00:00","twitter_card":"summary_large_image","twitter_misc":{"Arvioitu lukuaika":"3 minuuttia"},"schema":{"@context":"https:\/\/schema.org","@graph":[{"@type":"WebPage","@id":"https:\/\/cascoo.ee\/fi\/myyntiehdot\/","url":"https:\/\/cascoo.ee\/fi\/myyntiehdot\/","name":"Myyntiehdot - Cascoo","isPartOf":{"@id":"https:\/\/cascoo.ee\/fi\/#website"},"datePublished":"2023-07-21T13:07:59+00:00","dateModified":"2025-11-10T08:20:35+00:00","breadcrumb":{"@id":"https:\/\/cascoo.ee\/fi\/myyntiehdot\/#breadcrumb"},"inLanguage":"fi","potentialAction":[{"@type":"ReadAction","target":["https:\/\/cascoo.ee\/fi\/myyntiehdot\/"]}]},{"@type":"BreadcrumbList","@id":"https:\/\/cascoo.ee\/fi\/myyntiehdot\/#breadcrumb","itemListElement":[{"@type":"ListItem","position":1,"name":"Etusivu","item":"https:\/\/cascoo.ee\/fi\/teollisuuspyorat-ja-rullat\/"},{"@type":"ListItem","position":2,"name":"Myyntiehdot"}]},{"@type":"WebSite","@id":"https:\/\/cascoo.ee\/fi\/#website","url":"https:\/\/cascoo.ee\/fi\/","name":"Cascoo","description":"Industrial Wheels and Castors","publisher":{"@id":"https:\/\/cascoo.ee\/fi\/#organization"},"potentialAction":[{"@type":"SearchAction","target":{"@type":"EntryPoint","urlTemplate":"https:\/\/cascoo.ee\/fi\/?s={search_term_string}"},"query-input":{"@type":"PropertyValueSpecification","valueRequired":true,"valueName":"search_term_string"}}],"inLanguage":"fi"},{"@type":"Organization","@id":"https:\/\/cascoo.ee\/fi\/#organization","name":"Cascoo","url":"https:\/\/cascoo.ee\/fi\/","logo":{"@type":"ImageObject","inLanguage":"fi","@id":"https:\/\/cascoo.ee\/fi\/#\/schema\/logo\/image\/","url":"https:\/\/cascoo.ee\/wp-content\/uploads\/2023\/07\/Cascoo.png","contentUrl":"https:\/\/cascoo.ee\/wp-content\/uploads\/2023\/07\/Cascoo.png","width":130,"height":51,"caption":"Cascoo"},"image":{"@id":"https:\/\/cascoo.ee\/fi\/#\/schema\/logo\/image\/"}}]}},"jetpack-related-posts":[{"id":20416,"url":"https:\/\/cascoo.ee\/fi\/yhteystiedot-meista\/","url_meta":{"origin":20418,"position":0},"title":"Yhteystiedot &amp; meist\u00e4","author":"admin","date":"21.7.2023","format":false,"excerpt":"Tietoja Tootmisdetail O\u00dc:sta Tootmisdetail O\u00dc on Cascoo-konsernin virallinen edustaja Virossa, ja se tuo paikallisille markkinoille yli 10 vuoden kokemuksen py\u00f6rien ja rullien tuotannosta ja myynnist\u00e4. Strateginen l\u00e4hestymistapamme keskittyy innovaatioon, tiimity\u00f6h\u00f6n ja asiakastyytyv\u00e4isyyteen. Tarjoamme laajan valikoiman vakio- ja r\u00e4\u00e4t\u00e4l\u00f6ityj\u00e4 ratkaisuja, ja suurikapasiteettinen varastomme takaa suurten tilausten oikea-aikaisen toimituksen my\u00f6s lyhyell\u00e4 varoitusajalla.\u2026","rel":"","context":"Samankaltainen artikkeli","block_context":{"text":"Samankaltainen artikkeli","link":""},"img":{"alt_text":"","src":"","width":0,"height":0},"classes":[]},{"id":20403,"url":"https:\/\/cascoo.ee\/fi\/","url_meta":{"origin":20418,"position":1},"title":"Teollisuuspy\u00f6r\u00e4t ja -rullat","author":"admin","date":"6.7.2023","format":false,"excerpt":"","rel":"","context":"Samankaltainen artikkeli","block_context":{"text":"Samankaltainen artikkeli","link":""},"img":{"alt_text":"","src":"","width":0,"height":0},"classes":[]},{"id":9849,"url":"https:\/\/cascoo.ee\/et\/privaatsuspoliitika\/","url_meta":{"origin":20418,"position":2},"title":"Privaatsuspoliitika","author":"admin","date":"6.7.2023","format":false,"excerpt":"Privaatsuspoliitika Meie veebilehe aadress on https:\/\/cascoo.ee. Isikuandmete t\u00f6\u00f6tlemine on igasugune tegevus, mida tehakse veebilehe kasutaja (edaspidi \"kasutaja\") isikuandmetega - andmete kogumine, t\u00f6\u00f6tlemine, s\u00e4ilitamine, parandamine v\u00f5i kustutamine. Kasutajad on k\u00f5ik isikud, kes k\u00fclastavad veebilehte, tarbivad teenuseid v\u00f5i annavad Tootmisdetail O\u00dc-le teavet. N\u00e4iteks artiklite lugemine, teenuste tellimine v\u00f5i kontakteerumine Tootmisdetail O\u00dc-ga e-posti\u2026","rel":"","context":"Samankaltainen artikkeli","block_context":{"text":"Samankaltainen artikkeli","link":""},"img":{"alt_text":"","src":"","width":0,"height":0},"classes":[]},{"id":20481,"url":"https:\/\/cascoo.ee\/fi\/tietosuojakaytanto\/","url_meta":{"origin":20418,"position":3},"title":"Tietosuojak\u00e4yt\u00e4nt\u00f6","author":"admin","date":"6.7.2023","format":false,"excerpt":"Tietosuojak\u00e4yt\u00e4nt\u00f6Verkkosivustomme osoite on https:\/\/cascoo.ee.Henkil\u00f6tietojen k\u00e4sittely on mit\u00e4 tahansa toimintaa, joka suoritetaan verkkosivuston k\u00e4ytt\u00e4j\u00e4n (j\u00e4ljemp\u00e4n\u00e4 k\u00e4ytt\u00e4j\u00e4) henkil\u00f6tiedoilla - tietojen ker\u00e4\u00e4minen, k\u00e4sittely, s\u00e4ilytt\u00e4minen, korjaaminen tai poistaminen.K\u00e4ytt\u00e4ji\u00e4 ovat kaikki henkil\u00f6t, jotka vierailevat verkkosivustolla, k\u00e4ytt\u00e4v\u00e4t palveluja tai antavat tietoja Tootmisdetail O\u00dc:lle. Esimerkiksi artikkeleiden lukeminen, palvelujen tilaaminen tai yhteydenotto Tootmisdetail O\u00dc:hen s\u00e4hk\u00f6postitse. K\u00e4ytt\u00e4m\u00e4ll\u00e4 verkkosivustoa k\u00e4ytt\u00e4j\u00e4\u2026","rel":"","context":"Samankaltainen artikkeli","block_context":{"text":"Samankaltainen artikkeli","link":""},"img":{"alt_text":"","src":"","width":0,"height":0},"classes":[]},{"id":9885,"url":"https:\/\/cascoo.ee\/et\/tingimused\/","url_meta":{"origin":20418,"position":4},"title":"Tingimused","author":"admin","date":"21.7.2023","format":false,"excerpt":"Tingimused Veebipoe cascoo.ee (edaspidi veebipood) omanik on Tootmisdetail O\u00dc (registrikood 12809994), asukohaga Riia tn 130b\/3, Tartu linn). Telefon +372 53 895 969 ja e-post info@cascoo.ee. M\u00fc\u00fcgilepingu t\u00e4htaeg ning teave kaupade ja hindade kohta Veebipoest kaupade ostmisel kehtivad m\u00fc\u00fcgitingimused. Veebipoes m\u00fc\u00fcdavate toodete hinnad on m\u00e4rgitud toodete juures. Hinnale lisandub tasu kauba\u2026","rel":"","context":"Samankaltainen artikkeli","block_context":{"text":"Samankaltainen artikkeli","link":""},"img":{"alt_text":"","src":"","width":0,"height":0},"classes":[]},{"id":9894,"url":"https:\/\/cascoo.ee\/et\/tehniline-teave\/","url_meta":{"origin":20418,"position":5},"title":"Tehniline teave","author":"admin","date":"2.8.2023","format":false,"excerpt":"[divider] [row] [col span=\"6\" span__sm=\"12\"] KUIDAS TEHA - \u00f5ige valik? Milline on parim viis oma kauba transportimiseks \u00fchest kohast teise? Muidugi, CASCOO t\u00f6\u00f6stuslikel ratastel Kuidas t\u00f6\u00f6stuslikke rattaid valida? \u00d5igete rataste valikul tuleb arvesse v\u00f5tta erinevaid tegureid: kandev\u00f5ime, temperatuurivahemik, maapind, m\u00fcraomadused, t\u00f6\u00f6keskkond ja muidugi hind. J\u00e4rgnevalt soovime anda teile \u00fclevaate, mida\u2026","rel":"","context":"Samankaltainen artikkeli","block_context":{"text":"Samankaltainen artikkeli","link":""},"img":{"alt_text":"","src":"","width":0,"height":0},"classes":[]}],"jetpack_sharing_enabled":true,"_links":{"self":[{"href":"https:\/\/cascoo.ee\/fi\/wp-json\/wp\/v2\/pages\/20418","targetHints":{"allow":["GET"]}}],"collection":[{"href":"https:\/\/cascoo.ee\/fi\/wp-json\/wp\/v2\/pages"}],"about":[{"href":"https:\/\/cascoo.ee\/fi\/wp-json\/wp\/v2\/types\/page"}],"author":[{"embeddable":true,"href":"https:\/\/cascoo.ee\/fi\/wp-json\/wp\/v2\/users\/1"}],"replies":[{"embeddable":true,"href":"https:\/\/cascoo.ee\/fi\/wp-json\/wp\/v2\/comments?post=20418"}],"version-history":[{"count":1,"href":"https:\/\/cascoo.ee\/fi\/wp-json\/wp\/v2\/pages\/20418\/revisions"}],"predecessor-version":[{"id":20419,"href":"https:\/\/cascoo.ee\/fi\/wp-json\/wp\/v2\/pages\/20418\/revisions\/20419"}],"wp:attachment":[{"href":"https:\/\/cascoo.ee\/fi\/wp-json\/wp\/v2\/media?parent=20418"}],"curies":[{"name":"wp","href":"https:\/\/api.w.org\/{rel}","templated":true}]}}