{"id":20416,"date":"2023-07-21T13:41:44","date_gmt":"2023-07-21T13:41:44","guid":{"rendered":"https:\/\/cascoo.ee\/yhteystiedot-meista\/"},"modified":"2026-01-21T07:44:41","modified_gmt":"2026-01-21T07:44:41","slug":"yhteystiedot-meista","status":"publish","type":"page","link":"https:\/\/cascoo.ee\/fi\/yhteystiedot-meista\/","title":{"rendered":"Yhteystiedot &amp; meist\u00e4"},"content":{"rendered":"<h2>Tietoja Tootmisdetail O\u00dc:sta<\/h2>\n<p>Tootmisdetail O\u00dc on Cascoo-konsernin virallinen edustaja Virossa, ja se tuo paikallisille markkinoille yli 10 vuoden kokemuksen py\u00f6rien ja rullien tuotannosta ja myynnist\u00e4. Strateginen l\u00e4hestymistapamme keskittyy innovaatioon, tiimity\u00f6h\u00f6n ja asiakastyytyv\u00e4isyyteen. Tarjoamme laajan valikoiman vakio- ja r\u00e4\u00e4t\u00e4l\u00f6ityj\u00e4 ratkaisuja, ja suurikapasiteettinen varastomme takaa suurten tilausten oikea-aikaisen toimituksen my\u00f6s lyhyell\u00e4 varoitusajalla.<\/p>\n<p>Cascoon liiketoimintaperiaate perustuu sinnikkyyteen, strategiseen suunnitteluun ja asiakaskeskeisyyteen, ja sen tavoitteena on luoda asiakkaille parhaat mahdolliset ratkaisut. Uskomme laatuun, reiluihin hintoihin ja erinomaiseen palveluun.<\/p>\n<p>Tutustu siihen, miten Tootmisdetail O\u00dc voi Cascoo Groupin tuella vastata yrityksesi tarpeisiin korkealaatuisilla tuotteilla ja asiakaskeskeisell\u00e4 l\u00e4hestymistavalla. Ota yhteytt\u00e4, niin voimme keskustella innovatiivisten ratkaisujen yhteisty\u00f6st\u00e4.<\/p>\n<p>https:\/\/youtu.be\/-zolESTyNz8<br \/><iframe title=\"Kuma tee 6, Peetri, 75312 Harju maakond\" src=\"https:\/\/maps.google.com\/maps?q=Kuma%20tee%206%2C%20Peetri%2C%2075312%20Harju%20maakond&amp;t=m&amp;z=10&amp;output=embed&amp;iwloc=near\" aria-label=\"Kuma tee 6, Peetri, 75312 Harju maakond\"><\/iframe><br \/>\n<div class=\"wpcf7 no-js\" id=\"wpcf7-f20505-o1\" lang=\"fi\" dir=\"ltr\" data-wpcf7-id=\"20505\">\n<div class=\"screen-reader-response\"><p role=\"status\" aria-live=\"polite\" aria-atomic=\"true\"><\/p> <ul><\/ul><\/div>\n<form action=\"\/fi\/wp-json\/wp\/v2\/pages\/20416#wpcf7-f20505-o1\" method=\"post\" class=\"wpcf7-form init\" aria-label=\"Yhteydenottolomake\" novalidate=\"novalidate\" data-status=\"init\">\n<fieldset class=\"hidden-fields-container\"><input type=\"hidden\" name=\"_wpcf7\" value=\"20505\" \/><input type=\"hidden\" name=\"_wpcf7_version\" value=\"6.1.5\" \/><input type=\"hidden\" name=\"_wpcf7_locale\" value=\"fi\" \/><input type=\"hidden\" name=\"_wpcf7_unit_tag\" value=\"wpcf7-f20505-o1\" \/><input type=\"hidden\" name=\"_wpcf7_container_post\" value=\"0\" \/><input type=\"hidden\" name=\"_wpcf7_posted_data_hash\" value=\"\" \/>\n<\/fieldset>\n<p><label> Nimi<br \/>\n<span class=\"wpcf7-form-control-wrap\" data-name=\"your-name\"><input size=\"40\" maxlength=\"400\" class=\"wpcf7-form-control wpcf7-text wpcf7-validates-as-required\" autocomplete=\"name\" aria-required=\"true\" aria-invalid=\"false\" value=\"\" type=\"text\" name=\"your-name\" \/><\/span> <\/label>\n<\/p>\n<p><label> S\u00e4hk\u00f6posti<br \/>\n<span class=\"wpcf7-form-control-wrap\" data-name=\"your-email\"><input size=\"40\" maxlength=\"400\" class=\"wpcf7-form-control wpcf7-email wpcf7-validates-as-required wpcf7-text wpcf7-validates-as-email\" autocomplete=\"email\" aria-required=\"true\" aria-invalid=\"false\" value=\"\" type=\"email\" name=\"your-email\" \/><\/span> <\/label>\n<\/p>\n<p><label> Aihe<br \/>\n<span class=\"wpcf7-form-control-wrap\" data-name=\"your-subject\"><input size=\"40\" maxlength=\"400\" class=\"wpcf7-form-control wpcf7-text wpcf7-validates-as-required\" aria-required=\"true\" aria-invalid=\"false\" value=\"\" type=\"text\" name=\"your-subject\" \/><\/span> <\/label>\n<\/p>\n<p><label> Viestisi (valinnainen)<br \/>\n<span class=\"wpcf7-form-control-wrap\" data-name=\"your-message\"><textarea cols=\"40\" rows=\"10\" maxlength=\"2000\" class=\"wpcf7-form-control wpcf7-textarea\" aria-invalid=\"false\" name=\"your-message\"><\/textarea><\/span> <\/label>\n<\/p>\n<p><input class=\"wpcf7-form-control wpcf7-submit has-spinner\" type=\"submit\" value=\"L\u00e4het\u00e4\" \/>\n<\/p><div class=\"wpcf7-response-output\" aria-hidden=\"true\"><\/div>\n<\/form>\n<\/div>\n<\/p>\n<h1>Yhteystiedot<\/h1>\n<p>Osoite: <a href=\"https:\/\/maps.app.goo.gl\/VLanTnSm97RAS4XQ7\" target=\"_blank\" rel=\"noopener\">Kuma tee 6, Peetri, Harjumaa<\/a><\/p>\n<p>Puhelinnumero: <a href=\"tel:+37253985969\">+372 53 895 969<\/a><\/p>\n<p>S\u00e4hk\u00f6posti: <a href=\"mailto:info@cascoo.ee\">info@cascoo.ee<\/a><\/p>\n<h1>Yrityksen tiedot<\/h1>\n<p>Yrityksen nimi: Tootmisdetail O\u00dc<\/p>\n<p>Rekisterikoodi: 12809994<\/p>\n<p>ALV-numero: EE101789709<\/p>\n\n\n<p><\/p>\n","protected":false},"excerpt":{"rendered":"<p>Tietoja Tootmisdetail O\u00dc:sta Tootmisdetail O\u00dc on Cascoo-konsernin virallinen edustaja Virossa, ja se tuo paikallisille markkinoille yli 10 vuoden kokemuksen py\u00f6rien ja rullien tuotannosta ja myynnist\u00e4. Strateginen l\u00e4hestymistapamme keskittyy innovaatioon, tiimity\u00f6h\u00f6n ja asiakastyytyv\u00e4isyyteen. Tarjoamme laajan valikoiman vakio- ja r\u00e4\u00e4t\u00e4l\u00f6ityj\u00e4 ratkaisuja, ja suurikapasiteettinen varastomme takaa suurten tilausten oikea-aikaisen toimituksen my\u00f6s lyhyell\u00e4 varoitusajalla. Cascoon liiketoimintaperiaate perustuu sinnikkyyteen, strategiseen [&hellip;]<\/p>\n","protected":false},"author":1,"featured_media":0,"parent":0,"menu_order":0,"comment_status":"closed","ping_status":"closed","template":"","meta":{"_acf_changed":false,"footnotes":""},"class_list":["post-20416","page","type-page","status-publish","hentry"],"blocksy_meta":[],"acf":[],"yoast_head":"<!-- This site is optimized with the Yoast SEO plugin v27.5 - https:\/\/yoast.com\/product\/yoast-seo-wordpress\/ -->\n<title>Yhteystiedot &amp; meist\u00e4 - Cascoo<\/title>\n<meta name=\"description\" content=\"Cascoo: Miss\u00e4 tarkkuus kohtaa innovaation py\u00f6riss\u00e4 ja rullissa. Ensiluokkaiset tuotteemme yhdist\u00e4v\u00e4t kest\u00e4vyyden, suorituskyvyn ja elegantin muotoilun, asettaen uusia standardeja liikkuvuudelle. Cascoo-tuotteiden avulla luotettavuus ja innovaatio ovat aina liikkeess\u00e4.\" \/>\n<meta name=\"robots\" content=\"index, follow, max-snippet:-1, max-image-preview:large, max-video-preview:-1\" \/>\n<link rel=\"canonical\" href=\"https:\/\/cascoo.ee\/fi\/yhteystiedot-meista\/\" \/>\n<meta property=\"og:locale\" content=\"fi_FI\" \/>\n<meta property=\"og:type\" content=\"article\" \/>\n<meta property=\"og:title\" content=\"Yhteystiedot &amp; meist\u00e4 - Cascoo\" \/>\n<meta property=\"og:description\" content=\"Cascoo: Miss\u00e4 tarkkuus kohtaa innovaation py\u00f6riss\u00e4 ja rullissa. Ensiluokkaiset tuotteemme yhdist\u00e4v\u00e4t kest\u00e4vyyden, suorituskyvyn ja elegantin muotoilun, asettaen uusia standardeja liikkuvuudelle. Cascoo-tuotteiden avulla luotettavuus ja innovaatio ovat aina liikkeess\u00e4.\" \/>\n<meta property=\"og:url\" content=\"https:\/\/cascoo.ee\/fi\/yhteystiedot-meista\/\" \/>\n<meta property=\"og:site_name\" content=\"Cascoo\" \/>\n<meta property=\"article:modified_time\" content=\"2026-01-21T07:44:41+00:00\" \/>\n<meta name=\"twitter:card\" content=\"summary_large_image\" \/>\n<meta name=\"twitter:label1\" content=\"Arvioitu lukuaika\" \/>\n\t<meta name=\"twitter:data1\" content=\"1 minuutti\" \/>\n<script type=\"application\/ld+json\" class=\"yoast-schema-graph\">{\"@context\":\"https:\\\/\\\/schema.org\",\"@graph\":[{\"@type\":\"WebPage\",\"@id\":\"https:\\\/\\\/cascoo.ee\\\/fi\\\/yhteystiedot-meista\\\/\",\"url\":\"https:\\\/\\\/cascoo.ee\\\/fi\\\/yhteystiedot-meista\\\/\",\"name\":\"Yhteystiedot &amp; meist\u00e4 - Cascoo\",\"isPartOf\":{\"@id\":\"https:\\\/\\\/cascoo.ee\\\/fi\\\/#website\"},\"datePublished\":\"2023-07-21T13:41:44+00:00\",\"dateModified\":\"2026-01-21T07:44:41+00:00\",\"description\":\"Cascoo: Miss\u00e4 tarkkuus kohtaa innovaation py\u00f6riss\u00e4 ja rullissa. Ensiluokkaiset tuotteemme yhdist\u00e4v\u00e4t kest\u00e4vyyden, suorituskyvyn ja elegantin muotoilun, asettaen uusia standardeja liikkuvuudelle. Cascoo-tuotteiden avulla luotettavuus ja innovaatio ovat aina liikkeess\u00e4.\",\"breadcrumb\":{\"@id\":\"https:\\\/\\\/cascoo.ee\\\/fi\\\/yhteystiedot-meista\\\/#breadcrumb\"},\"inLanguage\":\"fi\",\"potentialAction\":[{\"@type\":\"ReadAction\",\"target\":[\"https:\\\/\\\/cascoo.ee\\\/fi\\\/yhteystiedot-meista\\\/\"]}]},{\"@type\":\"BreadcrumbList\",\"@id\":\"https:\\\/\\\/cascoo.ee\\\/fi\\\/yhteystiedot-meista\\\/#breadcrumb\",\"itemListElement\":[{\"@type\":\"ListItem\",\"position\":1,\"name\":\"Etusivu\",\"item\":\"https:\\\/\\\/cascoo.ee\\\/fi\\\/teollisuuspyorat-ja-rullat\\\/\"},{\"@type\":\"ListItem\",\"position\":2,\"name\":\"Yhteystiedot &amp; meist\u00e4\"}]},{\"@type\":\"WebSite\",\"@id\":\"https:\\\/\\\/cascoo.ee\\\/fi\\\/#website\",\"url\":\"https:\\\/\\\/cascoo.ee\\\/fi\\\/\",\"name\":\"Cascoo\",\"description\":\"Industrial Wheels and Castors\",\"publisher\":{\"@id\":\"https:\\\/\\\/cascoo.ee\\\/fi\\\/#organization\"},\"potentialAction\":[{\"@type\":\"SearchAction\",\"target\":{\"@type\":\"EntryPoint\",\"urlTemplate\":\"https:\\\/\\\/cascoo.ee\\\/fi\\\/?s={search_term_string}\"},\"query-input\":{\"@type\":\"PropertyValueSpecification\",\"valueRequired\":true,\"valueName\":\"search_term_string\"}}],\"inLanguage\":\"fi\"},{\"@type\":\"Organization\",\"@id\":\"https:\\\/\\\/cascoo.ee\\\/fi\\\/#organization\",\"name\":\"Cascoo\",\"url\":\"https:\\\/\\\/cascoo.ee\\\/fi\\\/\",\"logo\":{\"@type\":\"ImageObject\",\"inLanguage\":\"fi\",\"@id\":\"https:\\\/\\\/cascoo.ee\\\/fi\\\/#\\\/schema\\\/logo\\\/image\\\/\",\"url\":\"https:\\\/\\\/cascoo.ee\\\/wp-content\\\/uploads\\\/2023\\\/07\\\/Cascoo.png\",\"contentUrl\":\"https:\\\/\\\/cascoo.ee\\\/wp-content\\\/uploads\\\/2023\\\/07\\\/Cascoo.png\",\"width\":130,\"height\":51,\"caption\":\"Cascoo\"},\"image\":{\"@id\":\"https:\\\/\\\/cascoo.ee\\\/fi\\\/#\\\/schema\\\/logo\\\/image\\\/\"}}]}<\/script>\n<!-- \/ Yoast SEO plugin. -->","yoast_head_json":{"title":"Yhteystiedot &amp; meist\u00e4 - Cascoo","description":"Cascoo: Miss\u00e4 tarkkuus kohtaa innovaation py\u00f6riss\u00e4 ja rullissa. Ensiluokkaiset tuotteemme yhdist\u00e4v\u00e4t kest\u00e4vyyden, suorituskyvyn ja elegantin muotoilun, asettaen uusia standardeja liikkuvuudelle. Cascoo-tuotteiden avulla luotettavuus ja innovaatio ovat aina liikkeess\u00e4.","robots":{"index":"index","follow":"follow","max-snippet":"max-snippet:-1","max-image-preview":"max-image-preview:large","max-video-preview":"max-video-preview:-1"},"canonical":"https:\/\/cascoo.ee\/fi\/yhteystiedot-meista\/","og_locale":"fi_FI","og_type":"article","og_title":"Yhteystiedot &amp; meist\u00e4 - Cascoo","og_description":"Cascoo: Miss\u00e4 tarkkuus kohtaa innovaation py\u00f6riss\u00e4 ja rullissa. Ensiluokkaiset tuotteemme yhdist\u00e4v\u00e4t kest\u00e4vyyden, suorituskyvyn ja elegantin muotoilun, asettaen uusia standardeja liikkuvuudelle. Cascoo-tuotteiden avulla luotettavuus ja innovaatio ovat aina liikkeess\u00e4.","og_url":"https:\/\/cascoo.ee\/fi\/yhteystiedot-meista\/","og_site_name":"Cascoo","article_modified_time":"2026-01-21T07:44:41+00:00","twitter_card":"summary_large_image","twitter_misc":{"Arvioitu lukuaika":"1 minuutti"},"schema":{"@context":"https:\/\/schema.org","@graph":[{"@type":"WebPage","@id":"https:\/\/cascoo.ee\/fi\/yhteystiedot-meista\/","url":"https:\/\/cascoo.ee\/fi\/yhteystiedot-meista\/","name":"Yhteystiedot &amp; meist\u00e4 - Cascoo","isPartOf":{"@id":"https:\/\/cascoo.ee\/fi\/#website"},"datePublished":"2023-07-21T13:41:44+00:00","dateModified":"2026-01-21T07:44:41+00:00","description":"Cascoo: Miss\u00e4 tarkkuus kohtaa innovaation py\u00f6riss\u00e4 ja rullissa. Ensiluokkaiset tuotteemme yhdist\u00e4v\u00e4t kest\u00e4vyyden, suorituskyvyn ja elegantin muotoilun, asettaen uusia standardeja liikkuvuudelle. Cascoo-tuotteiden avulla luotettavuus ja innovaatio ovat aina liikkeess\u00e4.","breadcrumb":{"@id":"https:\/\/cascoo.ee\/fi\/yhteystiedot-meista\/#breadcrumb"},"inLanguage":"fi","potentialAction":[{"@type":"ReadAction","target":["https:\/\/cascoo.ee\/fi\/yhteystiedot-meista\/"]}]},{"@type":"BreadcrumbList","@id":"https:\/\/cascoo.ee\/fi\/yhteystiedot-meista\/#breadcrumb","itemListElement":[{"@type":"ListItem","position":1,"name":"Etusivu","item":"https:\/\/cascoo.ee\/fi\/teollisuuspyorat-ja-rullat\/"},{"@type":"ListItem","position":2,"name":"Yhteystiedot &amp; meist\u00e4"}]},{"@type":"WebSite","@id":"https:\/\/cascoo.ee\/fi\/#website","url":"https:\/\/cascoo.ee\/fi\/","name":"Cascoo","description":"Industrial Wheels and Castors","publisher":{"@id":"https:\/\/cascoo.ee\/fi\/#organization"},"potentialAction":[{"@type":"SearchAction","target":{"@type":"EntryPoint","urlTemplate":"https:\/\/cascoo.ee\/fi\/?s={search_term_string}"},"query-input":{"@type":"PropertyValueSpecification","valueRequired":true,"valueName":"search_term_string"}}],"inLanguage":"fi"},{"@type":"Organization","@id":"https:\/\/cascoo.ee\/fi\/#organization","name":"Cascoo","url":"https:\/\/cascoo.ee\/fi\/","logo":{"@type":"ImageObject","inLanguage":"fi","@id":"https:\/\/cascoo.ee\/fi\/#\/schema\/logo\/image\/","url":"https:\/\/cascoo.ee\/wp-content\/uploads\/2023\/07\/Cascoo.png","contentUrl":"https:\/\/cascoo.ee\/wp-content\/uploads\/2023\/07\/Cascoo.png","width":130,"height":51,"caption":"Cascoo"},"image":{"@id":"https:\/\/cascoo.ee\/fi\/#\/schema\/logo\/image\/"}}]}},"jetpack-related-posts":[{"id":9849,"url":"https:\/\/cascoo.ee\/et\/privaatsuspoliitika\/","url_meta":{"origin":20416,"position":0},"title":"Privaatsuspoliitika","author":"admin","date":"6.7.2023","format":false,"excerpt":"Privaatsuspoliitika Meie veebilehe aadress on https:\/\/cascoo.ee. Isikuandmete t\u00f6\u00f6tlemine on igasugune tegevus, mida tehakse veebilehe kasutaja (edaspidi \"kasutaja\") isikuandmetega - andmete kogumine, t\u00f6\u00f6tlemine, s\u00e4ilitamine, parandamine v\u00f5i kustutamine. Kasutajad on k\u00f5ik isikud, kes k\u00fclastavad veebilehte, tarbivad teenuseid v\u00f5i annavad Tootmisdetail O\u00dc-le teavet. N\u00e4iteks artiklite lugemine, teenuste tellimine v\u00f5i kontakteerumine Tootmisdetail O\u00dc-ga e-posti\u2026","rel":"","context":"Samankaltainen artikkeli","block_context":{"text":"Samankaltainen artikkeli","link":""},"img":{"alt_text":"","src":"","width":0,"height":0},"classes":[]},{"id":20481,"url":"https:\/\/cascoo.ee\/fi\/tietosuojakaytanto\/","url_meta":{"origin":20416,"position":1},"title":"Tietosuojak\u00e4yt\u00e4nt\u00f6","author":"admin","date":"6.7.2023","format":false,"excerpt":"Tietosuojak\u00e4yt\u00e4nt\u00f6Verkkosivustomme osoite on https:\/\/cascoo.ee.Henkil\u00f6tietojen k\u00e4sittely on mit\u00e4 tahansa toimintaa, joka suoritetaan verkkosivuston k\u00e4ytt\u00e4j\u00e4n (j\u00e4ljemp\u00e4n\u00e4 k\u00e4ytt\u00e4j\u00e4) henkil\u00f6tiedoilla - tietojen ker\u00e4\u00e4minen, k\u00e4sittely, s\u00e4ilytt\u00e4minen, korjaaminen tai poistaminen.K\u00e4ytt\u00e4ji\u00e4 ovat kaikki henkil\u00f6t, jotka vierailevat verkkosivustolla, k\u00e4ytt\u00e4v\u00e4t palveluja tai antavat tietoja Tootmisdetail O\u00dc:lle. Esimerkiksi artikkeleiden lukeminen, palvelujen tilaaminen tai yhteydenotto Tootmisdetail O\u00dc:hen s\u00e4hk\u00f6postitse. K\u00e4ytt\u00e4m\u00e4ll\u00e4 verkkosivustoa k\u00e4ytt\u00e4j\u00e4\u2026","rel":"","context":"Samankaltainen artikkeli","block_context":{"text":"Samankaltainen artikkeli","link":""},"img":{"alt_text":"","src":"","width":0,"height":0},"classes":[]},{"id":9868,"url":"https:\/\/cascoo.ee\/et\/kontakt\/","url_meta":{"origin":20416,"position":2},"title":"Kontakt ja meist","author":"admin","date":"21.7.2023","format":false,"excerpt":"About Tootmisdetail O\u00dc Tootmisdetail O\u00dc is the official representative of Cascoo Group in Estonia, bringing over 10 years of expertise in the production and sale of wheels and castors to the local market. Our strategic approach focuses on innovation, teamwork, and customer satisfaction. We offer a wide range of standard\u2026","rel":"","context":"Samankaltainen artikkeli","block_context":{"text":"Samankaltainen artikkeli","link":""},"img":{"alt_text":"","src":"","width":0,"height":0},"classes":[]},{"id":3731,"url":"https:\/\/cascoo.ee\/contact\/","url_meta":{"origin":20416,"position":3},"title":"Contact &amp; About Us","author":"admin","date":"21.7.2023","format":false,"excerpt":"About Tootmisdetail O\u00dc Tootmisdetail O\u00dc is the official representative of Cascoo Group in Estonia, bringing over 10 years of expertise in the production and sale of wheels and castors to the local market. Our strategic approach focuses on innovation, teamwork, and customer satisfaction. We offer a wide range of standard\u2026","rel":"","context":"Samankaltainen artikkeli","block_context":{"text":"Samankaltainen artikkeli","link":""},"img":{"alt_text":"","src":"https:\/\/i0.wp.com\/img.youtube.com\/vi\/-zolESTyNz8\/0.jpg?resize=350%2C200","width":350,"height":200},"classes":[]},{"id":3,"url":"https:\/\/cascoo.ee\/privacy-policy\/","url_meta":{"origin":20416,"position":4},"title":"Privacy Policy","author":"admin","date":"6.7.2023","format":false,"excerpt":"Privacy PolicyOur website address is https:\/\/cascoo.ee.Processing of personal data is any activity carried out with the personal data of a website user (hereinafter referred to as the user) - collection, processing, storage, correction, or deletion of data.Users are all individuals who visit the website, consume services, or provide information to\u2026","rel":"","context":"Samankaltainen artikkeli","block_context":{"text":"Samankaltainen artikkeli","link":""},"img":{"alt_text":"","src":"","width":0,"height":0},"classes":[]},{"id":20418,"url":"https:\/\/cascoo.ee\/fi\/myyntiehdot\/","url_meta":{"origin":20416,"position":5},"title":"Myyntiehdot","author":"admin","date":"21.7.2023","format":false,"excerpt":"MyyntiehdotVerkkokaupan cascoo.ee (j\u00e4ljemp\u00e4n\u00e4 verkkokauppa) omistaja on Tootmisdetail O\u00dc (rekisterikoodi 12809994), jonka osoite on Riia tn 130b\/3, Tartu linn. Puhelin +372 53 895 969 ja s\u00e4hk\u00f6posti info@cascoo.ee.Myyntisopimuksen ehdot ja tiedot tavaroista ja hinnoistaMyyntiehdot koskevat tavaroiden ostamista verkkokaupasta.Verkkokaupassa myyt\u00e4vien tuotteiden hinnat on ilmoitettu tuotteiden yhteydess\u00e4. Hintaan lis\u00e4t\u00e4\u00e4n tavaroiden toimitusmaksu.Tavaroiden toimitusmaksu riippuu ostajan\u2026","rel":"","context":"Samankaltainen artikkeli","block_context":{"text":"Samankaltainen artikkeli","link":""},"img":{"alt_text":"","src":"","width":0,"height":0},"classes":[]}],"jetpack_sharing_enabled":true,"_links":{"self":[{"href":"https:\/\/cascoo.ee\/fi\/wp-json\/wp\/v2\/pages\/20416","targetHints":{"allow":["GET"]}}],"collection":[{"href":"https:\/\/cascoo.ee\/fi\/wp-json\/wp\/v2\/pages"}],"about":[{"href":"https:\/\/cascoo.ee\/fi\/wp-json\/wp\/v2\/types\/page"}],"author":[{"embeddable":true,"href":"https:\/\/cascoo.ee\/fi\/wp-json\/wp\/v2\/users\/1"}],"replies":[{"embeddable":true,"href":"https:\/\/cascoo.ee\/fi\/wp-json\/wp\/v2\/comments?post=20416"}],"version-history":[{"count":4,"href":"https:\/\/cascoo.ee\/fi\/wp-json\/wp\/v2\/pages\/20416\/revisions"}],"predecessor-version":[{"id":22549,"href":"https:\/\/cascoo.ee\/fi\/wp-json\/wp\/v2\/pages\/20416\/revisions\/22549"}],"wp:attachment":[{"href":"https:\/\/cascoo.ee\/fi\/wp-json\/wp\/v2\/media?parent=20416"}],"curies":[{"name":"wp","href":"https:\/\/api.w.org\/{rel}","templated":true}]}}