{"id":20256,"date":"2025-10-24T08:52:54","date_gmt":"2025-10-24T08:52:54","guid":{"rendered":"https:\/\/cascoo.ee\/?post_type=product&#038;p=20256"},"modified":"2026-02-04T13:37:20","modified_gmt":"2026-02-04T13:37:20","slug":"ratas-070swu5d0n-60","status":"publish","type":"product","link":"https:\/\/cascoo.ee\/et\/toode\/ratas-070swu5d0n-60\/","title":{"rendered":"Ratas 070SWU5D0N-60"},"content":{"rendered":"<p>See kahvelk\u00e4ru ratas on valmistatud pruunist pol\u00fcuretaanist (PU), mille l\u00e4bim\u00f5\u00f5t on 70 mm ja kandev\u00f5ime 380 kg.<br \/>\nPol\u00fcuretaan on suurep\u00e4rase kulumiskindlusega vastupidav plastik. Ratas on p\u00f5randas\u00f5bralik, neelab vibratsiooni ja talub paljusid kemikaale ning v\u00e4liseid m\u00f5jutusi. See t\u00f6\u00f6tab usaldusv\u00e4\u00e4rselt temperatuuridel vahemikus -20\u00b0C kuni +60\u00b0C.<\/p>\n<p>T\u00e4nu t\u00e4psele juhitavusele ja topelt kuullaagritele veereb see ratas sujuvalt ning sobib ideaalselt pikkade sirgete vahemaade l\u00e4bimiseks.<br \/>\nIdeaalne valik, kui vajate oma kahvelk\u00e4ru t\u00f5stukile, vastupidavaid ja v\u00e4hese hooldusn\u00f5udlusega rattaid.<\/p>\n","protected":false},"excerpt":{"rendered":"<p>Kahvelk\u00e4ru ratas, 70 x 60 mm, terasvelg CPU-kattega.<\/p>\n","protected":false},"featured_media":20292,"template":"","meta":{"_acf_changed":false},"product_brand":[],"product_cat":[8659,5565],"product_tag":[],"class_list":{"0":"post-20256","1":"product","2":"type-product","3":"status-publish","4":"has-post-thumbnail","6":"product_cat-kahvelkaru-rattad","7":"product_cat-uksikrattad","8":"pa_material-of-the-wheel-ratta-keskosa-teras","9":"pa_tread-turvis-valatud-poluuretaan-cpu","11":"first","12":"onbackorder","13":"taxable","14":"shipping-taxable","15":"purchasable","16":"product-type-simple"},"acf":[],"ct_brands":[],"yoast_head":"<!-- This site is optimized with the Yoast SEO plugin v27.4 - https:\/\/yoast.com\/product\/yoast-seo-wordpress\/ -->\n<title>Kahvelk\u00e4ru ratas, 70x60 mm, terasvelg CPU kattega % - % Cascoo %<\/title>\n<meta name=\"description\" content=\"Pruunist pol\u00fcuretaanist (PU) kahvelk\u00e4ru ratas 70 mm l\u00e4bim\u00f5\u00f5duga ja 380 kg kandev\u00f5imega. Pol\u00fcuretaanrattad on p\u00f5randas\u00f5bralikud, neelavad vibratsiooni ja taluvad paljusid kemikaale ning v\u00e4liseid m\u00f5jutusi.\" \/>\n<meta name=\"robots\" content=\"index, follow, max-snippet:-1, max-image-preview:large, max-video-preview:-1\" \/>\n<link rel=\"canonical\" href=\"https:\/\/cascoo.ee\/et\/toode\/ratas-070swu5d0n-60\/\" \/>\n<meta property=\"og:locale\" content=\"et_EE\" \/>\n<meta property=\"og:type\" content=\"article\" \/>\n<meta property=\"og:title\" content=\"Kahvelk\u00e4ru ratas, 70x60 mm, terasvelg CPU kattega % - % Cascoo %\" \/>\n<meta property=\"og:description\" content=\"Pruunist pol\u00fcuretaanist (PU) kahvelk\u00e4ru ratas 70 mm l\u00e4bim\u00f5\u00f5duga ja 380 kg kandev\u00f5imega. Pol\u00fcuretaanrattad on p\u00f5randas\u00f5bralikud, neelavad vibratsiooni ja taluvad paljusid kemikaale ning v\u00e4liseid m\u00f5jutusi.\" \/>\n<meta property=\"og:url\" content=\"https:\/\/cascoo.ee\/et\/toode\/ratas-070swu5d0n-60\/\" \/>\n<meta property=\"og:site_name\" content=\"Cascoo\" \/>\n<meta property=\"article:modified_time\" content=\"2026-02-04T13:37:20+00:00\" \/>\n<meta property=\"og:image\" content=\"https:\/\/cascoo.ee\/wp-content\/uploads\/2025\/10\/070SWU5D0N-60-1.jpg\" \/>\n\t<meta property=\"og:image:width\" content=\"1000\" \/>\n\t<meta property=\"og:image:height\" content=\"1000\" \/>\n\t<meta property=\"og:image:type\" content=\"image\/jpeg\" \/>\n<meta name=\"twitter:card\" content=\"summary_large_image\" \/>\n<meta name=\"twitter:label1\" content=\"Est. reading time\" \/>\n\t<meta name=\"twitter:data1\" content=\"1 minut\" \/>\n<script type=\"application\/ld+json\" class=\"yoast-schema-graph\">{\"@context\":\"https:\\\/\\\/schema.org\",\"@graph\":[{\"@type\":\"WebPage\",\"@id\":\"https:\\\/\\\/cascoo.ee\\\/et\\\/toode\\\/ratas-070swu5d0n-60\\\/\",\"url\":\"https:\\\/\\\/cascoo.ee\\\/et\\\/toode\\\/ratas-070swu5d0n-60\\\/\",\"name\":\"Kahvelk\u00e4ru ratas, 70x60 mm, terasvelg CPU kattega % - % Cascoo %\",\"isPartOf\":{\"@id\":\"https:\\\/\\\/cascoo.ee\\\/et\\\/#website\"},\"primaryImageOfPage\":{\"@id\":\"https:\\\/\\\/cascoo.ee\\\/et\\\/toode\\\/ratas-070swu5d0n-60\\\/#primaryimage\"},\"image\":{\"@id\":\"https:\\\/\\\/cascoo.ee\\\/et\\\/toode\\\/ratas-070swu5d0n-60\\\/#primaryimage\"},\"thumbnailUrl\":\"https:\\\/\\\/cascoo.ee\\\/wp-content\\\/uploads\\\/2025\\\/10\\\/070SWU5D0N-60-1.jpg\",\"datePublished\":\"2025-10-24T08:52:54+00:00\",\"dateModified\":\"2026-02-04T13:37:20+00:00\",\"description\":\"Pruunist pol\u00fcuretaanist (PU) kahvelk\u00e4ru ratas 70 mm l\u00e4bim\u00f5\u00f5duga ja 380 kg kandev\u00f5imega. Pol\u00fcuretaanrattad on p\u00f5randas\u00f5bralikud, neelavad vibratsiooni ja taluvad paljusid kemikaale ning v\u00e4liseid m\u00f5jutusi.\",\"breadcrumb\":{\"@id\":\"https:\\\/\\\/cascoo.ee\\\/et\\\/toode\\\/ratas-070swu5d0n-60\\\/#breadcrumb\"},\"inLanguage\":\"et\",\"potentialAction\":[{\"@type\":\"ReadAction\",\"target\":[\"https:\\\/\\\/cascoo.ee\\\/et\\\/toode\\\/ratas-070swu5d0n-60\\\/\"]}]},{\"@type\":\"ImageObject\",\"inLanguage\":\"et\",\"@id\":\"https:\\\/\\\/cascoo.ee\\\/et\\\/toode\\\/ratas-070swu5d0n-60\\\/#primaryimage\",\"url\":\"https:\\\/\\\/cascoo.ee\\\/wp-content\\\/uploads\\\/2025\\\/10\\\/070SWU5D0N-60-1.jpg\",\"contentUrl\":\"https:\\\/\\\/cascoo.ee\\\/wp-content\\\/uploads\\\/2025\\\/10\\\/070SWU5D0N-60-1.jpg\",\"width\":1000,\"height\":1000,\"caption\":\"k\u00e4sik\u00e4ru ratas, 70 x 60 mm, CPU-profiiliga\"},{\"@type\":\"BreadcrumbList\",\"@id\":\"https:\\\/\\\/cascoo.ee\\\/et\\\/toode\\\/ratas-070swu5d0n-60\\\/#breadcrumb\",\"itemListElement\":[{\"@type\":\"ListItem\",\"position\":1,\"name\":\"Esileht\",\"item\":\"https:\\\/\\\/cascoo.ee\\\/et\\\/pood\\\/\"},{\"@type\":\"ListItem\",\"position\":2,\"name\":\"T\u00f6\u00f6stuslikud rattad\",\"item\":\"https:\\\/\\\/cascoo.ee\\\/et\\\/pood\\\/\"},{\"@type\":\"ListItem\",\"position\":3,\"name\":\"Ratas 070SWU5D0N-60\"}]},{\"@type\":\"WebSite\",\"@id\":\"https:\\\/\\\/cascoo.ee\\\/et\\\/#website\",\"url\":\"https:\\\/\\\/cascoo.ee\\\/et\\\/\",\"name\":\"Cascoo\",\"description\":\"Industrial Wheels and castors\",\"publisher\":{\"@id\":\"https:\\\/\\\/cascoo.ee\\\/et\\\/#organization\"},\"potentialAction\":[{\"@type\":\"SearchAction\",\"target\":{\"@type\":\"EntryPoint\",\"urlTemplate\":\"https:\\\/\\\/cascoo.ee\\\/et\\\/?s={search_term_string}\"},\"query-input\":{\"@type\":\"PropertyValueSpecification\",\"valueRequired\":true,\"valueName\":\"search_term_string\"}}],\"inLanguage\":\"et\"},{\"@type\":\"Organization\",\"@id\":\"https:\\\/\\\/cascoo.ee\\\/et\\\/#organization\",\"name\":\"Cascoo\",\"url\":\"https:\\\/\\\/cascoo.ee\\\/et\\\/\",\"logo\":{\"@type\":\"ImageObject\",\"inLanguage\":\"et\",\"@id\":\"https:\\\/\\\/cascoo.ee\\\/et\\\/#\\\/schema\\\/logo\\\/image\\\/\",\"url\":\"https:\\\/\\\/cascoo.ee\\\/wp-content\\\/uploads\\\/2023\\\/07\\\/Cascoo.png\",\"contentUrl\":\"https:\\\/\\\/cascoo.ee\\\/wp-content\\\/uploads\\\/2023\\\/07\\\/Cascoo.png\",\"width\":130,\"height\":51,\"caption\":\"Cascoo\"},\"image\":{\"@id\":\"https:\\\/\\\/cascoo.ee\\\/et\\\/#\\\/schema\\\/logo\\\/image\\\/\"}}]}<\/script>\n<!-- \/ Yoast SEO plugin. -->","yoast_head_json":{"title":"Kahvelk\u00e4ru ratas, 70x60 mm, terasvelg CPU kattega % - % Cascoo %","description":"Pruunist pol\u00fcuretaanist (PU) kahvelk\u00e4ru ratas 70 mm l\u00e4bim\u00f5\u00f5duga ja 380 kg kandev\u00f5imega. Pol\u00fcuretaanrattad on p\u00f5randas\u00f5bralikud, neelavad vibratsiooni ja taluvad paljusid kemikaale ning v\u00e4liseid m\u00f5jutusi.","robots":{"index":"index","follow":"follow","max-snippet":"max-snippet:-1","max-image-preview":"max-image-preview:large","max-video-preview":"max-video-preview:-1"},"canonical":"https:\/\/cascoo.ee\/et\/toode\/ratas-070swu5d0n-60\/","og_locale":"et_EE","og_type":"article","og_title":"Kahvelk\u00e4ru ratas, 70x60 mm, terasvelg CPU kattega % - % Cascoo %","og_description":"Pruunist pol\u00fcuretaanist (PU) kahvelk\u00e4ru ratas 70 mm l\u00e4bim\u00f5\u00f5duga ja 380 kg kandev\u00f5imega. Pol\u00fcuretaanrattad on p\u00f5randas\u00f5bralikud, neelavad vibratsiooni ja taluvad paljusid kemikaale ning v\u00e4liseid m\u00f5jutusi.","og_url":"https:\/\/cascoo.ee\/et\/toode\/ratas-070swu5d0n-60\/","og_site_name":"Cascoo","article_modified_time":"2026-02-04T13:37:20+00:00","og_image":[{"width":1000,"height":1000,"url":"https:\/\/cascoo.ee\/wp-content\/uploads\/2025\/10\/070SWU5D0N-60-1.jpg","type":"image\/jpeg"}],"twitter_card":"summary_large_image","twitter_misc":{"Est. reading time":"1 minut"},"schema":{"@context":"https:\/\/schema.org","@graph":[{"@type":"WebPage","@id":"https:\/\/cascoo.ee\/et\/toode\/ratas-070swu5d0n-60\/","url":"https:\/\/cascoo.ee\/et\/toode\/ratas-070swu5d0n-60\/","name":"Kahvelk\u00e4ru ratas, 70x60 mm, terasvelg CPU kattega % - % Cascoo %","isPartOf":{"@id":"https:\/\/cascoo.ee\/et\/#website"},"primaryImageOfPage":{"@id":"https:\/\/cascoo.ee\/et\/toode\/ratas-070swu5d0n-60\/#primaryimage"},"image":{"@id":"https:\/\/cascoo.ee\/et\/toode\/ratas-070swu5d0n-60\/#primaryimage"},"thumbnailUrl":"https:\/\/cascoo.ee\/wp-content\/uploads\/2025\/10\/070SWU5D0N-60-1.jpg","datePublished":"2025-10-24T08:52:54+00:00","dateModified":"2026-02-04T13:37:20+00:00","description":"Pruunist pol\u00fcuretaanist (PU) kahvelk\u00e4ru ratas 70 mm l\u00e4bim\u00f5\u00f5duga ja 380 kg kandev\u00f5imega. Pol\u00fcuretaanrattad on p\u00f5randas\u00f5bralikud, neelavad vibratsiooni ja taluvad paljusid kemikaale ning v\u00e4liseid m\u00f5jutusi.","breadcrumb":{"@id":"https:\/\/cascoo.ee\/et\/toode\/ratas-070swu5d0n-60\/#breadcrumb"},"inLanguage":"et","potentialAction":[{"@type":"ReadAction","target":["https:\/\/cascoo.ee\/et\/toode\/ratas-070swu5d0n-60\/"]}]},{"@type":"ImageObject","inLanguage":"et","@id":"https:\/\/cascoo.ee\/et\/toode\/ratas-070swu5d0n-60\/#primaryimage","url":"https:\/\/cascoo.ee\/wp-content\/uploads\/2025\/10\/070SWU5D0N-60-1.jpg","contentUrl":"https:\/\/cascoo.ee\/wp-content\/uploads\/2025\/10\/070SWU5D0N-60-1.jpg","width":1000,"height":1000,"caption":"k\u00e4sik\u00e4ru ratas, 70 x 60 mm, CPU-profiiliga"},{"@type":"BreadcrumbList","@id":"https:\/\/cascoo.ee\/et\/toode\/ratas-070swu5d0n-60\/#breadcrumb","itemListElement":[{"@type":"ListItem","position":1,"name":"Esileht","item":"https:\/\/cascoo.ee\/et\/pood\/"},{"@type":"ListItem","position":2,"name":"T\u00f6\u00f6stuslikud rattad","item":"https:\/\/cascoo.ee\/et\/pood\/"},{"@type":"ListItem","position":3,"name":"Ratas 070SWU5D0N-60"}]},{"@type":"WebSite","@id":"https:\/\/cascoo.ee\/et\/#website","url":"https:\/\/cascoo.ee\/et\/","name":"Cascoo","description":"Industrial Wheels and castors","publisher":{"@id":"https:\/\/cascoo.ee\/et\/#organization"},"potentialAction":[{"@type":"SearchAction","target":{"@type":"EntryPoint","urlTemplate":"https:\/\/cascoo.ee\/et\/?s={search_term_string}"},"query-input":{"@type":"PropertyValueSpecification","valueRequired":true,"valueName":"search_term_string"}}],"inLanguage":"et"},{"@type":"Organization","@id":"https:\/\/cascoo.ee\/et\/#organization","name":"Cascoo","url":"https:\/\/cascoo.ee\/et\/","logo":{"@type":"ImageObject","inLanguage":"et","@id":"https:\/\/cascoo.ee\/et\/#\/schema\/logo\/image\/","url":"https:\/\/cascoo.ee\/wp-content\/uploads\/2023\/07\/Cascoo.png","contentUrl":"https:\/\/cascoo.ee\/wp-content\/uploads\/2023\/07\/Cascoo.png","width":130,"height":51,"caption":"Cascoo"},"image":{"@id":"https:\/\/cascoo.ee\/et\/#\/schema\/logo\/image\/"}}]}},"jetpack-related-posts":[{"id":20334,"url":"https:\/\/cascoo.ee\/et\/toode\/ratas-082swu5d0n-70\/","url_meta":{"origin":20256,"position":0},"title":"Ratas 082SWU5D0N-70","author":"admin","date":"29. okt. 2025","format":false,"excerpt":"Kahvelk\u00e4ru ratas, 82 x 70 mm, terasvelg CPU-kattega.","rel":"","context":"Similar post","block_context":{"text":"Similar post","link":""},"img":{"alt_text":"kahvelk\u00e4ru ratas, 82 x 70 mm, CPU-kattega","src":"https:\/\/i0.wp.com\/cascoo.ee\/wp-content\/uploads\/2025\/10\/082SWU5D0N-70-1.jpg?resize=350%2C200&ssl=1","width":350,"height":200,"srcset":"https:\/\/i0.wp.com\/cascoo.ee\/wp-content\/uploads\/2025\/10\/082SWU5D0N-70-1.jpg?resize=350%2C200&ssl=1 1x, https:\/\/i0.wp.com\/cascoo.ee\/wp-content\/uploads\/2025\/10\/082SWU5D0N-70-1.jpg?resize=525%2C300&ssl=1 1.5x, https:\/\/i0.wp.com\/cascoo.ee\/wp-content\/uploads\/2025\/10\/082SWU5D0N-70-1.jpg?resize=700%2C400&ssl=1 2x, https:\/\/i0.wp.com\/cascoo.ee\/wp-content\/uploads\/2025\/10\/082SWU5D0N-70-1.jpg?resize=1050%2C600&ssl=1 3x"},"classes":[]},{"id":20377,"url":"https:\/\/cascoo.ee\/et\/toode\/ratas-080swu6d0n-70\/","url_meta":{"origin":20256,"position":1},"title":"Ratas 080SWU6D0N-70","author":"admin","date":"30. okt. 2025","format":false,"excerpt":"Kahvelk\u00e4ru ratas, 80 x 70 mm, terasvelg CPU-kattega, punane.","rel":"","context":"Similar post","block_context":{"text":"Similar post","link":""},"img":{"alt_text":"kahvelk\u00e4ru ratas, 80 x 70 mm, CPU-profiiliga","src":"https:\/\/i0.wp.com\/cascoo.ee\/wp-content\/uploads\/2025\/10\/080SWU6D0N-70.jpg?resize=350%2C200&ssl=1","width":350,"height":200,"srcset":"https:\/\/i0.wp.com\/cascoo.ee\/wp-content\/uploads\/2025\/10\/080SWU6D0N-70.jpg?resize=350%2C200&ssl=1 1x, https:\/\/i0.wp.com\/cascoo.ee\/wp-content\/uploads\/2025\/10\/080SWU6D0N-70.jpg?resize=525%2C300&ssl=1 1.5x, https:\/\/i0.wp.com\/cascoo.ee\/wp-content\/uploads\/2025\/10\/080SWU6D0N-70.jpg?resize=700%2C400&ssl=1 2x, https:\/\/i0.wp.com\/cascoo.ee\/wp-content\/uploads\/2025\/10\/080SWU6D0N-70.jpg?resize=1050%2C600&ssl=1 3x"},"classes":[]},{"id":20258,"url":"https:\/\/cascoo.ee\/et\/toode\/ratas-070swu5d0n-70\/","url_meta":{"origin":20256,"position":2},"title":"Ratas 070SWU5D0N-70","author":"admin","date":"24. okt. 2025","format":false,"excerpt":"Kahvelk\u00e4ru ratas, 70 x 70 mm, terasveljed CPU-kattega","rel":"","context":"Similar post","block_context":{"text":"Similar post","link":""},"img":{"alt_text":"kahvelk\u00e4ru ratas, 70 x 70 mm, CPU-kattega","src":"https:\/\/i0.wp.com\/cascoo.ee\/wp-content\/uploads\/2025\/10\/070SWU5D0N-70-1.jpg?resize=350%2C200&ssl=1","width":350,"height":200,"srcset":"https:\/\/i0.wp.com\/cascoo.ee\/wp-content\/uploads\/2025\/10\/070SWU5D0N-70-1.jpg?resize=350%2C200&ssl=1 1x, https:\/\/i0.wp.com\/cascoo.ee\/wp-content\/uploads\/2025\/10\/070SWU5D0N-70-1.jpg?resize=525%2C300&ssl=1 1.5x, https:\/\/i0.wp.com\/cascoo.ee\/wp-content\/uploads\/2025\/10\/070SWU5D0N-70-1.jpg?resize=700%2C400&ssl=1 2x"},"classes":[]},{"id":20311,"url":"https:\/\/cascoo.ee\/et\/toode\/ratas-075swu5d0n-70\/","url_meta":{"origin":20256,"position":3},"title":"Ratas 075SWU5D0N-70","author":"admin","date":"28. okt. 2025","format":false,"excerpt":"Kahvelk\u00e4ru ratas, 75 x 70 mm, terasvelg CPU-kattega.","rel":"","context":"Similar post","block_context":{"text":"Similar post","link":""},"img":{"alt_text":"Kahvelk\u00e4ru ratas, 75 x 70 mm, CPU-kattega","src":"https:\/\/i0.wp.com\/cascoo.ee\/wp-content\/uploads\/2025\/10\/075SWU5D0N-70-1.jpg?resize=350%2C200&ssl=1","width":350,"height":200,"srcset":"https:\/\/i0.wp.com\/cascoo.ee\/wp-content\/uploads\/2025\/10\/075SWU5D0N-70-1.jpg?resize=350%2C200&ssl=1 1x, https:\/\/i0.wp.com\/cascoo.ee\/wp-content\/uploads\/2025\/10\/075SWU5D0N-70-1.jpg?resize=525%2C300&ssl=1 1.5x, https:\/\/i0.wp.com\/cascoo.ee\/wp-content\/uploads\/2025\/10\/075SWU5D0N-70-1.jpg?resize=700%2C400&ssl=1 2x"},"classes":[]},{"id":20321,"url":"https:\/\/cascoo.ee\/et\/toode\/ratas-080swu5d0n-70\/","url_meta":{"origin":20256,"position":4},"title":"Ratas 080SWU5D0N-70","author":"admin","date":"28. okt. 2025","format":false,"excerpt":"Kahvelk\u00e4ru ratas, 80 x 70 mm, terasvelg CPU-kattega.","rel":"","context":"Similar post","block_context":{"text":"Similar post","link":""},"img":{"alt_text":"k\u00e4sikahvelt\u00f5stuki ratas, 80 x 70 mm, CPU-kattega","src":"https:\/\/i0.wp.com\/cascoo.ee\/wp-content\/uploads\/2025\/10\/080SWU5D0N-70-1.jpg?resize=350%2C200&ssl=1","width":350,"height":200,"srcset":"https:\/\/i0.wp.com\/cascoo.ee\/wp-content\/uploads\/2025\/10\/080SWU5D0N-70-1.jpg?resize=350%2C200&ssl=1 1x, https:\/\/i0.wp.com\/cascoo.ee\/wp-content\/uploads\/2025\/10\/080SWU5D0N-70-1.jpg?resize=525%2C300&ssl=1 1.5x, https:\/\/i0.wp.com\/cascoo.ee\/wp-content\/uploads\/2025\/10\/080SWU5D0N-70-1.jpg?resize=700%2C400&ssl=1 2x, https:\/\/i0.wp.com\/cascoo.ee\/wp-content\/uploads\/2025\/10\/080SWU5D0N-70-1.jpg?resize=1050%2C600&ssl=1 3x"},"classes":[]},{"id":20332,"url":"https:\/\/cascoo.ee\/et\/toode\/ratas-082swu5d0n-60\/","url_meta":{"origin":20256,"position":5},"title":"Ratas 082SWU5D0N-60","author":"admin","date":"29. okt. 2025","format":false,"excerpt":"Kahvelk\u00e4ru ratas, 82 x 60 mm, terasvelg CPU-kattega.","rel":"","context":"Similar post","block_context":{"text":"Similar post","link":""},"img":{"alt_text":"kahvelk\u00e4ru ratas, 82 x 60 mm, CPU-kattega","src":"https:\/\/i0.wp.com\/cascoo.ee\/wp-content\/uploads\/2025\/10\/082SWU5D0N-60-1.jpg?resize=350%2C200&ssl=1","width":350,"height":200,"srcset":"https:\/\/i0.wp.com\/cascoo.ee\/wp-content\/uploads\/2025\/10\/082SWU5D0N-60-1.jpg?resize=350%2C200&ssl=1 1x, https:\/\/i0.wp.com\/cascoo.ee\/wp-content\/uploads\/2025\/10\/082SWU5D0N-60-1.jpg?resize=525%2C300&ssl=1 1.5x, https:\/\/i0.wp.com\/cascoo.ee\/wp-content\/uploads\/2025\/10\/082SWU5D0N-60-1.jpg?resize=700%2C400&ssl=1 2x, https:\/\/i0.wp.com\/cascoo.ee\/wp-content\/uploads\/2025\/10\/082SWU5D0N-60-1.jpg?resize=1050%2C600&ssl=1 3x"},"classes":[]}],"jetpack_sharing_enabled":true,"_links":{"self":[{"href":"https:\/\/cascoo.ee\/et\/wp-json\/wp\/v2\/product\/20256","targetHints":{"allow":["GET"]}}],"collection":[{"href":"https:\/\/cascoo.ee\/et\/wp-json\/wp\/v2\/product"}],"about":[{"href":"https:\/\/cascoo.ee\/et\/wp-json\/wp\/v2\/types\/product"}],"wp:featuredmedia":[{"embeddable":true,"href":"https:\/\/cascoo.ee\/et\/wp-json\/wp\/v2\/media\/20292"}],"wp:attachment":[{"href":"https:\/\/cascoo.ee\/et\/wp-json\/wp\/v2\/media?parent=20256"}],"wp:term":[{"taxonomy":"product_brand","embeddable":true,"href":"https:\/\/cascoo.ee\/et\/wp-json\/wp\/v2\/product_brand?post=20256"},{"taxonomy":"product_cat","embeddable":true,"href":"https:\/\/cascoo.ee\/et\/wp-json\/wp\/v2\/product_cat?post=20256"},{"taxonomy":"product_tag","embeddable":true,"href":"https:\/\/cascoo.ee\/et\/wp-json\/wp\/v2\/product_tag?post=20256"}],"curies":[{"name":"wp","href":"https:\/\/api.w.org\/{rel}","templated":true}]}}