{"id":15867,"date":"2023-08-14T09:31:26","date_gmt":"2023-08-14T09:31:26","guid":{"rendered":"https:\/\/cascoo.ee\/product\/castor-bbh35wc100n2u6r1w\/"},"modified":"2024-06-18T09:16:21","modified_gmt":"2024-06-18T09:16:21","slug":"rattakomplekt-bbh35wc100n2u6r1w","status":"publish","type":"product","link":"https:\/\/cascoo.ee\/et\/toode\/rattakomplekt-bbh35wc100n2u6r1w\/","title":{"rendered":"Rattakomplekt BBH35WC100N2U6R1W"},"content":{"rendered":"<p>Tsingitud terasplekist kahvel koos kuullaagriga, kinnitus poltidega, auk \u00f813mm, kahvel materjali paksusega 2,50mm (kinnitus) ja 2,50mm (kahvel), ratta sisemine osa pol\u00fcamiidist, turvis termoplastilisest pol\u00fcuretaanist 95\u00b0 Shore A, ratta keskosa laius 40mm, rull-laager, metallist laagrikaitse.<\/p>\n","protected":false},"excerpt":{"rendered":"[product_table id=\"1417\" skus=\"BBH35WC100N2U6R1W\"]\n","protected":false},"featured_media":10796,"template":"","meta":{"_acf_changed":false},"product_brand":[],"product_cat":[5089,5753,5248,5315],"product_tag":[],"class_list":{"0":"post-15867","1":"product","2":"type-product","3":"status-publish","4":"has-post-thumbnail","6":"product_cat-hargiga-rattad","7":"product_cat-kandevoime-150kg","8":"product_cat-ratta-diameeter-100mm","9":"product_cat-seeria-n2u6-poluamiid-pa","10":"pa_castor-fastening-poltkinnitusega","11":"pa_material-of-the-wheel-poluamiid","12":"pa_tread-turvis-poluuretaan-pu","14":"first","15":"onbackorder","16":"taxable","17":"shipping-taxable","18":"product-type-simple"},"acf":[],"ct_brands":[],"yoast_head":"<!-- This site is optimized with the Yoast SEO plugin v27.4 - https:\/\/yoast.com\/product\/yoast-seo-wordpress\/ -->\n<title>Rattakomplekt BBH35WC100N2U6R1W - Cascoo<\/title>\n<meta name=\"description\" content=\"100mm, poltkinnitusega rattakomplekt, piduriga, ratta sisemine osa pol\u00fcamiidist, turvis termoplastilisest pol\u00fcuretaanist 95\u00b0 Shore A, kandev\u00f5ime: 150kg.\" \/>\n<meta name=\"robots\" content=\"index, follow, max-snippet:-1, max-image-preview:large, max-video-preview:-1\" \/>\n<link rel=\"canonical\" href=\"https:\/\/cascoo.ee\/et\/toode\/rattakomplekt-bbh35wc100n2u6r1w\/\" \/>\n<meta property=\"og:locale\" content=\"et_EE\" \/>\n<meta property=\"og:type\" content=\"article\" \/>\n<meta property=\"og:title\" content=\"Rattakomplekt BBH35WC100N2U6R1W - Cascoo\" \/>\n<meta property=\"og:description\" content=\"100mm, poltkinnitusega rattakomplekt, piduriga, ratta sisemine osa pol\u00fcamiidist, turvis termoplastilisest pol\u00fcuretaanist 95\u00b0 Shore A, kandev\u00f5ime: 150kg.\" \/>\n<meta property=\"og:url\" content=\"https:\/\/cascoo.ee\/et\/toode\/rattakomplekt-bbh35wc100n2u6r1w\/\" \/>\n<meta property=\"og:site_name\" content=\"Cascoo\" \/>\n<meta property=\"article:modified_time\" content=\"2024-06-18T09:16:21+00:00\" \/>\n<meta property=\"og:image\" content=\"https:\/\/cascoo.ee\/wp-content\/uploads\/2023\/08\/BBH35WC100N2U6R1W.jpg\" \/>\n\t<meta property=\"og:image:width\" content=\"1200\" \/>\n\t<meta property=\"og:image:height\" content=\"1200\" \/>\n\t<meta property=\"og:image:type\" content=\"image\/jpeg\" \/>\n<meta name=\"twitter:card\" content=\"summary_large_image\" \/>\n<meta name=\"twitter:label1\" content=\"Est. reading time\" \/>\n\t<meta name=\"twitter:data1\" content=\"1 minut\" \/>\n<script type=\"application\/ld+json\" class=\"yoast-schema-graph\">{\"@context\":\"https:\\\/\\\/schema.org\",\"@graph\":[{\"@type\":\"WebPage\",\"@id\":\"https:\\\/\\\/cascoo.ee\\\/et\\\/toode\\\/rattakomplekt-bbh35wc100n2u6r1w\\\/\",\"url\":\"https:\\\/\\\/cascoo.ee\\\/et\\\/toode\\\/rattakomplekt-bbh35wc100n2u6r1w\\\/\",\"name\":\"Rattakomplekt BBH35WC100N2U6R1W - Cascoo\",\"isPartOf\":{\"@id\":\"https:\\\/\\\/cascoo.ee\\\/et\\\/#website\"},\"primaryImageOfPage\":{\"@id\":\"https:\\\/\\\/cascoo.ee\\\/et\\\/toode\\\/rattakomplekt-bbh35wc100n2u6r1w\\\/#primaryimage\"},\"image\":{\"@id\":\"https:\\\/\\\/cascoo.ee\\\/et\\\/toode\\\/rattakomplekt-bbh35wc100n2u6r1w\\\/#primaryimage\"},\"thumbnailUrl\":\"https:\\\/\\\/cascoo.ee\\\/wp-content\\\/uploads\\\/2023\\\/08\\\/BBH35WC100N2U6R1W.jpg\",\"datePublished\":\"2023-08-14T09:31:26+00:00\",\"dateModified\":\"2024-06-18T09:16:21+00:00\",\"description\":\"100mm, poltkinnitusega rattakomplekt, piduriga, ratta sisemine osa pol\u00fcamiidist, turvis termoplastilisest pol\u00fcuretaanist 95\u00b0 Shore A, kandev\u00f5ime: 150kg.\",\"breadcrumb\":{\"@id\":\"https:\\\/\\\/cascoo.ee\\\/et\\\/toode\\\/rattakomplekt-bbh35wc100n2u6r1w\\\/#breadcrumb\"},\"inLanguage\":\"et\",\"potentialAction\":[{\"@type\":\"ReadAction\",\"target\":[\"https:\\\/\\\/cascoo.ee\\\/et\\\/toode\\\/rattakomplekt-bbh35wc100n2u6r1w\\\/\"]}]},{\"@type\":\"ImageObject\",\"inLanguage\":\"et\",\"@id\":\"https:\\\/\\\/cascoo.ee\\\/et\\\/toode\\\/rattakomplekt-bbh35wc100n2u6r1w\\\/#primaryimage\",\"url\":\"https:\\\/\\\/cascoo.ee\\\/wp-content\\\/uploads\\\/2023\\\/08\\\/BBH35WC100N2U6R1W.jpg\",\"contentUrl\":\"https:\\\/\\\/cascoo.ee\\\/wp-content\\\/uploads\\\/2023\\\/08\\\/BBH35WC100N2U6R1W.jpg\",\"width\":1200,\"height\":1200},{\"@type\":\"BreadcrumbList\",\"@id\":\"https:\\\/\\\/cascoo.ee\\\/et\\\/toode\\\/rattakomplekt-bbh35wc100n2u6r1w\\\/#breadcrumb\",\"itemListElement\":[{\"@type\":\"ListItem\",\"position\":1,\"name\":\"Esileht\",\"item\":\"https:\\\/\\\/cascoo.ee\\\/et\\\/pood\\\/\"},{\"@type\":\"ListItem\",\"position\":2,\"name\":\"T\u00f6\u00f6stuslikud rattad\",\"item\":\"https:\\\/\\\/cascoo.ee\\\/et\\\/pood\\\/\"},{\"@type\":\"ListItem\",\"position\":3,\"name\":\"Rattakomplekt BBH35WC100N2U6R1W\"}]},{\"@type\":\"WebSite\",\"@id\":\"https:\\\/\\\/cascoo.ee\\\/et\\\/#website\",\"url\":\"https:\\\/\\\/cascoo.ee\\\/et\\\/\",\"name\":\"Cascoo\",\"description\":\"Industrial Wheels and castors\",\"publisher\":{\"@id\":\"https:\\\/\\\/cascoo.ee\\\/et\\\/#organization\"},\"potentialAction\":[{\"@type\":\"SearchAction\",\"target\":{\"@type\":\"EntryPoint\",\"urlTemplate\":\"https:\\\/\\\/cascoo.ee\\\/et\\\/?s={search_term_string}\"},\"query-input\":{\"@type\":\"PropertyValueSpecification\",\"valueRequired\":true,\"valueName\":\"search_term_string\"}}],\"inLanguage\":\"et\"},{\"@type\":\"Organization\",\"@id\":\"https:\\\/\\\/cascoo.ee\\\/et\\\/#organization\",\"name\":\"Cascoo\",\"url\":\"https:\\\/\\\/cascoo.ee\\\/et\\\/\",\"logo\":{\"@type\":\"ImageObject\",\"inLanguage\":\"et\",\"@id\":\"https:\\\/\\\/cascoo.ee\\\/et\\\/#\\\/schema\\\/logo\\\/image\\\/\",\"url\":\"https:\\\/\\\/cascoo.ee\\\/wp-content\\\/uploads\\\/2023\\\/07\\\/Cascoo.png\",\"contentUrl\":\"https:\\\/\\\/cascoo.ee\\\/wp-content\\\/uploads\\\/2023\\\/07\\\/Cascoo.png\",\"width\":130,\"height\":51,\"caption\":\"Cascoo\"},\"image\":{\"@id\":\"https:\\\/\\\/cascoo.ee\\\/et\\\/#\\\/schema\\\/logo\\\/image\\\/\"}}]}<\/script>\n<!-- \/ Yoast SEO plugin. -->","yoast_head_json":{"title":"Rattakomplekt BBH35WC100N2U6R1W - Cascoo","description":"100mm, poltkinnitusega rattakomplekt, piduriga, ratta sisemine osa pol\u00fcamiidist, turvis termoplastilisest pol\u00fcuretaanist 95\u00b0 Shore A, kandev\u00f5ime: 150kg.","robots":{"index":"index","follow":"follow","max-snippet":"max-snippet:-1","max-image-preview":"max-image-preview:large","max-video-preview":"max-video-preview:-1"},"canonical":"https:\/\/cascoo.ee\/et\/toode\/rattakomplekt-bbh35wc100n2u6r1w\/","og_locale":"et_EE","og_type":"article","og_title":"Rattakomplekt BBH35WC100N2U6R1W - Cascoo","og_description":"100mm, poltkinnitusega rattakomplekt, piduriga, ratta sisemine osa pol\u00fcamiidist, turvis termoplastilisest pol\u00fcuretaanist 95\u00b0 Shore A, kandev\u00f5ime: 150kg.","og_url":"https:\/\/cascoo.ee\/et\/toode\/rattakomplekt-bbh35wc100n2u6r1w\/","og_site_name":"Cascoo","article_modified_time":"2024-06-18T09:16:21+00:00","og_image":[{"width":1200,"height":1200,"url":"https:\/\/cascoo.ee\/wp-content\/uploads\/2023\/08\/BBH35WC100N2U6R1W.jpg","type":"image\/jpeg"}],"twitter_card":"summary_large_image","twitter_misc":{"Est. reading time":"1 minut"},"schema":{"@context":"https:\/\/schema.org","@graph":[{"@type":"WebPage","@id":"https:\/\/cascoo.ee\/et\/toode\/rattakomplekt-bbh35wc100n2u6r1w\/","url":"https:\/\/cascoo.ee\/et\/toode\/rattakomplekt-bbh35wc100n2u6r1w\/","name":"Rattakomplekt BBH35WC100N2U6R1W - Cascoo","isPartOf":{"@id":"https:\/\/cascoo.ee\/et\/#website"},"primaryImageOfPage":{"@id":"https:\/\/cascoo.ee\/et\/toode\/rattakomplekt-bbh35wc100n2u6r1w\/#primaryimage"},"image":{"@id":"https:\/\/cascoo.ee\/et\/toode\/rattakomplekt-bbh35wc100n2u6r1w\/#primaryimage"},"thumbnailUrl":"https:\/\/cascoo.ee\/wp-content\/uploads\/2023\/08\/BBH35WC100N2U6R1W.jpg","datePublished":"2023-08-14T09:31:26+00:00","dateModified":"2024-06-18T09:16:21+00:00","description":"100mm, poltkinnitusega rattakomplekt, piduriga, ratta sisemine osa pol\u00fcamiidist, turvis termoplastilisest pol\u00fcuretaanist 95\u00b0 Shore A, kandev\u00f5ime: 150kg.","breadcrumb":{"@id":"https:\/\/cascoo.ee\/et\/toode\/rattakomplekt-bbh35wc100n2u6r1w\/#breadcrumb"},"inLanguage":"et","potentialAction":[{"@type":"ReadAction","target":["https:\/\/cascoo.ee\/et\/toode\/rattakomplekt-bbh35wc100n2u6r1w\/"]}]},{"@type":"ImageObject","inLanguage":"et","@id":"https:\/\/cascoo.ee\/et\/toode\/rattakomplekt-bbh35wc100n2u6r1w\/#primaryimage","url":"https:\/\/cascoo.ee\/wp-content\/uploads\/2023\/08\/BBH35WC100N2U6R1W.jpg","contentUrl":"https:\/\/cascoo.ee\/wp-content\/uploads\/2023\/08\/BBH35WC100N2U6R1W.jpg","width":1200,"height":1200},{"@type":"BreadcrumbList","@id":"https:\/\/cascoo.ee\/et\/toode\/rattakomplekt-bbh35wc100n2u6r1w\/#breadcrumb","itemListElement":[{"@type":"ListItem","position":1,"name":"Esileht","item":"https:\/\/cascoo.ee\/et\/pood\/"},{"@type":"ListItem","position":2,"name":"T\u00f6\u00f6stuslikud rattad","item":"https:\/\/cascoo.ee\/et\/pood\/"},{"@type":"ListItem","position":3,"name":"Rattakomplekt BBH35WC100N2U6R1W"}]},{"@type":"WebSite","@id":"https:\/\/cascoo.ee\/et\/#website","url":"https:\/\/cascoo.ee\/et\/","name":"Cascoo","description":"Industrial Wheels and castors","publisher":{"@id":"https:\/\/cascoo.ee\/et\/#organization"},"potentialAction":[{"@type":"SearchAction","target":{"@type":"EntryPoint","urlTemplate":"https:\/\/cascoo.ee\/et\/?s={search_term_string}"},"query-input":{"@type":"PropertyValueSpecification","valueRequired":true,"valueName":"search_term_string"}}],"inLanguage":"et"},{"@type":"Organization","@id":"https:\/\/cascoo.ee\/et\/#organization","name":"Cascoo","url":"https:\/\/cascoo.ee\/et\/","logo":{"@type":"ImageObject","inLanguage":"et","@id":"https:\/\/cascoo.ee\/et\/#\/schema\/logo\/image\/","url":"https:\/\/cascoo.ee\/wp-content\/uploads\/2023\/07\/Cascoo.png","contentUrl":"https:\/\/cascoo.ee\/wp-content\/uploads\/2023\/07\/Cascoo.png","width":130,"height":51,"caption":"Cascoo"},"image":{"@id":"https:\/\/cascoo.ee\/et\/#\/schema\/logo\/image\/"}}]}},"jetpack-related-posts":[{"id":16045,"url":"https:\/\/cascoo.ee\/et\/toode\/rattakomplekt-hah15c0100p2t2p0n\/","url_meta":{"origin":15867,"position":0},"title":"Rattakomplekt HAH15C0100P2T2P0N","author":"admin","date":"14. aug. 2023","format":false,"excerpt":"","rel":"","context":"Similar post","block_context":{"text":"Similar post","link":""},"img":{"alt_text":"","src":"https:\/\/i0.wp.com\/cascoo.ee\/wp-content\/uploads\/2023\/08\/HAH15C0100P2T2P0N.jpg?resize=350%2C200&ssl=1","width":350,"height":200,"srcset":"https:\/\/i0.wp.com\/cascoo.ee\/wp-content\/uploads\/2023\/08\/HAH15C0100P2T2P0N.jpg?resize=350%2C200&ssl=1 1x, https:\/\/i0.wp.com\/cascoo.ee\/wp-content\/uploads\/2023\/08\/HAH15C0100P2T2P0N.jpg?resize=525%2C300&ssl=1 1.5x, https:\/\/i0.wp.com\/cascoo.ee\/wp-content\/uploads\/2023\/08\/HAH15C0100P2T2P0N.jpg?resize=700%2C400&ssl=1 2x"},"classes":[]},{"id":16026,"url":"https:\/\/cascoo.ee\/et\/toode\/rattakomplekt-bah15c0080p2t2p0n\/","url_meta":{"origin":15867,"position":1},"title":"Rattakomplekt BAH15C0080P2T2P0N","author":"admin","date":"14. aug. 2023","format":false,"excerpt":"","rel":"","context":"Similar post","block_context":{"text":"Similar post","link":""},"img":{"alt_text":"","src":"https:\/\/i0.wp.com\/cascoo.ee\/wp-content\/uploads\/2023\/08\/BAH15C0080P2T2P0N.jpg?resize=350%2C200&ssl=1","width":350,"height":200,"srcset":"https:\/\/i0.wp.com\/cascoo.ee\/wp-content\/uploads\/2023\/08\/BAH15C0080P2T2P0N.jpg?resize=350%2C200&ssl=1 1x, https:\/\/i0.wp.com\/cascoo.ee\/wp-content\/uploads\/2023\/08\/BAH15C0080P2T2P0N.jpg?resize=525%2C300&ssl=1 1.5x, https:\/\/i0.wp.com\/cascoo.ee\/wp-content\/uploads\/2023\/08\/BAH15C0080P2T2P0N.jpg?resize=700%2C400&ssl=1 2x"},"classes":[]},{"id":16012,"url":"https:\/\/cascoo.ee\/et\/toode\/rattakomplekt-hah15c0150p2t2p0n\/","url_meta":{"origin":15867,"position":2},"title":"Rattakomplekt HAH15C0150P2T2P0N","author":"admin","date":"14. aug. 2023","format":false,"excerpt":"","rel":"","context":"Similar post","block_context":{"text":"Similar post","link":""},"img":{"alt_text":"","src":"https:\/\/i0.wp.com\/cascoo.ee\/wp-content\/uploads\/2023\/08\/HAH15C0150P2T2P0N.jpg?resize=350%2C200&ssl=1","width":350,"height":200,"srcset":"https:\/\/i0.wp.com\/cascoo.ee\/wp-content\/uploads\/2023\/08\/HAH15C0150P2T2P0N.jpg?resize=350%2C200&ssl=1 1x, https:\/\/i0.wp.com\/cascoo.ee\/wp-content\/uploads\/2023\/08\/HAH15C0150P2T2P0N.jpg?resize=525%2C300&ssl=1 1.5x, https:\/\/i0.wp.com\/cascoo.ee\/wp-content\/uploads\/2023\/08\/HAH15C0150P2T2P0N.jpg?resize=700%2C400&ssl=1 2x"},"classes":[]},{"id":16006,"url":"https:\/\/cascoo.ee\/et\/toode\/rattakomplekt-hah15c0125p2t2p0n\/","url_meta":{"origin":15867,"position":3},"title":"Rattakomplekt HAH15C0125P2T2P0N","author":"admin","date":"14. aug. 2023","format":false,"excerpt":"","rel":"","context":"Similar post","block_context":{"text":"Similar post","link":""},"img":{"alt_text":"","src":"https:\/\/i0.wp.com\/cascoo.ee\/wp-content\/uploads\/2023\/08\/HAH15C0125P2T2P0N.jpg?resize=350%2C200&ssl=1","width":350,"height":200,"srcset":"https:\/\/i0.wp.com\/cascoo.ee\/wp-content\/uploads\/2023\/08\/HAH15C0125P2T2P0N.jpg?resize=350%2C200&ssl=1 1x, https:\/\/i0.wp.com\/cascoo.ee\/wp-content\/uploads\/2023\/08\/HAH15C0125P2T2P0N.jpg?resize=525%2C300&ssl=1 1.5x, https:\/\/i0.wp.com\/cascoo.ee\/wp-content\/uploads\/2023\/08\/HAH15C0125P2T2P0N.jpg?resize=700%2C400&ssl=1 2x, https:\/\/i0.wp.com\/cascoo.ee\/wp-content\/uploads\/2023\/08\/HAH15C0125P2T2P0N.jpg?resize=1050%2C600&ssl=1 3x"},"classes":[]},{"id":15960,"url":"https:\/\/cascoo.ee\/et\/toode\/rattakomplekt-hax15c0080p2t2p0n\/","url_meta":{"origin":15867,"position":4},"title":"Rattakomplekt HAX15C0080P2T2P0N","author":"admin","date":"14. aug. 2023","format":false,"excerpt":"","rel":"","context":"Similar post","block_context":{"text":"Similar post","link":""},"img":{"alt_text":"","src":"","width":0,"height":0},"classes":[]},{"id":15963,"url":"https:\/\/cascoo.ee\/et\/toode\/rattakomplekt-hax15c0100p2t2p0n\/","url_meta":{"origin":15867,"position":5},"title":"Rattakomplekt HAX15C0100P2T2P0N","author":"admin","date":"14. aug. 2023","format":false,"excerpt":"","rel":"","context":"Similar post","block_context":{"text":"Similar post","link":""},"img":{"alt_text":"","src":"","width":0,"height":0},"classes":[]}],"jetpack_sharing_enabled":true,"_links":{"self":[{"href":"https:\/\/cascoo.ee\/et\/wp-json\/wp\/v2\/product\/15867","targetHints":{"allow":["GET"]}}],"collection":[{"href":"https:\/\/cascoo.ee\/et\/wp-json\/wp\/v2\/product"}],"about":[{"href":"https:\/\/cascoo.ee\/et\/wp-json\/wp\/v2\/types\/product"}],"wp:featuredmedia":[{"embeddable":true,"href":"https:\/\/cascoo.ee\/et\/wp-json\/wp\/v2\/media\/10796"}],"wp:attachment":[{"href":"https:\/\/cascoo.ee\/et\/wp-json\/wp\/v2\/media?parent=15867"}],"wp:term":[{"taxonomy":"product_brand","embeddable":true,"href":"https:\/\/cascoo.ee\/et\/wp-json\/wp\/v2\/product_brand?post=15867"},{"taxonomy":"product_cat","embeddable":true,"href":"https:\/\/cascoo.ee\/et\/wp-json\/wp\/v2\/product_cat?post=15867"},{"taxonomy":"product_tag","embeddable":true,"href":"https:\/\/cascoo.ee\/et\/wp-json\/wp\/v2\/product_tag?post=15867"}],"curies":[{"name":"wp","href":"https:\/\/api.w.org\/{rel}","templated":true}]}}