{"id":15625,"date":"2023-08-14T09:33:30","date_gmt":"2023-08-14T09:33:30","guid":{"rendered":"https:\/\/cascoo.ee\/product\/castor-bph98wc160p4s4r0n\/"},"modified":"2026-01-13T13:20:39","modified_gmt":"2026-01-13T13:20:39","slug":"castor-bph98wc160p4s4r0n","status":"publish","type":"product","link":"https:\/\/cascoo.ee\/et\/toode\/castor-bph98wc160p4s4r0n\/","title":{"rendered":"Rattakomplekt BPH98WC160P4S4R0N"},"content":{"rendered":"<p>Tsingitud terasplekist kahvel koos kuullaagriga, kinnitus poltidega, auk \u00f813mm, kahvel materjali paksusega 3,50mm (kinnitus) ja 3,00mm (kahvel), ratta sisemine osa pol\u00fcprop\u00fcleenist ja turvis t\u00e4iskummist 85\u00b0 Shore A, ratta keskkoha laius 59mm, rull-laager.<\/p>\n","protected":false},"excerpt":{"rendered":"[product_table id=\"1417\" skus=\"BPH98WC160P4S4R0N\"]\n","protected":false},"featured_media":11244,"template":"","meta":{"_acf_changed":false},"product_brand":[],"product_cat":[5089,5406,5815,6194],"product_tag":[],"class_list":{"0":"post-15625","1":"product","2":"type-product","3":"status-publish","4":"has-post-thumbnail","6":"product_cat-hargiga-rattad","7":"product_cat-kandevoime-135kg","8":"product_cat-ratta-labimoot-160mm","9":"product_cat-seeria-p4s4-polupropuleen-pp","10":"pa_castor-fastening-poltkinnitusega","11":"pa_material-of-the-wheel-polupropuleen","12":"pa_tread-turvis-taiskumm","14":"first","15":"onbackorder","16":"taxable","17":"shipping-taxable","18":"purchasable","19":"product-type-simple"},"acf":[],"ct_brands":[],"yoast_head":"<!-- This site is optimized with the Yoast SEO plugin v27.4 - https:\/\/yoast.com\/product\/yoast-seo-wordpress\/ -->\n<title>Rattakomplekt BPH98WC160P4S4R0N - Cascoo<\/title>\n<meta name=\"description\" content=\"160mm, poltkinnitusega rattakomplekt, piduriga, ratta sisemine osa pol\u00fcprop\u00fcleenist, turvis t\u00e4iskummist 85\u00b0 Shore A, kandev\u00f5ime: 135kg.\" \/>\n<meta name=\"robots\" content=\"index, follow, max-snippet:-1, max-image-preview:large, max-video-preview:-1\" \/>\n<link rel=\"canonical\" href=\"https:\/\/cascoo.ee\/et\/toode\/castor-bph98wc160p4s4r0n\/\" \/>\n<meta property=\"og:locale\" content=\"et_EE\" \/>\n<meta property=\"og:type\" content=\"article\" \/>\n<meta property=\"og:title\" content=\"Rattakomplekt BPH98WC160P4S4R0N - Cascoo\" \/>\n<meta property=\"og:description\" content=\"160mm, poltkinnitusega rattakomplekt, piduriga, ratta sisemine osa pol\u00fcprop\u00fcleenist, turvis t\u00e4iskummist 85\u00b0 Shore A, kandev\u00f5ime: 135kg.\" \/>\n<meta property=\"og:url\" content=\"https:\/\/cascoo.ee\/et\/toode\/castor-bph98wc160p4s4r0n\/\" \/>\n<meta property=\"og:site_name\" content=\"Cascoo\" \/>\n<meta property=\"article:modified_time\" content=\"2026-01-13T13:20:39+00:00\" \/>\n<meta property=\"og:image\" content=\"https:\/\/cascoo.ee\/wp-content\/uploads\/2023\/08\/BPH98WC160P4S4R0N.jpg\" \/>\n\t<meta property=\"og:image:width\" content=\"800\" \/>\n\t<meta property=\"og:image:height\" content=\"800\" \/>\n\t<meta property=\"og:image:type\" content=\"image\/jpeg\" \/>\n<meta name=\"twitter:card\" content=\"summary_large_image\" \/>\n<meta name=\"twitter:label1\" content=\"Est. reading time\" \/>\n\t<meta name=\"twitter:data1\" content=\"1 minut\" \/>\n<script type=\"application\/ld+json\" class=\"yoast-schema-graph\">{\"@context\":\"https:\\\/\\\/schema.org\",\"@graph\":[{\"@type\":\"WebPage\",\"@id\":\"https:\\\/\\\/cascoo.ee\\\/et\\\/toode\\\/castor-bph98wc160p4s4r0n\\\/\",\"url\":\"https:\\\/\\\/cascoo.ee\\\/et\\\/toode\\\/castor-bph98wc160p4s4r0n\\\/\",\"name\":\"Rattakomplekt BPH98WC160P4S4R0N - Cascoo\",\"isPartOf\":{\"@id\":\"https:\\\/\\\/cascoo.ee\\\/et\\\/#website\"},\"primaryImageOfPage\":{\"@id\":\"https:\\\/\\\/cascoo.ee\\\/et\\\/toode\\\/castor-bph98wc160p4s4r0n\\\/#primaryimage\"},\"image\":{\"@id\":\"https:\\\/\\\/cascoo.ee\\\/et\\\/toode\\\/castor-bph98wc160p4s4r0n\\\/#primaryimage\"},\"thumbnailUrl\":\"https:\\\/\\\/cascoo.ee\\\/wp-content\\\/uploads\\\/2023\\\/08\\\/BPH98WC160P4S4R0N.jpg\",\"datePublished\":\"2023-08-14T09:33:30+00:00\",\"dateModified\":\"2026-01-13T13:20:39+00:00\",\"description\":\"160mm, poltkinnitusega rattakomplekt, piduriga, ratta sisemine osa pol\u00fcprop\u00fcleenist, turvis t\u00e4iskummist 85\u00b0 Shore A, kandev\u00f5ime: 135kg.\",\"breadcrumb\":{\"@id\":\"https:\\\/\\\/cascoo.ee\\\/et\\\/toode\\\/castor-bph98wc160p4s4r0n\\\/#breadcrumb\"},\"inLanguage\":\"et\",\"potentialAction\":[{\"@type\":\"ReadAction\",\"target\":[\"https:\\\/\\\/cascoo.ee\\\/et\\\/toode\\\/castor-bph98wc160p4s4r0n\\\/\"]}]},{\"@type\":\"ImageObject\",\"inLanguage\":\"et\",\"@id\":\"https:\\\/\\\/cascoo.ee\\\/et\\\/toode\\\/castor-bph98wc160p4s4r0n\\\/#primaryimage\",\"url\":\"https:\\\/\\\/cascoo.ee\\\/wp-content\\\/uploads\\\/2023\\\/08\\\/BPH98WC160P4S4R0N.jpg\",\"contentUrl\":\"https:\\\/\\\/cascoo.ee\\\/wp-content\\\/uploads\\\/2023\\\/08\\\/BPH98WC160P4S4R0N.jpg\",\"width\":800,\"height\":800},{\"@type\":\"BreadcrumbList\",\"@id\":\"https:\\\/\\\/cascoo.ee\\\/et\\\/toode\\\/castor-bph98wc160p4s4r0n\\\/#breadcrumb\",\"itemListElement\":[{\"@type\":\"ListItem\",\"position\":1,\"name\":\"Esileht\",\"item\":\"https:\\\/\\\/cascoo.ee\\\/et\\\/pood\\\/\"},{\"@type\":\"ListItem\",\"position\":2,\"name\":\"T\u00f6\u00f6stuslikud rattad\",\"item\":\"https:\\\/\\\/cascoo.ee\\\/et\\\/pood\\\/\"},{\"@type\":\"ListItem\",\"position\":3,\"name\":\"Rattakomplekt BPH98WC160P4S4R0N\"}]},{\"@type\":\"WebSite\",\"@id\":\"https:\\\/\\\/cascoo.ee\\\/et\\\/#website\",\"url\":\"https:\\\/\\\/cascoo.ee\\\/et\\\/\",\"name\":\"Cascoo\",\"description\":\"Industrial Wheels and castors\",\"publisher\":{\"@id\":\"https:\\\/\\\/cascoo.ee\\\/et\\\/#organization\"},\"potentialAction\":[{\"@type\":\"SearchAction\",\"target\":{\"@type\":\"EntryPoint\",\"urlTemplate\":\"https:\\\/\\\/cascoo.ee\\\/et\\\/?s={search_term_string}\"},\"query-input\":{\"@type\":\"PropertyValueSpecification\",\"valueRequired\":true,\"valueName\":\"search_term_string\"}}],\"inLanguage\":\"et\"},{\"@type\":\"Organization\",\"@id\":\"https:\\\/\\\/cascoo.ee\\\/et\\\/#organization\",\"name\":\"Cascoo\",\"url\":\"https:\\\/\\\/cascoo.ee\\\/et\\\/\",\"logo\":{\"@type\":\"ImageObject\",\"inLanguage\":\"et\",\"@id\":\"https:\\\/\\\/cascoo.ee\\\/et\\\/#\\\/schema\\\/logo\\\/image\\\/\",\"url\":\"https:\\\/\\\/cascoo.ee\\\/wp-content\\\/uploads\\\/2023\\\/07\\\/Cascoo.png\",\"contentUrl\":\"https:\\\/\\\/cascoo.ee\\\/wp-content\\\/uploads\\\/2023\\\/07\\\/Cascoo.png\",\"width\":130,\"height\":51,\"caption\":\"Cascoo\"},\"image\":{\"@id\":\"https:\\\/\\\/cascoo.ee\\\/et\\\/#\\\/schema\\\/logo\\\/image\\\/\"}}]}<\/script>\n<!-- \/ Yoast SEO plugin. -->","yoast_head_json":{"title":"Rattakomplekt BPH98WC160P4S4R0N - Cascoo","description":"160mm, poltkinnitusega rattakomplekt, piduriga, ratta sisemine osa pol\u00fcprop\u00fcleenist, turvis t\u00e4iskummist 85\u00b0 Shore A, kandev\u00f5ime: 135kg.","robots":{"index":"index","follow":"follow","max-snippet":"max-snippet:-1","max-image-preview":"max-image-preview:large","max-video-preview":"max-video-preview:-1"},"canonical":"https:\/\/cascoo.ee\/et\/toode\/castor-bph98wc160p4s4r0n\/","og_locale":"et_EE","og_type":"article","og_title":"Rattakomplekt BPH98WC160P4S4R0N - Cascoo","og_description":"160mm, poltkinnitusega rattakomplekt, piduriga, ratta sisemine osa pol\u00fcprop\u00fcleenist, turvis t\u00e4iskummist 85\u00b0 Shore A, kandev\u00f5ime: 135kg.","og_url":"https:\/\/cascoo.ee\/et\/toode\/castor-bph98wc160p4s4r0n\/","og_site_name":"Cascoo","article_modified_time":"2026-01-13T13:20:39+00:00","og_image":[{"width":800,"height":800,"url":"https:\/\/cascoo.ee\/wp-content\/uploads\/2023\/08\/BPH98WC160P4S4R0N.jpg","type":"image\/jpeg"}],"twitter_card":"summary_large_image","twitter_misc":{"Est. reading time":"1 minut"},"schema":{"@context":"https:\/\/schema.org","@graph":[{"@type":"WebPage","@id":"https:\/\/cascoo.ee\/et\/toode\/castor-bph98wc160p4s4r0n\/","url":"https:\/\/cascoo.ee\/et\/toode\/castor-bph98wc160p4s4r0n\/","name":"Rattakomplekt BPH98WC160P4S4R0N - Cascoo","isPartOf":{"@id":"https:\/\/cascoo.ee\/et\/#website"},"primaryImageOfPage":{"@id":"https:\/\/cascoo.ee\/et\/toode\/castor-bph98wc160p4s4r0n\/#primaryimage"},"image":{"@id":"https:\/\/cascoo.ee\/et\/toode\/castor-bph98wc160p4s4r0n\/#primaryimage"},"thumbnailUrl":"https:\/\/cascoo.ee\/wp-content\/uploads\/2023\/08\/BPH98WC160P4S4R0N.jpg","datePublished":"2023-08-14T09:33:30+00:00","dateModified":"2026-01-13T13:20:39+00:00","description":"160mm, poltkinnitusega rattakomplekt, piduriga, ratta sisemine osa pol\u00fcprop\u00fcleenist, turvis t\u00e4iskummist 85\u00b0 Shore A, kandev\u00f5ime: 135kg.","breadcrumb":{"@id":"https:\/\/cascoo.ee\/et\/toode\/castor-bph98wc160p4s4r0n\/#breadcrumb"},"inLanguage":"et","potentialAction":[{"@type":"ReadAction","target":["https:\/\/cascoo.ee\/et\/toode\/castor-bph98wc160p4s4r0n\/"]}]},{"@type":"ImageObject","inLanguage":"et","@id":"https:\/\/cascoo.ee\/et\/toode\/castor-bph98wc160p4s4r0n\/#primaryimage","url":"https:\/\/cascoo.ee\/wp-content\/uploads\/2023\/08\/BPH98WC160P4S4R0N.jpg","contentUrl":"https:\/\/cascoo.ee\/wp-content\/uploads\/2023\/08\/BPH98WC160P4S4R0N.jpg","width":800,"height":800},{"@type":"BreadcrumbList","@id":"https:\/\/cascoo.ee\/et\/toode\/castor-bph98wc160p4s4r0n\/#breadcrumb","itemListElement":[{"@type":"ListItem","position":1,"name":"Esileht","item":"https:\/\/cascoo.ee\/et\/pood\/"},{"@type":"ListItem","position":2,"name":"T\u00f6\u00f6stuslikud rattad","item":"https:\/\/cascoo.ee\/et\/pood\/"},{"@type":"ListItem","position":3,"name":"Rattakomplekt BPH98WC160P4S4R0N"}]},{"@type":"WebSite","@id":"https:\/\/cascoo.ee\/et\/#website","url":"https:\/\/cascoo.ee\/et\/","name":"Cascoo","description":"Industrial Wheels and castors","publisher":{"@id":"https:\/\/cascoo.ee\/et\/#organization"},"potentialAction":[{"@type":"SearchAction","target":{"@type":"EntryPoint","urlTemplate":"https:\/\/cascoo.ee\/et\/?s={search_term_string}"},"query-input":{"@type":"PropertyValueSpecification","valueRequired":true,"valueName":"search_term_string"}}],"inLanguage":"et"},{"@type":"Organization","@id":"https:\/\/cascoo.ee\/et\/#organization","name":"Cascoo","url":"https:\/\/cascoo.ee\/et\/","logo":{"@type":"ImageObject","inLanguage":"et","@id":"https:\/\/cascoo.ee\/et\/#\/schema\/logo\/image\/","url":"https:\/\/cascoo.ee\/wp-content\/uploads\/2023\/07\/Cascoo.png","contentUrl":"https:\/\/cascoo.ee\/wp-content\/uploads\/2023\/07\/Cascoo.png","width":130,"height":51,"caption":"Cascoo"},"image":{"@id":"https:\/\/cascoo.ee\/et\/#\/schema\/logo\/image\/"}}]}},"jetpack-related-posts":[{"id":15325,"url":"https:\/\/cascoo.ee\/et\/toode\/rattakomplekt-tpp58wc200sws4r0ne\/","url_meta":{"origin":15625,"position":0},"title":"Rattakomplekt TPP58WC200SWS4R0NE","author":"admin","date":"14. aug. 2023","format":false,"excerpt":"","rel":"","context":"Similar post","block_context":{"text":"Similar post","link":""},"img":{"alt_text":"Plaadikinnitusrattad, piduriga, galvaniseeritud terasplekist kahvel, kahekordse kuullaagriga, ratta sisemine osa passiivitud terasplekist, antistaatiline ja k\u00f5nnitee t\u00e4ismassist, antistaatiline TBP25WC080SWS4R0NE","src":"https:\/\/i0.wp.com\/cascoo.ee\/wp-content\/uploads\/2023\/08\/TPP58WC200SWS4R0NE.jpg?resize=350%2C200&ssl=1","width":350,"height":200,"srcset":"https:\/\/i0.wp.com\/cascoo.ee\/wp-content\/uploads\/2023\/08\/TPP58WC200SWS4R0NE.jpg?resize=350%2C200&ssl=1 1x, https:\/\/i0.wp.com\/cascoo.ee\/wp-content\/uploads\/2023\/08\/TPP58WC200SWS4R0NE.jpg?resize=525%2C300&ssl=1 1.5x, https:\/\/i0.wp.com\/cascoo.ee\/wp-content\/uploads\/2023\/08\/TPP58WC200SWS4R0NE.jpg?resize=700%2C400&ssl=1 2x, https:\/\/i0.wp.com\/cascoo.ee\/wp-content\/uploads\/2023\/08\/TPP58WC200SWS4R0NE.jpg?resize=1050%2C600&ssl=1 3x"},"classes":[]},{"id":16808,"url":"https:\/\/cascoo.ee\/et\/toode\/rattakomplekt-tpp31wc125t6p2r1w\/","url_meta":{"origin":15625,"position":1},"title":"Rattakomplekt TPP31WC125T6P2R1W","author":"admin","date":"14. aug. 2023","format":false,"excerpt":"Plaatkinnitusega rattakomplekt, piduriga, kahekordse kuullaagriga tsingitud terasplekist kahvel, ratta siseosa pol\u00fcprop\u00fcleenist TPE-r\u00f5ngaga ja turvis pol\u00fcprop\u00fcleenist.","rel":"","context":"Similar post","block_context":{"text":"Similar post","link":""},"img":{"alt_text":"","src":"https:\/\/i0.wp.com\/cascoo.ee\/wp-content\/uploads\/2023\/08\/TPP31WC125T6P2R1W.jpg?resize=350%2C200&ssl=1","width":350,"height":200,"srcset":"https:\/\/i0.wp.com\/cascoo.ee\/wp-content\/uploads\/2023\/08\/TPP31WC125T6P2R1W.jpg?resize=350%2C200&ssl=1 1x, https:\/\/i0.wp.com\/cascoo.ee\/wp-content\/uploads\/2023\/08\/TPP31WC125T6P2R1W.jpg?resize=525%2C300&ssl=1 1.5x, https:\/\/i0.wp.com\/cascoo.ee\/wp-content\/uploads\/2023\/08\/TPP31WC125T6P2R1W.jpg?resize=700%2C400&ssl=1 2x, https:\/\/i0.wp.com\/cascoo.ee\/wp-content\/uploads\/2023\/08\/TPP31WC125T6P2R1W.jpg?resize=1050%2C600&ssl=1 3x"},"classes":[]},{"id":15573,"url":"https:\/\/cascoo.ee\/et\/toode\/castor-swp5bwc160baf4d0n\/","url_meta":{"origin":15625,"position":2},"title":"Rattakomplekt SWP5BWC160BAF4D0N","author":"admin","date":"14. aug. 2023","format":false,"excerpt":"Plaatkinnitusega rattakomplekt, kahekordse kuullaagriga tsingitud terasplekist kahvel, ratta sisemine osa alumiiniumist (heavy duty - raskeveo ratas) ja turvis kummist.","rel":"","context":"Similar post","block_context":{"text":"Similar post","link":""},"img":{"alt_text":"SWP5BWC200BAF4D0N","src":"https:\/\/i0.wp.com\/cascoo.ee\/wp-content\/uploads\/2023\/07\/SWP54WC250BAF4D0N.jpg?resize=350%2C200&ssl=1","width":350,"height":200,"srcset":"https:\/\/i0.wp.com\/cascoo.ee\/wp-content\/uploads\/2023\/07\/SWP54WC250BAF4D0N.jpg?resize=350%2C200&ssl=1 1x, https:\/\/i0.wp.com\/cascoo.ee\/wp-content\/uploads\/2023\/07\/SWP54WC250BAF4D0N.jpg?resize=525%2C300&ssl=1 1.5x, https:\/\/i0.wp.com\/cascoo.ee\/wp-content\/uploads\/2023\/07\/SWP54WC250BAF4D0N.jpg?resize=700%2C400&ssl=1 2x, https:\/\/i0.wp.com\/cascoo.ee\/wp-content\/uploads\/2023\/07\/SWP54WC250BAF4D0N.jpg?resize=1050%2C600&ssl=1 3x"},"classes":[]},{"id":16102,"url":"https:\/\/cascoo.ee\/et\/toode\/rattakomplekt-fhp5lwc150z0z0d0n\/","url_meta":{"origin":15625,"position":3},"title":"Rattakomplekt FHP5LWC150Z0Z0D0N","author":"admin","date":"14. aug. 2023","format":false,"excerpt":"","rel":"","context":"Similar post","block_context":{"text":"Similar post","link":""},"img":{"alt_text":"","src":"https:\/\/i0.wp.com\/cascoo.ee\/wp-content\/uploads\/2023\/08\/FHP5LWC150Z0Z0D0N.jpg?resize=350%2C200&ssl=1","width":350,"height":200,"srcset":"https:\/\/i0.wp.com\/cascoo.ee\/wp-content\/uploads\/2023\/08\/FHP5LWC150Z0Z0D0N.jpg?resize=350%2C200&ssl=1 1x, https:\/\/i0.wp.com\/cascoo.ee\/wp-content\/uploads\/2023\/08\/FHP5LWC150Z0Z0D0N.jpg?resize=525%2C300&ssl=1 1.5x, https:\/\/i0.wp.com\/cascoo.ee\/wp-content\/uploads\/2023\/08\/FHP5LWC150Z0Z0D0N.jpg?resize=700%2C400&ssl=1 2x, https:\/\/i0.wp.com\/cascoo.ee\/wp-content\/uploads\/2023\/08\/FHP5LWC150Z0Z0D0N.jpg?resize=1050%2C600&ssl=1 3x"},"classes":[]},{"id":16107,"url":"https:\/\/cascoo.ee\/et\/toode\/rattakomplekt-fhp54wc125z0z0d0n\/","url_meta":{"origin":15625,"position":4},"title":"Rattakomplekt FHP54WC125Z0Z0D0N","author":"admin","date":"14. aug. 2023","format":false,"excerpt":"","rel":"","context":"Similar post","block_context":{"text":"Similar post","link":""},"img":{"alt_text":"","src":"https:\/\/i0.wp.com\/cascoo.ee\/wp-content\/uploads\/2023\/08\/FHP54WC125Z0Z0D0N.jpg?resize=350%2C200&ssl=1","width":350,"height":200,"srcset":"https:\/\/i0.wp.com\/cascoo.ee\/wp-content\/uploads\/2023\/08\/FHP54WC125Z0Z0D0N.jpg?resize=350%2C200&ssl=1 1x, https:\/\/i0.wp.com\/cascoo.ee\/wp-content\/uploads\/2023\/08\/FHP54WC125Z0Z0D0N.jpg?resize=525%2C300&ssl=1 1.5x, https:\/\/i0.wp.com\/cascoo.ee\/wp-content\/uploads\/2023\/08\/FHP54WC125Z0Z0D0N.jpg?resize=700%2C400&ssl=1 2x, https:\/\/i0.wp.com\/cascoo.ee\/wp-content\/uploads\/2023\/08\/FHP54WC125Z0Z0D0N.jpg?resize=1050%2C600&ssl=1 3x"},"classes":[]},{"id":16110,"url":"https:\/\/cascoo.ee\/et\/toode\/rattakomplekt-fhp5lwc160z0z0d0n\/","url_meta":{"origin":15625,"position":5},"title":"Rattakomplekt FHP5LWC160Z0Z0D0N","author":"admin","date":"14. aug. 2023","format":false,"excerpt":"","rel":"","context":"Similar post","block_context":{"text":"Similar post","link":""},"img":{"alt_text":"","src":"https:\/\/i0.wp.com\/cascoo.ee\/wp-content\/uploads\/2023\/08\/FHP5LWC160Z0Z0D0N.jpg?resize=350%2C200&ssl=1","width":350,"height":200,"srcset":"https:\/\/i0.wp.com\/cascoo.ee\/wp-content\/uploads\/2023\/08\/FHP5LWC160Z0Z0D0N.jpg?resize=350%2C200&ssl=1 1x, https:\/\/i0.wp.com\/cascoo.ee\/wp-content\/uploads\/2023\/08\/FHP5LWC160Z0Z0D0N.jpg?resize=525%2C300&ssl=1 1.5x, https:\/\/i0.wp.com\/cascoo.ee\/wp-content\/uploads\/2023\/08\/FHP5LWC160Z0Z0D0N.jpg?resize=700%2C400&ssl=1 2x, https:\/\/i0.wp.com\/cascoo.ee\/wp-content\/uploads\/2023\/08\/FHP5LWC160Z0Z0D0N.jpg?resize=1050%2C600&ssl=1 3x"},"classes":[]}],"jetpack_sharing_enabled":true,"_links":{"self":[{"href":"https:\/\/cascoo.ee\/et\/wp-json\/wp\/v2\/product\/15625","targetHints":{"allow":["GET"]}}],"collection":[{"href":"https:\/\/cascoo.ee\/et\/wp-json\/wp\/v2\/product"}],"about":[{"href":"https:\/\/cascoo.ee\/et\/wp-json\/wp\/v2\/types\/product"}],"wp:featuredmedia":[{"embeddable":true,"href":"https:\/\/cascoo.ee\/et\/wp-json\/wp\/v2\/media\/11244"}],"wp:attachment":[{"href":"https:\/\/cascoo.ee\/et\/wp-json\/wp\/v2\/media?parent=15625"}],"wp:term":[{"taxonomy":"product_brand","embeddable":true,"href":"https:\/\/cascoo.ee\/et\/wp-json\/wp\/v2\/product_brand?post=15625"},{"taxonomy":"product_cat","embeddable":true,"href":"https:\/\/cascoo.ee\/et\/wp-json\/wp\/v2\/product_cat?post=15625"},{"taxonomy":"product_tag","embeddable":true,"href":"https:\/\/cascoo.ee\/et\/wp-json\/wp\/v2\/product_tag?post=15625"}],"curies":[{"name":"wp","href":"https:\/\/api.w.org\/{rel}","templated":true}]}}