{"id":15550,"date":"2023-08-14T09:41:36","date_gmt":"2023-08-14T09:41:36","guid":{"rendered":"https:\/\/cascoo.ee\/product\/castor-hah12c0075p2t2b42a\/"},"modified":"2024-06-11T12:19:59","modified_gmt":"2024-06-11T12:19:59","slug":"castor-hah12c0075p2t2b42a","status":"publish","type":"product","link":"https:\/\/cascoo.ee\/et\/toode\/castor-hah12c0075p2t2b42a\/","title":{"rendered":"Rattakomplekt HAH12C0075P2T2B42A"},"content":{"rendered":"<p>Tsingitud terasplekist kahvel koos kuullaagriga, kinnitus poltidega, auk \u00f811mm, kahvel materjali paksusega 2,00mm (kinnitus) ja 2,00mm (kahvel), ratta sisemine osa pol\u00fcprop\u00fcleenist, antistaatiline ja turvis termoplastilisest kummist 95\u00b0 Shore A, antistaatiline, ratta keskosa laius 28mm, kuullaager, t\u00e4ielikult kattev plastist laagrikaitse.<\/p>\n","protected":false},"excerpt":{"rendered":"[product_table id=\"1417\" skus=\"HAH12C0075P2T2B42A\"]\n","protected":false},"featured_media":17941,"template":"","meta":{"_acf_changed":false},"product_brand":[],"product_cat":[5089,5762,5191,6188],"product_tag":[],"class_list":{"0":"post-15550","1":"product","2":"type-product","3":"status-publish","4":"has-post-thumbnail","6":"product_cat-hargiga-rattad","7":"product_cat-kandevoime-50kg","8":"product_cat-ratta-labimoot-75mm","9":"product_cat-seeria-p2t2-antistaatiline","10":"pa_castor-fastening-poltkinnitusega","11":"pa_material-of-the-wheel-polupropuleen","12":"pa_tread-turvis-termoplastiline-kumm","14":"first","15":"onbackorder","16":"taxable","17":"shipping-taxable","18":"purchasable","19":"product-type-simple"},"acf":[],"ct_brands":[],"yoast_head":"<!-- This site is optimized with the Yoast SEO plugin v27.4 - https:\/\/yoast.com\/product\/yoast-seo-wordpress\/ -->\n<title>Rattakomplekt HAH12C0075P2T2B42A - Cascoo<\/title>\n<meta name=\"description\" content=\"75mm, poltidega kinnitatav rattakomplekt, ratta sisemine osa pol\u00fcprop\u00fcleenist, antistaatiline, turvis termoplastilisest kummist 95\u00b0 Shore A, antistaatiline, kandev\u00f5ime: 50kg.\" \/>\n<meta name=\"robots\" content=\"index, follow, max-snippet:-1, max-image-preview:large, max-video-preview:-1\" \/>\n<link rel=\"canonical\" href=\"https:\/\/cascoo.ee\/et\/toode\/castor-hah12c0075p2t2b42a\/\" \/>\n<meta property=\"og:locale\" content=\"et_EE\" \/>\n<meta property=\"og:type\" content=\"article\" \/>\n<meta property=\"og:title\" content=\"Rattakomplekt HAH12C0075P2T2B42A - Cascoo\" \/>\n<meta property=\"og:description\" content=\"75mm, poltidega kinnitatav rattakomplekt, ratta sisemine osa pol\u00fcprop\u00fcleenist, antistaatiline, turvis termoplastilisest kummist 95\u00b0 Shore A, antistaatiline, kandev\u00f5ime: 50kg.\" \/>\n<meta property=\"og:url\" content=\"https:\/\/cascoo.ee\/et\/toode\/castor-hah12c0075p2t2b42a\/\" \/>\n<meta property=\"og:site_name\" content=\"Cascoo\" \/>\n<meta property=\"article:modified_time\" content=\"2024-06-11T12:19:59+00:00\" \/>\n<meta property=\"og:image\" content=\"https:\/\/cascoo.ee\/wp-content\/uploads\/2023\/08\/HAH12C0075P2T2B42E-1.jpg\" \/>\n\t<meta property=\"og:image:width\" content=\"1200\" \/>\n\t<meta property=\"og:image:height\" content=\"1200\" \/>\n\t<meta property=\"og:image:type\" content=\"image\/jpeg\" \/>\n<meta name=\"twitter:card\" content=\"summary_large_image\" \/>\n<meta name=\"twitter:label1\" content=\"Est. reading time\" \/>\n\t<meta name=\"twitter:data1\" content=\"1 minut\" \/>\n<script type=\"application\/ld+json\" class=\"yoast-schema-graph\">{\"@context\":\"https:\\\/\\\/schema.org\",\"@graph\":[{\"@type\":\"WebPage\",\"@id\":\"https:\\\/\\\/cascoo.ee\\\/et\\\/toode\\\/castor-hah12c0075p2t2b42a\\\/\",\"url\":\"https:\\\/\\\/cascoo.ee\\\/et\\\/toode\\\/castor-hah12c0075p2t2b42a\\\/\",\"name\":\"Rattakomplekt HAH12C0075P2T2B42A - Cascoo\",\"isPartOf\":{\"@id\":\"https:\\\/\\\/cascoo.ee\\\/et\\\/#website\"},\"primaryImageOfPage\":{\"@id\":\"https:\\\/\\\/cascoo.ee\\\/et\\\/toode\\\/castor-hah12c0075p2t2b42a\\\/#primaryimage\"},\"image\":{\"@id\":\"https:\\\/\\\/cascoo.ee\\\/et\\\/toode\\\/castor-hah12c0075p2t2b42a\\\/#primaryimage\"},\"thumbnailUrl\":\"https:\\\/\\\/cascoo.ee\\\/wp-content\\\/uploads\\\/2023\\\/08\\\/HAH12C0075P2T2B42E-1.jpg\",\"datePublished\":\"2023-08-14T09:41:36+00:00\",\"dateModified\":\"2024-06-11T12:19:59+00:00\",\"description\":\"75mm, poltidega kinnitatav rattakomplekt, ratta sisemine osa pol\u00fcprop\u00fcleenist, antistaatiline, turvis termoplastilisest kummist 95\u00b0 Shore A, antistaatiline, kandev\u00f5ime: 50kg.\",\"breadcrumb\":{\"@id\":\"https:\\\/\\\/cascoo.ee\\\/et\\\/toode\\\/castor-hah12c0075p2t2b42a\\\/#breadcrumb\"},\"inLanguage\":\"et\",\"potentialAction\":[{\"@type\":\"ReadAction\",\"target\":[\"https:\\\/\\\/cascoo.ee\\\/et\\\/toode\\\/castor-hah12c0075p2t2b42a\\\/\"]}]},{\"@type\":\"ImageObject\",\"inLanguage\":\"et\",\"@id\":\"https:\\\/\\\/cascoo.ee\\\/et\\\/toode\\\/castor-hah12c0075p2t2b42a\\\/#primaryimage\",\"url\":\"https:\\\/\\\/cascoo.ee\\\/wp-content\\\/uploads\\\/2023\\\/08\\\/HAH12C0075P2T2B42E-1.jpg\",\"contentUrl\":\"https:\\\/\\\/cascoo.ee\\\/wp-content\\\/uploads\\\/2023\\\/08\\\/HAH12C0075P2T2B42E-1.jpg\",\"width\":1200,\"height\":1200,\"caption\":\"HAH12C0075P2T2B42E\"},{\"@type\":\"BreadcrumbList\",\"@id\":\"https:\\\/\\\/cascoo.ee\\\/et\\\/toode\\\/castor-hah12c0075p2t2b42a\\\/#breadcrumb\",\"itemListElement\":[{\"@type\":\"ListItem\",\"position\":1,\"name\":\"Esileht\",\"item\":\"https:\\\/\\\/cascoo.ee\\\/et\\\/pood\\\/\"},{\"@type\":\"ListItem\",\"position\":2,\"name\":\"T\u00f6\u00f6stuslikud rattad\",\"item\":\"https:\\\/\\\/cascoo.ee\\\/et\\\/pood\\\/\"},{\"@type\":\"ListItem\",\"position\":3,\"name\":\"Rattakomplekt HAH12C0075P2T2B42A\"}]},{\"@type\":\"WebSite\",\"@id\":\"https:\\\/\\\/cascoo.ee\\\/et\\\/#website\",\"url\":\"https:\\\/\\\/cascoo.ee\\\/et\\\/\",\"name\":\"Cascoo\",\"description\":\"Industrial Wheels and castors\",\"publisher\":{\"@id\":\"https:\\\/\\\/cascoo.ee\\\/et\\\/#organization\"},\"potentialAction\":[{\"@type\":\"SearchAction\",\"target\":{\"@type\":\"EntryPoint\",\"urlTemplate\":\"https:\\\/\\\/cascoo.ee\\\/et\\\/?s={search_term_string}\"},\"query-input\":{\"@type\":\"PropertyValueSpecification\",\"valueRequired\":true,\"valueName\":\"search_term_string\"}}],\"inLanguage\":\"et\"},{\"@type\":\"Organization\",\"@id\":\"https:\\\/\\\/cascoo.ee\\\/et\\\/#organization\",\"name\":\"Cascoo\",\"url\":\"https:\\\/\\\/cascoo.ee\\\/et\\\/\",\"logo\":{\"@type\":\"ImageObject\",\"inLanguage\":\"et\",\"@id\":\"https:\\\/\\\/cascoo.ee\\\/et\\\/#\\\/schema\\\/logo\\\/image\\\/\",\"url\":\"https:\\\/\\\/cascoo.ee\\\/wp-content\\\/uploads\\\/2023\\\/07\\\/Cascoo.png\",\"contentUrl\":\"https:\\\/\\\/cascoo.ee\\\/wp-content\\\/uploads\\\/2023\\\/07\\\/Cascoo.png\",\"width\":130,\"height\":51,\"caption\":\"Cascoo\"},\"image\":{\"@id\":\"https:\\\/\\\/cascoo.ee\\\/et\\\/#\\\/schema\\\/logo\\\/image\\\/\"}}]}<\/script>\n<!-- \/ Yoast SEO plugin. -->","yoast_head_json":{"title":"Rattakomplekt HAH12C0075P2T2B42A - Cascoo","description":"75mm, poltidega kinnitatav rattakomplekt, ratta sisemine osa pol\u00fcprop\u00fcleenist, antistaatiline, turvis termoplastilisest kummist 95\u00b0 Shore A, antistaatiline, kandev\u00f5ime: 50kg.","robots":{"index":"index","follow":"follow","max-snippet":"max-snippet:-1","max-image-preview":"max-image-preview:large","max-video-preview":"max-video-preview:-1"},"canonical":"https:\/\/cascoo.ee\/et\/toode\/castor-hah12c0075p2t2b42a\/","og_locale":"et_EE","og_type":"article","og_title":"Rattakomplekt HAH12C0075P2T2B42A - Cascoo","og_description":"75mm, poltidega kinnitatav rattakomplekt, ratta sisemine osa pol\u00fcprop\u00fcleenist, antistaatiline, turvis termoplastilisest kummist 95\u00b0 Shore A, antistaatiline, kandev\u00f5ime: 50kg.","og_url":"https:\/\/cascoo.ee\/et\/toode\/castor-hah12c0075p2t2b42a\/","og_site_name":"Cascoo","article_modified_time":"2024-06-11T12:19:59+00:00","og_image":[{"width":1200,"height":1200,"url":"https:\/\/cascoo.ee\/wp-content\/uploads\/2023\/08\/HAH12C0075P2T2B42E-1.jpg","type":"image\/jpeg"}],"twitter_card":"summary_large_image","twitter_misc":{"Est. reading time":"1 minut"},"schema":{"@context":"https:\/\/schema.org","@graph":[{"@type":"WebPage","@id":"https:\/\/cascoo.ee\/et\/toode\/castor-hah12c0075p2t2b42a\/","url":"https:\/\/cascoo.ee\/et\/toode\/castor-hah12c0075p2t2b42a\/","name":"Rattakomplekt HAH12C0075P2T2B42A - Cascoo","isPartOf":{"@id":"https:\/\/cascoo.ee\/et\/#website"},"primaryImageOfPage":{"@id":"https:\/\/cascoo.ee\/et\/toode\/castor-hah12c0075p2t2b42a\/#primaryimage"},"image":{"@id":"https:\/\/cascoo.ee\/et\/toode\/castor-hah12c0075p2t2b42a\/#primaryimage"},"thumbnailUrl":"https:\/\/cascoo.ee\/wp-content\/uploads\/2023\/08\/HAH12C0075P2T2B42E-1.jpg","datePublished":"2023-08-14T09:41:36+00:00","dateModified":"2024-06-11T12:19:59+00:00","description":"75mm, poltidega kinnitatav rattakomplekt, ratta sisemine osa pol\u00fcprop\u00fcleenist, antistaatiline, turvis termoplastilisest kummist 95\u00b0 Shore A, antistaatiline, kandev\u00f5ime: 50kg.","breadcrumb":{"@id":"https:\/\/cascoo.ee\/et\/toode\/castor-hah12c0075p2t2b42a\/#breadcrumb"},"inLanguage":"et","potentialAction":[{"@type":"ReadAction","target":["https:\/\/cascoo.ee\/et\/toode\/castor-hah12c0075p2t2b42a\/"]}]},{"@type":"ImageObject","inLanguage":"et","@id":"https:\/\/cascoo.ee\/et\/toode\/castor-hah12c0075p2t2b42a\/#primaryimage","url":"https:\/\/cascoo.ee\/wp-content\/uploads\/2023\/08\/HAH12C0075P2T2B42E-1.jpg","contentUrl":"https:\/\/cascoo.ee\/wp-content\/uploads\/2023\/08\/HAH12C0075P2T2B42E-1.jpg","width":1200,"height":1200,"caption":"HAH12C0075P2T2B42E"},{"@type":"BreadcrumbList","@id":"https:\/\/cascoo.ee\/et\/toode\/castor-hah12c0075p2t2b42a\/#breadcrumb","itemListElement":[{"@type":"ListItem","position":1,"name":"Esileht","item":"https:\/\/cascoo.ee\/et\/pood\/"},{"@type":"ListItem","position":2,"name":"T\u00f6\u00f6stuslikud rattad","item":"https:\/\/cascoo.ee\/et\/pood\/"},{"@type":"ListItem","position":3,"name":"Rattakomplekt HAH12C0075P2T2B42A"}]},{"@type":"WebSite","@id":"https:\/\/cascoo.ee\/et\/#website","url":"https:\/\/cascoo.ee\/et\/","name":"Cascoo","description":"Industrial Wheels and castors","publisher":{"@id":"https:\/\/cascoo.ee\/et\/#organization"},"potentialAction":[{"@type":"SearchAction","target":{"@type":"EntryPoint","urlTemplate":"https:\/\/cascoo.ee\/et\/?s={search_term_string}"},"query-input":{"@type":"PropertyValueSpecification","valueRequired":true,"valueName":"search_term_string"}}],"inLanguage":"et"},{"@type":"Organization","@id":"https:\/\/cascoo.ee\/et\/#organization","name":"Cascoo","url":"https:\/\/cascoo.ee\/et\/","logo":{"@type":"ImageObject","inLanguage":"et","@id":"https:\/\/cascoo.ee\/et\/#\/schema\/logo\/image\/","url":"https:\/\/cascoo.ee\/wp-content\/uploads\/2023\/07\/Cascoo.png","contentUrl":"https:\/\/cascoo.ee\/wp-content\/uploads\/2023\/07\/Cascoo.png","width":130,"height":51,"caption":"Cascoo"},"image":{"@id":"https:\/\/cascoo.ee\/et\/#\/schema\/logo\/image\/"}}]}},"jetpack-related-posts":[{"id":15386,"url":"https:\/\/cascoo.ee\/et\/toode\/castor-fbp32wc125p4s4r0na\/","url_meta":{"origin":15550,"position":0},"title":"Rattakomplekt FBP32WC125P4S4R0NA","author":"admin","date":"14. aug. 2023","format":false,"excerpt":"","rel":"","context":"Similar post","block_context":{"text":"Similar post","link":""},"img":{"alt_text":"FBP22WC080P4S4R0NA","src":"https:\/\/i0.wp.com\/cascoo.ee\/wp-content\/uploads\/2023\/08\/FBP22WC080P4S4R0NA.jpg?resize=350%2C200&ssl=1","width":350,"height":200,"srcset":"https:\/\/i0.wp.com\/cascoo.ee\/wp-content\/uploads\/2023\/08\/FBP22WC080P4S4R0NA.jpg?resize=350%2C200&ssl=1 1x, https:\/\/i0.wp.com\/cascoo.ee\/wp-content\/uploads\/2023\/08\/FBP22WC080P4S4R0NA.jpg?resize=525%2C300&ssl=1 1.5x, https:\/\/i0.wp.com\/cascoo.ee\/wp-content\/uploads\/2023\/08\/FBP22WC080P4S4R0NA.jpg?resize=700%2C400&ssl=1 2x, https:\/\/i0.wp.com\/cascoo.ee\/wp-content\/uploads\/2023\/08\/FBP22WC080P4S4R0NA.jpg?resize=1050%2C600&ssl=1 3x"},"classes":[]},{"id":15388,"url":"https:\/\/cascoo.ee\/et\/toode\/castor-fbp22wc100p4s4r0na\/","url_meta":{"origin":15550,"position":1},"title":"Rattakomplekt FBP22WC100P4S4R0NA","author":"admin","date":"14. aug. 2023","format":false,"excerpt":"","rel":"","context":"Similar post","block_context":{"text":"Similar post","link":""},"img":{"alt_text":"FBP22WC080P4S4R0NA","src":"https:\/\/i0.wp.com\/cascoo.ee\/wp-content\/uploads\/2023\/08\/FBP22WC080P4S4R0NA.jpg?resize=350%2C200&ssl=1","width":350,"height":200,"srcset":"https:\/\/i0.wp.com\/cascoo.ee\/wp-content\/uploads\/2023\/08\/FBP22WC080P4S4R0NA.jpg?resize=350%2C200&ssl=1 1x, https:\/\/i0.wp.com\/cascoo.ee\/wp-content\/uploads\/2023\/08\/FBP22WC080P4S4R0NA.jpg?resize=525%2C300&ssl=1 1.5x, https:\/\/i0.wp.com\/cascoo.ee\/wp-content\/uploads\/2023\/08\/FBP22WC080P4S4R0NA.jpg?resize=700%2C400&ssl=1 2x, https:\/\/i0.wp.com\/cascoo.ee\/wp-content\/uploads\/2023\/08\/FBP22WC080P4S4R0NA.jpg?resize=1050%2C600&ssl=1 3x"},"classes":[]},{"id":15401,"url":"https:\/\/cascoo.ee\/et\/toode\/castor-fbp22wc080p4s4r0na\/","url_meta":{"origin":15550,"position":2},"title":"Rattakomplekt FBP22WC080P4S4R0NA","author":"admin","date":"14. aug. 2023","format":false,"excerpt":"","rel":"","context":"Similar post","block_context":{"text":"Similar post","link":""},"img":{"alt_text":"FBP22WC080P4S4R0NA","src":"https:\/\/i0.wp.com\/cascoo.ee\/wp-content\/uploads\/2023\/08\/FBP22WC080P4S4R0NA.jpg?resize=350%2C200&ssl=1","width":350,"height":200,"srcset":"https:\/\/i0.wp.com\/cascoo.ee\/wp-content\/uploads\/2023\/08\/FBP22WC080P4S4R0NA.jpg?resize=350%2C200&ssl=1 1x, https:\/\/i0.wp.com\/cascoo.ee\/wp-content\/uploads\/2023\/08\/FBP22WC080P4S4R0NA.jpg?resize=525%2C300&ssl=1 1.5x, https:\/\/i0.wp.com\/cascoo.ee\/wp-content\/uploads\/2023\/08\/FBP22WC080P4S4R0NA.jpg?resize=700%2C400&ssl=1 2x, https:\/\/i0.wp.com\/cascoo.ee\/wp-content\/uploads\/2023\/08\/FBP22WC080P4S4R0NA.jpg?resize=1050%2C600&ssl=1 3x"},"classes":[]},{"id":15335,"url":"https:\/\/cascoo.ee\/et\/toode\/rattakomplekt-bah12c0075p2t2b42a\/","url_meta":{"origin":15550,"position":3},"title":"Rattakomplekt BAH12C0075P2T2B42A","author":"admin","date":"14. aug. 2023","format":false,"excerpt":"","rel":"","context":"Similar post","block_context":{"text":"Similar post","link":""},"img":{"alt_text":"BAH12C0075P2T2B42E","src":"https:\/\/i0.wp.com\/cascoo.ee\/wp-content\/uploads\/2023\/08\/BAH12C0075P2T2B42E-1.jpg?resize=350%2C200&ssl=1","width":350,"height":200,"srcset":"https:\/\/i0.wp.com\/cascoo.ee\/wp-content\/uploads\/2023\/08\/BAH12C0075P2T2B42E-1.jpg?resize=350%2C200&ssl=1 1x, https:\/\/i0.wp.com\/cascoo.ee\/wp-content\/uploads\/2023\/08\/BAH12C0075P2T2B42E-1.jpg?resize=525%2C300&ssl=1 1.5x, https:\/\/i0.wp.com\/cascoo.ee\/wp-content\/uploads\/2023\/08\/BAH12C0075P2T2B42E-1.jpg?resize=700%2C400&ssl=1 2x, https:\/\/i0.wp.com\/cascoo.ee\/wp-content\/uploads\/2023\/08\/BAH12C0075P2T2B42E-1.jpg?resize=1050%2C600&ssl=1 3x"},"classes":[]},{"id":15549,"url":"https:\/\/cascoo.ee\/et\/toode\/castor-bah12c0075p2t2p0na\/","url_meta":{"origin":15550,"position":4},"title":"Rattakomplekt BAH12C0075P2T2P0NA","author":"admin","date":"14. aug. 2023","format":false,"excerpt":"","rel":"","context":"Similar post","block_context":{"text":"Similar post","link":""},"img":{"alt_text":"BAH12C0075P2T2P0NE","src":"https:\/\/i0.wp.com\/cascoo.ee\/wp-content\/uploads\/2023\/08\/BAH12C0075P2T2P0NE.jpg?resize=350%2C200&ssl=1","width":350,"height":200,"srcset":"https:\/\/i0.wp.com\/cascoo.ee\/wp-content\/uploads\/2023\/08\/BAH12C0075P2T2P0NE.jpg?resize=350%2C200&ssl=1 1x, https:\/\/i0.wp.com\/cascoo.ee\/wp-content\/uploads\/2023\/08\/BAH12C0075P2T2P0NE.jpg?resize=525%2C300&ssl=1 1.5x, https:\/\/i0.wp.com\/cascoo.ee\/wp-content\/uploads\/2023\/08\/BAH12C0075P2T2P0NE.jpg?resize=700%2C400&ssl=1 2x, https:\/\/i0.wp.com\/cascoo.ee\/wp-content\/uploads\/2023\/08\/BAH12C0075P2T2P0NE.jpg?resize=1050%2C600&ssl=1 3x"},"classes":[]},{"id":15556,"url":"https:\/\/cascoo.ee\/et\/toode\/castor-hah12c0075p2t2p0na\/","url_meta":{"origin":15550,"position":5},"title":"Rattakomplekt HAH12C0075P2T2P0NA","author":"admin","date":"14. aug. 2023","format":false,"excerpt":"","rel":"","context":"Similar post","block_context":{"text":"Similar post","link":""},"img":{"alt_text":"HAH12C0075P2T2P0NA","src":"https:\/\/i0.wp.com\/cascoo.ee\/wp-content\/uploads\/2023\/08\/HAH12C0075P2T2P0NA.jpg?resize=350%2C200&ssl=1","width":350,"height":200,"srcset":"https:\/\/i0.wp.com\/cascoo.ee\/wp-content\/uploads\/2023\/08\/HAH12C0075P2T2P0NA.jpg?resize=350%2C200&ssl=1 1x, https:\/\/i0.wp.com\/cascoo.ee\/wp-content\/uploads\/2023\/08\/HAH12C0075P2T2P0NA.jpg?resize=525%2C300&ssl=1 1.5x, https:\/\/i0.wp.com\/cascoo.ee\/wp-content\/uploads\/2023\/08\/HAH12C0075P2T2P0NA.jpg?resize=700%2C400&ssl=1 2x, https:\/\/i0.wp.com\/cascoo.ee\/wp-content\/uploads\/2023\/08\/HAH12C0075P2T2P0NA.jpg?resize=1050%2C600&ssl=1 3x"},"classes":[]}],"jetpack_sharing_enabled":true,"_links":{"self":[{"href":"https:\/\/cascoo.ee\/et\/wp-json\/wp\/v2\/product\/15550","targetHints":{"allow":["GET"]}}],"collection":[{"href":"https:\/\/cascoo.ee\/et\/wp-json\/wp\/v2\/product"}],"about":[{"href":"https:\/\/cascoo.ee\/et\/wp-json\/wp\/v2\/types\/product"}],"wp:featuredmedia":[{"embeddable":true,"href":"https:\/\/cascoo.ee\/et\/wp-json\/wp\/v2\/media\/17941"}],"wp:attachment":[{"href":"https:\/\/cascoo.ee\/et\/wp-json\/wp\/v2\/media?parent=15550"}],"wp:term":[{"taxonomy":"product_brand","embeddable":true,"href":"https:\/\/cascoo.ee\/et\/wp-json\/wp\/v2\/product_brand?post=15550"},{"taxonomy":"product_cat","embeddable":true,"href":"https:\/\/cascoo.ee\/et\/wp-json\/wp\/v2\/product_cat?post=15550"},{"taxonomy":"product_tag","embeddable":true,"href":"https:\/\/cascoo.ee\/et\/wp-json\/wp\/v2\/product_tag?post=15550"}],"curies":[{"name":"wp","href":"https:\/\/api.w.org\/{rel}","templated":true}]}}