{"id":15548,"date":"2023-08-14T09:41:19","date_gmt":"2023-08-14T09:41:19","guid":{"rendered":"https:\/\/cascoo.ee\/product\/castor-hah19c0050p2t2b42a\/"},"modified":"2024-06-11T12:20:29","modified_gmt":"2024-06-11T12:20:29","slug":"castor-hah19c0050p2t2b42a","status":"publish","type":"product","link":"https:\/\/cascoo.ee\/et\/toode\/castor-hah19c0050p2t2b42a\/","title":{"rendered":"Rattakomplekt HAH19C0050P2T2B42A"},"content":{"rendered":"<p>Tsingitud terasplekist kahvel koos kuullaagriga, kinnitus poltidega, ava \u00f811mm, kahvel materjali paksusega 2,00mm (kinnitus) ja 1,80mm (kahvel), ratta sisemine osa pol\u00fcprop\u00fcleenist, antistaatiline ja turvis termoplastilisest kummist 95\u00b0 Shore A, antistaatiline, ratta keskosa laius 22mm, kuullaager, t\u00e4ielikult kattev plastist laagrikaitse.<\/p>\n","protected":false},"excerpt":{"rendered":"[product_table id=\"1417\" skus=\"HAH19C0050P2T2B42A\"]\n","protected":false},"featured_media":8286,"template":"","meta":{"_acf_changed":false},"product_brand":[],"product_cat":[5089,6150,5761,6188],"product_tag":[],"class_list":{"0":"post-15548","1":"product","2":"type-product","3":"status-publish","4":"has-post-thumbnail","6":"product_cat-hargiga-rattad","7":"product_cat-kandevoime-30kg","8":"product_cat-ratta-diameeter-50mm","9":"product_cat-seeria-p2t2-antistaatiline","10":"pa_castor-fastening-poltkinnitusega","11":"pa_material-of-the-wheel-polupropuleen","12":"pa_tread-turvis-termoplastiline-kumm","14":"first","15":"onbackorder","16":"taxable","17":"shipping-taxable","18":"purchasable","19":"product-type-simple"},"acf":[],"ct_brands":[],"yoast_head":"<!-- This site is optimized with the Yoast SEO plugin v27.4 - https:\/\/yoast.com\/product\/yoast-seo-wordpress\/ -->\n<title>Rattakomplekt HAH19C0050P2T2B42A - Cascoo<\/title>\n<meta name=\"description\" content=\"50mm, poltkinnitusega rattakomplekt, ratta sisemine osa pol\u00fcprop\u00fcleenist, antistaatiline, turvis termoplastilisest kummist 95\u00b0 Shore A, antistaatiline, kandev\u00f5ime: 30kg.\" \/>\n<meta name=\"robots\" content=\"index, follow, max-snippet:-1, max-image-preview:large, max-video-preview:-1\" \/>\n<link rel=\"canonical\" href=\"https:\/\/cascoo.ee\/et\/toode\/castor-hah19c0050p2t2b42a\/\" \/>\n<meta property=\"og:locale\" content=\"et_EE\" \/>\n<meta property=\"og:type\" content=\"article\" \/>\n<meta property=\"og:title\" content=\"Rattakomplekt HAH19C0050P2T2B42A - Cascoo\" \/>\n<meta property=\"og:description\" content=\"50mm, poltkinnitusega rattakomplekt, ratta sisemine osa pol\u00fcprop\u00fcleenist, antistaatiline, turvis termoplastilisest kummist 95\u00b0 Shore A, antistaatiline, kandev\u00f5ime: 30kg.\" \/>\n<meta property=\"og:url\" content=\"https:\/\/cascoo.ee\/et\/toode\/castor-hah19c0050p2t2b42a\/\" \/>\n<meta property=\"og:site_name\" content=\"Cascoo\" \/>\n<meta property=\"article:modified_time\" content=\"2024-06-11T12:20:29+00:00\" \/>\n<meta property=\"og:image\" content=\"https:\/\/cascoo.ee\/wp-content\/uploads\/2023\/07\/HAH12C0075P2T2B42E.jpg\" \/>\n\t<meta property=\"og:image:width\" content=\"800\" \/>\n\t<meta property=\"og:image:height\" content=\"800\" \/>\n\t<meta property=\"og:image:type\" content=\"image\/jpeg\" \/>\n<meta name=\"twitter:card\" content=\"summary_large_image\" \/>\n<meta name=\"twitter:label1\" content=\"Est. reading time\" \/>\n\t<meta name=\"twitter:data1\" content=\"1 minut\" \/>\n<script type=\"application\/ld+json\" class=\"yoast-schema-graph\">{\"@context\":\"https:\\\/\\\/schema.org\",\"@graph\":[{\"@type\":\"WebPage\",\"@id\":\"https:\\\/\\\/cascoo.ee\\\/et\\\/toode\\\/castor-hah19c0050p2t2b42a\\\/\",\"url\":\"https:\\\/\\\/cascoo.ee\\\/et\\\/toode\\\/castor-hah19c0050p2t2b42a\\\/\",\"name\":\"Rattakomplekt HAH19C0050P2T2B42A - Cascoo\",\"isPartOf\":{\"@id\":\"https:\\\/\\\/cascoo.ee\\\/et\\\/#website\"},\"primaryImageOfPage\":{\"@id\":\"https:\\\/\\\/cascoo.ee\\\/et\\\/toode\\\/castor-hah19c0050p2t2b42a\\\/#primaryimage\"},\"image\":{\"@id\":\"https:\\\/\\\/cascoo.ee\\\/et\\\/toode\\\/castor-hah19c0050p2t2b42a\\\/#primaryimage\"},\"thumbnailUrl\":\"https:\\\/\\\/cascoo.ee\\\/wp-content\\\/uploads\\\/2023\\\/07\\\/HAH12C0075P2T2B42E.jpg\",\"datePublished\":\"2023-08-14T09:41:19+00:00\",\"dateModified\":\"2024-06-11T12:20:29+00:00\",\"description\":\"50mm, poltkinnitusega rattakomplekt, ratta sisemine osa pol\u00fcprop\u00fcleenist, antistaatiline, turvis termoplastilisest kummist 95\u00b0 Shore A, antistaatiline, kandev\u00f5ime: 30kg.\",\"breadcrumb\":{\"@id\":\"https:\\\/\\\/cascoo.ee\\\/et\\\/toode\\\/castor-hah19c0050p2t2b42a\\\/#breadcrumb\"},\"inLanguage\":\"et\",\"potentialAction\":[{\"@type\":\"ReadAction\",\"target\":[\"https:\\\/\\\/cascoo.ee\\\/et\\\/toode\\\/castor-hah19c0050p2t2b42a\\\/\"]}]},{\"@type\":\"ImageObject\",\"inLanguage\":\"et\",\"@id\":\"https:\\\/\\\/cascoo.ee\\\/et\\\/toode\\\/castor-hah19c0050p2t2b42a\\\/#primaryimage\",\"url\":\"https:\\\/\\\/cascoo.ee\\\/wp-content\\\/uploads\\\/2023\\\/07\\\/HAH12C0075P2T2B42E.jpg\",\"contentUrl\":\"https:\\\/\\\/cascoo.ee\\\/wp-content\\\/uploads\\\/2023\\\/07\\\/HAH12C0075P2T2B42E.jpg\",\"width\":800,\"height\":800,\"caption\":\"HAH12C0075P2T2B42A\"},{\"@type\":\"BreadcrumbList\",\"@id\":\"https:\\\/\\\/cascoo.ee\\\/et\\\/toode\\\/castor-hah19c0050p2t2b42a\\\/#breadcrumb\",\"itemListElement\":[{\"@type\":\"ListItem\",\"position\":1,\"name\":\"Esileht\",\"item\":\"https:\\\/\\\/cascoo.ee\\\/et\\\/pood\\\/\"},{\"@type\":\"ListItem\",\"position\":2,\"name\":\"T\u00f6\u00f6stuslikud rattad\",\"item\":\"https:\\\/\\\/cascoo.ee\\\/et\\\/pood\\\/\"},{\"@type\":\"ListItem\",\"position\":3,\"name\":\"Rattakomplekt HAH19C0050P2T2B42A\"}]},{\"@type\":\"WebSite\",\"@id\":\"https:\\\/\\\/cascoo.ee\\\/et\\\/#website\",\"url\":\"https:\\\/\\\/cascoo.ee\\\/et\\\/\",\"name\":\"Cascoo\",\"description\":\"Industrial Wheels and castors\",\"publisher\":{\"@id\":\"https:\\\/\\\/cascoo.ee\\\/et\\\/#organization\"},\"potentialAction\":[{\"@type\":\"SearchAction\",\"target\":{\"@type\":\"EntryPoint\",\"urlTemplate\":\"https:\\\/\\\/cascoo.ee\\\/et\\\/?s={search_term_string}\"},\"query-input\":{\"@type\":\"PropertyValueSpecification\",\"valueRequired\":true,\"valueName\":\"search_term_string\"}}],\"inLanguage\":\"et\"},{\"@type\":\"Organization\",\"@id\":\"https:\\\/\\\/cascoo.ee\\\/et\\\/#organization\",\"name\":\"Cascoo\",\"url\":\"https:\\\/\\\/cascoo.ee\\\/et\\\/\",\"logo\":{\"@type\":\"ImageObject\",\"inLanguage\":\"et\",\"@id\":\"https:\\\/\\\/cascoo.ee\\\/et\\\/#\\\/schema\\\/logo\\\/image\\\/\",\"url\":\"https:\\\/\\\/cascoo.ee\\\/wp-content\\\/uploads\\\/2023\\\/07\\\/Cascoo.png\",\"contentUrl\":\"https:\\\/\\\/cascoo.ee\\\/wp-content\\\/uploads\\\/2023\\\/07\\\/Cascoo.png\",\"width\":130,\"height\":51,\"caption\":\"Cascoo\"},\"image\":{\"@id\":\"https:\\\/\\\/cascoo.ee\\\/et\\\/#\\\/schema\\\/logo\\\/image\\\/\"}}]}<\/script>\n<!-- \/ Yoast SEO plugin. -->","yoast_head_json":{"title":"Rattakomplekt HAH19C0050P2T2B42A - Cascoo","description":"50mm, poltkinnitusega rattakomplekt, ratta sisemine osa pol\u00fcprop\u00fcleenist, antistaatiline, turvis termoplastilisest kummist 95\u00b0 Shore A, antistaatiline, kandev\u00f5ime: 30kg.","robots":{"index":"index","follow":"follow","max-snippet":"max-snippet:-1","max-image-preview":"max-image-preview:large","max-video-preview":"max-video-preview:-1"},"canonical":"https:\/\/cascoo.ee\/et\/toode\/castor-hah19c0050p2t2b42a\/","og_locale":"et_EE","og_type":"article","og_title":"Rattakomplekt HAH19C0050P2T2B42A - Cascoo","og_description":"50mm, poltkinnitusega rattakomplekt, ratta sisemine osa pol\u00fcprop\u00fcleenist, antistaatiline, turvis termoplastilisest kummist 95\u00b0 Shore A, antistaatiline, kandev\u00f5ime: 30kg.","og_url":"https:\/\/cascoo.ee\/et\/toode\/castor-hah19c0050p2t2b42a\/","og_site_name":"Cascoo","article_modified_time":"2024-06-11T12:20:29+00:00","og_image":[{"width":800,"height":800,"url":"https:\/\/cascoo.ee\/wp-content\/uploads\/2023\/07\/HAH12C0075P2T2B42E.jpg","type":"image\/jpeg"}],"twitter_card":"summary_large_image","twitter_misc":{"Est. reading time":"1 minut"},"schema":{"@context":"https:\/\/schema.org","@graph":[{"@type":"WebPage","@id":"https:\/\/cascoo.ee\/et\/toode\/castor-hah19c0050p2t2b42a\/","url":"https:\/\/cascoo.ee\/et\/toode\/castor-hah19c0050p2t2b42a\/","name":"Rattakomplekt HAH19C0050P2T2B42A - Cascoo","isPartOf":{"@id":"https:\/\/cascoo.ee\/et\/#website"},"primaryImageOfPage":{"@id":"https:\/\/cascoo.ee\/et\/toode\/castor-hah19c0050p2t2b42a\/#primaryimage"},"image":{"@id":"https:\/\/cascoo.ee\/et\/toode\/castor-hah19c0050p2t2b42a\/#primaryimage"},"thumbnailUrl":"https:\/\/cascoo.ee\/wp-content\/uploads\/2023\/07\/HAH12C0075P2T2B42E.jpg","datePublished":"2023-08-14T09:41:19+00:00","dateModified":"2024-06-11T12:20:29+00:00","description":"50mm, poltkinnitusega rattakomplekt, ratta sisemine osa pol\u00fcprop\u00fcleenist, antistaatiline, turvis termoplastilisest kummist 95\u00b0 Shore A, antistaatiline, kandev\u00f5ime: 30kg.","breadcrumb":{"@id":"https:\/\/cascoo.ee\/et\/toode\/castor-hah19c0050p2t2b42a\/#breadcrumb"},"inLanguage":"et","potentialAction":[{"@type":"ReadAction","target":["https:\/\/cascoo.ee\/et\/toode\/castor-hah19c0050p2t2b42a\/"]}]},{"@type":"ImageObject","inLanguage":"et","@id":"https:\/\/cascoo.ee\/et\/toode\/castor-hah19c0050p2t2b42a\/#primaryimage","url":"https:\/\/cascoo.ee\/wp-content\/uploads\/2023\/07\/HAH12C0075P2T2B42E.jpg","contentUrl":"https:\/\/cascoo.ee\/wp-content\/uploads\/2023\/07\/HAH12C0075P2T2B42E.jpg","width":800,"height":800,"caption":"HAH12C0075P2T2B42A"},{"@type":"BreadcrumbList","@id":"https:\/\/cascoo.ee\/et\/toode\/castor-hah19c0050p2t2b42a\/#breadcrumb","itemListElement":[{"@type":"ListItem","position":1,"name":"Esileht","item":"https:\/\/cascoo.ee\/et\/pood\/"},{"@type":"ListItem","position":2,"name":"T\u00f6\u00f6stuslikud rattad","item":"https:\/\/cascoo.ee\/et\/pood\/"},{"@type":"ListItem","position":3,"name":"Rattakomplekt HAH19C0050P2T2B42A"}]},{"@type":"WebSite","@id":"https:\/\/cascoo.ee\/et\/#website","url":"https:\/\/cascoo.ee\/et\/","name":"Cascoo","description":"Industrial Wheels and castors","publisher":{"@id":"https:\/\/cascoo.ee\/et\/#organization"},"potentialAction":[{"@type":"SearchAction","target":{"@type":"EntryPoint","urlTemplate":"https:\/\/cascoo.ee\/et\/?s={search_term_string}"},"query-input":{"@type":"PropertyValueSpecification","valueRequired":true,"valueName":"search_term_string"}}],"inLanguage":"et"},{"@type":"Organization","@id":"https:\/\/cascoo.ee\/et\/#organization","name":"Cascoo","url":"https:\/\/cascoo.ee\/et\/","logo":{"@type":"ImageObject","inLanguage":"et","@id":"https:\/\/cascoo.ee\/et\/#\/schema\/logo\/image\/","url":"https:\/\/cascoo.ee\/wp-content\/uploads\/2023\/07\/Cascoo.png","contentUrl":"https:\/\/cascoo.ee\/wp-content\/uploads\/2023\/07\/Cascoo.png","width":130,"height":51,"caption":"Cascoo"},"image":{"@id":"https:\/\/cascoo.ee\/et\/#\/schema\/logo\/image\/"}}]}},"jetpack-related-posts":[{"id":15579,"url":"https:\/\/cascoo.ee\/et\/toode\/castor-fapbcc0050p2t2p0na\/","url_meta":{"origin":15548,"position":0},"title":"Rattakomplekt FAPBCC0050P2T2P0NA","author":"admin","date":"14. aug. 2023","format":false,"excerpt":"","rel":"","context":"Similar post","block_context":{"text":"Similar post","link":""},"img":{"alt_text":"FAPBCC0050P2T2P0NA","src":"https:\/\/i0.wp.com\/cascoo.ee\/wp-content\/uploads\/2023\/08\/FAPBCC0050P2T2P0NA.jpg?resize=350%2C200&ssl=1","width":350,"height":200,"srcset":"https:\/\/i0.wp.com\/cascoo.ee\/wp-content\/uploads\/2023\/08\/FAPBCC0050P2T2P0NA.jpg?resize=350%2C200&ssl=1 1x, https:\/\/i0.wp.com\/cascoo.ee\/wp-content\/uploads\/2023\/08\/FAPBCC0050P2T2P0NA.jpg?resize=525%2C300&ssl=1 1.5x, https:\/\/i0.wp.com\/cascoo.ee\/wp-content\/uploads\/2023\/08\/FAPBCC0050P2T2P0NA.jpg?resize=700%2C400&ssl=1 2x, https:\/\/i0.wp.com\/cascoo.ee\/wp-content\/uploads\/2023\/08\/FAPBCC0050P2T2P0NA.jpg?resize=1050%2C600&ssl=1 3x"},"classes":[]},{"id":15386,"url":"https:\/\/cascoo.ee\/et\/toode\/castor-fbp32wc125p4s4r0na\/","url_meta":{"origin":15548,"position":1},"title":"Rattakomplekt FBP32WC125P4S4R0NA","author":"admin","date":"14. aug. 2023","format":false,"excerpt":"","rel":"","context":"Similar post","block_context":{"text":"Similar post","link":""},"img":{"alt_text":"FBP22WC080P4S4R0NA","src":"https:\/\/i0.wp.com\/cascoo.ee\/wp-content\/uploads\/2023\/08\/FBP22WC080P4S4R0NA.jpg?resize=350%2C200&ssl=1","width":350,"height":200,"srcset":"https:\/\/i0.wp.com\/cascoo.ee\/wp-content\/uploads\/2023\/08\/FBP22WC080P4S4R0NA.jpg?resize=350%2C200&ssl=1 1x, https:\/\/i0.wp.com\/cascoo.ee\/wp-content\/uploads\/2023\/08\/FBP22WC080P4S4R0NA.jpg?resize=525%2C300&ssl=1 1.5x, https:\/\/i0.wp.com\/cascoo.ee\/wp-content\/uploads\/2023\/08\/FBP22WC080P4S4R0NA.jpg?resize=700%2C400&ssl=1 2x, https:\/\/i0.wp.com\/cascoo.ee\/wp-content\/uploads\/2023\/08\/FBP22WC080P4S4R0NA.jpg?resize=1050%2C600&ssl=1 3x"},"classes":[]},{"id":15388,"url":"https:\/\/cascoo.ee\/et\/toode\/castor-fbp22wc100p4s4r0na\/","url_meta":{"origin":15548,"position":2},"title":"Rattakomplekt FBP22WC100P4S4R0NA","author":"admin","date":"14. aug. 2023","format":false,"excerpt":"","rel":"","context":"Similar post","block_context":{"text":"Similar post","link":""},"img":{"alt_text":"FBP22WC080P4S4R0NA","src":"https:\/\/i0.wp.com\/cascoo.ee\/wp-content\/uploads\/2023\/08\/FBP22WC080P4S4R0NA.jpg?resize=350%2C200&ssl=1","width":350,"height":200,"srcset":"https:\/\/i0.wp.com\/cascoo.ee\/wp-content\/uploads\/2023\/08\/FBP22WC080P4S4R0NA.jpg?resize=350%2C200&ssl=1 1x, https:\/\/i0.wp.com\/cascoo.ee\/wp-content\/uploads\/2023\/08\/FBP22WC080P4S4R0NA.jpg?resize=525%2C300&ssl=1 1.5x, https:\/\/i0.wp.com\/cascoo.ee\/wp-content\/uploads\/2023\/08\/FBP22WC080P4S4R0NA.jpg?resize=700%2C400&ssl=1 2x, https:\/\/i0.wp.com\/cascoo.ee\/wp-content\/uploads\/2023\/08\/FBP22WC080P4S4R0NA.jpg?resize=1050%2C600&ssl=1 3x"},"classes":[]},{"id":15389,"url":"https:\/\/cascoo.ee\/et\/toode\/castor-fpp55wc200p4s4r0na\/","url_meta":{"origin":15548,"position":3},"title":"Rattakomplekt FPP55WC200P4S4R0NA","author":"admin","date":"14. aug. 2023","format":false,"excerpt":"","rel":"","context":"Similar post","block_context":{"text":"Similar post","link":""},"img":{"alt_text":"FBP22WC080P4S4R0NA","src":"https:\/\/i0.wp.com\/cascoo.ee\/wp-content\/uploads\/2023\/08\/FBP22WC080P4S4R0NA.jpg?resize=350%2C200&ssl=1","width":350,"height":200,"srcset":"https:\/\/i0.wp.com\/cascoo.ee\/wp-content\/uploads\/2023\/08\/FBP22WC080P4S4R0NA.jpg?resize=350%2C200&ssl=1 1x, https:\/\/i0.wp.com\/cascoo.ee\/wp-content\/uploads\/2023\/08\/FBP22WC080P4S4R0NA.jpg?resize=525%2C300&ssl=1 1.5x, https:\/\/i0.wp.com\/cascoo.ee\/wp-content\/uploads\/2023\/08\/FBP22WC080P4S4R0NA.jpg?resize=700%2C400&ssl=1 2x, https:\/\/i0.wp.com\/cascoo.ee\/wp-content\/uploads\/2023\/08\/FBP22WC080P4S4R0NA.jpg?resize=1050%2C600&ssl=1 3x"},"classes":[]},{"id":15394,"url":"https:\/\/cascoo.ee\/et\/toode\/castor-fpp55wc160p4s4r0na\/","url_meta":{"origin":15548,"position":4},"title":"Rattakomplekt FPP55WC160P4S4R0NA","author":"admin","date":"14. aug. 2023","format":false,"excerpt":"","rel":"","context":"Similar post","block_context":{"text":"Similar post","link":""},"img":{"alt_text":"FBP22WC080P4S4R0NA","src":"https:\/\/i0.wp.com\/cascoo.ee\/wp-content\/uploads\/2023\/08\/FBP22WC080P4S4R0NA.jpg?resize=350%2C200&ssl=1","width":350,"height":200,"srcset":"https:\/\/i0.wp.com\/cascoo.ee\/wp-content\/uploads\/2023\/08\/FBP22WC080P4S4R0NA.jpg?resize=350%2C200&ssl=1 1x, https:\/\/i0.wp.com\/cascoo.ee\/wp-content\/uploads\/2023\/08\/FBP22WC080P4S4R0NA.jpg?resize=525%2C300&ssl=1 1.5x, https:\/\/i0.wp.com\/cascoo.ee\/wp-content\/uploads\/2023\/08\/FBP22WC080P4S4R0NA.jpg?resize=700%2C400&ssl=1 2x, https:\/\/i0.wp.com\/cascoo.ee\/wp-content\/uploads\/2023\/08\/FBP22WC080P4S4R0NA.jpg?resize=1050%2C600&ssl=1 3x"},"classes":[]},{"id":15401,"url":"https:\/\/cascoo.ee\/et\/toode\/castor-fbp22wc080p4s4r0na\/","url_meta":{"origin":15548,"position":5},"title":"Rattakomplekt FBP22WC080P4S4R0NA","author":"admin","date":"14. aug. 2023","format":false,"excerpt":"","rel":"","context":"Similar post","block_context":{"text":"Similar post","link":""},"img":{"alt_text":"FBP22WC080P4S4R0NA","src":"https:\/\/i0.wp.com\/cascoo.ee\/wp-content\/uploads\/2023\/08\/FBP22WC080P4S4R0NA.jpg?resize=350%2C200&ssl=1","width":350,"height":200,"srcset":"https:\/\/i0.wp.com\/cascoo.ee\/wp-content\/uploads\/2023\/08\/FBP22WC080P4S4R0NA.jpg?resize=350%2C200&ssl=1 1x, https:\/\/i0.wp.com\/cascoo.ee\/wp-content\/uploads\/2023\/08\/FBP22WC080P4S4R0NA.jpg?resize=525%2C300&ssl=1 1.5x, https:\/\/i0.wp.com\/cascoo.ee\/wp-content\/uploads\/2023\/08\/FBP22WC080P4S4R0NA.jpg?resize=700%2C400&ssl=1 2x, https:\/\/i0.wp.com\/cascoo.ee\/wp-content\/uploads\/2023\/08\/FBP22WC080P4S4R0NA.jpg?resize=1050%2C600&ssl=1 3x"},"classes":[]}],"jetpack_sharing_enabled":true,"_links":{"self":[{"href":"https:\/\/cascoo.ee\/et\/wp-json\/wp\/v2\/product\/15548","targetHints":{"allow":["GET"]}}],"collection":[{"href":"https:\/\/cascoo.ee\/et\/wp-json\/wp\/v2\/product"}],"about":[{"href":"https:\/\/cascoo.ee\/et\/wp-json\/wp\/v2\/types\/product"}],"wp:featuredmedia":[{"embeddable":true,"href":"https:\/\/cascoo.ee\/et\/wp-json\/wp\/v2\/media\/8286"}],"wp:attachment":[{"href":"https:\/\/cascoo.ee\/et\/wp-json\/wp\/v2\/media?parent=15548"}],"wp:term":[{"taxonomy":"product_brand","embeddable":true,"href":"https:\/\/cascoo.ee\/et\/wp-json\/wp\/v2\/product_brand?post=15548"},{"taxonomy":"product_cat","embeddable":true,"href":"https:\/\/cascoo.ee\/et\/wp-json\/wp\/v2\/product_cat?post=15548"},{"taxonomy":"product_tag","embeddable":true,"href":"https:\/\/cascoo.ee\/et\/wp-json\/wp\/v2\/product_tag?post=15548"}],"curies":[{"name":"wp","href":"https:\/\/api.w.org\/{rel}","templated":true}]}}