{"id":15497,"date":"2023-08-14T09:42:02","date_gmt":"2023-08-14T09:42:02","guid":{"rendered":"https:\/\/cascoo.ee\/product\/castor-bah15c0100p2t2p0ne\/"},"modified":"2024-06-11T12:08:03","modified_gmt":"2024-06-11T12:08:03","slug":"castor-bah15c0100p2t2p0ne","status":"publish","type":"product","link":"https:\/\/cascoo.ee\/et\/toode\/castor-bah15c0100p2t2p0ne\/","title":{"rendered":"Rattakomplekt BAH15C0100P2T2P0NE"},"content":{"rendered":"<p>Tsingitud terasplekist kahvel koos kuullaagriga, kinnitus poltidega, auk \u00f811mm, kahvel materjali paksusega 2,50mm (kinnitus) ja 2,50mm (kahvel), ratta sisemine osa pol\u00fcprop\u00fcleenist, ESD ja turvis termoplastilisest kummist 95\u00b0 Shore A, ESD, ratta keskkoha laius 36mm, liugelaager.<\/p>\n","protected":false},"excerpt":{"rendered":"[product_table id=\"1417\" skus=\"BAH15C0100P2T2P0NE\"]\n","protected":false},"featured_media":10372,"template":"","meta":{"_acf_changed":false},"product_brand":[],"product_cat":[5089,6152,5248,6187],"product_tag":[],"class_list":{"0":"post-15497","1":"product","2":"type-product","3":"status-publish","4":"has-post-thumbnail","6":"product_cat-hargiga-rattad","7":"product_cat-kandevoime-70kg","8":"product_cat-ratta-diameeter-100mm","9":"product_cat-seeria-p2t2-esd","10":"pa_castor-fastening-poltkinnitusega","11":"pa_material-of-the-wheel-polupropuleen","12":"pa_tread-turvis-termoplastiline-kumm","14":"first","15":"onbackorder","16":"taxable","17":"shipping-taxable","18":"purchasable","19":"product-type-simple"},"acf":[],"ct_brands":[],"yoast_head":"<!-- This site is optimized with the Yoast SEO plugin v27.4 - https:\/\/yoast.com\/product\/yoast-seo-wordpress\/ -->\n<title>Rattakomplekt BAH15C0100P2T2P0NE - Cascoo<\/title>\n<meta name=\"description\" content=\"100mm, poltkinnitusega rattakomplekt, piduriga, ratta sisemine osa pol\u00fcprop\u00fcleenist, ESD, turvis termoplastilisest kummist 95\u00b0 Shore A, ESD, kandev\u00f5ime: 70kg.\" \/>\n<meta name=\"robots\" content=\"index, follow, max-snippet:-1, max-image-preview:large, max-video-preview:-1\" \/>\n<link rel=\"canonical\" href=\"https:\/\/cascoo.ee\/et\/toode\/castor-bah15c0100p2t2p0ne\/\" \/>\n<meta property=\"og:locale\" content=\"et_EE\" \/>\n<meta property=\"og:type\" content=\"article\" \/>\n<meta property=\"og:title\" content=\"Rattakomplekt BAH15C0100P2T2P0NE - Cascoo\" \/>\n<meta property=\"og:description\" content=\"100mm, poltkinnitusega rattakomplekt, piduriga, ratta sisemine osa pol\u00fcprop\u00fcleenist, ESD, turvis termoplastilisest kummist 95\u00b0 Shore A, ESD, kandev\u00f5ime: 70kg.\" \/>\n<meta property=\"og:url\" content=\"https:\/\/cascoo.ee\/et\/toode\/castor-bah15c0100p2t2p0ne\/\" \/>\n<meta property=\"og:site_name\" content=\"Cascoo\" \/>\n<meta property=\"article:modified_time\" content=\"2024-06-11T12:08:03+00:00\" \/>\n<meta property=\"og:image\" content=\"https:\/\/cascoo.ee\/wp-content\/uploads\/2023\/08\/BAH15C0100P2T2P0N.jpg\" \/>\n\t<meta property=\"og:image:width\" content=\"800\" \/>\n\t<meta property=\"og:image:height\" content=\"800\" \/>\n\t<meta property=\"og:image:type\" content=\"image\/jpeg\" \/>\n<meta name=\"twitter:card\" content=\"summary_large_image\" \/>\n<meta name=\"twitter:label1\" content=\"Est. reading time\" \/>\n\t<meta name=\"twitter:data1\" content=\"1 minut\" \/>\n<script type=\"application\/ld+json\" class=\"yoast-schema-graph\">{\"@context\":\"https:\\\/\\\/schema.org\",\"@graph\":[{\"@type\":\"WebPage\",\"@id\":\"https:\\\/\\\/cascoo.ee\\\/et\\\/toode\\\/castor-bah15c0100p2t2p0ne\\\/\",\"url\":\"https:\\\/\\\/cascoo.ee\\\/et\\\/toode\\\/castor-bah15c0100p2t2p0ne\\\/\",\"name\":\"Rattakomplekt BAH15C0100P2T2P0NE - Cascoo\",\"isPartOf\":{\"@id\":\"https:\\\/\\\/cascoo.ee\\\/et\\\/#website\"},\"primaryImageOfPage\":{\"@id\":\"https:\\\/\\\/cascoo.ee\\\/et\\\/toode\\\/castor-bah15c0100p2t2p0ne\\\/#primaryimage\"},\"image\":{\"@id\":\"https:\\\/\\\/cascoo.ee\\\/et\\\/toode\\\/castor-bah15c0100p2t2p0ne\\\/#primaryimage\"},\"thumbnailUrl\":\"https:\\\/\\\/cascoo.ee\\\/wp-content\\\/uploads\\\/2023\\\/08\\\/BAH15C0100P2T2P0N.jpg\",\"datePublished\":\"2023-08-14T09:42:02+00:00\",\"dateModified\":\"2024-06-11T12:08:03+00:00\",\"description\":\"100mm, poltkinnitusega rattakomplekt, piduriga, ratta sisemine osa pol\u00fcprop\u00fcleenist, ESD, turvis termoplastilisest kummist 95\u00b0 Shore A, ESD, kandev\u00f5ime: 70kg.\",\"breadcrumb\":{\"@id\":\"https:\\\/\\\/cascoo.ee\\\/et\\\/toode\\\/castor-bah15c0100p2t2p0ne\\\/#breadcrumb\"},\"inLanguage\":\"et\",\"potentialAction\":[{\"@type\":\"ReadAction\",\"target\":[\"https:\\\/\\\/cascoo.ee\\\/et\\\/toode\\\/castor-bah15c0100p2t2p0ne\\\/\"]}]},{\"@type\":\"ImageObject\",\"inLanguage\":\"et\",\"@id\":\"https:\\\/\\\/cascoo.ee\\\/et\\\/toode\\\/castor-bah15c0100p2t2p0ne\\\/#primaryimage\",\"url\":\"https:\\\/\\\/cascoo.ee\\\/wp-content\\\/uploads\\\/2023\\\/08\\\/BAH15C0100P2T2P0N.jpg\",\"contentUrl\":\"https:\\\/\\\/cascoo.ee\\\/wp-content\\\/uploads\\\/2023\\\/08\\\/BAH15C0100P2T2P0N.jpg\",\"width\":800,\"height\":800,\"caption\":\"BAH15C0100P2T2P0NE\"},{\"@type\":\"BreadcrumbList\",\"@id\":\"https:\\\/\\\/cascoo.ee\\\/et\\\/toode\\\/castor-bah15c0100p2t2p0ne\\\/#breadcrumb\",\"itemListElement\":[{\"@type\":\"ListItem\",\"position\":1,\"name\":\"Esileht\",\"item\":\"https:\\\/\\\/cascoo.ee\\\/et\\\/pood\\\/\"},{\"@type\":\"ListItem\",\"position\":2,\"name\":\"T\u00f6\u00f6stuslikud rattad\",\"item\":\"https:\\\/\\\/cascoo.ee\\\/et\\\/pood\\\/\"},{\"@type\":\"ListItem\",\"position\":3,\"name\":\"Rattakomplekt BAH15C0100P2T2P0NE\"}]},{\"@type\":\"WebSite\",\"@id\":\"https:\\\/\\\/cascoo.ee\\\/et\\\/#website\",\"url\":\"https:\\\/\\\/cascoo.ee\\\/et\\\/\",\"name\":\"Cascoo\",\"description\":\"Industrial Wheels and castors\",\"publisher\":{\"@id\":\"https:\\\/\\\/cascoo.ee\\\/et\\\/#organization\"},\"potentialAction\":[{\"@type\":\"SearchAction\",\"target\":{\"@type\":\"EntryPoint\",\"urlTemplate\":\"https:\\\/\\\/cascoo.ee\\\/et\\\/?s={search_term_string}\"},\"query-input\":{\"@type\":\"PropertyValueSpecification\",\"valueRequired\":true,\"valueName\":\"search_term_string\"}}],\"inLanguage\":\"et\"},{\"@type\":\"Organization\",\"@id\":\"https:\\\/\\\/cascoo.ee\\\/et\\\/#organization\",\"name\":\"Cascoo\",\"url\":\"https:\\\/\\\/cascoo.ee\\\/et\\\/\",\"logo\":{\"@type\":\"ImageObject\",\"inLanguage\":\"et\",\"@id\":\"https:\\\/\\\/cascoo.ee\\\/et\\\/#\\\/schema\\\/logo\\\/image\\\/\",\"url\":\"https:\\\/\\\/cascoo.ee\\\/wp-content\\\/uploads\\\/2023\\\/07\\\/Cascoo.png\",\"contentUrl\":\"https:\\\/\\\/cascoo.ee\\\/wp-content\\\/uploads\\\/2023\\\/07\\\/Cascoo.png\",\"width\":130,\"height\":51,\"caption\":\"Cascoo\"},\"image\":{\"@id\":\"https:\\\/\\\/cascoo.ee\\\/et\\\/#\\\/schema\\\/logo\\\/image\\\/\"}}]}<\/script>\n<!-- \/ Yoast SEO plugin. -->","yoast_head_json":{"title":"Rattakomplekt BAH15C0100P2T2P0NE - Cascoo","description":"100mm, poltkinnitusega rattakomplekt, piduriga, ratta sisemine osa pol\u00fcprop\u00fcleenist, ESD, turvis termoplastilisest kummist 95\u00b0 Shore A, ESD, kandev\u00f5ime: 70kg.","robots":{"index":"index","follow":"follow","max-snippet":"max-snippet:-1","max-image-preview":"max-image-preview:large","max-video-preview":"max-video-preview:-1"},"canonical":"https:\/\/cascoo.ee\/et\/toode\/castor-bah15c0100p2t2p0ne\/","og_locale":"et_EE","og_type":"article","og_title":"Rattakomplekt BAH15C0100P2T2P0NE - Cascoo","og_description":"100mm, poltkinnitusega rattakomplekt, piduriga, ratta sisemine osa pol\u00fcprop\u00fcleenist, ESD, turvis termoplastilisest kummist 95\u00b0 Shore A, ESD, kandev\u00f5ime: 70kg.","og_url":"https:\/\/cascoo.ee\/et\/toode\/castor-bah15c0100p2t2p0ne\/","og_site_name":"Cascoo","article_modified_time":"2024-06-11T12:08:03+00:00","og_image":[{"width":800,"height":800,"url":"https:\/\/cascoo.ee\/wp-content\/uploads\/2023\/08\/BAH15C0100P2T2P0N.jpg","type":"image\/jpeg"}],"twitter_card":"summary_large_image","twitter_misc":{"Est. reading time":"1 minut"},"schema":{"@context":"https:\/\/schema.org","@graph":[{"@type":"WebPage","@id":"https:\/\/cascoo.ee\/et\/toode\/castor-bah15c0100p2t2p0ne\/","url":"https:\/\/cascoo.ee\/et\/toode\/castor-bah15c0100p2t2p0ne\/","name":"Rattakomplekt BAH15C0100P2T2P0NE - Cascoo","isPartOf":{"@id":"https:\/\/cascoo.ee\/et\/#website"},"primaryImageOfPage":{"@id":"https:\/\/cascoo.ee\/et\/toode\/castor-bah15c0100p2t2p0ne\/#primaryimage"},"image":{"@id":"https:\/\/cascoo.ee\/et\/toode\/castor-bah15c0100p2t2p0ne\/#primaryimage"},"thumbnailUrl":"https:\/\/cascoo.ee\/wp-content\/uploads\/2023\/08\/BAH15C0100P2T2P0N.jpg","datePublished":"2023-08-14T09:42:02+00:00","dateModified":"2024-06-11T12:08:03+00:00","description":"100mm, poltkinnitusega rattakomplekt, piduriga, ratta sisemine osa pol\u00fcprop\u00fcleenist, ESD, turvis termoplastilisest kummist 95\u00b0 Shore A, ESD, kandev\u00f5ime: 70kg.","breadcrumb":{"@id":"https:\/\/cascoo.ee\/et\/toode\/castor-bah15c0100p2t2p0ne\/#breadcrumb"},"inLanguage":"et","potentialAction":[{"@type":"ReadAction","target":["https:\/\/cascoo.ee\/et\/toode\/castor-bah15c0100p2t2p0ne\/"]}]},{"@type":"ImageObject","inLanguage":"et","@id":"https:\/\/cascoo.ee\/et\/toode\/castor-bah15c0100p2t2p0ne\/#primaryimage","url":"https:\/\/cascoo.ee\/wp-content\/uploads\/2023\/08\/BAH15C0100P2T2P0N.jpg","contentUrl":"https:\/\/cascoo.ee\/wp-content\/uploads\/2023\/08\/BAH15C0100P2T2P0N.jpg","width":800,"height":800,"caption":"BAH15C0100P2T2P0NE"},{"@type":"BreadcrumbList","@id":"https:\/\/cascoo.ee\/et\/toode\/castor-bah15c0100p2t2p0ne\/#breadcrumb","itemListElement":[{"@type":"ListItem","position":1,"name":"Esileht","item":"https:\/\/cascoo.ee\/et\/pood\/"},{"@type":"ListItem","position":2,"name":"T\u00f6\u00f6stuslikud rattad","item":"https:\/\/cascoo.ee\/et\/pood\/"},{"@type":"ListItem","position":3,"name":"Rattakomplekt BAH15C0100P2T2P0NE"}]},{"@type":"WebSite","@id":"https:\/\/cascoo.ee\/et\/#website","url":"https:\/\/cascoo.ee\/et\/","name":"Cascoo","description":"Industrial Wheels and castors","publisher":{"@id":"https:\/\/cascoo.ee\/et\/#organization"},"potentialAction":[{"@type":"SearchAction","target":{"@type":"EntryPoint","urlTemplate":"https:\/\/cascoo.ee\/et\/?s={search_term_string}"},"query-input":{"@type":"PropertyValueSpecification","valueRequired":true,"valueName":"search_term_string"}}],"inLanguage":"et"},{"@type":"Organization","@id":"https:\/\/cascoo.ee\/et\/#organization","name":"Cascoo","url":"https:\/\/cascoo.ee\/et\/","logo":{"@type":"ImageObject","inLanguage":"et","@id":"https:\/\/cascoo.ee\/et\/#\/schema\/logo\/image\/","url":"https:\/\/cascoo.ee\/wp-content\/uploads\/2023\/07\/Cascoo.png","contentUrl":"https:\/\/cascoo.ee\/wp-content\/uploads\/2023\/07\/Cascoo.png","width":130,"height":51,"caption":"Cascoo"},"image":{"@id":"https:\/\/cascoo.ee\/et\/#\/schema\/logo\/image\/"}}]}},"jetpack-related-posts":[{"id":15511,"url":"https:\/\/cascoo.ee\/et\/toode\/castor-hah15c0125p2t2p0ne\/","url_meta":{"origin":15497,"position":0},"title":"Rattakomplekt HAH15C0125P2T2P0NE","author":"admin","date":"14. aug. 2023","format":false,"excerpt":"","rel":"","context":"Similar post","block_context":{"text":"Similar post","link":""},"img":{"alt_text":"","src":"https:\/\/i0.wp.com\/cascoo.ee\/wp-content\/uploads\/2023\/08\/HAH15C0125P2T2P0NE.jpg?resize=350%2C200&ssl=1","width":350,"height":200,"srcset":"https:\/\/i0.wp.com\/cascoo.ee\/wp-content\/uploads\/2023\/08\/HAH15C0125P2T2P0NE.jpg?resize=350%2C200&ssl=1 1x, https:\/\/i0.wp.com\/cascoo.ee\/wp-content\/uploads\/2023\/08\/HAH15C0125P2T2P0NE.jpg?resize=525%2C300&ssl=1 1.5x, https:\/\/i0.wp.com\/cascoo.ee\/wp-content\/uploads\/2023\/08\/HAH15C0125P2T2P0NE.jpg?resize=700%2C400&ssl=1 2x, https:\/\/i0.wp.com\/cascoo.ee\/wp-content\/uploads\/2023\/08\/HAH15C0125P2T2P0NE.jpg?resize=1050%2C600&ssl=1 3x"},"classes":[]},{"id":15492,"url":"https:\/\/cascoo.ee\/et\/toode\/castor-bah15c0125p2t2p0ne\/","url_meta":{"origin":15497,"position":1},"title":"Rattakomplekt BAH15C0125P2T2P0NE","author":"admin","date":"14. aug. 2023","format":false,"excerpt":"","rel":"","context":"Similar post","block_context":{"text":"Similar post","link":""},"img":{"alt_text":"BAH15C0125P2T2P0NE","src":"https:\/\/i0.wp.com\/cascoo.ee\/wp-content\/uploads\/2023\/08\/BAH15C0125P2T2P0NE.jpg?resize=350%2C200&ssl=1","width":350,"height":200,"srcset":"https:\/\/i0.wp.com\/cascoo.ee\/wp-content\/uploads\/2023\/08\/BAH15C0125P2T2P0NE.jpg?resize=350%2C200&ssl=1 1x, https:\/\/i0.wp.com\/cascoo.ee\/wp-content\/uploads\/2023\/08\/BAH15C0125P2T2P0NE.jpg?resize=525%2C300&ssl=1 1.5x, https:\/\/i0.wp.com\/cascoo.ee\/wp-content\/uploads\/2023\/08\/BAH15C0125P2T2P0NE.jpg?resize=700%2C400&ssl=1 2x, https:\/\/i0.wp.com\/cascoo.ee\/wp-content\/uploads\/2023\/08\/BAH15C0125P2T2P0NE.jpg?resize=1050%2C600&ssl=1 3x"},"classes":[]},{"id":15391,"url":"https:\/\/cascoo.ee\/et\/toode\/castor-fpp55wc200p4s4r0ne\/","url_meta":{"origin":15497,"position":2},"title":"Rattakomplekt FPP55WC200P4S4R0NE","author":"admin","date":"14. aug. 2023","format":false,"excerpt":"","rel":"","context":"Similar post","block_context":{"text":"Similar post","link":""},"img":{"alt_text":"FBP22WC080P4S4R0NA","src":"https:\/\/i0.wp.com\/cascoo.ee\/wp-content\/uploads\/2023\/08\/FBP22WC080P4S4R0NA.jpg?resize=350%2C200&ssl=1","width":350,"height":200,"srcset":"https:\/\/i0.wp.com\/cascoo.ee\/wp-content\/uploads\/2023\/08\/FBP22WC080P4S4R0NA.jpg?resize=350%2C200&ssl=1 1x, https:\/\/i0.wp.com\/cascoo.ee\/wp-content\/uploads\/2023\/08\/FBP22WC080P4S4R0NA.jpg?resize=525%2C300&ssl=1 1.5x, https:\/\/i0.wp.com\/cascoo.ee\/wp-content\/uploads\/2023\/08\/FBP22WC080P4S4R0NA.jpg?resize=700%2C400&ssl=1 2x, https:\/\/i0.wp.com\/cascoo.ee\/wp-content\/uploads\/2023\/08\/FBP22WC080P4S4R0NA.jpg?resize=1050%2C600&ssl=1 3x"},"classes":[]},{"id":15398,"url":"https:\/\/cascoo.ee\/et\/toode\/castor-fpp55wc160p4s4r0ne\/","url_meta":{"origin":15497,"position":3},"title":"Rattakomplekt FPP55WC160P4S4R0NE","author":"admin","date":"14. aug. 2023","format":false,"excerpt":"","rel":"","context":"Similar post","block_context":{"text":"Similar post","link":""},"img":{"alt_text":"FBP22WC080P4S4R0NA","src":"https:\/\/i0.wp.com\/cascoo.ee\/wp-content\/uploads\/2023\/08\/FPP55WC200P4S4R0NE.jpg?resize=350%2C200&ssl=1","width":350,"height":200,"srcset":"https:\/\/i0.wp.com\/cascoo.ee\/wp-content\/uploads\/2023\/08\/FPP55WC200P4S4R0NE.jpg?resize=350%2C200&ssl=1 1x, https:\/\/i0.wp.com\/cascoo.ee\/wp-content\/uploads\/2023\/08\/FPP55WC200P4S4R0NE.jpg?resize=525%2C300&ssl=1 1.5x"},"classes":[]},{"id":15513,"url":"https:\/\/cascoo.ee\/et\/toode\/castor-fape5c0125p2t2p0ne\/","url_meta":{"origin":15497,"position":4},"title":"Rattakomplekt FAPE5C0125P2T2P0NE","author":"admin","date":"14. aug. 2023","format":false,"excerpt":"","rel":"","context":"Similar post","block_context":{"text":"Similar post","link":""},"img":{"alt_text":"","src":"https:\/\/i0.wp.com\/cascoo.ee\/wp-content\/uploads\/2023\/08\/FAPE5C0125P2T2P0NE.jpg?resize=350%2C200&ssl=1","width":350,"height":200,"srcset":"https:\/\/i0.wp.com\/cascoo.ee\/wp-content\/uploads\/2023\/08\/FAPE5C0125P2T2P0NE.jpg?resize=350%2C200&ssl=1 1x, https:\/\/i0.wp.com\/cascoo.ee\/wp-content\/uploads\/2023\/08\/FAPE5C0125P2T2P0NE.jpg?resize=525%2C300&ssl=1 1.5x, https:\/\/i0.wp.com\/cascoo.ee\/wp-content\/uploads\/2023\/08\/FAPE5C0125P2T2P0NE.jpg?resize=700%2C400&ssl=1 2x, https:\/\/i0.wp.com\/cascoo.ee\/wp-content\/uploads\/2023\/08\/FAPE5C0125P2T2P0NE.jpg?resize=1050%2C600&ssl=1 3x"},"classes":[]},{"id":15382,"url":"https:\/\/cascoo.ee\/et\/toode\/castor-hbh85wc125p4s4r0ne\/","url_meta":{"origin":15497,"position":5},"title":"Rattakomplekt HBH85WC125P4S4R0NE","author":"admin","date":"14. aug. 2023","format":false,"excerpt":"","rel":"","context":"Similar post","block_context":{"text":"Similar post","link":""},"img":{"alt_text":"HBH85WC125P4S4R0NE\n","src":"https:\/\/i0.wp.com\/cascoo.ee\/wp-content\/uploads\/2023\/08\/HPH98WC200P4S4R0NE-1.jpg?resize=350%2C200&ssl=1","width":350,"height":200,"srcset":"https:\/\/i0.wp.com\/cascoo.ee\/wp-content\/uploads\/2023\/08\/HPH98WC200P4S4R0NE-1.jpg?resize=350%2C200&ssl=1 1x, https:\/\/i0.wp.com\/cascoo.ee\/wp-content\/uploads\/2023\/08\/HPH98WC200P4S4R0NE-1.jpg?resize=525%2C300&ssl=1 1.5x"},"classes":[]}],"jetpack_sharing_enabled":true,"_links":{"self":[{"href":"https:\/\/cascoo.ee\/et\/wp-json\/wp\/v2\/product\/15497","targetHints":{"allow":["GET"]}}],"collection":[{"href":"https:\/\/cascoo.ee\/et\/wp-json\/wp\/v2\/product"}],"about":[{"href":"https:\/\/cascoo.ee\/et\/wp-json\/wp\/v2\/types\/product"}],"wp:featuredmedia":[{"embeddable":true,"href":"https:\/\/cascoo.ee\/et\/wp-json\/wp\/v2\/media\/10372"}],"wp:attachment":[{"href":"https:\/\/cascoo.ee\/et\/wp-json\/wp\/v2\/media?parent=15497"}],"wp:term":[{"taxonomy":"product_brand","embeddable":true,"href":"https:\/\/cascoo.ee\/et\/wp-json\/wp\/v2\/product_brand?post=15497"},{"taxonomy":"product_cat","embeddable":true,"href":"https:\/\/cascoo.ee\/et\/wp-json\/wp\/v2\/product_cat?post=15497"},{"taxonomy":"product_tag","embeddable":true,"href":"https:\/\/cascoo.ee\/et\/wp-json\/wp\/v2\/product_tag?post=15497"}],"curies":[{"name":"wp","href":"https:\/\/api.w.org\/{rel}","templated":true}]}}