{"id":15377,"date":"2023-08-14T09:43:17","date_gmt":"2023-08-14T09:43:17","guid":{"rendered":"https:\/\/cascoo.ee\/product\/castor-hbh85wc125p4s4r0na\/"},"modified":"2024-06-11T11:10:51","modified_gmt":"2024-06-11T11:10:51","slug":"castor-hbh85wc125p4s4r0na","status":"publish","type":"product","link":"https:\/\/cascoo.ee\/et\/toode\/castor-hbh85wc125p4s4r0na\/","title":{"rendered":"Rattakomplekt HBH85WC125P4S4R0NA"},"content":{"rendered":"<p>Tsingitud terasplekist kahvel koos kuullaagriga, kinnitus poltidega, auk \u00f813mm, kahvel materjali paksusega 2,50mm (kinnitus) ja 2,50mm (kahvel), ratta sisemine osa pol\u00fcprop\u00fcleenist, antistaatiline ja turvis t\u00e4iskummist 85\u00b0 Shore A, antistaatiline, ratta keskosa laius 50mm, rull-laager.<\/p>\n","protected":false},"excerpt":{"rendered":"[product_table id=\"1417\" skus=\"HBH85WC125P4S4R0NA\"]\n","protected":false},"featured_media":17242,"template":"","meta":{"_acf_changed":false},"product_brand":[],"product_cat":[5089,6152,5160,6193],"product_tag":[],"class_list":{"0":"post-15377","1":"product","2":"type-product","3":"status-publish","4":"has-post-thumbnail","6":"product_cat-hargiga-rattad","7":"product_cat-kandevoime-70kg","8":"product_cat-ratta-labimoot-125mm","9":"product_cat-seeria-p4s4-antistaatiline","10":"pa_castor-fastening-poltkinnitusega","11":"pa_material-of-the-wheel-polupropuleen","12":"pa_tread-turvis-taiskumm","14":"first","15":"onbackorder","16":"taxable","17":"shipping-taxable","18":"purchasable","19":"product-type-simple"},"acf":[],"ct_brands":[],"yoast_head":"<!-- This site is optimized with the Yoast SEO plugin v27.4 - https:\/\/yoast.com\/product\/yoast-seo-wordpress\/ -->\n<title>Rattakomplekt HBH85WC125P4S4R0NA - Cascoo<\/title>\n<meta name=\"description\" content=\"125mm, poltkinnitusega rattakomplekt, ratta sisemine osa pol\u00fcprop\u00fcleenist, antistaatiline, turvis t\u00e4iskummist 85\u00b0 Shore A, antistaatiline, kandev\u00f5ime: 70kg.\" \/>\n<meta name=\"robots\" content=\"index, follow, max-snippet:-1, max-image-preview:large, max-video-preview:-1\" \/>\n<link rel=\"canonical\" href=\"https:\/\/cascoo.ee\/et\/toode\/castor-hbh85wc125p4s4r0na\/\" \/>\n<meta property=\"og:locale\" content=\"et_EE\" \/>\n<meta property=\"og:type\" content=\"article\" \/>\n<meta property=\"og:title\" content=\"Rattakomplekt HBH85WC125P4S4R0NA - Cascoo\" \/>\n<meta property=\"og:description\" content=\"125mm, poltkinnitusega rattakomplekt, ratta sisemine osa pol\u00fcprop\u00fcleenist, antistaatiline, turvis t\u00e4iskummist 85\u00b0 Shore A, antistaatiline, kandev\u00f5ime: 70kg.\" \/>\n<meta property=\"og:url\" content=\"https:\/\/cascoo.ee\/et\/toode\/castor-hbh85wc125p4s4r0na\/\" \/>\n<meta property=\"og:site_name\" content=\"Cascoo\" \/>\n<meta property=\"article:modified_time\" content=\"2024-06-11T11:10:51+00:00\" \/>\n<meta property=\"og:image\" content=\"https:\/\/cascoo.ee\/wp-content\/uploads\/2023\/08\/HPH98WC200P4S4R0NE.jpg\" \/>\n\t<meta property=\"og:image:width\" content=\"600\" \/>\n\t<meta property=\"og:image:height\" content=\"600\" \/>\n\t<meta property=\"og:image:type\" content=\"image\/jpeg\" \/>\n<meta name=\"twitter:card\" content=\"summary_large_image\" \/>\n<meta name=\"twitter:label1\" content=\"Est. reading time\" \/>\n\t<meta name=\"twitter:data1\" content=\"1 minut\" \/>\n<script type=\"application\/ld+json\" class=\"yoast-schema-graph\">{\"@context\":\"https:\\\/\\\/schema.org\",\"@graph\":[{\"@type\":\"WebPage\",\"@id\":\"https:\\\/\\\/cascoo.ee\\\/et\\\/toode\\\/castor-hbh85wc125p4s4r0na\\\/\",\"url\":\"https:\\\/\\\/cascoo.ee\\\/et\\\/toode\\\/castor-hbh85wc125p4s4r0na\\\/\",\"name\":\"Rattakomplekt HBH85WC125P4S4R0NA - Cascoo\",\"isPartOf\":{\"@id\":\"https:\\\/\\\/cascoo.ee\\\/et\\\/#website\"},\"primaryImageOfPage\":{\"@id\":\"https:\\\/\\\/cascoo.ee\\\/et\\\/toode\\\/castor-hbh85wc125p4s4r0na\\\/#primaryimage\"},\"image\":{\"@id\":\"https:\\\/\\\/cascoo.ee\\\/et\\\/toode\\\/castor-hbh85wc125p4s4r0na\\\/#primaryimage\"},\"thumbnailUrl\":\"https:\\\/\\\/cascoo.ee\\\/wp-content\\\/uploads\\\/2023\\\/08\\\/HPH98WC200P4S4R0NE.jpg\",\"datePublished\":\"2023-08-14T09:43:17+00:00\",\"dateModified\":\"2024-06-11T11:10:51+00:00\",\"description\":\"125mm, poltkinnitusega rattakomplekt, ratta sisemine osa pol\u00fcprop\u00fcleenist, antistaatiline, turvis t\u00e4iskummist 85\u00b0 Shore A, antistaatiline, kandev\u00f5ime: 70kg.\",\"breadcrumb\":{\"@id\":\"https:\\\/\\\/cascoo.ee\\\/et\\\/toode\\\/castor-hbh85wc125p4s4r0na\\\/#breadcrumb\"},\"inLanguage\":\"et\",\"potentialAction\":[{\"@type\":\"ReadAction\",\"target\":[\"https:\\\/\\\/cascoo.ee\\\/et\\\/toode\\\/castor-hbh85wc125p4s4r0na\\\/\"]}]},{\"@type\":\"ImageObject\",\"inLanguage\":\"et\",\"@id\":\"https:\\\/\\\/cascoo.ee\\\/et\\\/toode\\\/castor-hbh85wc125p4s4r0na\\\/#primaryimage\",\"url\":\"https:\\\/\\\/cascoo.ee\\\/wp-content\\\/uploads\\\/2023\\\/08\\\/HPH98WC200P4S4R0NE.jpg\",\"contentUrl\":\"https:\\\/\\\/cascoo.ee\\\/wp-content\\\/uploads\\\/2023\\\/08\\\/HPH98WC200P4S4R0NE.jpg\",\"width\":600,\"height\":600,\"caption\":\"HPH97WC250P4S4R0N\"},{\"@type\":\"BreadcrumbList\",\"@id\":\"https:\\\/\\\/cascoo.ee\\\/et\\\/toode\\\/castor-hbh85wc125p4s4r0na\\\/#breadcrumb\",\"itemListElement\":[{\"@type\":\"ListItem\",\"position\":1,\"name\":\"Esileht\",\"item\":\"https:\\\/\\\/cascoo.ee\\\/et\\\/pood\\\/\"},{\"@type\":\"ListItem\",\"position\":2,\"name\":\"T\u00f6\u00f6stuslikud rattad\",\"item\":\"https:\\\/\\\/cascoo.ee\\\/et\\\/pood\\\/\"},{\"@type\":\"ListItem\",\"position\":3,\"name\":\"Rattakomplekt HBH85WC125P4S4R0NA\"}]},{\"@type\":\"WebSite\",\"@id\":\"https:\\\/\\\/cascoo.ee\\\/et\\\/#website\",\"url\":\"https:\\\/\\\/cascoo.ee\\\/et\\\/\",\"name\":\"Cascoo\",\"description\":\"Industrial Wheels and castors\",\"publisher\":{\"@id\":\"https:\\\/\\\/cascoo.ee\\\/et\\\/#organization\"},\"potentialAction\":[{\"@type\":\"SearchAction\",\"target\":{\"@type\":\"EntryPoint\",\"urlTemplate\":\"https:\\\/\\\/cascoo.ee\\\/et\\\/?s={search_term_string}\"},\"query-input\":{\"@type\":\"PropertyValueSpecification\",\"valueRequired\":true,\"valueName\":\"search_term_string\"}}],\"inLanguage\":\"et\"},{\"@type\":\"Organization\",\"@id\":\"https:\\\/\\\/cascoo.ee\\\/et\\\/#organization\",\"name\":\"Cascoo\",\"url\":\"https:\\\/\\\/cascoo.ee\\\/et\\\/\",\"logo\":{\"@type\":\"ImageObject\",\"inLanguage\":\"et\",\"@id\":\"https:\\\/\\\/cascoo.ee\\\/et\\\/#\\\/schema\\\/logo\\\/image\\\/\",\"url\":\"https:\\\/\\\/cascoo.ee\\\/wp-content\\\/uploads\\\/2023\\\/07\\\/Cascoo.png\",\"contentUrl\":\"https:\\\/\\\/cascoo.ee\\\/wp-content\\\/uploads\\\/2023\\\/07\\\/Cascoo.png\",\"width\":130,\"height\":51,\"caption\":\"Cascoo\"},\"image\":{\"@id\":\"https:\\\/\\\/cascoo.ee\\\/et\\\/#\\\/schema\\\/logo\\\/image\\\/\"}}]}<\/script>\n<!-- \/ Yoast SEO plugin. -->","yoast_head_json":{"title":"Rattakomplekt HBH85WC125P4S4R0NA - Cascoo","description":"125mm, poltkinnitusega rattakomplekt, ratta sisemine osa pol\u00fcprop\u00fcleenist, antistaatiline, turvis t\u00e4iskummist 85\u00b0 Shore A, antistaatiline, kandev\u00f5ime: 70kg.","robots":{"index":"index","follow":"follow","max-snippet":"max-snippet:-1","max-image-preview":"max-image-preview:large","max-video-preview":"max-video-preview:-1"},"canonical":"https:\/\/cascoo.ee\/et\/toode\/castor-hbh85wc125p4s4r0na\/","og_locale":"et_EE","og_type":"article","og_title":"Rattakomplekt HBH85WC125P4S4R0NA - Cascoo","og_description":"125mm, poltkinnitusega rattakomplekt, ratta sisemine osa pol\u00fcprop\u00fcleenist, antistaatiline, turvis t\u00e4iskummist 85\u00b0 Shore A, antistaatiline, kandev\u00f5ime: 70kg.","og_url":"https:\/\/cascoo.ee\/et\/toode\/castor-hbh85wc125p4s4r0na\/","og_site_name":"Cascoo","article_modified_time":"2024-06-11T11:10:51+00:00","og_image":[{"width":600,"height":600,"url":"https:\/\/cascoo.ee\/wp-content\/uploads\/2023\/08\/HPH98WC200P4S4R0NE.jpg","type":"image\/jpeg"}],"twitter_card":"summary_large_image","twitter_misc":{"Est. reading time":"1 minut"},"schema":{"@context":"https:\/\/schema.org","@graph":[{"@type":"WebPage","@id":"https:\/\/cascoo.ee\/et\/toode\/castor-hbh85wc125p4s4r0na\/","url":"https:\/\/cascoo.ee\/et\/toode\/castor-hbh85wc125p4s4r0na\/","name":"Rattakomplekt HBH85WC125P4S4R0NA - Cascoo","isPartOf":{"@id":"https:\/\/cascoo.ee\/et\/#website"},"primaryImageOfPage":{"@id":"https:\/\/cascoo.ee\/et\/toode\/castor-hbh85wc125p4s4r0na\/#primaryimage"},"image":{"@id":"https:\/\/cascoo.ee\/et\/toode\/castor-hbh85wc125p4s4r0na\/#primaryimage"},"thumbnailUrl":"https:\/\/cascoo.ee\/wp-content\/uploads\/2023\/08\/HPH98WC200P4S4R0NE.jpg","datePublished":"2023-08-14T09:43:17+00:00","dateModified":"2024-06-11T11:10:51+00:00","description":"125mm, poltkinnitusega rattakomplekt, ratta sisemine osa pol\u00fcprop\u00fcleenist, antistaatiline, turvis t\u00e4iskummist 85\u00b0 Shore A, antistaatiline, kandev\u00f5ime: 70kg.","breadcrumb":{"@id":"https:\/\/cascoo.ee\/et\/toode\/castor-hbh85wc125p4s4r0na\/#breadcrumb"},"inLanguage":"et","potentialAction":[{"@type":"ReadAction","target":["https:\/\/cascoo.ee\/et\/toode\/castor-hbh85wc125p4s4r0na\/"]}]},{"@type":"ImageObject","inLanguage":"et","@id":"https:\/\/cascoo.ee\/et\/toode\/castor-hbh85wc125p4s4r0na\/#primaryimage","url":"https:\/\/cascoo.ee\/wp-content\/uploads\/2023\/08\/HPH98WC200P4S4R0NE.jpg","contentUrl":"https:\/\/cascoo.ee\/wp-content\/uploads\/2023\/08\/HPH98WC200P4S4R0NE.jpg","width":600,"height":600,"caption":"HPH97WC250P4S4R0N"},{"@type":"BreadcrumbList","@id":"https:\/\/cascoo.ee\/et\/toode\/castor-hbh85wc125p4s4r0na\/#breadcrumb","itemListElement":[{"@type":"ListItem","position":1,"name":"Esileht","item":"https:\/\/cascoo.ee\/et\/pood\/"},{"@type":"ListItem","position":2,"name":"T\u00f6\u00f6stuslikud rattad","item":"https:\/\/cascoo.ee\/et\/pood\/"},{"@type":"ListItem","position":3,"name":"Rattakomplekt HBH85WC125P4S4R0NA"}]},{"@type":"WebSite","@id":"https:\/\/cascoo.ee\/et\/#website","url":"https:\/\/cascoo.ee\/et\/","name":"Cascoo","description":"Industrial Wheels and castors","publisher":{"@id":"https:\/\/cascoo.ee\/et\/#organization"},"potentialAction":[{"@type":"SearchAction","target":{"@type":"EntryPoint","urlTemplate":"https:\/\/cascoo.ee\/et\/?s={search_term_string}"},"query-input":{"@type":"PropertyValueSpecification","valueRequired":true,"valueName":"search_term_string"}}],"inLanguage":"et"},{"@type":"Organization","@id":"https:\/\/cascoo.ee\/et\/#organization","name":"Cascoo","url":"https:\/\/cascoo.ee\/et\/","logo":{"@type":"ImageObject","inLanguage":"et","@id":"https:\/\/cascoo.ee\/et\/#\/schema\/logo\/image\/","url":"https:\/\/cascoo.ee\/wp-content\/uploads\/2023\/07\/Cascoo.png","contentUrl":"https:\/\/cascoo.ee\/wp-content\/uploads\/2023\/07\/Cascoo.png","width":130,"height":51,"caption":"Cascoo"},"image":{"@id":"https:\/\/cascoo.ee\/et\/#\/schema\/logo\/image\/"}}]}},"jetpack-related-posts":[{"id":15389,"url":"https:\/\/cascoo.ee\/et\/toode\/castor-fpp55wc200p4s4r0na\/","url_meta":{"origin":15377,"position":0},"title":"Rattakomplekt FPP55WC200P4S4R0NA","author":"admin","date":"14. aug. 2023","format":false,"excerpt":"","rel":"","context":"Similar post","block_context":{"text":"Similar post","link":""},"img":{"alt_text":"FBP22WC080P4S4R0NA","src":"https:\/\/i0.wp.com\/cascoo.ee\/wp-content\/uploads\/2023\/08\/FBP22WC080P4S4R0NA.jpg?resize=350%2C200&ssl=1","width":350,"height":200,"srcset":"https:\/\/i0.wp.com\/cascoo.ee\/wp-content\/uploads\/2023\/08\/FBP22WC080P4S4R0NA.jpg?resize=350%2C200&ssl=1 1x, https:\/\/i0.wp.com\/cascoo.ee\/wp-content\/uploads\/2023\/08\/FBP22WC080P4S4R0NA.jpg?resize=525%2C300&ssl=1 1.5x, https:\/\/i0.wp.com\/cascoo.ee\/wp-content\/uploads\/2023\/08\/FBP22WC080P4S4R0NA.jpg?resize=700%2C400&ssl=1 2x, https:\/\/i0.wp.com\/cascoo.ee\/wp-content\/uploads\/2023\/08\/FBP22WC080P4S4R0NA.jpg?resize=1050%2C600&ssl=1 3x"},"classes":[]},{"id":15394,"url":"https:\/\/cascoo.ee\/et\/toode\/castor-fpp55wc160p4s4r0na\/","url_meta":{"origin":15377,"position":1},"title":"Rattakomplekt FPP55WC160P4S4R0NA","author":"admin","date":"14. aug. 2023","format":false,"excerpt":"","rel":"","context":"Similar post","block_context":{"text":"Similar post","link":""},"img":{"alt_text":"FBP22WC080P4S4R0NA","src":"https:\/\/i0.wp.com\/cascoo.ee\/wp-content\/uploads\/2023\/08\/FBP22WC080P4S4R0NA.jpg?resize=350%2C200&ssl=1","width":350,"height":200,"srcset":"https:\/\/i0.wp.com\/cascoo.ee\/wp-content\/uploads\/2023\/08\/FBP22WC080P4S4R0NA.jpg?resize=350%2C200&ssl=1 1x, https:\/\/i0.wp.com\/cascoo.ee\/wp-content\/uploads\/2023\/08\/FBP22WC080P4S4R0NA.jpg?resize=525%2C300&ssl=1 1.5x, https:\/\/i0.wp.com\/cascoo.ee\/wp-content\/uploads\/2023\/08\/FBP22WC080P4S4R0NA.jpg?resize=700%2C400&ssl=1 2x, https:\/\/i0.wp.com\/cascoo.ee\/wp-content\/uploads\/2023\/08\/FBP22WC080P4S4R0NA.jpg?resize=1050%2C600&ssl=1 3x"},"classes":[]},{"id":15507,"url":"https:\/\/cascoo.ee\/et\/toode\/castor-hah15c0100p2t2p0na\/","url_meta":{"origin":15377,"position":2},"title":"Rattakomplekt HAH15C0100P2T2P0NA","author":"admin","date":"14. aug. 2023","format":false,"excerpt":"","rel":"","context":"Similar post","block_context":{"text":"Similar post","link":""},"img":{"alt_text":"HAH12C0075P2T2P0NA","src":"https:\/\/i0.wp.com\/cascoo.ee\/wp-content\/uploads\/2023\/08\/HAH12C0075P2T2P0NA.jpg?resize=350%2C200&ssl=1","width":350,"height":200,"srcset":"https:\/\/i0.wp.com\/cascoo.ee\/wp-content\/uploads\/2023\/08\/HAH12C0075P2T2P0NA.jpg?resize=350%2C200&ssl=1 1x, https:\/\/i0.wp.com\/cascoo.ee\/wp-content\/uploads\/2023\/08\/HAH12C0075P2T2P0NA.jpg?resize=525%2C300&ssl=1 1.5x, https:\/\/i0.wp.com\/cascoo.ee\/wp-content\/uploads\/2023\/08\/HAH12C0075P2T2P0NA.jpg?resize=700%2C400&ssl=1 2x, https:\/\/i0.wp.com\/cascoo.ee\/wp-content\/uploads\/2023\/08\/HAH12C0075P2T2P0NA.jpg?resize=1050%2C600&ssl=1 3x"},"classes":[]},{"id":15508,"url":"https:\/\/cascoo.ee\/et\/toode\/castor-fape5c0125p2t2p0na\/","url_meta":{"origin":15377,"position":3},"title":"Rattakomplekt FAPE5C0125P2T2P0NA","author":"admin","date":"14. aug. 2023","format":false,"excerpt":"","rel":"","context":"Similar post","block_context":{"text":"Similar post","link":""},"img":{"alt_text":"","src":"https:\/\/i0.wp.com\/cascoo.ee\/wp-content\/uploads\/2023\/08\/FAPE5C0125P2T2P0NA.jpg?resize=350%2C200&ssl=1","width":350,"height":200,"srcset":"https:\/\/i0.wp.com\/cascoo.ee\/wp-content\/uploads\/2023\/08\/FAPE5C0125P2T2P0NA.jpg?resize=350%2C200&ssl=1 1x, https:\/\/i0.wp.com\/cascoo.ee\/wp-content\/uploads\/2023\/08\/FAPE5C0125P2T2P0NA.jpg?resize=525%2C300&ssl=1 1.5x, https:\/\/i0.wp.com\/cascoo.ee\/wp-content\/uploads\/2023\/08\/FAPE5C0125P2T2P0NA.jpg?resize=700%2C400&ssl=1 2x, https:\/\/i0.wp.com\/cascoo.ee\/wp-content\/uploads\/2023\/08\/FAPE5C0125P2T2P0NA.jpg?resize=1050%2C600&ssl=1 3x"},"classes":[]},{"id":15362,"url":"https:\/\/cascoo.ee\/et\/toode\/castor-bbh35wc080p4s4r0na\/","url_meta":{"origin":15377,"position":4},"title":"Rattakomplekt BBH35WC080P4S4R0NA","author":"admin","date":"14. aug. 2023","format":false,"excerpt":"","rel":"","context":"Similar post","block_context":{"text":"Similar post","link":""},"img":{"alt_text":"BPH97WC250P4S4R0N","src":"https:\/\/i0.wp.com\/cascoo.ee\/wp-content\/uploads\/2023\/08\/BPH98WC200P4S4R0NE.jpg?resize=350%2C200&ssl=1","width":350,"height":200,"srcset":"https:\/\/i0.wp.com\/cascoo.ee\/wp-content\/uploads\/2023\/08\/BPH98WC200P4S4R0NE.jpg?resize=350%2C200&ssl=1 1x, https:\/\/i0.wp.com\/cascoo.ee\/wp-content\/uploads\/2023\/08\/BPH98WC200P4S4R0NE.jpg?resize=525%2C300&ssl=1 1.5x"},"classes":[]},{"id":15523,"url":"https:\/\/cascoo.ee\/et\/toode\/castor-fape5c0100p2t2p0na\/","url_meta":{"origin":15377,"position":5},"title":"Rattakomplekt FAPE5C0100P2T2P0NA","author":"admin","date":"14. aug. 2023","format":false,"excerpt":"","rel":"","context":"Similar post","block_context":{"text":"Similar post","link":""},"img":{"alt_text":"FAPE5C0100P2T2P0NA","src":"https:\/\/i0.wp.com\/cascoo.ee\/wp-content\/uploads\/2023\/07\/FAPE5C0125P2T2P0NA.jpg?resize=350%2C200&ssl=1","width":350,"height":200,"srcset":"https:\/\/i0.wp.com\/cascoo.ee\/wp-content\/uploads\/2023\/07\/FAPE5C0125P2T2P0NA.jpg?resize=350%2C200&ssl=1 1x, https:\/\/i0.wp.com\/cascoo.ee\/wp-content\/uploads\/2023\/07\/FAPE5C0125P2T2P0NA.jpg?resize=525%2C300&ssl=1 1.5x, https:\/\/i0.wp.com\/cascoo.ee\/wp-content\/uploads\/2023\/07\/FAPE5C0125P2T2P0NA.jpg?resize=700%2C400&ssl=1 2x, https:\/\/i0.wp.com\/cascoo.ee\/wp-content\/uploads\/2023\/07\/FAPE5C0125P2T2P0NA.jpg?resize=1050%2C600&ssl=1 3x"},"classes":[]}],"jetpack_sharing_enabled":true,"_links":{"self":[{"href":"https:\/\/cascoo.ee\/et\/wp-json\/wp\/v2\/product\/15377","targetHints":{"allow":["GET"]}}],"collection":[{"href":"https:\/\/cascoo.ee\/et\/wp-json\/wp\/v2\/product"}],"about":[{"href":"https:\/\/cascoo.ee\/et\/wp-json\/wp\/v2\/types\/product"}],"wp:featuredmedia":[{"embeddable":true,"href":"https:\/\/cascoo.ee\/et\/wp-json\/wp\/v2\/media\/17242"}],"wp:attachment":[{"href":"https:\/\/cascoo.ee\/et\/wp-json\/wp\/v2\/media?parent=15377"}],"wp:term":[{"taxonomy":"product_brand","embeddable":true,"href":"https:\/\/cascoo.ee\/et\/wp-json\/wp\/v2\/product_brand?post=15377"},{"taxonomy":"product_cat","embeddable":true,"href":"https:\/\/cascoo.ee\/et\/wp-json\/wp\/v2\/product_cat?post=15377"},{"taxonomy":"product_tag","embeddable":true,"href":"https:\/\/cascoo.ee\/et\/wp-json\/wp\/v2\/product_tag?post=15377"}],"curies":[{"name":"wp","href":"https:\/\/api.w.org\/{rel}","templated":true}]}}