{"id":15234,"date":"2023-08-14T09:44:47","date_gmt":"2023-08-14T09:44:47","guid":{"rendered":"https:\/\/cascoo.ee\/product\/castor-hvh0spc125p0t2b40\/"},"modified":"2025-08-12T22:13:03","modified_gmt":"2025-08-12T22:13:03","slug":"castor-hvh0spc125p0t2b40","status":"publish","type":"product","link":"https:\/\/cascoo.ee\/et\/toode\/castor-hvh0spc125p0t2b40\/","title":{"rendered":"Rattakomplekt HVH0SPC125P0T2B40"},"content":{"rendered":"<p>Pol\u00fcamiidist kahvel koos kuullaagriga, kinnitus poltidega, auk \u00f813mm, ratta sisemine osa pol\u00fcprop\u00fcleenist, turvis termoplastilisest kummist 85\u00b0 Shore A, kuullaager, t\u00e4ielikult kattev plastist laagrikaitse.<\/p>\n","protected":false},"excerpt":{"rendered":"[product_table id=\"1417\" skus=\"HVH0SPC125P0T2B40\"]\n","protected":false},"featured_media":18064,"template":"","meta":{"_acf_changed":false},"product_brand":[],"product_cat":[5089,5994,5160,5995],"product_tag":[],"class_list":{"0":"post-15234","1":"product","2":"type-product","3":"status-publish","4":"has-post-thumbnail","6":"product_cat-hargiga-rattad","7":"product_cat-kandevoime-110kg","8":"product_cat-ratta-labimoot-125mm","9":"product_cat-seeria-eva","10":"pa_castor-fastening-poltkinnitusega","11":"pa_material-of-the-wheel-polupropuleen","12":"pa_tread-turvis-termoplastiline-kumm","14":"first","15":"onbackorder","16":"taxable","17":"shipping-taxable","18":"product-type-simple"},"acf":[],"ct_brands":[],"yoast_head":"<!-- This site is optimized with the Yoast SEO plugin v27.4 - https:\/\/yoast.com\/product\/yoast-seo-wordpress\/ -->\n<title>Rattakomplekt HVH0SPC125P0T2B40 - Cascoo<\/title>\n<meta name=\"description\" content=\"125mm, poltkinnitusega rattakomplekt, ratta sisemine osa pol\u00fcprop\u00fcleenist, turvis termoplastilisest kummist 85\u00b0 Shore A, kandev\u00f5ime: 110kg.\" \/>\n<meta name=\"robots\" content=\"index, follow, max-snippet:-1, max-image-preview:large, max-video-preview:-1\" \/>\n<link rel=\"canonical\" href=\"https:\/\/cascoo.ee\/et\/toode\/castor-hvh0spc125p0t2b40\/\" \/>\n<meta property=\"og:locale\" content=\"et_EE\" \/>\n<meta property=\"og:type\" content=\"article\" \/>\n<meta property=\"og:title\" content=\"Rattakomplekt HVH0SPC125P0T2B40 - Cascoo\" \/>\n<meta property=\"og:description\" content=\"125mm, poltkinnitusega rattakomplekt, ratta sisemine osa pol\u00fcprop\u00fcleenist, turvis termoplastilisest kummist 85\u00b0 Shore A, kandev\u00f5ime: 110kg.\" \/>\n<meta property=\"og:url\" content=\"https:\/\/cascoo.ee\/et\/toode\/castor-hvh0spc125p0t2b40\/\" \/>\n<meta property=\"og:site_name\" content=\"Cascoo\" \/>\n<meta property=\"article:modified_time\" content=\"2025-08-12T22:13:03+00:00\" \/>\n<meta property=\"og:image\" content=\"https:\/\/cascoo.ee\/wp-content\/uploads\/2023\/08\/HVH0SPC125P0Q2B40-2.jpg\" \/>\n\t<meta property=\"og:image:width\" content=\"1200\" \/>\n\t<meta property=\"og:image:height\" content=\"1200\" \/>\n\t<meta property=\"og:image:type\" content=\"image\/jpeg\" \/>\n<meta name=\"twitter:card\" content=\"summary_large_image\" \/>\n<meta name=\"twitter:label1\" content=\"Est. reading time\" \/>\n\t<meta name=\"twitter:data1\" content=\"1 minut\" \/>\n<script type=\"application\/ld+json\" class=\"yoast-schema-graph\">{\"@context\":\"https:\\\/\\\/schema.org\",\"@graph\":[{\"@type\":\"WebPage\",\"@id\":\"https:\\\/\\\/cascoo.ee\\\/et\\\/toode\\\/castor-hvh0spc125p0t2b40\\\/\",\"url\":\"https:\\\/\\\/cascoo.ee\\\/et\\\/toode\\\/castor-hvh0spc125p0t2b40\\\/\",\"name\":\"Rattakomplekt HVH0SPC125P0T2B40 - Cascoo\",\"isPartOf\":{\"@id\":\"https:\\\/\\\/cascoo.ee\\\/et\\\/#website\"},\"primaryImageOfPage\":{\"@id\":\"https:\\\/\\\/cascoo.ee\\\/et\\\/toode\\\/castor-hvh0spc125p0t2b40\\\/#primaryimage\"},\"image\":{\"@id\":\"https:\\\/\\\/cascoo.ee\\\/et\\\/toode\\\/castor-hvh0spc125p0t2b40\\\/#primaryimage\"},\"thumbnailUrl\":\"https:\\\/\\\/cascoo.ee\\\/wp-content\\\/uploads\\\/2023\\\/08\\\/HVH0SPC125P0Q2B40-2.jpg\",\"datePublished\":\"2023-08-14T09:44:47+00:00\",\"dateModified\":\"2025-08-12T22:13:03+00:00\",\"description\":\"125mm, poltkinnitusega rattakomplekt, ratta sisemine osa pol\u00fcprop\u00fcleenist, turvis termoplastilisest kummist 85\u00b0 Shore A, kandev\u00f5ime: 110kg.\",\"breadcrumb\":{\"@id\":\"https:\\\/\\\/cascoo.ee\\\/et\\\/toode\\\/castor-hvh0spc125p0t2b40\\\/#breadcrumb\"},\"inLanguage\":\"et\",\"potentialAction\":[{\"@type\":\"ReadAction\",\"target\":[\"https:\\\/\\\/cascoo.ee\\\/et\\\/toode\\\/castor-hvh0spc125p0t2b40\\\/\"]}]},{\"@type\":\"ImageObject\",\"inLanguage\":\"et\",\"@id\":\"https:\\\/\\\/cascoo.ee\\\/et\\\/toode\\\/castor-hvh0spc125p0t2b40\\\/#primaryimage\",\"url\":\"https:\\\/\\\/cascoo.ee\\\/wp-content\\\/uploads\\\/2023\\\/08\\\/HVH0SPC125P0Q2B40-2.jpg\",\"contentUrl\":\"https:\\\/\\\/cascoo.ee\\\/wp-content\\\/uploads\\\/2023\\\/08\\\/HVH0SPC125P0Q2B40-2.jpg\",\"width\":1200,\"height\":1200,\"caption\":\"HVH0SPC125P0T2B40\"},{\"@type\":\"BreadcrumbList\",\"@id\":\"https:\\\/\\\/cascoo.ee\\\/et\\\/toode\\\/castor-hvh0spc125p0t2b40\\\/#breadcrumb\",\"itemListElement\":[{\"@type\":\"ListItem\",\"position\":1,\"name\":\"Esileht\",\"item\":\"https:\\\/\\\/cascoo.ee\\\/et\\\/pood\\\/\"},{\"@type\":\"ListItem\",\"position\":2,\"name\":\"T\u00f6\u00f6stuslikud rattad\",\"item\":\"https:\\\/\\\/cascoo.ee\\\/et\\\/pood\\\/\"},{\"@type\":\"ListItem\",\"position\":3,\"name\":\"Rattakomplekt HVH0SPC125P0T2B40\"}]},{\"@type\":\"WebSite\",\"@id\":\"https:\\\/\\\/cascoo.ee\\\/et\\\/#website\",\"url\":\"https:\\\/\\\/cascoo.ee\\\/et\\\/\",\"name\":\"Cascoo\",\"description\":\"Industrial Wheels and castors\",\"publisher\":{\"@id\":\"https:\\\/\\\/cascoo.ee\\\/et\\\/#organization\"},\"potentialAction\":[{\"@type\":\"SearchAction\",\"target\":{\"@type\":\"EntryPoint\",\"urlTemplate\":\"https:\\\/\\\/cascoo.ee\\\/et\\\/?s={search_term_string}\"},\"query-input\":{\"@type\":\"PropertyValueSpecification\",\"valueRequired\":true,\"valueName\":\"search_term_string\"}}],\"inLanguage\":\"et\"},{\"@type\":\"Organization\",\"@id\":\"https:\\\/\\\/cascoo.ee\\\/et\\\/#organization\",\"name\":\"Cascoo\",\"url\":\"https:\\\/\\\/cascoo.ee\\\/et\\\/\",\"logo\":{\"@type\":\"ImageObject\",\"inLanguage\":\"et\",\"@id\":\"https:\\\/\\\/cascoo.ee\\\/et\\\/#\\\/schema\\\/logo\\\/image\\\/\",\"url\":\"https:\\\/\\\/cascoo.ee\\\/wp-content\\\/uploads\\\/2023\\\/07\\\/Cascoo.png\",\"contentUrl\":\"https:\\\/\\\/cascoo.ee\\\/wp-content\\\/uploads\\\/2023\\\/07\\\/Cascoo.png\",\"width\":130,\"height\":51,\"caption\":\"Cascoo\"},\"image\":{\"@id\":\"https:\\\/\\\/cascoo.ee\\\/et\\\/#\\\/schema\\\/logo\\\/image\\\/\"}}]}<\/script>\n<!-- \/ Yoast SEO plugin. -->","yoast_head_json":{"title":"Rattakomplekt HVH0SPC125P0T2B40 - Cascoo","description":"125mm, poltkinnitusega rattakomplekt, ratta sisemine osa pol\u00fcprop\u00fcleenist, turvis termoplastilisest kummist 85\u00b0 Shore A, kandev\u00f5ime: 110kg.","robots":{"index":"index","follow":"follow","max-snippet":"max-snippet:-1","max-image-preview":"max-image-preview:large","max-video-preview":"max-video-preview:-1"},"canonical":"https:\/\/cascoo.ee\/et\/toode\/castor-hvh0spc125p0t2b40\/","og_locale":"et_EE","og_type":"article","og_title":"Rattakomplekt HVH0SPC125P0T2B40 - Cascoo","og_description":"125mm, poltkinnitusega rattakomplekt, ratta sisemine osa pol\u00fcprop\u00fcleenist, turvis termoplastilisest kummist 85\u00b0 Shore A, kandev\u00f5ime: 110kg.","og_url":"https:\/\/cascoo.ee\/et\/toode\/castor-hvh0spc125p0t2b40\/","og_site_name":"Cascoo","article_modified_time":"2025-08-12T22:13:03+00:00","og_image":[{"width":1200,"height":1200,"url":"https:\/\/cascoo.ee\/wp-content\/uploads\/2023\/08\/HVH0SPC125P0Q2B40-2.jpg","type":"image\/jpeg"}],"twitter_card":"summary_large_image","twitter_misc":{"Est. reading time":"1 minut"},"schema":{"@context":"https:\/\/schema.org","@graph":[{"@type":"WebPage","@id":"https:\/\/cascoo.ee\/et\/toode\/castor-hvh0spc125p0t2b40\/","url":"https:\/\/cascoo.ee\/et\/toode\/castor-hvh0spc125p0t2b40\/","name":"Rattakomplekt HVH0SPC125P0T2B40 - Cascoo","isPartOf":{"@id":"https:\/\/cascoo.ee\/et\/#website"},"primaryImageOfPage":{"@id":"https:\/\/cascoo.ee\/et\/toode\/castor-hvh0spc125p0t2b40\/#primaryimage"},"image":{"@id":"https:\/\/cascoo.ee\/et\/toode\/castor-hvh0spc125p0t2b40\/#primaryimage"},"thumbnailUrl":"https:\/\/cascoo.ee\/wp-content\/uploads\/2023\/08\/HVH0SPC125P0Q2B40-2.jpg","datePublished":"2023-08-14T09:44:47+00:00","dateModified":"2025-08-12T22:13:03+00:00","description":"125mm, poltkinnitusega rattakomplekt, ratta sisemine osa pol\u00fcprop\u00fcleenist, turvis termoplastilisest kummist 85\u00b0 Shore A, kandev\u00f5ime: 110kg.","breadcrumb":{"@id":"https:\/\/cascoo.ee\/et\/toode\/castor-hvh0spc125p0t2b40\/#breadcrumb"},"inLanguage":"et","potentialAction":[{"@type":"ReadAction","target":["https:\/\/cascoo.ee\/et\/toode\/castor-hvh0spc125p0t2b40\/"]}]},{"@type":"ImageObject","inLanguage":"et","@id":"https:\/\/cascoo.ee\/et\/toode\/castor-hvh0spc125p0t2b40\/#primaryimage","url":"https:\/\/cascoo.ee\/wp-content\/uploads\/2023\/08\/HVH0SPC125P0Q2B40-2.jpg","contentUrl":"https:\/\/cascoo.ee\/wp-content\/uploads\/2023\/08\/HVH0SPC125P0Q2B40-2.jpg","width":1200,"height":1200,"caption":"HVH0SPC125P0T2B40"},{"@type":"BreadcrumbList","@id":"https:\/\/cascoo.ee\/et\/toode\/castor-hvh0spc125p0t2b40\/#breadcrumb","itemListElement":[{"@type":"ListItem","position":1,"name":"Esileht","item":"https:\/\/cascoo.ee\/et\/pood\/"},{"@type":"ListItem","position":2,"name":"T\u00f6\u00f6stuslikud rattad","item":"https:\/\/cascoo.ee\/et\/pood\/"},{"@type":"ListItem","position":3,"name":"Rattakomplekt HVH0SPC125P0T2B40"}]},{"@type":"WebSite","@id":"https:\/\/cascoo.ee\/et\/#website","url":"https:\/\/cascoo.ee\/et\/","name":"Cascoo","description":"Industrial Wheels and castors","publisher":{"@id":"https:\/\/cascoo.ee\/et\/#organization"},"potentialAction":[{"@type":"SearchAction","target":{"@type":"EntryPoint","urlTemplate":"https:\/\/cascoo.ee\/et\/?s={search_term_string}"},"query-input":{"@type":"PropertyValueSpecification","valueRequired":true,"valueName":"search_term_string"}}],"inLanguage":"et"},{"@type":"Organization","@id":"https:\/\/cascoo.ee\/et\/#organization","name":"Cascoo","url":"https:\/\/cascoo.ee\/et\/","logo":{"@type":"ImageObject","inLanguage":"et","@id":"https:\/\/cascoo.ee\/et\/#\/schema\/logo\/image\/","url":"https:\/\/cascoo.ee\/wp-content\/uploads\/2023\/07\/Cascoo.png","contentUrl":"https:\/\/cascoo.ee\/wp-content\/uploads\/2023\/07\/Cascoo.png","width":130,"height":51,"caption":"Cascoo"},"image":{"@id":"https:\/\/cascoo.ee\/et\/#\/schema\/logo\/image\/"}}]}},"jetpack-related-posts":[],"jetpack_sharing_enabled":true,"_links":{"self":[{"href":"https:\/\/cascoo.ee\/et\/wp-json\/wp\/v2\/product\/15234","targetHints":{"allow":["GET"]}}],"collection":[{"href":"https:\/\/cascoo.ee\/et\/wp-json\/wp\/v2\/product"}],"about":[{"href":"https:\/\/cascoo.ee\/et\/wp-json\/wp\/v2\/types\/product"}],"wp:featuredmedia":[{"embeddable":true,"href":"https:\/\/cascoo.ee\/et\/wp-json\/wp\/v2\/media\/18064"}],"wp:attachment":[{"href":"https:\/\/cascoo.ee\/et\/wp-json\/wp\/v2\/media?parent=15234"}],"wp:term":[{"taxonomy":"product_brand","embeddable":true,"href":"https:\/\/cascoo.ee\/et\/wp-json\/wp\/v2\/product_brand?post=15234"},{"taxonomy":"product_cat","embeddable":true,"href":"https:\/\/cascoo.ee\/et\/wp-json\/wp\/v2\/product_cat?post=15234"},{"taxonomy":"product_tag","embeddable":true,"href":"https:\/\/cascoo.ee\/et\/wp-json\/wp\/v2\/product_tag?post=15234"}],"curies":[{"name":"wp","href":"https:\/\/api.w.org\/{rel}","templated":true}]}}