{"id":15119,"date":"2023-08-14T09:45:44","date_gmt":"2023-08-14T09:45:44","guid":{"rendered":"https:\/\/cascoo.ee\/product\/castor-tpp31wc125c4c4p0n\/"},"modified":"2026-01-14T08:05:08","modified_gmt":"2026-01-14T08:05:08","slug":"rattakomplekt-tpp31wc125c4c4p0n","status":"publish","type":"product","link":"https:\/\/cascoo.ee\/et\/toode\/rattakomplekt-tpp31wc125c4c4p0n\/","title":{"rendered":"Rattakomplekt TPP31WC125C4C4P0N"},"content":{"rendered":"<p>Tsingitud terasplekist kahvel koos kuullaagriga, kinnitus plaadiga, mille aukude vahe 80\/77x60mm, kahvli materjali paksus 3,00mm (kinnitus) ja 2,50mm (kahvel), ratta sisemine osa pol\u00fcamiidist klaaskiuga ja turvis pol\u00fcamiidist klaaskiuga, ratta keskosa laius 52mm, lihtlaager.<\/p>\n","protected":false},"excerpt":{"rendered":"[product_table id=\"1417\" skus=\"TPP31WC125C4C4P0N\"]\n","protected":false},"featured_media":17138,"template":"","meta":{"_acf_changed":false},"product_brand":[],"product_cat":[5089,5573,5160,5566],"product_tag":[],"class_list":{"0":"post-15119","1":"product","2":"type-product","3":"status-publish","4":"has-post-thumbnail","6":"product_cat-hargiga-rattad","7":"product_cat-kandevoime-130kg","8":"product_cat-ratta-labimoot-125mm","9":"product_cat-seeria-c4c4","10":"pa_castor-fastening-plaatkinnitusega","11":"pa_material-of-the-wheel-poluamiid-koos-klaaskiuga","12":"pa_tread-turvis-klaaskiuga-tugevdatud-poluamiid","14":"first","15":"instock","16":"taxable","17":"shipping-taxable","18":"purchasable","19":"product-type-simple"},"acf":[],"ct_brands":[],"yoast_head":"<!-- This site is optimized with the Yoast SEO plugin v27.3 - https:\/\/yoast.com\/product\/yoast-seo-wordpress\/ -->\n<title>Rattakomplekt TPP31WC125C4C4P0N - Cascoo<\/title>\n<meta name=\"description\" content=\"125mm, rattakomplekt, piduriga, ratta sisemine osa on valmistatud klaaskiududega pol\u00fcamiidist, turvis on valmistatud klaaskiududega pol\u00fcamiidist, kandev\u00f5ime: 130kg.\" \/>\n<meta name=\"robots\" content=\"index, follow, max-snippet:-1, max-image-preview:large, max-video-preview:-1\" \/>\n<link rel=\"canonical\" href=\"https:\/\/cascoo.ee\/et\/toode\/rattakomplekt-tpp31wc125c4c4p0n\/\" \/>\n<meta property=\"og:locale\" content=\"et_EE\" \/>\n<meta property=\"og:type\" content=\"article\" \/>\n<meta property=\"og:title\" content=\"Rattakomplekt TPP31WC125C4C4P0N - Cascoo\" \/>\n<meta property=\"og:description\" content=\"125mm, rattakomplekt, piduriga, ratta sisemine osa on valmistatud klaaskiududega pol\u00fcamiidist, turvis on valmistatud klaaskiududega pol\u00fcamiidist, kandev\u00f5ime: 130kg.\" \/>\n<meta property=\"og:url\" content=\"https:\/\/cascoo.ee\/et\/toode\/rattakomplekt-tpp31wc125c4c4p0n\/\" \/>\n<meta property=\"og:site_name\" content=\"Cascoo\" \/>\n<meta property=\"article:modified_time\" content=\"2026-01-14T08:05:08+00:00\" \/>\n<meta property=\"og:image\" content=\"https:\/\/cascoo.ee\/wp-content\/uploads\/2023\/08\/TPP31WC125C4C4P0N.jpg\" \/>\n\t<meta property=\"og:image:width\" content=\"1200\" \/>\n\t<meta property=\"og:image:height\" content=\"1200\" \/>\n\t<meta property=\"og:image:type\" content=\"image\/jpeg\" \/>\n<meta name=\"twitter:card\" content=\"summary_large_image\" \/>\n<meta name=\"twitter:label1\" content=\"Est. reading time\" \/>\n\t<meta name=\"twitter:data1\" content=\"1 minut\" \/>\n<script type=\"application\/ld+json\" class=\"yoast-schema-graph\">{\"@context\":\"https:\\\/\\\/schema.org\",\"@graph\":[{\"@type\":\"WebPage\",\"@id\":\"https:\\\/\\\/cascoo.ee\\\/et\\\/toode\\\/rattakomplekt-tpp31wc125c4c4p0n\\\/\",\"url\":\"https:\\\/\\\/cascoo.ee\\\/et\\\/toode\\\/rattakomplekt-tpp31wc125c4c4p0n\\\/\",\"name\":\"Rattakomplekt TPP31WC125C4C4P0N - Cascoo\",\"isPartOf\":{\"@id\":\"https:\\\/\\\/cascoo.ee\\\/et\\\/#website\"},\"primaryImageOfPage\":{\"@id\":\"https:\\\/\\\/cascoo.ee\\\/et\\\/toode\\\/rattakomplekt-tpp31wc125c4c4p0n\\\/#primaryimage\"},\"image\":{\"@id\":\"https:\\\/\\\/cascoo.ee\\\/et\\\/toode\\\/rattakomplekt-tpp31wc125c4c4p0n\\\/#primaryimage\"},\"thumbnailUrl\":\"https:\\\/\\\/cascoo.ee\\\/wp-content\\\/uploads\\\/2023\\\/08\\\/TPP31WC125C4C4P0N.jpg\",\"datePublished\":\"2023-08-14T09:45:44+00:00\",\"dateModified\":\"2026-01-14T08:05:08+00:00\",\"description\":\"125mm, rattakomplekt, piduriga, ratta sisemine osa on valmistatud klaaskiududega pol\u00fcamiidist, turvis on valmistatud klaaskiududega pol\u00fcamiidist, kandev\u00f5ime: 130kg.\",\"breadcrumb\":{\"@id\":\"https:\\\/\\\/cascoo.ee\\\/et\\\/toode\\\/rattakomplekt-tpp31wc125c4c4p0n\\\/#breadcrumb\"},\"inLanguage\":\"et\",\"potentialAction\":[{\"@type\":\"ReadAction\",\"target\":[\"https:\\\/\\\/cascoo.ee\\\/et\\\/toode\\\/rattakomplekt-tpp31wc125c4c4p0n\\\/\"]}]},{\"@type\":\"ImageObject\",\"inLanguage\":\"et\",\"@id\":\"https:\\\/\\\/cascoo.ee\\\/et\\\/toode\\\/rattakomplekt-tpp31wc125c4c4p0n\\\/#primaryimage\",\"url\":\"https:\\\/\\\/cascoo.ee\\\/wp-content\\\/uploads\\\/2023\\\/08\\\/TPP31WC125C4C4P0N.jpg\",\"contentUrl\":\"https:\\\/\\\/cascoo.ee\\\/wp-content\\\/uploads\\\/2023\\\/08\\\/TPP31WC125C4C4P0N.jpg\",\"width\":1200,\"height\":1200,\"caption\":\"TPP31WC125C4C4P0N\"},{\"@type\":\"BreadcrumbList\",\"@id\":\"https:\\\/\\\/cascoo.ee\\\/et\\\/toode\\\/rattakomplekt-tpp31wc125c4c4p0n\\\/#breadcrumb\",\"itemListElement\":[{\"@type\":\"ListItem\",\"position\":1,\"name\":\"Esileht\",\"item\":\"https:\\\/\\\/cascoo.ee\\\/et\\\/pood\\\/\"},{\"@type\":\"ListItem\",\"position\":2,\"name\":\"T\u00f6\u00f6stuslikud rattad\",\"item\":\"https:\\\/\\\/cascoo.ee\\\/et\\\/pood\\\/\"},{\"@type\":\"ListItem\",\"position\":3,\"name\":\"Rattakomplekt TPP31WC125C4C4P0N\"}]},{\"@type\":\"WebSite\",\"@id\":\"https:\\\/\\\/cascoo.ee\\\/et\\\/#website\",\"url\":\"https:\\\/\\\/cascoo.ee\\\/et\\\/\",\"name\":\"Cascoo\",\"description\":\"Industrial Wheels and castors\",\"publisher\":{\"@id\":\"https:\\\/\\\/cascoo.ee\\\/et\\\/#organization\"},\"potentialAction\":[{\"@type\":\"SearchAction\",\"target\":{\"@type\":\"EntryPoint\",\"urlTemplate\":\"https:\\\/\\\/cascoo.ee\\\/et\\\/?s={search_term_string}\"},\"query-input\":{\"@type\":\"PropertyValueSpecification\",\"valueRequired\":true,\"valueName\":\"search_term_string\"}}],\"inLanguage\":\"et\"},{\"@type\":\"Organization\",\"@id\":\"https:\\\/\\\/cascoo.ee\\\/et\\\/#organization\",\"name\":\"Cascoo\",\"url\":\"https:\\\/\\\/cascoo.ee\\\/et\\\/\",\"logo\":{\"@type\":\"ImageObject\",\"inLanguage\":\"et\",\"@id\":\"https:\\\/\\\/cascoo.ee\\\/et\\\/#\\\/schema\\\/logo\\\/image\\\/\",\"url\":\"https:\\\/\\\/cascoo.ee\\\/wp-content\\\/uploads\\\/2023\\\/07\\\/Cascoo.png\",\"contentUrl\":\"https:\\\/\\\/cascoo.ee\\\/wp-content\\\/uploads\\\/2023\\\/07\\\/Cascoo.png\",\"width\":130,\"height\":51,\"caption\":\"Cascoo\"},\"image\":{\"@id\":\"https:\\\/\\\/cascoo.ee\\\/et\\\/#\\\/schema\\\/logo\\\/image\\\/\"}}]}<\/script>\n<!-- \/ Yoast SEO plugin. -->","yoast_head_json":{"title":"Rattakomplekt TPP31WC125C4C4P0N - Cascoo","description":"125mm, rattakomplekt, piduriga, ratta sisemine osa on valmistatud klaaskiududega pol\u00fcamiidist, turvis on valmistatud klaaskiududega pol\u00fcamiidist, kandev\u00f5ime: 130kg.","robots":{"index":"index","follow":"follow","max-snippet":"max-snippet:-1","max-image-preview":"max-image-preview:large","max-video-preview":"max-video-preview:-1"},"canonical":"https:\/\/cascoo.ee\/et\/toode\/rattakomplekt-tpp31wc125c4c4p0n\/","og_locale":"et_EE","og_type":"article","og_title":"Rattakomplekt TPP31WC125C4C4P0N - Cascoo","og_description":"125mm, rattakomplekt, piduriga, ratta sisemine osa on valmistatud klaaskiududega pol\u00fcamiidist, turvis on valmistatud klaaskiududega pol\u00fcamiidist, kandev\u00f5ime: 130kg.","og_url":"https:\/\/cascoo.ee\/et\/toode\/rattakomplekt-tpp31wc125c4c4p0n\/","og_site_name":"Cascoo","article_modified_time":"2026-01-14T08:05:08+00:00","og_image":[{"width":1200,"height":1200,"url":"https:\/\/cascoo.ee\/wp-content\/uploads\/2023\/08\/TPP31WC125C4C4P0N.jpg","type":"image\/jpeg"}],"twitter_card":"summary_large_image","twitter_misc":{"Est. reading time":"1 minut"},"schema":{"@context":"https:\/\/schema.org","@graph":[{"@type":"WebPage","@id":"https:\/\/cascoo.ee\/et\/toode\/rattakomplekt-tpp31wc125c4c4p0n\/","url":"https:\/\/cascoo.ee\/et\/toode\/rattakomplekt-tpp31wc125c4c4p0n\/","name":"Rattakomplekt TPP31WC125C4C4P0N - Cascoo","isPartOf":{"@id":"https:\/\/cascoo.ee\/et\/#website"},"primaryImageOfPage":{"@id":"https:\/\/cascoo.ee\/et\/toode\/rattakomplekt-tpp31wc125c4c4p0n\/#primaryimage"},"image":{"@id":"https:\/\/cascoo.ee\/et\/toode\/rattakomplekt-tpp31wc125c4c4p0n\/#primaryimage"},"thumbnailUrl":"https:\/\/cascoo.ee\/wp-content\/uploads\/2023\/08\/TPP31WC125C4C4P0N.jpg","datePublished":"2023-08-14T09:45:44+00:00","dateModified":"2026-01-14T08:05:08+00:00","description":"125mm, rattakomplekt, piduriga, ratta sisemine osa on valmistatud klaaskiududega pol\u00fcamiidist, turvis on valmistatud klaaskiududega pol\u00fcamiidist, kandev\u00f5ime: 130kg.","breadcrumb":{"@id":"https:\/\/cascoo.ee\/et\/toode\/rattakomplekt-tpp31wc125c4c4p0n\/#breadcrumb"},"inLanguage":"et","potentialAction":[{"@type":"ReadAction","target":["https:\/\/cascoo.ee\/et\/toode\/rattakomplekt-tpp31wc125c4c4p0n\/"]}]},{"@type":"ImageObject","inLanguage":"et","@id":"https:\/\/cascoo.ee\/et\/toode\/rattakomplekt-tpp31wc125c4c4p0n\/#primaryimage","url":"https:\/\/cascoo.ee\/wp-content\/uploads\/2023\/08\/TPP31WC125C4C4P0N.jpg","contentUrl":"https:\/\/cascoo.ee\/wp-content\/uploads\/2023\/08\/TPP31WC125C4C4P0N.jpg","width":1200,"height":1200,"caption":"TPP31WC125C4C4P0N"},{"@type":"BreadcrumbList","@id":"https:\/\/cascoo.ee\/et\/toode\/rattakomplekt-tpp31wc125c4c4p0n\/#breadcrumb","itemListElement":[{"@type":"ListItem","position":1,"name":"Esileht","item":"https:\/\/cascoo.ee\/et\/pood\/"},{"@type":"ListItem","position":2,"name":"T\u00f6\u00f6stuslikud rattad","item":"https:\/\/cascoo.ee\/et\/pood\/"},{"@type":"ListItem","position":3,"name":"Rattakomplekt TPP31WC125C4C4P0N"}]},{"@type":"WebSite","@id":"https:\/\/cascoo.ee\/et\/#website","url":"https:\/\/cascoo.ee\/et\/","name":"Cascoo","description":"Industrial Wheels and castors","publisher":{"@id":"https:\/\/cascoo.ee\/et\/#organization"},"potentialAction":[{"@type":"SearchAction","target":{"@type":"EntryPoint","urlTemplate":"https:\/\/cascoo.ee\/et\/?s={search_term_string}"},"query-input":{"@type":"PropertyValueSpecification","valueRequired":true,"valueName":"search_term_string"}}],"inLanguage":"et"},{"@type":"Organization","@id":"https:\/\/cascoo.ee\/et\/#organization","name":"Cascoo","url":"https:\/\/cascoo.ee\/et\/","logo":{"@type":"ImageObject","inLanguage":"et","@id":"https:\/\/cascoo.ee\/et\/#\/schema\/logo\/image\/","url":"https:\/\/cascoo.ee\/wp-content\/uploads\/2023\/07\/Cascoo.png","contentUrl":"https:\/\/cascoo.ee\/wp-content\/uploads\/2023\/07\/Cascoo.png","width":130,"height":51,"caption":"Cascoo"},"image":{"@id":"https:\/\/cascoo.ee\/et\/#\/schema\/logo\/image\/"}}]}},"jetpack-related-posts":[{"id":15112,"url":"https:\/\/cascoo.ee\/et\/toode\/rattakomplekt-tpp21wc100c4c4p0n\/","url_meta":{"origin":15119,"position":0},"title":"Rattakomplekt TPP21WC100C4C4P0N","author":"admin","date":"14. aug. 2023","format":false,"excerpt":"","rel":"","context":"Similar post","block_context":{"text":"Similar post","link":""},"img":{"alt_text":"TPP21WC100C4C4P0N","src":"https:\/\/i0.wp.com\/cascoo.ee\/wp-content\/uploads\/2023\/07\/TPP21WC100C4C4P0N.jpg?resize=350%2C200&ssl=1","width":350,"height":200,"srcset":"https:\/\/i0.wp.com\/cascoo.ee\/wp-content\/uploads\/2023\/07\/TPP21WC100C4C4P0N.jpg?resize=350%2C200&ssl=1 1x, https:\/\/i0.wp.com\/cascoo.ee\/wp-content\/uploads\/2023\/07\/TPP21WC100C4C4P0N.jpg?resize=525%2C300&ssl=1 1.5x, https:\/\/i0.wp.com\/cascoo.ee\/wp-content\/uploads\/2023\/07\/TPP21WC100C4C4P0N.jpg?resize=700%2C400&ssl=1 2x, https:\/\/i0.wp.com\/cascoo.ee\/wp-content\/uploads\/2023\/07\/TPP21WC100C4C4P0N.jpg?resize=1050%2C600&ssl=1 3x"},"classes":[]},{"id":15115,"url":"https:\/\/cascoo.ee\/et\/toode\/rattakomplekt-spp21wc100c4c4p0n\/","url_meta":{"origin":15119,"position":1},"title":"Rattakomplekt SPP21WC100C4C4P0N","author":"admin","date":"14. aug. 2023","format":false,"excerpt":"","rel":"","context":"Similar post","block_context":{"text":"Similar post","link":""},"img":{"alt_text":"SPP21WC100C4C4P0N","src":"https:\/\/i0.wp.com\/cascoo.ee\/wp-content\/uploads\/2023\/08\/SPP21WC100C4C4P0N.jpg?resize=350%2C200&ssl=1","width":350,"height":200,"srcset":"https:\/\/i0.wp.com\/cascoo.ee\/wp-content\/uploads\/2023\/08\/SPP21WC100C4C4P0N.jpg?resize=350%2C200&ssl=1 1x, https:\/\/i0.wp.com\/cascoo.ee\/wp-content\/uploads\/2023\/08\/SPP21WC100C4C4P0N.jpg?resize=525%2C300&ssl=1 1.5x, https:\/\/i0.wp.com\/cascoo.ee\/wp-content\/uploads\/2023\/08\/SPP21WC100C4C4P0N.jpg?resize=700%2C400&ssl=1 2x, https:\/\/i0.wp.com\/cascoo.ee\/wp-content\/uploads\/2023\/08\/SPP21WC100C4C4P0N.jpg?resize=1050%2C600&ssl=1 3x"},"classes":[]},{"id":15116,"url":"https:\/\/cascoo.ee\/et\/toode\/rattakomplekt-spp31wc125c4c4p0n\/","url_meta":{"origin":15119,"position":2},"title":"Rattakomplekt SPP31WC125C4C4C4P0N","author":"admin","date":"14. aug. 2023","format":false,"excerpt":"","rel":"","context":"Similar post","block_context":{"text":"Similar post","link":""},"img":{"alt_text":"SPP31WC125C4C4P0N","src":"https:\/\/i0.wp.com\/cascoo.ee\/wp-content\/uploads\/2023\/07\/SPP31WC125C4C4P0N.jpg?resize=350%2C200&ssl=1","width":350,"height":200,"srcset":"https:\/\/i0.wp.com\/cascoo.ee\/wp-content\/uploads\/2023\/07\/SPP31WC125C4C4P0N.jpg?resize=350%2C200&ssl=1 1x, https:\/\/i0.wp.com\/cascoo.ee\/wp-content\/uploads\/2023\/07\/SPP31WC125C4C4P0N.jpg?resize=525%2C300&ssl=1 1.5x, https:\/\/i0.wp.com\/cascoo.ee\/wp-content\/uploads\/2023\/07\/SPP31WC125C4C4P0N.jpg?resize=700%2C400&ssl=1 2x, https:\/\/i0.wp.com\/cascoo.ee\/wp-content\/uploads\/2023\/07\/SPP31WC125C4C4P0N.jpg?resize=1050%2C600&ssl=1 3x"},"classes":[]},{"id":15111,"url":"https:\/\/cascoo.ee\/et\/toode\/rattakomplekt-tip26sc100c4c4l0n\/","url_meta":{"origin":15119,"position":3},"title":"Rattakomplekt TIP26SC100C4C4L0N","author":"admin","date":"14. aug. 2023","format":false,"excerpt":"","rel":"","context":"Similar post","block_context":{"text":"Similar post","link":""},"img":{"alt_text":"TIP26SC100C4C4L0N","src":"https:\/\/i0.wp.com\/cascoo.ee\/wp-content\/uploads\/2023\/07\/TIP26SC100C4C4L0N.jpg?resize=350%2C200&ssl=1","width":350,"height":200,"srcset":"https:\/\/i0.wp.com\/cascoo.ee\/wp-content\/uploads\/2023\/07\/TIP26SC100C4C4L0N.jpg?resize=350%2C200&ssl=1 1x, https:\/\/i0.wp.com\/cascoo.ee\/wp-content\/uploads\/2023\/07\/TIP26SC100C4C4L0N.jpg?resize=525%2C300&ssl=1 1.5x, https:\/\/i0.wp.com\/cascoo.ee\/wp-content\/uploads\/2023\/07\/TIP26SC100C4C4L0N.jpg?resize=700%2C400&ssl=1 2x, https:\/\/i0.wp.com\/cascoo.ee\/wp-content\/uploads\/2023\/07\/TIP26SC100C4C4L0N.jpg?resize=1050%2C600&ssl=1 3x"},"classes":[]},{"id":16351,"url":"https:\/\/cascoo.ee\/et\/toode\/rattakomplekt-fhpk4wc075v0z0d0n\/","url_meta":{"origin":15119,"position":4},"title":"Rattakomplekt FHPK4WC075V0Z0D0N","author":"admin","date":"14. aug. 2023","format":false,"excerpt":"Fikseeritud suunaga plaatkinnitusega rattakomplekt, tsingitud terasplekist kahvliga, ratta siseosa pol\u00fcamiidist (heavy duty - raskeveo ratas) ja turvis pol\u00fcamiidist (heavy duty).","rel":"","context":"Similar post","block_context":{"text":"Similar post","link":""},"img":{"alt_text":"","src":"https:\/\/i0.wp.com\/cascoo.ee\/wp-content\/uploads\/2023\/08\/FHPK4WC075V0Z0D0N.jpg?resize=350%2C200&ssl=1","width":350,"height":200,"srcset":"https:\/\/i0.wp.com\/cascoo.ee\/wp-content\/uploads\/2023\/08\/FHPK4WC075V0Z0D0N.jpg?resize=350%2C200&ssl=1 1x, https:\/\/i0.wp.com\/cascoo.ee\/wp-content\/uploads\/2023\/08\/FHPK4WC075V0Z0D0N.jpg?resize=525%2C300&ssl=1 1.5x, https:\/\/i0.wp.com\/cascoo.ee\/wp-content\/uploads\/2023\/08\/FHPK4WC075V0Z0D0N.jpg?resize=700%2C400&ssl=1 2x, https:\/\/i0.wp.com\/cascoo.ee\/wp-content\/uploads\/2023\/08\/FHPK4WC075V0Z0D0N.jpg?resize=1050%2C600&ssl=1 3x"},"classes":[]},{"id":16102,"url":"https:\/\/cascoo.ee\/et\/toode\/rattakomplekt-fhp5lwc150z0z0d0n\/","url_meta":{"origin":15119,"position":5},"title":"Rattakomplekt FHP5LWC150Z0Z0D0N","author":"admin","date":"14. aug. 2023","format":false,"excerpt":"","rel":"","context":"Similar post","block_context":{"text":"Similar post","link":""},"img":{"alt_text":"","src":"https:\/\/i0.wp.com\/cascoo.ee\/wp-content\/uploads\/2023\/08\/FHP5LWC150Z0Z0D0N.jpg?resize=350%2C200&ssl=1","width":350,"height":200,"srcset":"https:\/\/i0.wp.com\/cascoo.ee\/wp-content\/uploads\/2023\/08\/FHP5LWC150Z0Z0D0N.jpg?resize=350%2C200&ssl=1 1x, https:\/\/i0.wp.com\/cascoo.ee\/wp-content\/uploads\/2023\/08\/FHP5LWC150Z0Z0D0N.jpg?resize=525%2C300&ssl=1 1.5x, https:\/\/i0.wp.com\/cascoo.ee\/wp-content\/uploads\/2023\/08\/FHP5LWC150Z0Z0D0N.jpg?resize=700%2C400&ssl=1 2x, https:\/\/i0.wp.com\/cascoo.ee\/wp-content\/uploads\/2023\/08\/FHP5LWC150Z0Z0D0N.jpg?resize=1050%2C600&ssl=1 3x"},"classes":[]}],"jetpack_sharing_enabled":true,"_links":{"self":[{"href":"https:\/\/cascoo.ee\/et\/wp-json\/wp\/v2\/product\/15119","targetHints":{"allow":["GET"]}}],"collection":[{"href":"https:\/\/cascoo.ee\/et\/wp-json\/wp\/v2\/product"}],"about":[{"href":"https:\/\/cascoo.ee\/et\/wp-json\/wp\/v2\/types\/product"}],"wp:featuredmedia":[{"embeddable":true,"href":"https:\/\/cascoo.ee\/et\/wp-json\/wp\/v2\/media\/17138"}],"wp:attachment":[{"href":"https:\/\/cascoo.ee\/et\/wp-json\/wp\/v2\/media?parent=15119"}],"wp:term":[{"taxonomy":"product_brand","embeddable":true,"href":"https:\/\/cascoo.ee\/et\/wp-json\/wp\/v2\/product_brand?post=15119"},{"taxonomy":"product_cat","embeddable":true,"href":"https:\/\/cascoo.ee\/et\/wp-json\/wp\/v2\/product_cat?post=15119"},{"taxonomy":"product_tag","embeddable":true,"href":"https:\/\/cascoo.ee\/et\/wp-json\/wp\/v2\/product_tag?post=15119"}],"curies":[{"name":"wp","href":"https:\/\/api.w.org\/{rel}","templated":true}]}}