{"id":9885,"date":"2023-07-21T13:07:59","date_gmt":"2023-07-21T13:07:59","guid":{"rendered":"https:\/\/cascoo.ee\/tingimused\/"},"modified":"2024-05-08T12:11:50","modified_gmt":"2024-05-08T12:11:50","slug":"tingimused","status":"publish","type":"page","link":"https:\/\/cascoo.ee\/et\/tingimused\/","title":{"rendered":"Tingimused"},"content":{"rendered":"\t\t<div data-elementor-type=\"wp-page\" data-elementor-id=\"9885\" class=\"elementor elementor-9885 elementor-15\" wpc-filter-elementor-widget=\"1\">\n\t\t\t\t<div class=\"elementor-element elementor-element-1b6628bb e-flex e-con-boxed e-con e-parent\" data-id=\"1b6628bb\" data-element_type=\"container\" data-e-type=\"container\">\n\t\t\t\t\t<div class=\"e-con-inner\">\n\t\t\t\t<div class=\"elementor-element elementor-element-559e2544 elementor-widget elementor-widget-text-editor\" data-id=\"559e2544\" data-element_type=\"widget\" data-e-type=\"widget\" data-widget_type=\"text-editor.default\">\n\t\t\t\t<div class=\"elementor-widget-container\">\n\t\t\t\t\t\t\t\t\t<p><strong>Tingimused<\/strong><\/p>\n<p>Veebipoe cascoo.ee (edaspidi veebipood) omanik on Tootmisdetail O\u00dc (registrikood 12809994), asukohaga Riia tn 130b\/3, Tartu linn). Telefon +372 53 895 969 ja e-post info@cascoo.ee.<\/p>\n<p>M\u00fc\u00fcgilepingu t\u00e4htaeg ning teave kaupade ja hindade kohta<\/p>\n<p>Veebipoest kaupade ostmisel kehtivad m\u00fc\u00fcgitingimused.<\/p>\n<p>Veebipoes m\u00fc\u00fcdavate toodete hinnad on m\u00e4rgitud toodete juures. Hinnale lisandub tasu kauba kohaletoimetamise eest.<\/p>\n<p>Kauba k\u00e4ttetoimetamise tasu s\u00f5ltub ostja asukohast ja k\u00e4ttetoimetamise viisist. Tarnekulu kuvatakse ostjale tellimuse esitamisel.<\/p>\n<p>Teave kauba kohta on esitatud veebipoes kauba k\u00f5rval.<\/p>\n<p>Tellimuse esitamine<\/p>\n<p>Kaupade tellimiseks tuleb soovitud kaubad lisada ostukorvi. Tellimuse vormistamiseks tuleb t\u00e4ita n\u00f5utavad andmev\u00e4ljad ja valida sobiv tarnevahend. Seej\u00e4rel kuvatakse ekraanil koguhind, mille saab tasuda pangalinkide v\u00f5i muu makselahenduse abil. Kaardimakseid vahendab Maksekeskus AS.<\/p>\n<p>Leping j\u00f5ustub p\u00e4rast seda, kui maksmisele kuuluv summa on kantud e-poe pangakontole.<\/p>\n<p>Kui tellitud kaupa ei ole v\u00f5imalik tarnida lao puudumise v\u00f5i muu p\u00f5hjuse t\u00f5ttu, teavitatakse sellest ostjat niipea kui v\u00f5imalik ja makstud maksumus (sh kohaletoimetamise tasu) tagastatakse tavaliselt 1-2 t\u00f6\u00f6p\u00e4eva jooksul. S\u00f5ltuvalt makseviisist v\u00f5ib tagasimaksmine v\u00f5tta kuni seitse t\u00f6\u00f6p\u00e4eva.<\/p>\n<p>Kohaletoimetamine<\/p>\n<p>Kaupu tarnitakse j\u00e4rgmistesse riikidesse: Eesti, L\u00e4ti, Leedu.<\/p>\n<p>Kauba kohaletoimetamise kulud kannab ostja ja vastav hinnateave on n\u00e4idatud kohaletoimetamisviisi k\u00f5rval.<\/p>\n<p>Eestis j\u00f5uavad pakid tavaliselt ostja poolt m\u00e4\u00e4ratud asukohta 2-4 t\u00f6\u00f6p\u00e4eva jooksul alates m\u00fc\u00fcgilepingu j\u00f5ustumisest.<\/p>\n<p>Erandjuhtudel v\u00f5idakse kaup tarnida kuni 30 kalendrip\u00e4eva jooksul.<\/p>\n<p>Kui veebipood on ostjat oma veebilehel v\u00f5i tellimuse kinnituses teavitanud tarnek\u00fcsimustest ja 30 kalendrip\u00e4eva \u00fcletavast t\u00e4htajast, kehtib veebipoe poolt m\u00e4\u00e4ratud t\u00e4htaeg.<\/p>\n<p>Taganemis\u00f5igus<\/p>\n<p>P\u00e4rast tellimuse k\u00e4ttesaamist on ostjal \u00f5igus e-poega s\u00f5lmitud lepingust taganeda 14 p\u00e4eva jooksul.<\/p>\n<p>Taganemis\u00f5igus ei kehti, kui ostja on juriidiline isik.<\/p>\n<p>14-p\u00e4evase taganemis\u00f5iguse kasutamiseks ei tohi ostja kasutada tellitud kaupa muul viisil, kui see on vajalik kauba olemuse, omaduste ja toimimise kontrollimiseks samamoodi, nagu ostjal oleks lubatud kaupa f\u00fc\u00fcsilises kaupluses katsetada.<\/p>\n<p>Kui tooteid on kasutatud muul viisil, kui on vajalik kauba olemuse, omaduste v\u00f5i funktsionaalsuse seisukohast, v\u00f5i kui neil on kulumisj\u00e4ljed, on e-poel \u00f5igus v\u00e4hendada tagastatavat summat vastavalt kauba v\u00e4\u00e4rtuse v\u00e4henemisele.<\/p>\n<p>Kauba tagastamiseks peab ostja esitama taganemisavalduse, mille vormi saab saata e-posti teel hiljemalt 14 p\u00e4eva jooksul p\u00e4rast kauba k\u00e4ttesaamist.<\/p>\n<p>Kauba tagastamisega seotud kulud kannab ostja, v\u00e4lja arvatud juhul, kui tagastamise p\u00f5hjuseks on asjaolu, et tagastatav toode ei vasta tellitule (nt vale v\u00f5i defektne toode).<\/p>\n<p>Ostja peab kauba tagastama 14 p\u00e4eva jooksul p\u00e4rast sellekohase taotluse esitamist v\u00f5i esitama t\u00f5endi, et kaup on selle aja jooksul vedajale \u00fcle antud.<\/p>\n<p>P\u00e4rast tagastatud kauba k\u00e4ttesaamist tagastab e-pood ostjale lepingu alusel saadud summad viivitamata, kuid mitte hiljem kui 14 p\u00e4eva jooksul p\u00e4rast taganemisavalduse saamist.<\/p>\n<p>Veebipood v\u00f5ib keelduda tagasimakse tegemisest, kuni ta saab lepingu eseme k\u00e4tte v\u00f5i kuni ostja esitab t\u00f5endi, et kaup on tagasi saadetud, olenevalt sellest, kumb toimub varem.<\/p>\n<p>Kui ostja on selges\u00f5naliselt valinud tarneviisi, mis erineb veebipoe pakutavast k\u00f5ige odavamast tavalisest tarneviisist, ei ole veebipood kohustatud tarbijale tagastama summat, mis \u00fcletab tavalise tarne maksumuse.<\/p>\n<p>Veebipoel on \u00f5igus m\u00fc\u00fcgitehingust taganeda ja n\u00f5uda, et ostja tagastaks kauba, kui veebipoes m\u00e4rgitud hind on vea t\u00f5ttu oluliselt madalam kui kauba turuhind.<\/p>\n<p>\u00d5igus esitada kaebus<\/p>\n<p>Veebipood vastutab ostjale m\u00fc\u00fcdud kauba mittevastavuse eest lepingutingimustele v\u00f5i puuduste eest, mis esinesid kauba \u00fcleandmise ajal ja mis ilmnevad kuni kahe aasta jooksul alates kauba \u00fcleandmisest ostjale. Esimese aasta jooksul p\u00e4rast eseme \u00fcleandmist ostjale eeldatakse, et<\/p>\n<p>viga oli olemas juba tarnimise ajal. Selle \u00fcmberl\u00fckkamine on veebipoe kohustus.<\/p>\n<p>Defekti korral on ostjal \u00f5igus hiljemalt kahe kuu jooksul v\u00f5tta \u00fchendust e-poega, saates e-kirja aadressil info@cascoo.ee v\u00f5i helistades telefonil +372 53 895 969.<\/p>\n<p>Veebipood ei vastuta defektide eest, mis on tekkinud tarbija tegevuse v\u00f5i tegevusetuse t\u00f5ttu (vale kasutamine, \u00f5nnetus jne) p\u00e4rast kauba \u00fcleandmist v\u00f5i kauba tavap\u00e4rasest kasutamisest tingitud normaalse kulumise korral.<\/p>\n<p>Kui veebipoest ostetud kaubal on defekt, mille eest veebipood vastutab, parandab v\u00f5i asendab veebipood defektse kauba. Kui kaupa ei ole v\u00f5imalik parandada v\u00f5i asendada, tagastab e-pood ostjale k\u00f5ik m\u00fc\u00fcgilepingu alusel tekkinud tasud.<\/p>\n<p>Veebipood vastab tarbija kaebusele 15 p\u00e4eva jooksul kirjalikult v\u00f5i kirjalikku taasesitamist v\u00f5imaldavas vormis.<\/p>\n\t\t\t\t\t\t\t\t<\/div>\n\t\t\t\t<\/div>\n\t\t\t\t\t<\/div>\n\t\t\t\t<\/div>\n\t\t\t\t<\/div>\n\t\t","protected":false},"excerpt":{"rendered":"<p>Tingimused Veebipoe cascoo.ee (edaspidi veebipood) omanik on Tootmisdetail O\u00dc (registrikood 12809994), asukohaga Riia tn 130b\/3, Tartu linn). Telefon +372 53 895 969 ja e-post info@cascoo.ee. M\u00fc\u00fcgilepingu t\u00e4htaeg ning teave kaupade ja hindade kohta Veebipoest kaupade ostmisel kehtivad m\u00fc\u00fcgitingimused. Veebipoes m\u00fc\u00fcdavate toodete hinnad on m\u00e4rgitud toodete juures. Hinnale lisandub tasu kauba kohaletoimetamise eest. Kauba k\u00e4ttetoimetamise tasu [&hellip;]<\/p>\n","protected":false},"author":1,"featured_media":0,"parent":0,"menu_order":0,"comment_status":"closed","ping_status":"closed","template":"","meta":{"_acf_changed":false,"footnotes":""},"class_list":["post-9885","page","type-page","status-publish","hentry"],"blocksy_meta":[],"acf":[],"yoast_head":"<!-- This site is optimized with the Yoast SEO plugin v27.4 - https:\/\/yoast.com\/product\/yoast-seo-wordpress\/ -->\n<title>Tingimused - Cascoo<\/title>\n<meta name=\"robots\" content=\"index, follow, max-snippet:-1, max-image-preview:large, max-video-preview:-1\" \/>\n<link rel=\"canonical\" href=\"https:\/\/cascoo.ee\/et\/tingimused\/\" \/>\n<meta property=\"og:locale\" content=\"et_EE\" \/>\n<meta property=\"og:type\" content=\"article\" \/>\n<meta property=\"og:title\" content=\"Tingimused - Cascoo\" \/>\n<meta property=\"og:description\" content=\"Tingimused Veebipoe cascoo.ee (edaspidi veebipood) omanik on Tootmisdetail O\u00dc (registrikood 12809994), asukohaga Riia tn 130b\/3, Tartu linn). Telefon +372 53 895 969 ja e-post info@cascoo.ee. M\u00fc\u00fcgilepingu t\u00e4htaeg ning teave kaupade ja hindade kohta Veebipoest kaupade ostmisel kehtivad m\u00fc\u00fcgitingimused. Veebipoes m\u00fc\u00fcdavate toodete hinnad on m\u00e4rgitud toodete juures. Hinnale lisandub tasu kauba kohaletoimetamise eest. Kauba k\u00e4ttetoimetamise tasu [&hellip;]\" \/>\n<meta property=\"og:url\" content=\"https:\/\/cascoo.ee\/et\/tingimused\/\" \/>\n<meta property=\"og:site_name\" content=\"Cascoo\" \/>\n<meta property=\"article:modified_time\" content=\"2024-05-08T12:11:50+00:00\" \/>\n<meta name=\"twitter:card\" content=\"summary_large_image\" \/>\n<meta name=\"twitter:label1\" content=\"Est. reading time\" \/>\n\t<meta name=\"twitter:data1\" content=\"4 minutit\" \/>\n<script type=\"application\/ld+json\" class=\"yoast-schema-graph\">{\"@context\":\"https:\\\/\\\/schema.org\",\"@graph\":[{\"@type\":\"WebPage\",\"@id\":\"https:\\\/\\\/cascoo.ee\\\/et\\\/tingimused\\\/\",\"url\":\"https:\\\/\\\/cascoo.ee\\\/et\\\/tingimused\\\/\",\"name\":\"Tingimused - Cascoo\",\"isPartOf\":{\"@id\":\"https:\\\/\\\/cascoo.ee\\\/et\\\/#website\"},\"datePublished\":\"2023-07-21T13:07:59+00:00\",\"dateModified\":\"2024-05-08T12:11:50+00:00\",\"breadcrumb\":{\"@id\":\"https:\\\/\\\/cascoo.ee\\\/et\\\/tingimused\\\/#breadcrumb\"},\"inLanguage\":\"et\",\"potentialAction\":[{\"@type\":\"ReadAction\",\"target\":[\"https:\\\/\\\/cascoo.ee\\\/et\\\/tingimused\\\/\"]}]},{\"@type\":\"BreadcrumbList\",\"@id\":\"https:\\\/\\\/cascoo.ee\\\/et\\\/tingimused\\\/#breadcrumb\",\"itemListElement\":[{\"@type\":\"ListItem\",\"position\":1,\"name\":\"Esileht\",\"item\":\"https:\\\/\\\/cascoo.ee\\\/et\\\/pood\\\/\"},{\"@type\":\"ListItem\",\"position\":2,\"name\":\"Tingimused\"}]},{\"@type\":\"WebSite\",\"@id\":\"https:\\\/\\\/cascoo.ee\\\/et\\\/#website\",\"url\":\"https:\\\/\\\/cascoo.ee\\\/et\\\/\",\"name\":\"Cascoo\",\"description\":\"Industrial Wheels and castors\",\"publisher\":{\"@id\":\"https:\\\/\\\/cascoo.ee\\\/et\\\/#organization\"},\"potentialAction\":[{\"@type\":\"SearchAction\",\"target\":{\"@type\":\"EntryPoint\",\"urlTemplate\":\"https:\\\/\\\/cascoo.ee\\\/et\\\/?s={search_term_string}\"},\"query-input\":{\"@type\":\"PropertyValueSpecification\",\"valueRequired\":true,\"valueName\":\"search_term_string\"}}],\"inLanguage\":\"et\"},{\"@type\":\"Organization\",\"@id\":\"https:\\\/\\\/cascoo.ee\\\/et\\\/#organization\",\"name\":\"Cascoo\",\"url\":\"https:\\\/\\\/cascoo.ee\\\/et\\\/\",\"logo\":{\"@type\":\"ImageObject\",\"inLanguage\":\"et\",\"@id\":\"https:\\\/\\\/cascoo.ee\\\/et\\\/#\\\/schema\\\/logo\\\/image\\\/\",\"url\":\"https:\\\/\\\/cascoo.ee\\\/wp-content\\\/uploads\\\/2023\\\/07\\\/Cascoo.png\",\"contentUrl\":\"https:\\\/\\\/cascoo.ee\\\/wp-content\\\/uploads\\\/2023\\\/07\\\/Cascoo.png\",\"width\":130,\"height\":51,\"caption\":\"Cascoo\"},\"image\":{\"@id\":\"https:\\\/\\\/cascoo.ee\\\/et\\\/#\\\/schema\\\/logo\\\/image\\\/\"}}]}<\/script>\n<!-- \/ Yoast SEO plugin. -->","yoast_head_json":{"title":"Tingimused - Cascoo","robots":{"index":"index","follow":"follow","max-snippet":"max-snippet:-1","max-image-preview":"max-image-preview:large","max-video-preview":"max-video-preview:-1"},"canonical":"https:\/\/cascoo.ee\/et\/tingimused\/","og_locale":"et_EE","og_type":"article","og_title":"Tingimused - Cascoo","og_description":"Tingimused Veebipoe cascoo.ee (edaspidi veebipood) omanik on Tootmisdetail O\u00dc (registrikood 12809994), asukohaga Riia tn 130b\/3, Tartu linn). Telefon +372 53 895 969 ja e-post info@cascoo.ee. M\u00fc\u00fcgilepingu t\u00e4htaeg ning teave kaupade ja hindade kohta Veebipoest kaupade ostmisel kehtivad m\u00fc\u00fcgitingimused. Veebipoes m\u00fc\u00fcdavate toodete hinnad on m\u00e4rgitud toodete juures. Hinnale lisandub tasu kauba kohaletoimetamise eest. Kauba k\u00e4ttetoimetamise tasu [&hellip;]","og_url":"https:\/\/cascoo.ee\/et\/tingimused\/","og_site_name":"Cascoo","article_modified_time":"2024-05-08T12:11:50+00:00","twitter_card":"summary_large_image","twitter_misc":{"Est. reading time":"4 minutit"},"schema":{"@context":"https:\/\/schema.org","@graph":[{"@type":"WebPage","@id":"https:\/\/cascoo.ee\/et\/tingimused\/","url":"https:\/\/cascoo.ee\/et\/tingimused\/","name":"Tingimused - Cascoo","isPartOf":{"@id":"https:\/\/cascoo.ee\/et\/#website"},"datePublished":"2023-07-21T13:07:59+00:00","dateModified":"2024-05-08T12:11:50+00:00","breadcrumb":{"@id":"https:\/\/cascoo.ee\/et\/tingimused\/#breadcrumb"},"inLanguage":"et","potentialAction":[{"@type":"ReadAction","target":["https:\/\/cascoo.ee\/et\/tingimused\/"]}]},{"@type":"BreadcrumbList","@id":"https:\/\/cascoo.ee\/et\/tingimused\/#breadcrumb","itemListElement":[{"@type":"ListItem","position":1,"name":"Esileht","item":"https:\/\/cascoo.ee\/et\/pood\/"},{"@type":"ListItem","position":2,"name":"Tingimused"}]},{"@type":"WebSite","@id":"https:\/\/cascoo.ee\/et\/#website","url":"https:\/\/cascoo.ee\/et\/","name":"Cascoo","description":"Industrial Wheels and castors","publisher":{"@id":"https:\/\/cascoo.ee\/et\/#organization"},"potentialAction":[{"@type":"SearchAction","target":{"@type":"EntryPoint","urlTemplate":"https:\/\/cascoo.ee\/et\/?s={search_term_string}"},"query-input":{"@type":"PropertyValueSpecification","valueRequired":true,"valueName":"search_term_string"}}],"inLanguage":"et"},{"@type":"Organization","@id":"https:\/\/cascoo.ee\/et\/#organization","name":"Cascoo","url":"https:\/\/cascoo.ee\/et\/","logo":{"@type":"ImageObject","inLanguage":"et","@id":"https:\/\/cascoo.ee\/et\/#\/schema\/logo\/image\/","url":"https:\/\/cascoo.ee\/wp-content\/uploads\/2023\/07\/Cascoo.png","contentUrl":"https:\/\/cascoo.ee\/wp-content\/uploads\/2023\/07\/Cascoo.png","width":130,"height":51,"caption":"Cascoo"},"image":{"@id":"https:\/\/cascoo.ee\/et\/#\/schema\/logo\/image\/"}}]}},"jetpack-related-posts":[{"id":9849,"url":"https:\/\/cascoo.ee\/et\/privaatsuspoliitika\/","url_meta":{"origin":9885,"position":0},"title":"Privaatsuspoliitika","author":"admin","date":"6. juuli 2023","format":false,"excerpt":"Privaatsuspoliitika Meie veebilehe aadress on https:\/\/cascoo.ee. Isikuandmete t\u00f6\u00f6tlemine on igasugune tegevus, mida tehakse veebilehe kasutaja (edaspidi \"kasutaja\") isikuandmetega - andmete kogumine, t\u00f6\u00f6tlemine, s\u00e4ilitamine, parandamine v\u00f5i kustutamine. Kasutajad on k\u00f5ik isikud, kes k\u00fclastavad veebilehte, tarbivad teenuseid v\u00f5i annavad Tootmisdetail O\u00dc-le teavet. N\u00e4iteks artiklite lugemine, teenuste tellimine v\u00f5i kontakteerumine Tootmisdetail O\u00dc-ga e-posti\u2026","rel":"","context":"Similar post","block_context":{"text":"Similar post","link":""},"img":{"alt_text":"","src":"","width":0,"height":0},"classes":[]},{"id":20403,"url":"https:\/\/cascoo.ee\/fi\/teollisuuspyorat-ja-rullat\/","url_meta":{"origin":9885,"position":1},"title":"Teollisuuspy\u00f6r\u00e4t ja -rullat","author":"admin","date":"6. juuli 2023","format":false,"excerpt":"","rel":"","context":"Similar post","block_context":{"text":"Similar post","link":""},"img":{"alt_text":"","src":"","width":0,"height":0},"classes":[]},{"id":20416,"url":"https:\/\/cascoo.ee\/fi\/yhteystiedot-meista\/","url_meta":{"origin":9885,"position":2},"title":"Yhteystiedot &amp; meist\u00e4","author":"admin","date":"21. juuli 2023","format":false,"excerpt":"Tietoja Tootmisdetail O\u00dc:sta Tootmisdetail O\u00dc on Cascoo-konsernin virallinen edustaja Virossa, ja se tuo paikallisille markkinoille yli 10 vuoden kokemuksen py\u00f6rien ja rullien tuotannosta ja myynnist\u00e4. Strateginen l\u00e4hestymistapamme keskittyy innovaatioon, tiimity\u00f6h\u00f6n ja asiakastyytyv\u00e4isyyteen. Tarjoamme laajan valikoiman vakio- ja r\u00e4\u00e4t\u00e4l\u00f6ityj\u00e4 ratkaisuja, ja suurikapasiteettinen varastomme takaa suurten tilausten oikea-aikaisen toimituksen my\u00f6s lyhyell\u00e4 varoitusajalla.\u2026","rel":"","context":"Similar post","block_context":{"text":"Similar post","link":""},"img":{"alt_text":"","src":"","width":0,"height":0},"classes":[]},{"id":9894,"url":"https:\/\/cascoo.ee\/et\/tehniline-teave\/","url_meta":{"origin":9885,"position":3},"title":"Tehniline teave","author":"admin","date":"2. aug. 2023","format":false,"excerpt":"[divider] [row] [col span=\"6\" span__sm=\"12\"] KUIDAS TEHA - \u00f5ige valik? Milline on parim viis oma kauba transportimiseks \u00fchest kohast teise? Muidugi, CASCOO t\u00f6\u00f6stuslikel ratastel Kuidas t\u00f6\u00f6stuslikke rattaid valida? \u00d5igete rataste valikul tuleb arvesse v\u00f5tta erinevaid tegureid: kandev\u00f5ime, temperatuurivahemik, maapind, m\u00fcraomadused, t\u00f6\u00f6keskkond ja muidugi hind. J\u00e4rgnevalt soovime anda teile \u00fclevaate, mida\u2026","rel":"","context":"Similar post","block_context":{"text":"Similar post","link":""},"img":{"alt_text":"","src":"","width":0,"height":0},"classes":[]},{"id":20481,"url":"https:\/\/cascoo.ee\/fi\/tietosuojakaytanto\/","url_meta":{"origin":9885,"position":4},"title":"Tietosuojak\u00e4yt\u00e4nt\u00f6","author":"admin","date":"6. juuli 2023","format":false,"excerpt":"Tietosuojak\u00e4yt\u00e4nt\u00f6Verkkosivustomme osoite on https:\/\/cascoo.ee.Henkil\u00f6tietojen k\u00e4sittely on mit\u00e4 tahansa toimintaa, joka suoritetaan verkkosivuston k\u00e4ytt\u00e4j\u00e4n (j\u00e4ljemp\u00e4n\u00e4 k\u00e4ytt\u00e4j\u00e4) henkil\u00f6tiedoilla - tietojen ker\u00e4\u00e4minen, k\u00e4sittely, s\u00e4ilytt\u00e4minen, korjaaminen tai poistaminen.K\u00e4ytt\u00e4ji\u00e4 ovat kaikki henkil\u00f6t, jotka vierailevat verkkosivustolla, k\u00e4ytt\u00e4v\u00e4t palveluja tai antavat tietoja Tootmisdetail O\u00dc:lle. Esimerkiksi artikkeleiden lukeminen, palvelujen tilaaminen tai yhteydenotto Tootmisdetail O\u00dc:hen s\u00e4hk\u00f6postitse. K\u00e4ytt\u00e4m\u00e4ll\u00e4 verkkosivustoa k\u00e4ytt\u00e4j\u00e4\u2026","rel":"","context":"Similar post","block_context":{"text":"Similar post","link":""},"img":{"alt_text":"","src":"","width":0,"height":0},"classes":[]},{"id":20418,"url":"https:\/\/cascoo.ee\/fi\/myyntiehdot\/","url_meta":{"origin":9885,"position":5},"title":"Myyntiehdot","author":"admin","date":"21. juuli 2023","format":false,"excerpt":"MyyntiehdotVerkkokaupan cascoo.ee (j\u00e4ljemp\u00e4n\u00e4 verkkokauppa) omistaja on Tootmisdetail O\u00dc (rekisterikoodi 12809994), jonka osoite on Riia tn 130b\/3, Tartu linn. Puhelin +372 53 895 969 ja s\u00e4hk\u00f6posti info@cascoo.ee.Myyntisopimuksen ehdot ja tiedot tavaroista ja hinnoistaMyyntiehdot koskevat tavaroiden ostamista verkkokaupasta.Verkkokaupassa myyt\u00e4vien tuotteiden hinnat on ilmoitettu tuotteiden yhteydess\u00e4. Hintaan lis\u00e4t\u00e4\u00e4n tavaroiden toimitusmaksu.Tavaroiden toimitusmaksu riippuu ostajan\u2026","rel":"","context":"Similar post","block_context":{"text":"Similar post","link":""},"img":{"alt_text":"","src":"","width":0,"height":0},"classes":[]}],"jetpack_sharing_enabled":true,"_links":{"self":[{"href":"https:\/\/cascoo.ee\/et\/wp-json\/wp\/v2\/pages\/9885","targetHints":{"allow":["GET"]}}],"collection":[{"href":"https:\/\/cascoo.ee\/et\/wp-json\/wp\/v2\/pages"}],"about":[{"href":"https:\/\/cascoo.ee\/et\/wp-json\/wp\/v2\/types\/page"}],"author":[{"embeddable":true,"href":"https:\/\/cascoo.ee\/et\/wp-json\/wp\/v2\/users\/1"}],"replies":[{"embeddable":true,"href":"https:\/\/cascoo.ee\/et\/wp-json\/wp\/v2\/comments?post=9885"}],"version-history":[{"count":7,"href":"https:\/\/cascoo.ee\/et\/wp-json\/wp\/v2\/pages\/9885\/revisions"}],"predecessor-version":[{"id":18187,"href":"https:\/\/cascoo.ee\/et\/wp-json\/wp\/v2\/pages\/9885\/revisions\/18187"}],"wp:attachment":[{"href":"https:\/\/cascoo.ee\/et\/wp-json\/wp\/v2\/media?parent=9885"}],"curies":[{"name":"wp","href":"https:\/\/api.w.org\/{rel}","templated":true}]}}