{"id":9849,"date":"2023-07-06T15:49:22","date_gmt":"2023-07-06T15:49:22","guid":{"rendered":"https:\/\/cascoo.ee\/privaatsuspoliitika\/"},"modified":"2024-05-08T12:21:33","modified_gmt":"2024-05-08T12:21:33","slug":"privaatsuspoliitika","status":"publish","type":"page","link":"https:\/\/cascoo.ee\/et\/privaatsuspoliitika\/","title":{"rendered":"Privaatsuspoliitika"},"content":{"rendered":"\t\t<div data-elementor-type=\"wp-page\" data-elementor-id=\"9849\" class=\"elementor elementor-9849 elementor-3\" wpc-filter-elementor-widget=\"1\">\n\t\t\t\t<div class=\"elementor-element elementor-element-26f99b27 e-flex e-con-boxed e-con e-parent\" data-id=\"26f99b27\" data-element_type=\"container\" data-e-type=\"container\">\n\t\t\t\t\t<div class=\"e-con-inner\">\n\t\t\t\t<div class=\"elementor-element elementor-element-d7b7666 elementor-widget elementor-widget-text-editor\" data-id=\"d7b7666\" data-element_type=\"widget\" data-e-type=\"widget\" data-widget_type=\"text-editor.default\">\n\t\t\t\t<div class=\"elementor-widget-container\">\n\t\t\t\t\t\t\t\t\t<p><strong>Privaatsuspoliitika<\/strong><\/p>\n<p>Meie veebilehe aadress on <a href=\"https:\/\/cascoo.ee\/et\/\">https:\/\/cascoo.ee<\/a>.<\/p>\n<p>Isikuandmete t\u00f6\u00f6tlemine on igasugune tegevus, mida tehakse veebilehe kasutaja (edaspidi &#8220;kasutaja&#8221;) isikuandmetega &#8211; andmete kogumine, t\u00f6\u00f6tlemine, s\u00e4ilitamine, parandamine v\u00f5i kustutamine.<\/p>\n<p>Kasutajad on k\u00f5ik isikud, kes k\u00fclastavad veebilehte, tarbivad teenuseid v\u00f5i annavad Tootmisdetail O\u00dc-le teavet. N\u00e4iteks artiklite lugemine, teenuste tellimine v\u00f5i kontakteerumine Tootmisdetail O\u00dc-ga e-posti teel.<\/p>\n<p>Veebisaidi kasutamisega annab kasutaja n\u00f5usoleku oma andmete t\u00f6\u00f6tlemiseks vastavalt k\u00e4esolevatele privaatsustingimustele.<\/p>\n<p><span style=\"text-align: var(--text-align); background-color: var(--theme-palette-color-8); color: var(--theme-text-color); font-family: var(--theme-font-family); font-size: var(--theme-font-size); font-style: var(--theme-font-style, inherit); font-weight: var(--theme-font-weight); letter-spacing: var(--theme-letter-spacing); text-transform: var(--theme-text-transform);\">Tootmisdetail<\/span> O\u00dc kogub veebilehe kaudu kasutajate j\u00e4rgmisi isikuandmeid allpool kirjeldatud viisil:<\/p>\n<ul>\n<li>kasutaja nimi, telefoninumber ja e-posti aadress, mille kasutaja esitab teaben\u00f5ude esitamisel;<\/li>\n<li>veebilehe k\u00fclastatavuse statistika &#8211; Google Analyticsi abil.<\/li>\n<\/ul>\n<p><span style=\"text-align: var(--text-align); background-color: var(--theme-palette-color-8); color: var(--theme-text-color); font-family: var(--theme-font-family); font-size: var(--theme-font-size); font-style: var(--theme-font-style, inherit); font-weight: var(--theme-font-weight); letter-spacing: var(--theme-letter-spacing); text-transform: var(--theme-text-transform);\">Tootmisdetail<\/span> O\u00dc kasutab isikuandmeid:<\/p>\n<ul>\n<li>kasutajale teenuste osutamiseks, n\u00e4iteks lepingute s\u00f5lmimiseks ja t\u00e4itmiseks, kasutajaga suhtlemiseks ja arvete saatmiseks;<\/li>\n<li>saata pakkumisi kasutaja e-posti aadressile, kuid ainult kasutaja eelneval n\u00f5usolekul;<\/li>\n<li>anal\u00fc\u00fcsida veebisaidi k\u00fclastuste statistikat, et parandada kasutajakogemust ja t\u00f5hustada turundust.<\/li>\n<\/ul>\n<p>Kasutajal on \u00f5igus igal ajal keelata oma isikuandmete t\u00f6\u00f6tlemine, v\u00e4lja arvatud juhul, kui see on vajalik lepingust tuleneva n\u00f5ude t\u00e4itmiseks, sealhulgas teenuste osutamiseks.<\/p>\n<p>Kolmas osapool on Tootmisdetail O\u00dc lepinguline partner, kes t\u00f6\u00f6tleb isikuandmeid ja pakub veebilehe kasutajale teenuseid oma toote v\u00f5i teenuse kaudu.<\/p>\n<p><span style=\"text-align: var(--text-align); background-color: var(--theme-palette-color-8); color: var(--theme-text-color); font-family: var(--theme-font-family); font-size: var(--theme-font-size); font-style: var(--theme-font-style, inherit); font-weight: var(--theme-font-weight); letter-spacing: var(--theme-letter-spacing); text-transform: var(--theme-text-transform);\">Tootmisdetail<\/span> O\u00dc kasutab igap\u00e4evaseks tegevuseks kolmandaid osapooli, kes pakuvad:<\/p>\n<ul>\n<li>e-posti saatmise ja haldamise s\u00fcsteem;<\/li>\n<li>veebisaidi hosting;<\/li>\n<li>veebisaidi kasutusstatistika anal\u00fc\u00fcs.<\/li>\n<\/ul>\n<p><span style=\"text-align: var(--text-align); background-color: var(--theme-palette-color-8); color: var(--theme-text-color); font-family: var(--theme-font-family); font-size: var(--theme-font-size); font-style: var(--theme-font-style, inherit); font-weight: var(--theme-font-weight); letter-spacing: var(--theme-letter-spacing); text-transform: var(--theme-text-transform);\">Tootmisdetail<\/span> O\u00dc artiklid v\u00f5ivad sisaldada lisatud sisu teistest allikatest (videod, pildid, artiklid jne). Need k\u00e4ituvad samamoodi nagu nende algse l\u00e4htelehe k\u00fclastamine.<\/p>\n<p><span style=\"text-align: var(--text-align); background-color: var(--theme-palette-color-8); color: var(--theme-text-color); font-family: var(--theme-font-family); font-size: var(--theme-font-size); font-style: var(--theme-font-style, inherit); font-weight: var(--theme-font-weight); letter-spacing: var(--theme-letter-spacing); text-transform: var(--theme-text-transform);\">Tootmisdetail<\/span> O\u00dc veebileht kasutab k\u00fcpsiseid, et tagada parem kasutajakogemus, t\u00f5husam turundustegevus ja koguda kasutusstatistikat.<\/p>\n<p>Tootmisdetail O\u00dc veebilehe kasutamisega n\u00f5ustub kasutaja k\u00fcpsiste kasutamisega siin kirjeldatud viisil.<\/p>\n<p>K\u00fcpsis on v\u00e4ike tekstifail, mille veebilehitseja salvestab automaatselt kasutaja seadmesse. K\u00fcpsiseid v\u00f5ivad luua erinevad teenusepakkujad, n\u00e4iteks Google v\u00f5i YouTube. K\u00fcpsisefailid ei ole arvutile kahjulikud.<\/p>\n<p>K\u00fcpsiseid on kahte t\u00fc\u00fcpi:<\/p>\n<ul>\n<li>p\u00fcsik\u00fcpsised, mis j\u00e4\u00e4vad p\u00fcsivalt kasutaja arvuti k\u00fcpsiste faili. Neid v\u00f5ib kasutada n\u00e4iteks selleks, et tuvastada kasutaja kui veebisaidi korduvk\u00fclastaja ja kohandada veebisaidi sisu vastavalt kasutaja vajadustele v\u00f5i statistiliste andmete kogumiseks.<\/li>\n<li>Seansik\u00fcpsised on ajutised ja kaovad, kui kasutaja lahkub veebilehelt v\u00f5i sulgeb oma veebilehitseja. Seansik\u00fcpsiseid v\u00f5ib kasutada teatud veebisaidi funktsioonide jaoks, n\u00e4iteks teenuse v\u00f5i toote taotlemiseks.<\/li>\n<\/ul>\n<p>K\u00fcpsiseid kasutatakse teabe kogumiseks selle kohta, kuidas veebilehte kasutatakse, et muuta see isikup\u00e4rasemaks ja kasutajas\u00f5bralikumaks. Lisaks aitavad k\u00fcpsised koguda kasutajate statistikat, mis v\u00f5imaldab m\u00f5\u00f5ta ja parandada veebisaidi toimivust ning luua aluse t\u00f5husaks turundustegevuseks.<\/p>\n<p>Kui kasutaja on oma veebilehitseja seadetes k\u00fcpsised lubatud, loetakse, et ta on k\u00fcpsistega n\u00f5us. Sageli lubavad veebilehitsejad vaikimisi k\u00fcpsiste salvestamist seadmesse. Kasutaja saab oma seadmes k\u00fcpsised keelata v\u00f5i kustutada, muutes oma veebilehitseja vastavaid seadeid. K\u00fcpsiste keelamine v\u00f5ib p\u00f5hjustada selle, et veebisait ei t\u00f6\u00f6ta \u00f5igesti.<\/p>\n<p>Kasutame Google Analytics&#8217;i kasutusstatistika kogumiseks, kogudes andmeid k\u00fclastatud alamlehtede, k\u00fclastuste kestuse, k\u00fclastuste arvu, kasutatud seadmete, sisenemiskanalite ja muu statistika kohta.<\/p>\n<p>Google Analytics v\u00f5ib siiski koguda andmeid kasutaja tegevuse kohta ka ilma k\u00fcpsistefaile kasutamata. Google Analyticsi andmete kasutamise takistamiseks v\u00f5ib kasutaja paigaldada oma seadmesse Google Analyticsi blokeeriva rakenduse.<\/p>\n<p><span style=\"text-align: var(--text-align); background-color: var(--theme-palette-color-8); color: var(--theme-text-color); font-family: var(--theme-font-family); font-size: var(--theme-font-size); font-style: var(--theme-font-style, inherit); font-weight: var(--theme-font-weight); letter-spacing: var(--theme-letter-spacing); text-transform: var(--theme-text-transform);\">Tootmisdetail<\/span> O\u00dc j\u00e4tab endale \u00f5iguse muuta privaatsustingimusi \u00fchepoolselt ja ilma eelneva etteteatamiseta, eesm\u00e4rgiga tagada nende vastavus seadusele. Privaatsustingimuste uusim versioon on alati k\u00e4ttesaadav veebilehel.<\/p>\n\t\t\t\t\t\t\t\t<\/div>\n\t\t\t\t<\/div>\n\t\t\t\t\t<\/div>\n\t\t\t\t<\/div>\n\t\t\t\t<\/div>\n\t\t","protected":false},"excerpt":{"rendered":"<p>Privaatsuspoliitika Meie veebilehe aadress on https:\/\/cascoo.ee. Isikuandmete t\u00f6\u00f6tlemine on igasugune tegevus, mida tehakse veebilehe kasutaja (edaspidi &#8220;kasutaja&#8221;) isikuandmetega &#8211; andmete kogumine, t\u00f6\u00f6tlemine, s\u00e4ilitamine, parandamine v\u00f5i kustutamine. Kasutajad on k\u00f5ik isikud, kes k\u00fclastavad veebilehte, tarbivad teenuseid v\u00f5i annavad Tootmisdetail O\u00dc-le teavet. N\u00e4iteks artiklite lugemine, teenuste tellimine v\u00f5i kontakteerumine Tootmisdetail O\u00dc-ga e-posti teel. Veebisaidi kasutamisega annab kasutaja [&hellip;]<\/p>\n","protected":false},"author":1,"featured_media":0,"parent":0,"menu_order":0,"comment_status":"closed","ping_status":"closed","template":"","meta":{"_acf_changed":false,"footnotes":""},"class_list":["post-9849","page","type-page","status-publish","hentry"],"blocksy_meta":[],"acf":[],"yoast_head":"<!-- This site is optimized with the Yoast SEO plugin v27.5 - https:\/\/yoast.com\/product\/yoast-seo-wordpress\/ -->\n<title>Privaatsuspoliitika - Cascoo<\/title>\n<meta name=\"description\" content=\"Tootmisdetail O\u00dc j\u00e4tab endale \u00f5iguse muuta privaatsustingimusi \u00fchepoolselt ja ilma eelneva etteteatamiseta, eesm\u00e4rgiga tagada nende vastavus seadusele. Privaatsustingimuste uusim versioon on alati k\u00e4ttesaadav veebilehel.\" \/>\n<meta name=\"robots\" content=\"index, follow, max-snippet:-1, max-image-preview:large, max-video-preview:-1\" \/>\n<link rel=\"canonical\" href=\"https:\/\/cascoo.ee\/et\/privaatsuspoliitika\/\" \/>\n<meta property=\"og:locale\" content=\"et_EE\" \/>\n<meta property=\"og:type\" content=\"article\" \/>\n<meta property=\"og:title\" content=\"Privaatsuspoliitika - Cascoo\" \/>\n<meta property=\"og:description\" content=\"Tootmisdetail O\u00dc j\u00e4tab endale \u00f5iguse muuta privaatsustingimusi \u00fchepoolselt ja ilma eelneva etteteatamiseta, eesm\u00e4rgiga tagada nende vastavus seadusele. Privaatsustingimuste uusim versioon on alati k\u00e4ttesaadav veebilehel.\" \/>\n<meta property=\"og:url\" content=\"https:\/\/cascoo.ee\/et\/privaatsuspoliitika\/\" \/>\n<meta property=\"og:site_name\" content=\"Cascoo\" \/>\n<meta property=\"article:modified_time\" content=\"2024-05-08T12:21:33+00:00\" \/>\n<meta name=\"twitter:card\" content=\"summary_large_image\" \/>\n<meta name=\"twitter:label1\" content=\"Est. reading time\" \/>\n\t<meta name=\"twitter:data1\" content=\"3 minutit\" \/>\n<script type=\"application\/ld+json\" class=\"yoast-schema-graph\">{\"@context\":\"https:\\\/\\\/schema.org\",\"@graph\":[{\"@type\":\"WebPage\",\"@id\":\"https:\\\/\\\/cascoo.ee\\\/et\\\/privaatsuspoliitika\\\/\",\"url\":\"https:\\\/\\\/cascoo.ee\\\/et\\\/privaatsuspoliitika\\\/\",\"name\":\"Privaatsuspoliitika - Cascoo\",\"isPartOf\":{\"@id\":\"https:\\\/\\\/cascoo.ee\\\/et\\\/#website\"},\"datePublished\":\"2023-07-06T15:49:22+00:00\",\"dateModified\":\"2024-05-08T12:21:33+00:00\",\"description\":\"Tootmisdetail O\u00dc j\u00e4tab endale \u00f5iguse muuta privaatsustingimusi \u00fchepoolselt ja ilma eelneva etteteatamiseta, eesm\u00e4rgiga tagada nende vastavus seadusele. Privaatsustingimuste uusim versioon on alati k\u00e4ttesaadav veebilehel.\",\"breadcrumb\":{\"@id\":\"https:\\\/\\\/cascoo.ee\\\/et\\\/privaatsuspoliitika\\\/#breadcrumb\"},\"inLanguage\":\"et\",\"potentialAction\":[{\"@type\":\"ReadAction\",\"target\":[\"https:\\\/\\\/cascoo.ee\\\/et\\\/privaatsuspoliitika\\\/\"]}]},{\"@type\":\"BreadcrumbList\",\"@id\":\"https:\\\/\\\/cascoo.ee\\\/et\\\/privaatsuspoliitika\\\/#breadcrumb\",\"itemListElement\":[{\"@type\":\"ListItem\",\"position\":1,\"name\":\"Esileht\",\"item\":\"https:\\\/\\\/cascoo.ee\\\/et\\\/pood\\\/\"},{\"@type\":\"ListItem\",\"position\":2,\"name\":\"Privaatsuspoliitika\"}]},{\"@type\":\"WebSite\",\"@id\":\"https:\\\/\\\/cascoo.ee\\\/et\\\/#website\",\"url\":\"https:\\\/\\\/cascoo.ee\\\/et\\\/\",\"name\":\"Cascoo\",\"description\":\"Industrial Wheels and castors\",\"publisher\":{\"@id\":\"https:\\\/\\\/cascoo.ee\\\/et\\\/#organization\"},\"potentialAction\":[{\"@type\":\"SearchAction\",\"target\":{\"@type\":\"EntryPoint\",\"urlTemplate\":\"https:\\\/\\\/cascoo.ee\\\/et\\\/?s={search_term_string}\"},\"query-input\":{\"@type\":\"PropertyValueSpecification\",\"valueRequired\":true,\"valueName\":\"search_term_string\"}}],\"inLanguage\":\"et\"},{\"@type\":\"Organization\",\"@id\":\"https:\\\/\\\/cascoo.ee\\\/et\\\/#organization\",\"name\":\"Cascoo\",\"url\":\"https:\\\/\\\/cascoo.ee\\\/et\\\/\",\"logo\":{\"@type\":\"ImageObject\",\"inLanguage\":\"et\",\"@id\":\"https:\\\/\\\/cascoo.ee\\\/et\\\/#\\\/schema\\\/logo\\\/image\\\/\",\"url\":\"https:\\\/\\\/cascoo.ee\\\/wp-content\\\/uploads\\\/2023\\\/07\\\/Cascoo.png\",\"contentUrl\":\"https:\\\/\\\/cascoo.ee\\\/wp-content\\\/uploads\\\/2023\\\/07\\\/Cascoo.png\",\"width\":130,\"height\":51,\"caption\":\"Cascoo\"},\"image\":{\"@id\":\"https:\\\/\\\/cascoo.ee\\\/et\\\/#\\\/schema\\\/logo\\\/image\\\/\"}}]}<\/script>\n<!-- \/ Yoast SEO plugin. -->","yoast_head_json":{"title":"Privaatsuspoliitika - Cascoo","description":"Tootmisdetail O\u00dc j\u00e4tab endale \u00f5iguse muuta privaatsustingimusi \u00fchepoolselt ja ilma eelneva etteteatamiseta, eesm\u00e4rgiga tagada nende vastavus seadusele. Privaatsustingimuste uusim versioon on alati k\u00e4ttesaadav veebilehel.","robots":{"index":"index","follow":"follow","max-snippet":"max-snippet:-1","max-image-preview":"max-image-preview:large","max-video-preview":"max-video-preview:-1"},"canonical":"https:\/\/cascoo.ee\/et\/privaatsuspoliitika\/","og_locale":"et_EE","og_type":"article","og_title":"Privaatsuspoliitika - Cascoo","og_description":"Tootmisdetail O\u00dc j\u00e4tab endale \u00f5iguse muuta privaatsustingimusi \u00fchepoolselt ja ilma eelneva etteteatamiseta, eesm\u00e4rgiga tagada nende vastavus seadusele. Privaatsustingimuste uusim versioon on alati k\u00e4ttesaadav veebilehel.","og_url":"https:\/\/cascoo.ee\/et\/privaatsuspoliitika\/","og_site_name":"Cascoo","article_modified_time":"2024-05-08T12:21:33+00:00","twitter_card":"summary_large_image","twitter_misc":{"Est. reading time":"3 minutit"},"schema":{"@context":"https:\/\/schema.org","@graph":[{"@type":"WebPage","@id":"https:\/\/cascoo.ee\/et\/privaatsuspoliitika\/","url":"https:\/\/cascoo.ee\/et\/privaatsuspoliitika\/","name":"Privaatsuspoliitika - Cascoo","isPartOf":{"@id":"https:\/\/cascoo.ee\/et\/#website"},"datePublished":"2023-07-06T15:49:22+00:00","dateModified":"2024-05-08T12:21:33+00:00","description":"Tootmisdetail O\u00dc j\u00e4tab endale \u00f5iguse muuta privaatsustingimusi \u00fchepoolselt ja ilma eelneva etteteatamiseta, eesm\u00e4rgiga tagada nende vastavus seadusele. Privaatsustingimuste uusim versioon on alati k\u00e4ttesaadav veebilehel.","breadcrumb":{"@id":"https:\/\/cascoo.ee\/et\/privaatsuspoliitika\/#breadcrumb"},"inLanguage":"et","potentialAction":[{"@type":"ReadAction","target":["https:\/\/cascoo.ee\/et\/privaatsuspoliitika\/"]}]},{"@type":"BreadcrumbList","@id":"https:\/\/cascoo.ee\/et\/privaatsuspoliitika\/#breadcrumb","itemListElement":[{"@type":"ListItem","position":1,"name":"Esileht","item":"https:\/\/cascoo.ee\/et\/pood\/"},{"@type":"ListItem","position":2,"name":"Privaatsuspoliitika"}]},{"@type":"WebSite","@id":"https:\/\/cascoo.ee\/et\/#website","url":"https:\/\/cascoo.ee\/et\/","name":"Cascoo","description":"Industrial Wheels and castors","publisher":{"@id":"https:\/\/cascoo.ee\/et\/#organization"},"potentialAction":[{"@type":"SearchAction","target":{"@type":"EntryPoint","urlTemplate":"https:\/\/cascoo.ee\/et\/?s={search_term_string}"},"query-input":{"@type":"PropertyValueSpecification","valueRequired":true,"valueName":"search_term_string"}}],"inLanguage":"et"},{"@type":"Organization","@id":"https:\/\/cascoo.ee\/et\/#organization","name":"Cascoo","url":"https:\/\/cascoo.ee\/et\/","logo":{"@type":"ImageObject","inLanguage":"et","@id":"https:\/\/cascoo.ee\/et\/#\/schema\/logo\/image\/","url":"https:\/\/cascoo.ee\/wp-content\/uploads\/2023\/07\/Cascoo.png","contentUrl":"https:\/\/cascoo.ee\/wp-content\/uploads\/2023\/07\/Cascoo.png","width":130,"height":51,"caption":"Cascoo"},"image":{"@id":"https:\/\/cascoo.ee\/et\/#\/schema\/logo\/image\/"}}]}},"jetpack-related-posts":[{"id":20481,"url":"https:\/\/cascoo.ee\/fi\/tietosuojakaytanto\/","url_meta":{"origin":9849,"position":0},"title":"Tietosuojak\u00e4yt\u00e4nt\u00f6","author":"admin","date":"6. juuli 2023","format":false,"excerpt":"Tietosuojak\u00e4yt\u00e4nt\u00f6Verkkosivustomme osoite on https:\/\/cascoo.ee.Henkil\u00f6tietojen k\u00e4sittely on mit\u00e4 tahansa toimintaa, joka suoritetaan verkkosivuston k\u00e4ytt\u00e4j\u00e4n (j\u00e4ljemp\u00e4n\u00e4 k\u00e4ytt\u00e4j\u00e4) henkil\u00f6tiedoilla - tietojen ker\u00e4\u00e4minen, k\u00e4sittely, s\u00e4ilytt\u00e4minen, korjaaminen tai poistaminen.K\u00e4ytt\u00e4ji\u00e4 ovat kaikki henkil\u00f6t, jotka vierailevat verkkosivustolla, k\u00e4ytt\u00e4v\u00e4t palveluja tai antavat tietoja Tootmisdetail O\u00dc:lle. Esimerkiksi artikkeleiden lukeminen, palvelujen tilaaminen tai yhteydenotto Tootmisdetail O\u00dc:hen s\u00e4hk\u00f6postitse. K\u00e4ytt\u00e4m\u00e4ll\u00e4 verkkosivustoa k\u00e4ytt\u00e4j\u00e4\u2026","rel":"","context":"Similar post","block_context":{"text":"Similar post","link":""},"img":{"alt_text":"","src":"","width":0,"height":0},"classes":[]},{"id":20416,"url":"https:\/\/cascoo.ee\/fi\/yhteystiedot-meista\/","url_meta":{"origin":9849,"position":1},"title":"Yhteystiedot &amp; meist\u00e4","author":"admin","date":"21. juuli 2023","format":false,"excerpt":"Tietoja Tootmisdetail O\u00dc:sta Tootmisdetail O\u00dc on Cascoo-konsernin virallinen edustaja Virossa, ja se tuo paikallisille markkinoille yli 10 vuoden kokemuksen py\u00f6rien ja rullien tuotannosta ja myynnist\u00e4. Strateginen l\u00e4hestymistapamme keskittyy innovaatioon, tiimity\u00f6h\u00f6n ja asiakastyytyv\u00e4isyyteen. Tarjoamme laajan valikoiman vakio- ja r\u00e4\u00e4t\u00e4l\u00f6ityj\u00e4 ratkaisuja, ja suurikapasiteettinen varastomme takaa suurten tilausten oikea-aikaisen toimituksen my\u00f6s lyhyell\u00e4 varoitusajalla.\u2026","rel":"","context":"Similar post","block_context":{"text":"Similar post","link":""},"img":{"alt_text":"","src":"","width":0,"height":0},"classes":[]},{"id":3731,"url":"https:\/\/cascoo.ee\/contact\/","url_meta":{"origin":9849,"position":2},"title":"Contact &amp; About Us","author":"admin","date":"21. juuli 2023","format":false,"excerpt":"About Tootmisdetail O\u00dc Tootmisdetail O\u00dc is the official representative of Cascoo Group in Estonia, bringing over 10 years of expertise in the production and sale of wheels and castors to the local market. Our strategic approach focuses on innovation, teamwork, and customer satisfaction. We offer a wide range of standard\u2026","rel":"","context":"Similar post","block_context":{"text":"Similar post","link":""},"img":{"alt_text":"","src":"https:\/\/i0.wp.com\/img.youtube.com\/vi\/-zolESTyNz8\/0.jpg?resize=350%2C200","width":350,"height":200},"classes":[]},{"id":3,"url":"https:\/\/cascoo.ee\/privacy-policy\/","url_meta":{"origin":9849,"position":3},"title":"Privacy Policy","author":"admin","date":"6. juuli 2023","format":false,"excerpt":"Privacy PolicyOur website address is https:\/\/cascoo.ee.Processing of personal data is any activity carried out with the personal data of a website user (hereinafter referred to as the user) - collection, processing, storage, correction, or deletion of data.Users are all individuals who visit the website, consume services, or provide information to\u2026","rel":"","context":"Similar post","block_context":{"text":"Similar post","link":""},"img":{"alt_text":"","src":"","width":0,"height":0},"classes":[]},{"id":9868,"url":"https:\/\/cascoo.ee\/et\/kontakt\/","url_meta":{"origin":9849,"position":4},"title":"Kontakt ja meist","author":"admin","date":"21. juuli 2023","format":false,"excerpt":"About Tootmisdetail O\u00dc Tootmisdetail O\u00dc is the official representative of Cascoo Group in Estonia, bringing over 10 years of expertise in the production and sale of wheels and castors to the local market. Our strategic approach focuses on innovation, teamwork, and customer satisfaction. We offer a wide range of standard\u2026","rel":"","context":"Similar post","block_context":{"text":"Similar post","link":""},"img":{"alt_text":"","src":"","width":0,"height":0},"classes":[]},{"id":9885,"url":"https:\/\/cascoo.ee\/et\/tingimused\/","url_meta":{"origin":9849,"position":5},"title":"Tingimused","author":"admin","date":"21. juuli 2023","format":false,"excerpt":"Tingimused Veebipoe cascoo.ee (edaspidi veebipood) omanik on Tootmisdetail O\u00dc (registrikood 12809994), asukohaga Riia tn 130b\/3, Tartu linn). Telefon +372 53 895 969 ja e-post info@cascoo.ee. M\u00fc\u00fcgilepingu t\u00e4htaeg ning teave kaupade ja hindade kohta Veebipoest kaupade ostmisel kehtivad m\u00fc\u00fcgitingimused. Veebipoes m\u00fc\u00fcdavate toodete hinnad on m\u00e4rgitud toodete juures. Hinnale lisandub tasu kauba\u2026","rel":"","context":"Similar post","block_context":{"text":"Similar post","link":""},"img":{"alt_text":"","src":"","width":0,"height":0},"classes":[]}],"jetpack_sharing_enabled":true,"_links":{"self":[{"href":"https:\/\/cascoo.ee\/et\/wp-json\/wp\/v2\/pages\/9849","targetHints":{"allow":["GET"]}}],"collection":[{"href":"https:\/\/cascoo.ee\/et\/wp-json\/wp\/v2\/pages"}],"about":[{"href":"https:\/\/cascoo.ee\/et\/wp-json\/wp\/v2\/types\/page"}],"author":[{"embeddable":true,"href":"https:\/\/cascoo.ee\/et\/wp-json\/wp\/v2\/users\/1"}],"replies":[{"embeddable":true,"href":"https:\/\/cascoo.ee\/et\/wp-json\/wp\/v2\/comments?post=9849"}],"version-history":[{"count":6,"href":"https:\/\/cascoo.ee\/et\/wp-json\/wp\/v2\/pages\/9849\/revisions"}],"predecessor-version":[{"id":18188,"href":"https:\/\/cascoo.ee\/et\/wp-json\/wp\/v2\/pages\/9849\/revisions\/18188"}],"wp:attachment":[{"href":"https:\/\/cascoo.ee\/et\/wp-json\/wp\/v2\/media?parent=9849"}],"curies":[{"name":"wp","href":"https:\/\/api.w.org\/{rel}","templated":true}]}}